{"id":7634,"date":"2022-06-27T10:48:25","date_gmt":"2022-06-27T10:48:25","guid":{"rendered":"https:\/\/www.juliet-laser.com\/?page_id=7634"},"modified":"2022-09-13T17:02:03","modified_gmt":"2022-09-13T17:02:03","slug":"klinische-resultaten","status":"publish","type":"page","link":"https:\/\/www.juliet-laser.com\/nl\/klinische-resultaten\/","title":{"rendered":"Klinische resultaten"},"content":{"rendered":"<div class=\"wpb-content-wrapper\"><p>[vc_row hide_bg_image_on_tablet=&#8221;&#8221; hide_bg_image_on_mobile=&#8221;&#8221; css=&#8221;.vc_custom_1639908327358{margin-top: -70px !important;}&#8221;][vc_column width=&#8221;2\/12&#8243;][\/vc_column][vc_column width=&#8221;8\/12&#8243;]<div class=\"sc_layouts sc_layouts_default sc_layouts_3352\">[vc_row full_width=\"stretch_row\" hide_bg_image_on_tablet=\"\" hide_bg_image_on_mobile=\"\" css=\".vc_custom_1623339425919{margin-bottom: 25px !important;}\"][vc_column icons_position=\"left\"]<div id=\"sc_title_190888680\"\n\t\tclass=\"sc_title color_style_default sc_title_default\"><h6 class=\"sc_item_subtitle sc_title_subtitle sc_align_center sc_item_title_style_default\">De werkzaamheid van Juliet lasertherapie<\/h6><h4 class=\"sc_item_title sc_title_title sc_align_center sc_item_title_style_default sc_item_title_tag\">HISTOLOGISCHE RESULTATEN<\/h4><div class=\"sc_item_descr sc_title_descr sc_align_center\"><p>Histologisch onderzoek toont aan dat het neocollageno-genesis en neo-angiogenese proces reeds zichtbaar is in histologische monsters, genomen zever dagen na \u00e9\u00e9n Juliet sessie. Alle pati\u00ebnten in dit onderzoek vertoonden na zeven dagen een verbeterde vaginale vochtafscheiding, verminderding\/verdwijning van dyspareunie, verbetering van seksleven en vermindering van urinaire urgentie, frequentie en urineverlies.<\/p>\n<\/div><\/div><!-- \/.sc_title -->[vc_custom_heading text=\"Referentie: University of Milan - Bicocca, San Gerardo Hospital, Monza, Italy - Department of Obstetrics and Gynecology\" font_container=\"tag:div|font_size:11|text_align:center\" use_theme_fonts=\"yes\"][vc_empty_space height=\"30px\" alter_height=\"none\" hide_on_desktop=\"1\" hide_on_notebook=\"1\" hide_on_tablet=\"\" hide_on_mobile=\"\"][vc_text_separator title=\"HISTOLOGISCHE VOORBEREIDING Hematoxyline &amp; Eosine (200x)\" css=\".vc_custom_1646937655978{margin-bottom: 32px !important;}\"][\/vc_column][\/vc_row][vc_row full_width=\"stretch_row\" equal_height=\"yes\" content_placement=\"top\"][vc_column width=\"5\/6\" hide_bg_image_on_tablet=\"\" hide_bg_image_on_mobile=\"\" icons_position=\"left\" css=\".vc_custom_1511534454443{padding-right: 0px !important;padding-left: 0px !important;}\"]<div id=\"sc_content_25570501\"\n\t\tclass=\"sc_content color_style_default sc_content_default sc_float_center sc_shift_y_tiny_negative\"><div class=\"sc_content_container\">[vc_single_image image=\"4869\" img_size=\"full\" alignment=\"right\"]<\/div><\/div><!-- \/.sc_content -->[\/vc_column][vc_column width=\"1\/6\" hide_bg_image_on_tablet=\"\" hide_bg_image_on_mobile=\"\" icons_position=\"left\" css=\".vc_custom_1511533781050{background-color: #ffffff !important;}\"][\/vc_column][\/vc_row][vc_row full_width=\"stretch_row\"][vc_column width=\"1\/6\" icons_position=\"left\"][\/vc_column][vc_column width=\"5\/6\" fix_column=\"\" shift_y=\"tiny_negative\" hide_bg_image_on_tablet=\"\" hide_bg_image_on_mobile=\"\" icons_position=\"left\" css=\".vc_custom_1511534378628{background-color: #ffffff !important;}\"][vc_row_inner hide_bg_image_on_tablet=\"\" hide_bg_image_on_mobile=\"\"][vc_column_inner icons_position=\"left\"][vc_empty_space height=\"31px\" alter_height=\"none\" hide_on_desktop=\"\" hide_on_notebook=\"\" hide_on_tablet=\"\" hide_on_mobile=\"\"][vc_column_text css=\".vc_custom_1646937691961{margin-top: 22px !important;}\"]Het monster vertoont op <strong>dag 0<\/strong> een veranderde epitheel-gelaagdheid met aanwezigheid van verhoorning en oppervlakkige zones die gekenmerkt worden door een zeer lage cellulariteit. Het epitheel verschijnt atrofisch en een afvlakking van de dermale papillen op het dermo-epidermale junctie kan worden vastgesteld.\r\n\r\nOp <strong>dag 7<\/strong> (na \u00e9\u00e9n lasersessie) verschijnt het epitheeloppervlak goed gestructureerd, met compacte structuur en aanwezigheid van diverse kernen, zowel in de diepe als oppervlakkige lagen. Ook de dermale papillen vertonen goede weefsel-vitaliteit.[\/vc_column_text][vc_empty_space alter_height=\"none\" hide_on_desktop=\"\" hide_on_notebook=\"\" hide_on_tablet=\"1\" hide_on_mobile=\"1\"][\/vc_column_inner][\/vc_row_inner][\/vc_column][\/vc_row][vc_row full_width=\"stretch_row\" equal_height=\"yes\" content_placement=\"top\" hide_bg_image_on_tablet=\"\" hide_bg_image_on_mobile=\"\" css=\".vc_custom_1623340476150{margin-top: 32px !important;}\"][vc_column width=\"5\/6\" hide_bg_image_on_tablet=\"\" hide_bg_image_on_mobile=\"\" icons_position=\"left\" css=\".vc_custom_1511534454443{padding-right: 0px !important;padding-left: 0px !important;}\"]<div id=\"sc_content_2115428753\"\n\t\tclass=\"sc_content color_style_default sc_content_default sc_float_center sc_shift_y_tiny_negative\"><div class=\"sc_content_container\">[vc_single_image image=\"4876\" img_size=\"full\" alignment=\"right\"]<\/div><\/div><!-- \/.sc_content -->[\/vc_column][vc_column width=\"1\/6\" hide_bg_image_on_tablet=\"\" hide_bg_image_on_mobile=\"\" icons_position=\"left\" css=\".vc_custom_1511533781050{background-color: #ffffff !important;}\"][\/vc_column][\/vc_row][vc_row full_width=\"stretch_row\"][vc_column width=\"1\/6\" icons_position=\"left\"][\/vc_column][vc_column width=\"5\/6\" fix_column=\"\" shift_y=\"tiny_negative\" hide_bg_image_on_tablet=\"\" hide_bg_image_on_mobile=\"\" icons_position=\"left\" css=\".vc_custom_1511534378628{background-color: #ffffff !important;}\"][vc_row_inner hide_bg_image_on_tablet=\"\" hide_bg_image_on_mobile=\"\"][vc_column_inner icons_position=\"left\"][vc_empty_space height=\"31px\" alter_height=\"none\" hide_on_desktop=\"\" hide_on_notebook=\"\" hide_on_tablet=\"\" hide_on_mobile=\"\"][vc_column_text css=\".vc_custom_1646937724607{margin-top: 22px !important;}\"]<strong>30 dagen<\/strong> na 1 Juliet laserbehandeling is het neocollageno-genesis en neo-angiogenese proces nog steeds actief en ruimer verspreid. Een herwonnen uniformiteit van het weefsel dient als bewijs voor effectieve weefselregeneratie.\r\n\r\nDaarnaast kan de nieuwe collageenformatie waargenomen worden via de witte zichtbare strepen in de diepere lagen.[\/vc_column_text][vc_empty_space alter_height=\"none\" hide_on_desktop=\"\" hide_on_notebook=\"\" hide_on_tablet=\"1\" hide_on_mobile=\"1\"][\/vc_column_inner][\/vc_row_inner][\/vc_column][\/vc_row]<\/div>[\/vc_column][vc_column width=&#8221;2\/12&#8243;][\/vc_column][\/vc_row][vc_row full_width=&#8221;stretch_row&#8221;][vc_column]<div id=\"sc_title_1970640467\"\n\t\tclass=\"sc_title color_style_default sc_title_default  vc_custom_1639915345485\"><h4 class=\"sc_item_title sc_title_title sc_align_center sc_item_title_style_default sc_item_title_tag\">SEVERAL INTERNATIONAL STUDIES SHOW THE EFFICACY OF THE ERBIUM:YAG TECHNOLOGY IN THE TREATMENT of VAGINAL ATROPHY, LAXITY AND STRESS URINARY INCONTINENCE.<\/h4><\/div><!-- \/.sc_title --><div class=\"sc_item_button sc_button_wrap sc_align_center\"><a href=\"https:\/\/www.juliet-laser.com\/wp-content\/uploads\/2021\/06\/Studies-overview-Juliet-2020.pdf\" id=\"sc_button_318709415\" class=\"sc_button color_style_default sc_button_default  vc_custom_1639913755853 sc_button_size_normal sc_button_icon_left\" target=\"_blank\"><span class=\"sc_button_text sc_align_center\"><span class=\"sc_button_title\">Download the studies overview<\/span><\/span><!-- \/.sc_button_text --><\/a><!-- \/.sc_button --><\/div><!-- \/.sc_item_button --><div id=\"sc_title_1421447598\"\n\t\tclass=\"sc_title color_style_default sc_title_default  vc_custom_1639915436631\"><div class=\"sc_item_descr sc_title_descr sc_align_center\"><p>A German study of 84 patients with GSM and VVA symptoms showed that most patients (n = 58; 82%) reported positive treatment results. VHI and vaginal pH data were collected from the patients, and the average VHI and pH value showed statistically significant improvements after treatment.<\/p>\n<\/div><\/div><!-- \/.sc_title -->[vc_custom_heading text=&#8221;Mothes AR, Runnebaum M, Runnebaum IB., An innovative dual-phase protocol for pulsed ablative vaginal Erbium:YAG laser treatment of urogynecological symptoms<br \/>\nEur J Obstet Gynecol Reprod Biol. 2018 Oct;229:167-171&#8243; font_container=&#8221;tag:div|font_size:11|text_align:center|line_height:1.1&#8243; use_theme_fonts=&#8221;yes&#8221; css=&#8221;.vc_custom_1639914110406{margin-bottom: 20px !important;}&#8221;]<div class=\"sc_item_button sc_button_wrap sc_align_center\"><a href=\"https:\/\/pubmed.ncbi.nlm.nih.gov\/30199815\/\" id=\"sc_button_1338181601\" class=\"sc_button color_style_default sc_button_default  vc_custom_1639913740372 sc_button_size_normal sc_button_icon_left\" target=\"_blank\"><span class=\"sc_button_text sc_align_center\"><span class=\"sc_button_title\">Go to the study page<\/span><\/span><!-- \/.sc_button_text --><\/a><!-- \/.sc_button --><\/div><!-- \/.sc_item_button --><div id=\"sc_title_266301172\"\n\t\tclass=\"sc_title color_style_default sc_title_default  vc_custom_1639915446892\"><div class=\"sc_item_descr sc_title_descr sc_align_center\"><p>Another German study with 16 post-menopausal patients with a history of breast cancer and urogynaecological symptoms in combination with vaginal atrophy and pelvic floor dysfunction showed that the dual-phase protocol of vaginal Er:YAG laser application is effective and safe.<\/p>\n<\/div><\/div><!-- \/.sc_title -->[vc_custom_heading text=&#8221;Mothes AR, Runnebaum M, Runnebaum IB. Ablative dual-phase Erbium:YAG laser treatment of atrophy-related vaginal symptoms in post-menopausal breast cancer survivors omitting hormonal treatment.<br \/>\nJ Cancer Res Clin Oncol. 2018 May;144(5):955-960.&#8221; font_container=&#8221;tag:div|font_size:11|text_align:center|line_height:1.1&#8243; use_theme_fonts=&#8221;yes&#8221; css=&#8221;.vc_custom_1639914230791{margin-bottom: 20px !important;}&#8221;]<div class=\"sc_item_button sc_button_wrap sc_align_center\"><a href=\"https:\/\/pubmed.ncbi.nlm.nih.gov\/29487993\/\" id=\"sc_button_1073397738\" class=\"sc_button color_style_default sc_button_default sc_button_size_normal sc_button_icon_left\" target=\"_blank\"><span class=\"sc_button_text sc_align_center\"><span class=\"sc_button_title\">Go to the study page<\/span><\/span><!-- \/.sc_button_text --><\/a><!-- \/.sc_button --><\/div><!-- \/.sc_item_button --><div id=\"sc_title_241660077\"\n\t\tclass=\"sc_title color_style_default sc_title_default  vc_custom_1639915460259\"><div class=\"sc_item_descr sc_title_descr sc_align_center\"><p>A prospective study from Germany of 33 women with mild to moderate urinary incontinence confirmed that vaginal Er:YAG laser therapy can improve the clinical condition and quality of life of the patients, in particular in view of target groups who require non-surgical treatment methods for SUI.<\/p>\n<\/div><\/div><!-- \/.sc_title -->[vc_custom_heading text=&#8221;Reisenauer, C., Hartlieb, S., Schoenfisch, B. et al. Vaginal therapy of mild and moderate stress urinary incontinence using Er:YAG laser: a real treatment option.<br \/>\nArch Gynecol Obstet 300, 1645\u20131650 (2019).&#8221; font_container=&#8221;tag:div|font_size:11|text_align:center|line_height:1.1&#8243; use_theme_fonts=&#8221;yes&#8221; css=&#8221;.vc_custom_1639914334226{margin-bottom: 20px !important;}&#8221;]<div class=\"sc_item_button sc_button_wrap sc_align_center\"><a href=\"https:\/\/pubmed.ncbi.nlm.nih.gov\/31612281\/\" id=\"sc_button_934921397\" class=\"sc_button color_style_default sc_button_default  vc_custom_1630596346290 sc_button_size_normal sc_button_icon_left\" target=\"_blank\"><span class=\"sc_button_text sc_align_center\"><span class=\"sc_button_title\">Go to the study page<\/span><\/span><!-- \/.sc_button_text --><\/a><!-- \/.sc_button --><\/div><!-- \/.sc_item_button -->[\/vc_column][\/vc_row][vc_row][vc_column][vc_separator css=&#8221;.vc_custom_1645004278759{margin-bottom: -30px !important;}&#8221;]<div class=\"sc_layouts sc_layouts_default sc_layouts_5839\">[vc_row full_width=\"stretch_row\" hide_bg_image_on_tablet=\"\" hide_bg_image_on_mobile=\"\" row_delimiter=\"\" hide_on_desktop=\"\" hide_on_notebook=\"\" hide_on_tablet=\"\" hide_on_mobile=\"\" hide_on_frontpage=\"\"][vc_column width=\"1\/6\" icons_position=\"left\" offset=\"vc_hidden-md\"][\/vc_column][vc_column hide_bg_image_on_tablet=\"\" hide_bg_image_on_mobile=\"\" icons_position=\"left\" offset=\"vc_col-lg-8\"][vc_widget_sidebar sidebar_id=\"custom_widgets_1\"][\/vc_column][vc_column width=\"1\/6\" hide_bg_image_on_tablet=\"\" hide_bg_image_on_mobile=\"\" icons_position=\"left\" offset=\"vc_hidden-md\"][\/vc_column][\/vc_row]<\/div>[\/vc_column][\/vc_row][vc_row][vc_column][\/vc_column][\/vc_row]<\/p>\n<\/div>","protected":false},"excerpt":{"rendered":"<p>[vc_row hide_bg_image_on_tablet=&#8221;&#8221; hide_bg_image_on_mobile=&#8221;&#8221; css=&#8221;.vc_custom_1639908327358{margin-top: -70px !important;}&#8221;][vc_column width=&#8221;2\/12&#8243;][\/vc_column][vc_column width=&#8221;8\/12&#8243;][\/vc_column][vc_column width=&#8221;2\/12&#8243;][\/vc_column][\/vc_row][vc_row full_width=&#8221;stretch_row&#8221;][vc_column][vc_custom_heading text=&#8221;Mothes AR, Runnebaum M, Runnebaum IB., An innovative dual-phase protocol for pulsed ablative vaginal Erbium:YAG laser treatment of urogynecological symptoms Eur J Obstet Gynecol Reprod Biol. 2018 Oct;229:167-171&#8243; font_container=&#8221;tag:div|font_size:11|text_align:center|line_height:1.1&#8243; use_theme_fonts=&#8221;yes&#8221; css=&#8221;.vc_custom_1639914110406{margin-bottom: 20px !important;}&#8221;][vc_custom_heading text=&#8221;Mothes AR, Runnebaum M, Runnebaum IB. Ablative dual-phase Erbium:YAG laser treatment of atrophy-related vaginal symptoms in post-menopausal&hellip;<\/p>\n","protected":false},"author":4,"featured_media":0,"parent":0,"menu_order":0,"comment_status":"closed","ping_status":"closed","template":"","meta":{"footnotes":""},"class_list":["post-7634","page","type-page","status-publish","hentry"],"_links":{"self":[{"href":"https:\/\/www.juliet-laser.com\/nl\/wp-json\/wp\/v2\/pages\/7634","targetHints":{"allow":["GET"]}}],"collection":[{"href":"https:\/\/www.juliet-laser.com\/nl\/wp-json\/wp\/v2\/pages"}],"about":[{"href":"https:\/\/www.juliet-laser.com\/nl\/wp-json\/wp\/v2\/types\/page"}],"author":[{"embeddable":true,"href":"https:\/\/www.juliet-laser.com\/nl\/wp-json\/wp\/v2\/users\/4"}],"replies":[{"embeddable":true,"href":"https:\/\/www.juliet-laser.com\/nl\/wp-json\/wp\/v2\/comments?post=7634"}],"version-history":[{"count":3,"href":"https:\/\/www.juliet-laser.com\/nl\/wp-json\/wp\/v2\/pages\/7634\/revisions"}],"predecessor-version":[{"id":8164,"href":"https:\/\/www.juliet-laser.com\/nl\/wp-json\/wp\/v2\/pages\/7634\/revisions\/8164"}],"wp:attachment":[{"href":"https:\/\/www.juliet-laser.com\/nl\/wp-json\/wp\/v2\/media?parent=7634"}],"curies":[{"name":"wp","href":"https:\/\/api.w.org\/{rel}","templated":true}]}}