{"id":6497,"date":"2020-12-04T14:03:10","date_gmt":"2020-12-04T14:03:10","guid":{"rendered":"https:\/\/www.juliet-laser.com\/?page_id=6497"},"modified":"2022-07-05T22:43:41","modified_gmt":"2022-07-05T22:43:41","slug":"vulvovaginale-atrofie","status":"publish","type":"page","link":"https:\/\/www.juliet-laser.com\/nl\/vulvovaginale-atrofie\/","title":{"rendered":"Vulvovaginale atrofie"},"content":{"rendered":"<div class=\"wpb-content-wrapper\">[vc_row hide_bg_image_on_tablet=&#8221;&#8221; hide_bg_image_on_mobile=&#8221;&#8221; css=&#8221;.vc_custom_1655885743050{margin-top: -70px !important;}&#8221;][vc_column width=&#8221;1\/6&#8243; hide_bg_image_on_tablet=&#8221;&#8221; hide_bg_image_on_mobile=&#8221;&#8221; css=&#8221;.vc_custom_1607099703154{margin-top: 30px !important;}&#8221;][\/vc_column][vc_column width=&#8221;2\/3&#8243;][vc_column_text]Vrouwen in de menopauze ervaren vaak een verscheidenheid aan symptomen, waaronder vaginale droogheid, jeuk, pijn tijdens geslachtsgemeenschap, verminderd libido en elasticiteit en vaginale spanning. Deze aandoening wordt ook wel vaginale atrofie genoemd.\r\n<!--more-->\r\n\r\nAtrofie van de vaginale huid komt voor bij 10-40% van de postmenopauzale vrouwen en is al het gevolg van een oestrogeentekort. De vaginale huid wordt dun, droog en verliest zijn elasticiteit, terwijl de pH-waarde stijgt.\r\n\r\nVrouwen met onbehandelde vaginale atrofie hebben vaak last van vaginale paresthesie, een droog gevoel, jeuk, een branderig gevoel en zelfs pijn tijdens geslachtsgemeenschap. Vaginale atrofie kan een bijdragende factor zijn bij urine-incontinentie en leidt voor veel vrouwen tot een algemeen gebrek aan levenskwaliteit.[\/vc_column_text][\/vc_column][vc_column width=&#8221;1\/6&#8243;][\/vc_column][\/vc_row][vc_row][vc_column width=&#8221;1\/6&#8243;][\/vc_column][vc_column width=&#8221;2\/3&#8243;][vc_single_image image=&#8221;2118&#8243; img_size=&#8221;full&#8221; style=&#8221;vc_box_rounded&#8221; css=&#8221;.vc_custom_1631636262116{padding-top: 30px !important;}&#8221;][vc_column_text]\r\n<p style=\"text-align: center;\"><small>Premenopausal vaginal tissue \/ Postmenopausal vaginal tissue.\u00a0<\/small><\/p>\r\n[\/vc_column_text][vc_column_text css=&#8221;.vc_custom_1647021739812{margin-top: 32px !important;}&#8221;]El tratamiento con Juliet consigue restaurar el metabolismo original del tejido conectivo y mejorar el estado de la mucosa, estimulando un proceso de neocolag\u00e9nesis. Esto conduce a una atenuaci\u00f3n de los s\u00edntomas que se pueden observar inmediatamente despu\u00e9s de la primera sesi\u00f3n. La mucosa interna recupera elasticidad y lubricaci\u00f3n, ganando grosor y suavidad; El picor, la irritaci\u00f3n y el dolor durante el coito desaparecen. Esta acci\u00f3n contin\u00faa su efecto beneficioso incluso despu\u00e9s de finalizado el tratamiento y, por esta raz\u00f3n, muchas mujeres informan de nuevas mejoras durante el primer mes posterior a la primera sesi\u00f3n.[\/vc_column_text][\/vc_column][vc_column width=&#8221;1\/6&#8243;][\/vc_column][\/vc_row][vc_row][vc_column][vc_separator]<div class=\"sc_layouts sc_layouts_default sc_layouts_5839\">[vc_row full_width=\"stretch_row\" hide_bg_image_on_tablet=\"\" hide_bg_image_on_mobile=\"\" row_delimiter=\"\" hide_on_desktop=\"\" hide_on_notebook=\"\" hide_on_tablet=\"\" hide_on_mobile=\"\" hide_on_frontpage=\"\"][vc_column width=\"1\/6\" icons_position=\"left\" offset=\"vc_hidden-md\"][\/vc_column][vc_column hide_bg_image_on_tablet=\"\" hide_bg_image_on_mobile=\"\" icons_position=\"left\" offset=\"vc_col-lg-8\"][vc_widget_sidebar sidebar_id=\"custom_widgets_1\"][\/vc_column][vc_column width=\"1\/6\" hide_bg_image_on_tablet=\"\" hide_bg_image_on_mobile=\"\" icons_position=\"left\" offset=\"vc_hidden-md\"][\/vc_column][\/vc_row]<\/div>[vc_separator][\/vc_column][\/vc_row][vc_row][vc_column][vc_column_text][\/vc_column_text][\/vc_column][\/vc_row]<!-- \/wp:post-content --><\/div>","protected":false},"excerpt":{"rendered":"<p>[vc_row hide_bg_image_on_tablet=&#8221;&#8221; hide_bg_image_on_mobile=&#8221;&#8221; css=&#8221;.vc_custom_1655885743050{margin-top: -70px !important;}&#8221;][vc_column width=&#8221;1\/6&#8243; hide_bg_image_on_tablet=&#8221;&#8221; hide_bg_image_on_mobile=&#8221;&#8221; css=&#8221;.vc_custom_1607099703154{margin-top: 30px !important;}&#8221;][\/vc_column][vc_column width=&#8221;2\/3&#8243;][vc_column_text]Vrouwen in de menopauze ervaren vaak een verscheidenheid aan symptomen, waaronder vaginale droogheid, jeuk, pijn tijdens geslachtsgemeenschap, verminderd libido en elasticiteit en vaginale spanning. Deze aandoening wordt ook wel vaginale atrofie genoemd.<\/p>\n","protected":false},"author":4,"featured_media":2895,"parent":0,"menu_order":0,"comment_status":"closed","ping_status":"closed","template":"","meta":{"footnotes":""},"class_list":["post-6497","page","type-page","status-publish","has-post-thumbnail","hentry"],"_links":{"self":[{"href":"https:\/\/www.juliet-laser.com\/nl\/wp-json\/wp\/v2\/pages\/6497","targetHints":{"allow":["GET"]}}],"collection":[{"href":"https:\/\/www.juliet-laser.com\/nl\/wp-json\/wp\/v2\/pages"}],"about":[{"href":"https:\/\/www.juliet-laser.com\/nl\/wp-json\/wp\/v2\/types\/page"}],"author":[{"embeddable":true,"href":"https:\/\/www.juliet-laser.com\/nl\/wp-json\/wp\/v2\/users\/4"}],"replies":[{"embeddable":true,"href":"https:\/\/www.juliet-laser.com\/nl\/wp-json\/wp\/v2\/comments?post=6497"}],"version-history":[{"count":8,"href":"https:\/\/www.juliet-laser.com\/nl\/wp-json\/wp\/v2\/pages\/6497\/revisions"}],"predecessor-version":[{"id":7693,"href":"https:\/\/www.juliet-laser.com\/nl\/wp-json\/wp\/v2\/pages\/6497\/revisions\/7693"}],"wp:featuredmedia":[{"embeddable":true,"href":"https:\/\/www.juliet-laser.com\/nl\/wp-json\/wp\/v2\/media\/2895"}],"wp:attachment":[{"href":"https:\/\/www.juliet-laser.com\/nl\/wp-json\/wp\/v2\/media?parent=6497"}],"curies":[{"name":"wp","href":"https:\/\/api.w.org\/{rel}","templated":true}]}}