{"id":6511,"date":"2020-12-04T11:50:40","date_gmt":"2020-12-04T11:50:40","guid":{"rendered":"https:\/\/www.juliet-laser.com\/?page_id=6511"},"modified":"2022-07-06T07:15:17","modified_gmt":"2022-07-06T07:15:17","slug":"dolore-durante-i-rapporti","status":"publish","type":"page","link":"https:\/\/www.juliet-laser.com\/it\/dolore-durante-i-rapporti\/","title":{"rendered":"Dolore durante i rapporti"},"content":{"rendered":"<div class=\"wpb-content-wrapper\"><p>[vc_row hide_bg_image_on_tablet=&#8221;&#8221; hide_bg_image_on_mobile=&#8221;&#8221; css=&#8221;.vc_custom_1657091660431{margin-top: -70px !important;}&#8221;][vc_column width=&#8221;1\/6&#8243; hide_bg_image_on_tablet=&#8221;&#8221; hide_bg_image_on_mobile=&#8221;&#8221; css=&#8221;.vc_custom_1607099703154{margin-top: 30px !important;}&#8221;][\/vc_column][vc_column width=&#8221;2\/3&#8243;][vc_column_text css=&#8221;.vc_custom_1657091712332{margin-bottom: 18px !important;}&#8221;]Il dolore durante il rapporto, chiamato anche dispareunia, descrive un&#8217;esperienza dolorosa durante il rapporto a causa di cambiamenti fisici durante la menopausa, come l&#8217;insorgenza di atrofia vulvovaginale o altri fattori psicologici.<br \/>\n<!--more-->Nella maggior parte dei case, le donne affette sperimentano una perdita di idratazione vaginale che provoca dolore durante l&#8217;atto sessuale. Altri motivi per l&#8217;insorgenza di tale disturbo possono essere i cambiamenti del corpo legati al parto o disturbi pi\u00f9 generali dei tessuti.<\/p>\n<p>Quando la dispareunia \u00e8 collegata all&#8217;atrofia vulvovaginale, le pareti della vagina risultano assottigliate, fragili e non pi\u00f9 elastiche. Ci\u00f2 provoca dolore durante i rapporti sessuali, che spesso porta a una mancanza di libido e sensazioni di disagio nelle situazioni intime con il partner.[\/vc_column_text][\/vc_column][vc_column width=&#8221;1\/6&#8243;][\/vc_column][\/vc_row][vc_row][vc_column width=&#8221;1\/6&#8243; hide_bg_image_on_tablet=&#8221;&#8221; hide_bg_image_on_mobile=&#8221;&#8221; css=&#8221;.vc_custom_1607099703154{margin-top: 30px !important;}&#8221;][\/vc_column][vc_column width=&#8221;2\/3&#8243;][vc_single_image image=&#8221;4927&#8243; img_size=&#8221;full&#8221;][vc_column_text css=&#8221;.vc_custom_1647080214123{margin-top: 32px !important;}&#8221;]\u00c8 molto importante comprendere le cause della dispareunia per valutare quale tipo di terapia sia pi\u00f9 appropriato. In molti casi, il trattamento laser Juliet pu\u00f2 aiutare ad alleviare il dolore e ritrovare una vita sessuale soddisfacente.[\/vc_column_text][\/vc_column][vc_column width=&#8221;1\/6&#8243;][\/vc_column][\/vc_row][vc_row][vc_column][vc_separator]<div class=\"sc_layouts sc_layouts_default sc_layouts_5835\">[vc_row full_width=\"stretch_row\" hide_bg_image_on_tablet=\"\" hide_bg_image_on_mobile=\"\" row_delimiter=\"\" hide_on_desktop=\"\" hide_on_notebook=\"\" hide_on_tablet=\"\" hide_on_mobile=\"\" hide_on_frontpage=\"\"][vc_column width=\"1\/6\" icons_position=\"left\" offset=\"vc_hidden-md\"][\/vc_column][vc_column hide_bg_image_on_tablet=\"\" hide_bg_image_on_mobile=\"\" icons_position=\"left\" offset=\"vc_col-lg-8\"][vc_widget_sidebar sidebar_id=\"custom_widgets_1\"][\/vc_column][vc_column width=\"1\/6\" hide_bg_image_on_tablet=\"\" hide_bg_image_on_mobile=\"\" icons_position=\"left\" offset=\"vc_hidden-md\"][\/vc_column][\/vc_row]<\/div>[vc_separator][\/vc_column][\/vc_row]<\/p>\n<\/div>","protected":false},"excerpt":{"rendered":"<p>[vc_row hide_bg_image_on_tablet=&#8221;&#8221; hide_bg_image_on_mobile=&#8221;&#8221; css=&#8221;.vc_custom_1657091660431{margin-top: -70px !important;}&#8221;][vc_column width=&#8221;1\/6&#8243; hide_bg_image_on_tablet=&#8221;&#8221; hide_bg_image_on_mobile=&#8221;&#8221; css=&#8221;.vc_custom_1607099703154{margin-top: 30px !important;}&#8221;][\/vc_column][vc_column width=&#8221;2\/3&#8243;][vc_column_text css=&#8221;.vc_custom_1657091712332{margin-bottom: 18px !important;}&#8221;]Il dolore durante il rapporto, chiamato anche dispareunia, descrive un&#8217;esperienza dolorosa durante il rapporto a causa di cambiamenti fisici durante la menopausa, come l&#8217;insorgenza di atrofia vulvovaginale o altri fattori psicologici.<\/p>\n","protected":false},"author":4,"featured_media":2919,"parent":0,"menu_order":0,"comment_status":"closed","ping_status":"closed","template":"","meta":{"footnotes":""},"class_list":["post-6511","page","type-page","status-publish","has-post-thumbnail","hentry"],"_links":{"self":[{"href":"https:\/\/www.juliet-laser.com\/it\/wp-json\/wp\/v2\/pages\/6511","targetHints":{"allow":["GET"]}}],"collection":[{"href":"https:\/\/www.juliet-laser.com\/it\/wp-json\/wp\/v2\/pages"}],"about":[{"href":"https:\/\/www.juliet-laser.com\/it\/wp-json\/wp\/v2\/types\/page"}],"author":[{"embeddable":true,"href":"https:\/\/www.juliet-laser.com\/it\/wp-json\/wp\/v2\/users\/4"}],"replies":[{"embeddable":true,"href":"https:\/\/www.juliet-laser.com\/it\/wp-json\/wp\/v2\/comments?post=6511"}],"version-history":[{"count":7,"href":"https:\/\/www.juliet-laser.com\/it\/wp-json\/wp\/v2\/pages\/6511\/revisions"}],"predecessor-version":[{"id":7699,"href":"https:\/\/www.juliet-laser.com\/it\/wp-json\/wp\/v2\/pages\/6511\/revisions\/7699"}],"wp:featuredmedia":[{"embeddable":true,"href":"https:\/\/www.juliet-laser.com\/it\/wp-json\/wp\/v2\/media\/2919"}],"wp:attachment":[{"href":"https:\/\/www.juliet-laser.com\/it\/wp-json\/wp\/v2\/media?parent=6511"}],"curies":[{"name":"wp","href":"https:\/\/api.w.org\/{rel}","templated":true}]}}