{"id":7241,"date":"2019-07-11T16:04:01","date_gmt":"2019-07-11T16:04:01","guid":{"rendered":"https:\/\/www.juliet-laser.com\/sitemap\/"},"modified":"2022-07-07T13:59:27","modified_gmt":"2022-07-07T13:59:27","slug":"sitemap","status":"publish","type":"page","link":"https:\/\/www.juliet-laser.com\/fr\/sitemap\/","title":{"rendered":"Sitemap"},"content":{"rendered":"<div class=\"wpb-content-wrapper\"><p>[vc_row hide_bg_image_on_tablet=\u00a0\u00bb\u00a0\u00bb hide_bg_image_on_mobile=\u00a0\u00bb\u00a0\u00bb][vc_column][vc_column_text css=\u00a0\u00bb.vc_custom_1657202335791{margin-bottom: 15px !important;}\u00a0\u00bb]<\/p>\n<p style=\"text-align: center;\">Main Menu<\/p>\n<p>[\/vc_column_text][\/vc_column][\/vc_row][vc_row hide_bg_image_on_tablet=\u00a0\u00bb\u00a0\u00bb hide_bg_image_on_mobile=\u00a0\u00bb\u00a0\u00bb css=\u00a0\u00bb.vc_custom_1639908922006{margin-top: -70px !important;}\u00a0\u00bb][vc_column width=\u00a0\u00bb1\/5&Prime;][\/vc_column][vc_column width=\u00a0\u00bb1\/5&Prime;][vc_column_text scheme=\u00a0\u00bbdefault\u00a0\u00bb]<\/p>\n<p style=\"text-align: center;\"><a href=\"https:\/\/www.juliet-laser.com\/fr\/quest-ce-que-juliet\/\">Qu&rsquo;est-ce que Juliet\u00a0? &gt;<\/a><\/p>\n<p style=\"text-align: center;\"><a href=\"https:\/\/www.juliet-laser.com\/fr\/la-technologie-laser\/\">La technologie laser &gt;<\/a><\/p>\n<p style=\"text-align: center;\"><a href=\"https:\/\/www.juliet-laser.com\/fr\/son-mode-daction\/\">Son mode d&rsquo;action &gt;<\/a><\/p>\n<p style=\"text-align: center;\"><a href=\"https:\/\/www.juliet-laser.com\/fr\/lavis-des-medecins\/\">l\u2019Avis des m\u00e9decins &gt;<\/a><\/p>\n<p style=\"text-align: center;\"><a href=\"https:\/\/www.juliet-laser.com\/fr\/resultats-cliniques\/\">R\u00e9sultats cliniques &gt;<\/a><\/p>\n<p>[\/vc_column_text][\/vc_column][vc_column width=\u00a0\u00bb1\/5&Prime;][vc_column_text scheme=\u00a0\u00bbdefault\u00a0\u00bb]<\/p>\n<p style=\"text-align: center;\"><a href=\"https:\/\/www.juliet-laser.com\/fr\/traitements\/\">Traitements &gt;\u00a0<\/a><\/p>\n<p style=\"text-align: center;\"><a href=\"https:\/\/www.juliet-laser.com\/fr\/atrophie-vulvovaginale\/\">Atrophie vulvovaginale &gt;<\/a><\/p>\n<p style=\"text-align: center;\"><a href=\"https:\/\/www.juliet-laser.com\/fr\/douleurs-pendant-les-rapports-sexuels\/\">Douleurs pendant les rapports &gt;\u00a0<\/a><\/p>\n<p style=\"text-align: center;\"><a href=\"https:\/\/www.juliet-laser.com\/fr\/secheresse-vaginale-brulures-et-demangeaisons\/\">S\u00e9cheresse vaginale, br\u00fblures et d\u00e9mangeaisons &gt;\u00a0<\/a><\/p>\n<p style=\"text-align: center;\"><a href=\"https:\/\/www.juliet-laser.com\/fr\/incontinence-urinaire-deffort\/\">Incontinence d&rsquo;effort &gt;\u00a0<\/a><\/p>\n<p style=\"text-align: center;\"><a href=\"https:\/\/www.juliet-laser.com\/fr\/perte-delasticite-et-de-tonus\/\">Perte d\u2019\u00e9lasticit\u00e9 et de tonus &gt;\u00a0<\/a><\/p>\n<p style=\"text-align: center;\"><a href=\"https:\/\/www.juliet-laser.com\/fr\/syndrome-genito-urinaire-de-la-menopause\/\">syndrome g\u00e9nito-urinaire de la m\u00e9nopause &gt;\u00a0<\/a><\/p>\n<p>[\/vc_column_text][\/vc_column][vc_column width=\u00a0\u00bb1\/5&Prime;][vc_column_text scheme=\u00a0\u00bbdefault\u00a0\u00bb]<\/p>\n<p style=\"text-align: center;\"><a href=\"https:\/\/www.juliet-laser.com\/fr\/praticiens-equipes\/\">Praticiens \u00e9quip\u00e9s &gt;<\/a><\/p>\n<p style=\"text-align: center;\"><a href=\"https:\/\/www.juliet-laser.com\/fr\/frequently-asked-question-sur-juliet-laser\/\">F.A.Q. sur Juliet &gt;<\/a><\/p>\n<p style=\"text-align: center;\"><a href=\"https:\/\/www.juliet-laser.com\/fr\/contacts\/\">Contacts &gt;<\/a><\/p>\n<p>[\/vc_column_text][\/vc_column][vc_column width=\u00a0\u00bb1\/5&Prime;][\/vc_column][\/vc_row][vc_row][vc_column][vc_column_text css=\u00a0\u00bb.vc_custom_1655820357114{margin-top: 64px !important;}\u00a0\u00bb]<\/p>\n<p style=\"text-align: center;\">Footer Menu<\/p>\n<p>[\/vc_column_text][\/vc_column][\/vc_row][vc_row hide_bg_image_on_tablet=\u00a0\u00bb\u00a0\u00bb hide_bg_image_on_mobile=\u00a0\u00bb\u00a0\u00bb css=\u00a0\u00bb.vc_custom_1639908922006{margin-top: -70px !important;}\u00a0\u00bb][vc_column width=\u00a0\u00bb1\/5&Prime;][\/vc_column][vc_column width=\u00a0\u00bb1\/5&Prime;][vc_column_text scheme=\u00a0\u00bbdefault\u00a0\u00bb]<\/p>\n<p style=\"text-align: center;\"><a href=\"https:\/\/www.juliet-laser.com\/fr\/imprimer\/\">Imprimer &gt;<\/a><\/p>\n<p>[\/vc_column_text][\/vc_column][vc_column width=\u00a0\u00bb1\/5&Prime;][vc_column_text scheme=\u00a0\u00bbdefault\u00a0\u00bb]<\/p>\n<p style=\"text-align: center;\"><a href=\"https:\/\/www.juliet-laser.com\/fr\/mention-legale\/\">Mention l\u00e9gal &gt;<\/a><\/p>\n<p>[\/vc_column_text][\/vc_column][vc_column width=\u00a0\u00bb1\/5&Prime;][vc_column_text scheme=\u00a0\u00bbdefault\u00a0\u00bb]<\/p>\n<p style=\"text-align: center;\"><a href=\"https:\/\/www.juliet-laser.com\/fr\/politique-de-confidentialite\/\">Politique de confidetialit\u00e9&gt;\u00a0<\/a><\/p>\n<p>[\/vc_column_text][\/vc_column][vc_column width=\u00a0\u00bb1\/5&Prime;][\/vc_column][\/vc_row][vc_row][vc_column][vc_column_text css=\u00a0\u00bb.vc_custom_1655820472327{margin-top: 64px !important;}\u00a0\u00bb]<\/p>\n<p style=\"text-align: center;\">Social Menu<\/p>\n<p>[\/vc_column_text][\/vc_column][\/vc_row][vc_row hide_bg_image_on_tablet=\u00a0\u00bb\u00a0\u00bb hide_bg_image_on_mobile=\u00a0\u00bb\u00a0\u00bb css=\u00a0\u00bb.vc_custom_1639908922006{margin-top: -70px !important;}\u00a0\u00bb][vc_column width=\u00a0\u00bb1\/5&Prime;][\/vc_column][vc_column width=\u00a0\u00bb1\/5&Prime;][vc_column_text scheme=\u00a0\u00bbdefault\u00a0\u00bb]<\/p>\n<p style=\"text-align: center;\"><a href=\"https:\/\/www.facebook.com\/julietlaser\">Facebook &gt;\u00a0<\/a><\/p>\n<p>[\/vc_column_text][\/vc_column][vc_column width=\u00a0\u00bb1\/5&Prime;][vc_column_text scheme=\u00a0\u00bbdefault\u00a0\u00bb]<\/p>\n<p style=\"text-align: center;\"><a href=\"https:\/\/www.instagram.com\/julietlaserofficial\/\">Instagram &gt;<\/a><\/p>\n<p>[\/vc_column_text][\/vc_column][vc_column width=\u00a0\u00bb1\/5&Prime;][vc_column_text scheme=\u00a0\u00bbdefault\u00a0\u00bb]<a href=\"https:\/\/www.youtube.com\/channel\/UC1MONl3BY8XvxxWb2qrLSaA\">Youtube &gt;<\/a>[\/vc_column_text][\/vc_column][vc_column width=\u00a0\u00bb1\/5&Prime;][\/vc_column][\/vc_row]<\/p>\n<\/div>","protected":false},"excerpt":{"rendered":"<p>[vc_row hide_bg_image_on_tablet=\u00a0\u00bb\u00a0\u00bb hide_bg_image_on_mobile=\u00a0\u00bb\u00a0\u00bb][vc_column][vc_column_text css=\u00a0\u00bb.vc_custom_1657202335791{margin-bottom: 15px !important;}\u00a0\u00bb] Main Menu [\/vc_column_text][\/vc_column][\/vc_row][vc_row hide_bg_image_on_tablet=\u00a0\u00bb\u00a0\u00bb hide_bg_image_on_mobile=\u00a0\u00bb\u00a0\u00bb css=\u00a0\u00bb.vc_custom_1639908922006{margin-top: -70px !important;}\u00a0\u00bb][vc_column width=\u00a0\u00bb1\/5&Prime;][\/vc_column][vc_column width=\u00a0\u00bb1\/5&Prime;][vc_column_text scheme=\u00a0\u00bbdefault\u00a0\u00bb] Qu&rsquo;est-ce que Juliet\u00a0? &gt; La technologie laser &gt; Son mode d&rsquo;action &gt; l\u2019Avis des m\u00e9decins &gt; R\u00e9sultats cliniques &gt; [\/vc_column_text][\/vc_column][vc_column width=\u00a0\u00bb1\/5&Prime;][vc_column_text scheme=\u00a0\u00bbdefault\u00a0\u00bb] Traitements &gt;\u00a0 Atrophie vulvovaginale &gt; Douleurs pendant les rapports &gt;\u00a0 S\u00e9cheresse vaginale, br\u00fblures et d\u00e9mangeaisons &gt;\u00a0 Incontinence d&rsquo;effort &gt;\u00a0 Perte d\u2019\u00e9lasticit\u00e9&hellip;<\/p>\n","protected":false},"author":4,"featured_media":0,"parent":0,"menu_order":0,"comment_status":"closed","ping_status":"closed","template":"","meta":{"footnotes":""},"class_list":["post-7241","page","type-page","status-publish","hentry"],"_links":{"self":[{"href":"https:\/\/www.juliet-laser.com\/fr\/wp-json\/wp\/v2\/pages\/7241","targetHints":{"allow":["GET"]}}],"collection":[{"href":"https:\/\/www.juliet-laser.com\/fr\/wp-json\/wp\/v2\/pages"}],"about":[{"href":"https:\/\/www.juliet-laser.com\/fr\/wp-json\/wp\/v2\/types\/page"}],"author":[{"embeddable":true,"href":"https:\/\/www.juliet-laser.com\/fr\/wp-json\/wp\/v2\/users\/4"}],"replies":[{"embeddable":true,"href":"https:\/\/www.juliet-laser.com\/fr\/wp-json\/wp\/v2\/comments?post=7241"}],"version-history":[{"count":13,"href":"https:\/\/www.juliet-laser.com\/fr\/wp-json\/wp\/v2\/pages\/7241\/revisions"}],"predecessor-version":[{"id":7760,"href":"https:\/\/www.juliet-laser.com\/fr\/wp-json\/wp\/v2\/pages\/7241\/revisions\/7760"}],"wp:attachment":[{"href":"https:\/\/www.juliet-laser.com\/fr\/wp-json\/wp\/v2\/media?parent=7241"}],"curies":[{"name":"wp","href":"https:\/\/api.w.org\/{rel}","templated":true}]}}