{"id":6812,"date":"2019-07-11T15:49:21","date_gmt":"2019-07-11T15:49:21","guid":{"rendered":"https:\/\/www.juliet-laser.com\/nota-legale\/"},"modified":"2022-07-07T13:25:19","modified_gmt":"2022-07-07T13:25:19","slug":"mention-legale","status":"publish","type":"page","link":"https:\/\/www.juliet-laser.com\/fr\/mention-legale\/","title":{"rendered":"Mention l\u00e9gale"},"content":{"rendered":"<div class=\"wpb-content-wrapper\"><p>[vc_row hide_bg_image_on_tablet=\u00a0\u00bb\u00a0\u00bb hide_bg_image_on_mobile=\u00a0\u00bb\u00a0\u00bb css=\u00a0\u00bb.vc_custom_1639908725933{margin-top: -70px !important;}\u00a0\u00bb][vc_column width=\u00a0\u00bb1\/6&Prime;][\/vc_column][vc_column width=\u00a0\u00bb2\/3&Prime;][vc_column_text css=\u00a0\u00bb.vc_custom_1647340501023{margin-right: 32px !important;}\u00a0\u00bb]<strong>Conditions d&rsquo;utilisation<\/strong><\/p>\n<p>En utilisant ce site Web, y compris en utilisant tous les services mis \u00e0 disposition par Asclepion Laser Technologies GmbH, vous acceptez les conditions d&rsquo;utilisation suivantes. Asclepion Laser Technologies GmbH se r\u00e9serve le droit d&rsquo;apporter des modifications, d&rsquo;ajuster les services et de mettre \u00e0 jour les conditions d&rsquo;utilisation \u00e0 tout moment et sans pr\u00e9avis.<\/p>\n<p><strong>Contenus<\/strong><\/p>\n<p>Malgr\u00e9 un traitement et une v\u00e9rification des contenus minutieux, la soci\u00e9t\u00e9 Asclepion Laser Technologies GmbH d\u00e9cline toute responsabilit\u00e9 en ce qui concerne l&rsquo;actualit\u00e9, l&rsquo;exactitude, l&rsquo;exhaustivit\u00e9 ou la qualit\u00e9 des informations fournies. Une mise \u00e0 jour peut \u00eatre n\u00e9cessaire et r\u00e9alis\u00e9e ult\u00e9rieurement.<\/p>\n<p><strong>Droit d&rsquo;auteur et droit des marques<\/strong><\/p>\n<p>Le contenu de ce site Internet ne peut \u00eatre copi\u00e9, distribu\u00e9, modifi\u00e9 ou communiqu\u00e9 \u00e0 des tiers \u00e0 des fins commerciales. Les images, graphiques et textes sont prot\u00e9g\u00e9s par le droit d&rsquo;auteur et par d&rsquo;autres lois sur la propri\u00e9t\u00e9 intellectuelle.<\/p>\n<p><strong>Marques commerciales et noms de produit<\/strong><\/p>\n<p>Toutes les marques commerciales et tous les noms de produit figurant dans cette offre et, le cas \u00e9ch\u00e9ant, prot\u00e9g\u00e9es par des tiers, sont soumis aux dispositions du droit des marques en vigueur et au droit de propri\u00e9t\u00e9 du propri\u00e9taire enregistr\u00e9.<\/p>\n<p><strong>R\u00e9f\u00e9rences externes (liens)<\/strong><\/p>\n<p>Il convient de faire la diff\u00e9rence entre nos propres contenus et les renvois (\u00ab\u00a0liens\u00a0\u00bb) menant \u00e0 des contenus mis \u00e0 disposition par d&rsquo;autres fournisseurs. Asclepion Laser Technologies GmbH n&rsquo;est responsable des informations qu&rsquo;ils contiennent (contenus externes par lien hypertexte), que dans la mesure o\u00f9 elle a une connaissance pr\u00e9cise des textes et o\u00f9 il lui est techniquement possible d&rsquo;intervenir en cas de contenus ill\u00e9gaux. Si des dommages r\u00e9sultent de l&rsquo;utilisation d&rsquo;informations, seul l&rsquo;auteur des pages concern\u00e9es peut en \u00eatre tenu pour responsable, et non celui qui a \u00e9tabli un lien vers ces pages.<\/p>\n<p><strong>Confidentialit\u00e9<\/strong><\/p>\n<p>Les donn\u00e9es personnelles ne sont collect\u00e9es que dans le cadre du formulaire e-mail, pour lequel la saisie des donn\u00e9es personnelles ou professionnelles s&rsquo;effectue volontairement. Ces donn\u00e9es sont trait\u00e9es et stock\u00e9es conform\u00e9ment\u00a0 aux lois allemandes sur la protection des donn\u00e9es et uniquement dans la mesure o\u00f9 cela est n\u00e9cessaire pour traiter la demande. En aucun cas ces donn\u00e9es ne sont divulgu\u00e9es \u00e0 des tiers. Veuillez noter que\u00a0 notre site Web peut contenir des liens vers d&rsquo;autres sites\u00a0 auxquels la pr\u00e9sente d\u00e9claration de confidentialit\u00e9 ne s&rsquo;\u00e9tend pas.<\/p>\n<p><strong>Validit\u00e9 juridique<\/strong><\/p>\n<p>Cette exclusion de responsabilit\u00e9 doit \u00eatre consid\u00e9r\u00e9e comme faisant partie de l&rsquo;offre Internet \u00e0 laquelle il est fait r\u00e9f\u00e9rence sur cette page. Si des sections ou des formulations individuelles de ce texte ne correspondent pas,\u00a0 plus ou pas tout \u00e0 fait au contexte juridique applicable, les autres parties du document demeurent inchang\u00e9es dans leur contenu et leur validit\u00e9.[\/vc_column_text][\/vc_column][vc_column width=\u00a0\u00bb1\/6&Prime;][\/vc_column][\/vc_row][vc_row hide_bg_image_on_tablet=\u00a0\u00bb\u00a0\u00bb hide_bg_image_on_mobile=\u00a0\u00bb\u00a0\u00bb css=\u00a0\u00bb.vc_custom_1640883880316{margin-top: 32px !important;margin-left: 175px !important;}\u00a0\u00bb][vc_column width=\u00a0\u00bb1\/6&Prime;][\/vc_column][vc_column width=\u00a0\u00bb1\/4&Prime;]<div class=\"sc_item_button sc_button_wrap sc_align_center\"><a href=\"https:\/\/www.juliet-laser.com\/wp-content\/uploads\/2020\/11\/AGBs_E_2020-01.pdf\" id=\"sc_button_491879664\" class=\"sc_button color_style_default sc_button_default  vc_custom_1657200316597 sc_button_size_normal sc_button_icon_left\" target=\"_blank\"><span class=\"sc_button_text\"><span class=\"sc_button_title\">Conditions g\u00e9n\u00e9rales de vente<\/span><\/span><!-- \/.sc_button_text --><\/a><!-- \/.sc_button --><\/div><!-- \/.sc_item_button -->[\/vc_column][vc_column width=\u00a0\u00bb1\/4&Prime;]<div class=\"sc_item_button sc_button_wrap sc_align_center\"><a href=\"https:\/\/www.juliet-laser.com\/wp-content\/uploads\/2022\/03\/Einwilligung-Datenverarbeitung-2018-EN.pdf\" id=\"sc_button_873385801\" class=\"sc_button color_style_default sc_button_default  vc_custom_1647341116653 sc_button_size_normal sc_button_icon_left\" target=\"_blank\"><span class=\"sc_button_text\"><span class=\"sc_button_title\">Consent to data processing<\/span><\/span><!-- \/.sc_button_text --><\/a><!-- \/.sc_button --><\/div><!-- \/.sc_item_button -->[\/vc_column][vc_column width=\u00a0\u00bb1\/4&Prime;][\/vc_column][\/vc_row]<\/p>\n<\/div>","protected":false},"excerpt":{"rendered":"<p>[vc_row hide_bg_image_on_tablet=\u00a0\u00bb\u00a0\u00bb hide_bg_image_on_mobile=\u00a0\u00bb\u00a0\u00bb css=\u00a0\u00bb.vc_custom_1639908725933{margin-top: -70px !important;}\u00a0\u00bb][vc_column width=\u00a0\u00bb1\/6&Prime;][\/vc_column][vc_column width=\u00a0\u00bb2\/3&Prime;][vc_column_text css=\u00a0\u00bb.vc_custom_1647340501023{margin-right: 32px !important;}\u00a0\u00bb]Conditions d&rsquo;utilisation En utilisant ce site Web, y compris en utilisant tous les services mis \u00e0 disposition par Asclepion Laser Technologies GmbH, vous acceptez les conditions d&rsquo;utilisation suivantes. Asclepion Laser Technologies GmbH se r\u00e9serve le droit d&rsquo;apporter des modifications, d&rsquo;ajuster les services et de mettre \u00e0 jour les conditions d&rsquo;utilisation&hellip;<\/p>\n","protected":false},"author":4,"featured_media":0,"parent":0,"menu_order":0,"comment_status":"closed","ping_status":"closed","template":"","meta":{"footnotes":""},"class_list":["post-6812","page","type-page","status-publish","hentry"],"_links":{"self":[{"href":"https:\/\/www.juliet-laser.com\/fr\/wp-json\/wp\/v2\/pages\/6812","targetHints":{"allow":["GET"]}}],"collection":[{"href":"https:\/\/www.juliet-laser.com\/fr\/wp-json\/wp\/v2\/pages"}],"about":[{"href":"https:\/\/www.juliet-laser.com\/fr\/wp-json\/wp\/v2\/types\/page"}],"author":[{"embeddable":true,"href":"https:\/\/www.juliet-laser.com\/fr\/wp-json\/wp\/v2\/users\/4"}],"replies":[{"embeddable":true,"href":"https:\/\/www.juliet-laser.com\/fr\/wp-json\/wp\/v2\/comments?post=6812"}],"version-history":[{"count":6,"href":"https:\/\/www.juliet-laser.com\/fr\/wp-json\/wp\/v2\/pages\/6812\/revisions"}],"predecessor-version":[{"id":7749,"href":"https:\/\/www.juliet-laser.com\/fr\/wp-json\/wp\/v2\/pages\/6812\/revisions\/7749"}],"wp:attachment":[{"href":"https:\/\/www.juliet-laser.com\/fr\/wp-json\/wp\/v2\/media?parent=6812"}],"curies":[{"name":"wp","href":"https:\/\/api.w.org\/{rel}","templated":true}]}}