{"id":6763,"date":"2019-07-11T15:40:44","date_gmt":"2019-07-11T15:40:44","guid":{"rendered":"https:\/\/www.juliet-laser.com\/imprint\/"},"modified":"2022-03-14T20:46:54","modified_gmt":"2022-03-14T20:46:54","slug":"imprimer","status":"publish","type":"page","link":"https:\/\/www.juliet-laser.com\/fr\/imprimer\/","title":{"rendered":"Imprimer"},"content":{"rendered":"<div class=\"wpb-content-wrapper\"><p>[vc_row hide_bg_image_on_tablet=\u00a0\u00bb\u00a0\u00bb hide_bg_image_on_mobile=\u00a0\u00bb\u00a0\u00bb css=\u00a0\u00bb.vc_custom_1639908666745{margin-top: -70px !important;}\u00a0\u00bb][vc_column width=\u00a0\u00bb1\/6&Prime;][\/vc_column][vc_column width=\u00a0\u00bb1\/3&Prime;][vc_column_text]<\/p>\n<h6>Contact<\/h6>\n<p>Asclepion Laser Technologies GmbH<br \/>\nBr\u00fcsseler Str. 10<br \/>\n07747 Jena, Allemagne<br \/>\nTel.: +49 (0) 3641 7700 100<br \/>\nFax: +49 (0) 3641 7700 102<br \/>\nE-Mail: info@asclepion.com<\/p>\n<h6>Repr\u00e9sent\u00e9e par<\/h6>\n<p>Dr. Danilo Leggieri<\/p>\n<h6>Inscription au Registre du commerce<\/h6>\n<p>Num\u00e9ro du registre\u00a0: 209648<br \/>\nTribunal charg\u00e9 du registre\u00a0: I\u00e9na<\/p>\n<h6>Num\u00e9ro d&rsquo;identification fiscale<\/h6>\n<p>Num\u00e9ro d&rsquo;identification fiscale conform\u00e9ment au \u00a7 27a de la loi allemande relative \u00e0 la taxe sur le chiffre d&rsquo;affaires DE 813 678 553<\/p>\n<h6>Num\u00e9ro d&rsquo;enregistrement WEEE<\/h6>\n<p>DE 336 631 20[\/vc_column_text][\/vc_column][vc_column width=\u00a0\u00bb1\/3&Prime;][vc_column_text]<\/p>\n<h6>Conception graphique<\/h6>\n<p>Picsell GmbH \u2013 www.picsell-media.de<\/p>\n<h6>Photos du produit<\/h6>\n<p>Picsell GmbH \u2013 www.picsell-media.de<br \/>\nWolfram Design \u2013 www.wolframdesign.de<br \/>\nGRAFIKERorg \u2013 www.grafikerorg.de<br \/>\nSebastian Reuter \u2013 www.sebastian-reuter.de<\/p>\n<h6>Images Web suppl\u00e9mentaires<\/h6>\n<p>TandsSuperstudio \u2013 www.tandssuperstudio.tumblr.com<br \/>\nDesign School Canva \u2013 www.designschool.canva.com<br \/>\nFreeimages \u2013 www.de.freeimages.com<br \/>\nDreamstime \u2013 www.dreamstime.com<br \/>\nUnplash \u2013 www.unplash.com[\/vc_column_text][\/vc_column][vc_column width=\u00a0\u00bb1\/6&Prime;][\/vc_column][\/vc_row]<\/p>\n<\/div>","protected":false},"excerpt":{"rendered":"<p>[vc_row hide_bg_image_on_tablet=\u00a0\u00bb\u00a0\u00bb hide_bg_image_on_mobile=\u00a0\u00bb\u00a0\u00bb css=\u00a0\u00bb.vc_custom_1639908666745{margin-top: -70px !important;}\u00a0\u00bb][vc_column width=\u00a0\u00bb1\/6&Prime;][\/vc_column][vc_column width=\u00a0\u00bb1\/3&Prime;][vc_column_text] Contact Asclepion Laser Technologies GmbH Br\u00fcsseler Str. 10 07747 Jena, Allemagne Tel.: +49 (0) 3641 7700 100 Fax: +49 (0) 3641 7700 102 E-Mail: info@asclepion.com Repr\u00e9sent\u00e9e par Dr. Danilo Leggieri Inscription au Registre du commerce Num\u00e9ro du registre\u00a0: 209648 Tribunal charg\u00e9 du registre\u00a0: I\u00e9na Num\u00e9ro d&rsquo;identification fiscale Num\u00e9ro d&rsquo;identification fiscale conform\u00e9ment au&hellip;<\/p>\n","protected":false},"author":4,"featured_media":0,"parent":0,"menu_order":0,"comment_status":"closed","ping_status":"closed","template":"","meta":{"footnotes":""},"class_list":["post-6763","page","type-page","status-publish","hentry"],"_links":{"self":[{"href":"https:\/\/www.juliet-laser.com\/fr\/wp-json\/wp\/v2\/pages\/6763","targetHints":{"allow":["GET"]}}],"collection":[{"href":"https:\/\/www.juliet-laser.com\/fr\/wp-json\/wp\/v2\/pages"}],"about":[{"href":"https:\/\/www.juliet-laser.com\/fr\/wp-json\/wp\/v2\/types\/page"}],"author":[{"embeddable":true,"href":"https:\/\/www.juliet-laser.com\/fr\/wp-json\/wp\/v2\/users\/4"}],"replies":[{"embeddable":true,"href":"https:\/\/www.juliet-laser.com\/fr\/wp-json\/wp\/v2\/comments?post=6763"}],"version-history":[{"count":4,"href":"https:\/\/www.juliet-laser.com\/fr\/wp-json\/wp\/v2\/pages\/6763\/revisions"}],"predecessor-version":[{"id":6767,"href":"https:\/\/www.juliet-laser.com\/fr\/wp-json\/wp\/v2\/pages\/6763\/revisions\/6767"}],"wp:attachment":[{"href":"https:\/\/www.juliet-laser.com\/fr\/wp-json\/wp\/v2\/media?parent=6763"}],"curies":[{"name":"wp","href":"https:\/\/api.w.org\/{rel}","templated":true}]}}