{"id":6699,"date":"2018-03-02T11:06:07","date_gmt":"2018-03-02T11:06:07","guid":{"rendered":"https:\/\/www.juliet-laser.com\/frequently-asked-question-su-juliet-laser\/"},"modified":"2022-06-01T13:50:51","modified_gmt":"2022-06-01T13:50:51","slug":"frequently-asked-question-sur-juliet-laser","status":"publish","type":"page","link":"https:\/\/www.juliet-laser.com\/fr\/frequently-asked-question-sur-juliet-laser\/","title":{"rendered":"F.A.Q. sur Juliet"},"content":{"rendered":"<div class=\"wpb-content-wrapper\"><p>[vc_row hide_bg_image_on_tablet=\u00a0\u00bb\u00a0\u00bb hide_bg_image_on_mobile=\u00a0\u00bb\u00a0\u00bb css=\u00a0\u00bb.vc_custom_1639908546690{margin-top: -70px !important;}\u00a0\u00bb][vc_column]<div id=\"sc_title_618932060\"\n\t\tclass=\"sc_title color_style_default sc_title_default\"><h6 class=\"sc_item_subtitle sc_title_subtitle sc_align_center sc_item_title_style_default\">Foire aux questions sur Juliet Laser<\/h6><h4 class=\"sc_item_title sc_title_title sc_align_center sc_item_title_style_default sc_item_title_tag\">FREQUENTLY ASKED QUESTIONS<\/h4><\/div><!-- \/.sc_title -->[vc_empty_space height=\u00a0\u00bb\u00a0\u00bb alter_height=\u00a0\u00bbmedium\u00a0\u00bb hide_on_desktop=\u00a0\u00bb\u00a0\u00bb hide_on_notebook=\u00a0\u00bb\u00a0\u00bb hide_on_tablet=\u00a0\u00bb\u00a0\u00bb hide_on_mobile=\u00a0\u00bb\u00a0\u00bb]<div  id=\"sc_price_1412220277\" \n\tclass=\"sc_price color_style_default sc_price_default\"><div class=\"sc_price_columns_wrap sc_item_columns trx_addons_columns_wrap columns_padding_bottom\"><div class=\"trx_addons_column-1_3\"><div class=\"sc_price_item sc_price_item_default with_image with_bg_color\" style=\"background-color:#ffffff;\">\n\t\t\t\t\t\t\t<div class=\"sc_price_item_mask\"><\/div>\n\t\t\t\t<div class=\"sc_price_item_inner\">\n\t\t\t\t<div class=\"sc_price_item_info\"><h4 class=\"sc_price_item_title_\"><span>Qu&#039;est-ce que le traitement Juliet ?<\/span><\/h4><div class=\"sc_price_item_details\"><ul class=\"trx_addons_list trx_addons_list_dot\" style=\"text-align:left\">\n<li>Juliet repr\u00e9sente un traitement rapide, indolore et peu invasif pour les inconforts intimes des femmes et peut \u00eatre utilis\u00e9 pour traiter de nombreux sympt\u00f4mes d\u00e9sagr\u00e9ables que vous pouvez ressentir, tels que d\u00e9mangeaisons g\u00e9nitales, irritation, mauvaise lubrification vaginale, s\u00e9cheresse vaginale et m\u00eame douleur pendant les rapports sexuels .\nJuliet est un traitement r\u00e9volutionnaire qui a d\u00e9j\u00e0 chang\u00e9 la vie de milliers de femmes \u00e0 travers le monde.<\/li><\/div><\/div><!-- \/.sc_price_item_info --><\/div><!-- \/.sc_price_item_inner --><\/div><\/div><div class=\"trx_addons_column-1_3\"><div class=\"sc_price_item sc_price_item_default with_image with_bg_color\" style=\"background-color:#eecdc8;\">\n\t\t\t\t\t\t\t<div class=\"sc_price_item_mask\"><\/div>\n\t\t\t\t<div class=\"sc_price_item_inner\">\n\t\t\t\t<div class=\"sc_price_item_info\"><h4 class=\"sc_price_item_title_\"><span>Que signifie \u00ab rajeunissement vaginal \u00bb ?<\/span><\/h4><div class=\"sc_price_item_details\"><ul class=\"trx_addons_list trx_addons_list_dot\" style=\"text-align:left\">\n<li>Le rajeunissement vaginal n'est pas seulement un traitement esth\u00e9tique. Un traitement au laser Juliet conduit non seulement \u00e0 un resserrement des parois vaginales internes (souvent appel\u00e9 \u00ab\u00a0rajeunissement\u00a0\u00bb), mais il implique \u00e9galement des changements fonctionnels sp\u00e9cifiques, par exemple la r\u00e9cup\u00e9ration de la fonctionnalit\u00e9 lors du traitement de l'incontinence urinaire d'effort et \u00e9galement la restauration des tissus. m\u00e9tabolisme en cas d'atrophie vaginale.<\/li><\/div><\/div><!-- \/.sc_price_item_info --><\/div><!-- \/.sc_price_item_inner --><\/div><\/div><div class=\"trx_addons_column-1_3\"><div class=\"sc_price_item sc_price_item_default with_image with_bg_color\" style=\"background-color:#ffffff;\">\n\t\t\t\t\t\t\t<div class=\"sc_price_item_mask\"><\/div>\n\t\t\t\t<div class=\"sc_price_item_inner\">\n\t\t\t\t<div class=\"sc_price_item_info\"><h4 class=\"sc_price_item_title_\"><span>Comment fonctionne le traitement Juliet ?<\/span><\/h4><div class=\"sc_price_item_details\"><ul class=\"trx_addons_list trx_addons_list_dot\" style=\"text-align:left\">\n<li>Le traitement laser Juliet am\u00e9liore la sant\u00e9 gyn\u00e9cologique des femmes gr\u00e2ce \u00e0 un traitement mini-invasif, dont le but est la stimulation de la nouvelle production de collag\u00e8ne et d'\u00e9lastine, ainsi qu'une meilleure vascularisation de la muqueuse vaginale. \u00c0 l'instar de la proc\u00e9dure utilis\u00e9e pour le rajeunissement du visage, le traitement au laser Juliet utilise l'\u00e9nergie lumineuse pour fournir en douceur de l'\u00e9nergie aux tissus et les stimuler pour produire du nouveau collag\u00e8ne. La longueur d'onde sp\u00e9ciale Erbium:YAG utilis\u00e9e pour le traitement permet d'atteindre les couches sous-muqueuses (lamina propria), riches en collag\u00e8ne qui peuvent \u00eatre stimul\u00e9es \u00ab s\u00e9lectivement \u00bb, c'est-\u00e0-dire sans endommager les tissus environnants.<\/li>\n<\/div><\/div><!-- \/.sc_price_item_info --><\/div><!-- \/.sc_price_item_inner --><\/div><\/div><div class=\"trx_addons_column-1_3\"><div class=\"sc_price_item sc_price_item_default with_image with_bg_color\" style=\"background-color:#eecdc8;\">\n\t\t\t\t\t\t\t<div class=\"sc_price_item_mask\"><\/div>\n\t\t\t\t<div class=\"sc_price_item_inner\">\n\t\t\t\t<div class=\"sc_price_item_info\"><h4 class=\"sc_price_item_title_\"><span>Comment se d\u00e9roule le traitement Juliet ?<\/span><\/h4><div class=\"sc_price_item_details\"><ul class=\"trx_addons_list trx_addons_list_dot\" style=\"text-align:left\">\n<li>La proc\u00e9dure est tr\u00e8s similaire \u00e0 votre contr\u00f4le annuel. Votre m\u00e9decin ins\u00e9rera la pointe du laser et l'\u00e9nergie sera livr\u00e9e sous forme d'impulsions. L'ensemble de la proc\u00e9dure ne prend que quelques minutes et est rapide, indolore et discret et est effectu\u00e9 par votre m\u00e9decin dans un cabinet m\u00e9dical. Aucune anesth\u00e9sie n'est requise (car ni incisions ni sutures ne sont effectu\u00e9es), cependant, un anesth\u00e9sique topique peut \u00eatre appliqu\u00e9 si n\u00e9cessaire.<\/li><\/div><\/div><!-- \/.sc_price_item_info --><\/div><!-- \/.sc_price_item_inner --><\/div><\/div><div class=\"trx_addons_column-1_3\"><div class=\"sc_price_item sc_price_item_default with_image with_bg_color\" style=\"background-color:#ffffff;\">\n\t\t\t\t\t\t\t<div class=\"sc_price_item_mask\"><\/div>\n\t\t\t\t<div class=\"sc_price_item_inner\">\n\t\t\t\t<div class=\"sc_price_item_info\"><h4 class=\"sc_price_item_title_\"><span>Quand puis-je esp\u00e9rer les r\u00e9sultats ?<\/span><\/h4><div class=\"sc_price_item_details\"><ul class=\"trx_addons_list trx_addons_list_dot\" style=\"text-align:left\">\n<li>Le traitement au laser Juliet conduit \u00e0 une restauration du m\u00e9tabolisme du tissu conjonctif et \u00e0 une am\u00e9lioration de l'\u00e9tat de la muqueuse. Cela se traduit par une att\u00e9nuation des sympt\u00f4mes qui peut \u00eatre observ\u00e9e imm\u00e9diatement apr\u00e8s le premier traitement. Cette action continue son effet b\u00e9n\u00e9fique m\u00eame apr\u00e8s la fin du traitement et, pour cette raison, de nombreuses femmes signalent de nouvelles am\u00e9liorations au cours du premier mois post-traitement.<\/li>\n<\/div><\/div><!-- \/.sc_price_item_info --><\/div><!-- \/.sc_price_item_inner --><\/div><\/div><div class=\"trx_addons_column-1_3\"><div class=\"sc_price_item sc_price_item_default with_image with_bg_color\" style=\"background-color:#eecdc8;\">\n\t\t\t\t\t\t\t<div class=\"sc_price_item_mask\"><\/div>\n\t\t\t\t<div class=\"sc_price_item_inner\">\n\t\t\t\t<div class=\"sc_price_item_info\"><h4 class=\"sc_price_item_title_\"><span>Le traitement est-il douloureux ?<\/span><\/h4><div class=\"sc_price_item_details\"><ul class=\"trx_addons_list trx_addons_list_dot\" style=\"text-align:left\">\n<li>Non, le traitement n'est pas douloureux et ne n\u00e9cessite pas d'anesth\u00e9sie. Si n\u00e9cessaire, un anesth\u00e9sique topique doux peut \u00eatre appliqu\u00e9.<\/li><\/div><\/div><!-- \/.sc_price_item_info --><\/div><!-- \/.sc_price_item_inner --><\/div><\/div><div class=\"trx_addons_column-1_3\"><div class=\"sc_price_item sc_price_item_default with_image with_bg_color\" style=\"background-color:#ffffff;\">\n\t\t\t\t\t\t\t<div class=\"sc_price_item_mask\"><\/div>\n\t\t\t\t<div class=\"sc_price_item_inner\">\n\t\t\t\t<div class=\"sc_price_item_info\"><h4 class=\"sc_price_item_title_\"><span>Combien de s\u00e9ances sont n\u00e9cessaires ?<\/span><\/h4><div class=\"sc_price_item_details\"><ul class=\"trx_addons_list trx_addons_list_dot\" style=\"text-align:left\">\n<li>Dans la plupart des cas, des r\u00e9sultats satisfaisants peuvent \u00eatre obtenus apr\u00e8s la premi\u00e8re s\u00e9ance. Un deuxi\u00e8me traitement apr\u00e8s quelques semaines est conseill\u00e9 afin de maintenir les r\u00e9sultats dans le temps. Selon l'anamn\u00e8se individuelle, un traitement de suivi une fois par an peut \u00eatre recommand\u00e9.<\/li><\/div><\/div><!-- \/.sc_price_item_info --><\/div><!-- \/.sc_price_item_inner --><\/div><\/div><div class=\"trx_addons_column-1_3\"><div class=\"sc_price_item sc_price_item_default with_image with_bg_color\" style=\"background-color:#eecdc8;\">\n\t\t\t\t\t\t\t<div class=\"sc_price_item_mask\"><\/div>\n\t\t\t\t<div class=\"sc_price_item_inner\">\n\t\t\t\t<div class=\"sc_price_item_info\"><h4 class=\"sc_price_item_title_\"><span>Le traitement laser Juliet est-il fait pour moi ?<\/span><\/h4><div class=\"sc_price_item_details\"><ul class=\"trx_addons_list trx_addons_list_dot\" style=\"text-align:left\">\n<li>Juliet est le bon traitement pour toute femme pr\u00e9sentant des sympt\u00f4mes d\u00e9sagr\u00e9ables et recherchant une proc\u00e9dure rapide, non chirurgicale et discr\u00e8te. Il est particuli\u00e8rement recommand\u00e9 pour les femmes m\u00e9nopaus\u00e9es, qui viennent d'accoucher, qui ont subi une chimioth\u00e9rapie et\/ou une chirurgie anticanc\u00e9reuse, qui veulent combattre ou pr\u00e9venir les maladies du plancher pelvien, qui veulent am\u00e9liorer la qualit\u00e9 de leur vie sexuelle. Afin d'\u00e9valuer si des contre-indications s'appliquent \u00e0 votre cas sp\u00e9cifique, demandez simplement \u00e0 nos sp\u00e9cialistes une consultation gratuite.<\/li><\/div><\/div><!-- \/.sc_price_item_info --><\/div><!-- \/.sc_price_item_inner --><\/div><\/div><div class=\"trx_addons_column-1_3\"><div class=\"sc_price_item sc_price_item_default with_image with_bg_color\" style=\"background-color:#ffffff;\">\n\t\t\t\t\t\t\t<div class=\"sc_price_item_mask\"><\/div>\n\t\t\t\t<div class=\"sc_price_item_inner\">\n\t\t\t\t<div class=\"sc_price_item_info\"><h4 class=\"sc_price_item_title_\"><span>Puis-je suivre le traitement en cas de cancer du sein ?<\/span><\/h4><div class=\"sc_price_item_details\"><ul class=\"trx_addons_list trx_addons_list_dot\" style=\"text-align:left\">\n<li>Le traitement Juliet s'est av\u00e9r\u00e9 capable d'am\u00e9liorer consid\u00e9rablement plusieurs conditions apr\u00e8s le traitement du cancer du sein. Afin d'\u00e9valuer si des contre-indications s'appliquent \u00e0 votre cas sp\u00e9cifique, demandez simplement \u00e0 nos sp\u00e9cialistes une consultation gratuite. Il sera \u00e0 votre disposition pour vous fournir toutes les informations connexes.<\/li>\n\n<\/div><\/div><!-- \/.sc_price_item_info --><\/div><!-- \/.sc_price_item_inner --><\/div><\/div><div class=\"trx_addons_column-1_3\"><div class=\"sc_price_item sc_price_item_default with_image with_bg_color\" style=\"background-color:#eecdc8;\">\n\t\t\t\t\t\t\t<div class=\"sc_price_item_mask\"><\/div>\n\t\t\t\t<div class=\"sc_price_item_inner\">\n\t\t\t\t<div class=\"sc_price_item_info\"><h4 class=\"sc_price_item_title_\"><span>Quelles sont les consignes post-traitement \u00e0 suivre ?<\/span><\/h4><div class=\"sc_price_item_details\"><ul class=\"trx_addons_list trx_addons_list_dot\" style=\"text-align:left\">\n<li>Il est conseill\u00e9 pendant les trois premiers jours apr\u00e8s le traitement de s'abstenir de rapports sexuels, d'exercices physiques intenses et d'activit\u00e9s sportives telles que la natation ou le sauna.<\/li>\n<\/div><\/div><!-- \/.sc_price_item_info --><\/div><!-- \/.sc_price_item_inner --><\/div><\/div><div class=\"trx_addons_column-1_3\"><div class=\"sc_price_item sc_price_item_default with_image with_bg_color\" style=\"background-color:#ffffff;\">\n\t\t\t\t\t\t\t<div class=\"sc_price_item_mask\"><\/div>\n\t\t\t\t<div class=\"sc_price_item_inner\">\n\t\t\t\t<div class=\"sc_price_item_info\"><h4 class=\"sc_price_item_title_\"><span>Comment puis-je trouver la clinique la plus proche effectuant le traitement Juliet?<\/span><\/h4><div class=\"sc_price_item_details\"><ul class=\"trx_addons_list trx_addons_list_dot\" style=\"text-align:left\">\n<li>Essayez notre <a style=\"font-weight:bold\" href=\"https:\/\/www.juliet-laser.com\/fr\/praticiens-equipes\/\">Clinic Locator<\/a> afin de trouver la clinique la plus proche. Vous n'avez pas trouv\u00e9 votre clinique ? Contactez-nous!<\/li>\n<\/div><\/div><!-- \/.sc_price_item_info --><\/div><!-- \/.sc_price_item_inner --><\/div><\/div><div class=\"trx_addons_column-1_3\"><div class=\"sc_price_item sc_price_item_default with_image with_bg_color\" style=\"background-color:#eecdc8;\">\n\t\t\t\t\t\t\t<div class=\"sc_price_item_mask\"><\/div>\n\t\t\t\t<div class=\"sc_price_item_inner\">\n\t\t\t\t<div class=\"sc_price_item_info\"><h4 class=\"sc_price_item_title_\"><span>Combien co\u00fbte la proc\u00e9dure ?<\/span><\/h4><div class=\"sc_price_item_details\"><ul class=\"trx_addons_list trx_addons_list_dot\" style=\"text-align:left\">\n<li>Les prix varient en fonction de l'indication, du nombre de soins requis en fonction de la condition individuelle et de la clinique. Veuillez demander \u00e0 nos sp\u00e9cialistes un conseil individuel.<\/li><\/div><\/div><!-- \/.sc_price_item_info --><\/div><!-- \/.sc_price_item_inner --><\/div><\/div><\/div><\/div><!-- \/.sc_price -->[\/vc_column][\/vc_row][vc_row][vc_column hide_bg_image_on_tablet=\u00a0\u00bb\u00a0\u00bb hide_bg_image_on_mobile=\u00a0\u00bb\u00a0\u00bb css=\u00a0\u00bb.vc_custom_1609761567577{margin-top: 100px !important;}\u00a0\u00bb]<div class=\"sc_layouts sc_layouts_default sc_layouts_6254  vc_custom_1609761546258\">[vc_row][vc_column width=\"1\/12\" icons_position=\"left\" offset=\"vc_hidden-sm vc_hidden-xs\"][\/vc_column][vc_column hide_bg_image_on_tablet=\"\" hide_bg_image_on_mobile=\"\" column_align=\"center\" icons_position=\"left\" offset=\"vc_col-md-10\"]<div  id=\"sc_promo_1845493970\" \n\tclass=\"sc_promo color_style_default scheme_default sc_promo_default  vc_custom_1646677689373 sc_promo_size_normal sc_promo_no_paddings sc_promo_image_position_right\"><div class=\"sc_promo_image\" style=\"background-image:url(https:\/\/www.juliet-laser.com\/wp-content\/uploads\/2017\/11\/Juliet-tratment-questions-common-faqs.jpg);width:50%;right: 0;\"><\/div><div class=\"sc_promo_text\" style=\"width: 50%;float: left;\">\n\t\t\t<div class=\"sc_promo_text_inner sc_content_width_50%\" style=\"\"><h3 class=\"sc_item_title sc_promo_title sc_align_center sc_item_title_style_default sc_item_title_tag\">DES QUESTIONS?<\/h3><div class=\"sc_item_descr sc_promo_descr sc_align_center\"><p>Nous avons les r\u00e9ponses !<\/p>\n<\/div><div class=\"sc_promo_content sc_item_content\">\n<div class=\"wpcf7 no-js\" id=\"wpcf7-f7259-o1\" lang=\"en-US\" dir=\"ltr\" data-wpcf7-id=\"7259\">\n<div class=\"screen-reader-response\"><p role=\"status\" aria-live=\"polite\" aria-atomic=\"true\"><\/p> <ul><\/ul><\/div>\n<form action=\"\/fr\/wp-json\/wp\/v2\/pages\/6699#wpcf7-f7259-o1\" method=\"post\" class=\"wpcf7-form init\" aria-label=\"Contact form\" novalidate=\"novalidate\" data-status=\"init\">\n<fieldset class=\"hidden-fields-container\"><input type=\"hidden\" name=\"_wpcf7\" value=\"7259\" \/><input type=\"hidden\" name=\"_wpcf7_version\" value=\"6.1.4\" \/><input type=\"hidden\" name=\"_wpcf7_locale\" value=\"en_US\" \/><input type=\"hidden\" name=\"_wpcf7_unit_tag\" value=\"wpcf7-f7259-o1\" \/><input type=\"hidden\" name=\"_wpcf7_container_post\" value=\"0\" \/><input type=\"hidden\" name=\"_wpcf7_posted_data_hash\" value=\"\" \/><input type=\"hidden\" name=\"_wpcf7_recaptcha_response\" value=\"\" \/>\n<\/fieldset>\n<div class=\"sc_form\">\n\t<div class=\"trx_addons_columns_wrap\">\n\t\t<div class=\"trx_addons_column-1_2\">\n\t\t\t<p><label class=\"sc_form_field\"><br \/>\n<span class=\"wpcf7-form-control-wrap\" data-name=\"first-name\"><input size=\"40\" maxlength=\"400\" class=\"wpcf7-form-control wpcf7-text wpcf7-validates-as-required\" aria-required=\"true\" aria-invalid=\"false\" placeholder=\"Nom et pr\u00e9nom\" value=\"\" type=\"text\" name=\"first-name\" \/><\/span><\/label>\n\t\t\t<\/p>\n\t\t<\/div>\n\t\t<div class=\"trx_addons_column-1_2\">\n\t\t\t<p><label class=\"sc_form_field\"><br \/>\n<span class=\"wpcf7-form-control-wrap\" data-name=\"your-email\"><input size=\"40\" maxlength=\"400\" class=\"wpcf7-form-control wpcf7-email wpcf7-validates-as-required wpcf7-text wpcf7-validates-as-email\" aria-required=\"true\" aria-invalid=\"false\" placeholder=\"Votre e-mail\" value=\"\" type=\"email\" name=\"your-email\" \/><\/span><\/label>\n\t\t\t<\/p>\n\t\t<\/div>\n\t<\/div>\n\t<div class=\"trx_addons_columns_wrap\">\n\t\t<div class=\"trx_addons_column-1_1\">\n\t\t\t<p><label class=\"sc_form_field\"><br \/>\n<span class=\"wpcf7-form-control-wrap\" data-name=\"subject\"><input size=\"40\" maxlength=\"400\" class=\"wpcf7-form-control wpcf7-text wpcf7-validates-as-required\" aria-required=\"true\" aria-invalid=\"false\" placeholder=\"Ville\" value=\"\" type=\"text\" name=\"subject\" \/><\/span><\/label>\n\t\t\t<\/p>\n\t\t<\/div>\n\t<\/div>\n\t<div class=\"trx_addons_columns_wrap\">\n\t\t<div class=\"trx_addons_column-1_1\">\n\t\t\t<p><label class=\"sc_form_field\"><br \/>\n<span class=\"wpcf7-form-control-wrap\" data-name=\"subject\"><input size=\"40\" maxlength=\"400\" class=\"wpcf7-form-control wpcf7-text wpcf7-validates-as-required\" aria-required=\"true\" aria-invalid=\"false\" placeholder=\"L&#039;\u00e9tat\" value=\"\" type=\"text\" name=\"subject\" \/><\/span><\/label>\n\t\t\t<\/p>\n\t\t<\/div>\n\t<\/div>\n\t<div class=\"trx_addons_columns_wrap\">\n\t\t<div class=\"trx_addons_column-1_1\">\n\t\t\t<p><label class=\"sc_form_field\"><br \/>\n<span class=\"wpcf7-form-control-wrap\" data-name=\"message\"><textarea cols=\"40\" rows=\"10\" maxlength=\"2000\" class=\"wpcf7-form-control wpcf7-textarea\" aria-invalid=\"false\" placeholder=\"un message\" name=\"message\"><\/textarea><\/span><\/label>\n\t\t\t<\/p>\n\t\t<\/div>\n\t<\/div>\n\t<p><span class=\"wpcf7-form-control-wrap kc_captcha\" data-name=\"kc_captcha\"><span class=\"wpcf7-form-control wpcf7-radio\"><span class=\"captcha-image\" ><span class=\"cf7ic_instructions\">Please prove you are human by selecting the<span> heart<\/span>.<\/span><label><input aria-label=\"1\" type=\"radio\" name=\"kc_captcha\" value=\"kc_human\" \/><svg aria-hidden=\"true\" role=\"img\" xmlns=\"http:\/\/www.w3.org\/2000\/svg\" viewBox=\"0 0 576 512\"><path fill=\"currentColor\" d=\"M415 24c-53 0-103 42-127 65-24-23-74-65-127-65C70 24 16 77 16 166c0 72 67 133 69 135l187 181c9 8 23 8 32 0l187-180c2-3 69-64 69-136 0-89-54-142-145-142z\"\/><\/svg><\/label><label><input aria-label=\"2\" type=\"radio\" name=\"kc_captcha\" value=\"bot\" \/><svg aria-hidden=\"true\" role=\"img\" xmlns=\"http:\/\/www.w3.org\/2000\/svg\" viewBox=\"0 0 576 512\"><path fill=\"currentColor\" d=\"M488 313v143c0 13-11 24-24 24H348c-7 0-12-5-12-12V356c0-7-5-12-12-12h-72c-7 0-12 5-12 12v112c0 7-5 12-12 12H112c-13 0-24-11-24-24V313c0-4 2-7 4-10l188-154c5-4 11-4 16 0l188 154c2 3 4 6 4 10zm84-61l-84-69V44c0-6-5-12-12-12h-56c-7 0-12 6-12 12v73l-89-74a48 48 0 00-61 0L4 252c-5 4-5 12-1 17l25 31c5 5 12 5 17 1l235-193c5-4 11-4 16 0l235 193c5 5 13 4 17-1l25-31c4-6 4-13-1-17z\"\/><\/svg><\/label><label><input aria-label=\"3\" type=\"radio\" name=\"kc_captcha\" value=\"bot\" \/><svg aria-hidden=\"true\" role=\"img\" xmlns=\"http:\/\/www.w3.org\/2000\/svg\" viewBox=\"0 0 512 512\"><path fill=\"currentColor\" d=\"M500 168h-55l-8-21a127 127 0 00-120-83H195a127 127 0 00-120 83l-8 21H12c-8 0-14 8-11 16l8 24a12 12 0 0011 8h29a64 64 0 00-33 56v48c0 16 6 31 16 42v62c0 13 11 24 24 24h48c13 0 24-11 24-24v-40h256v40c0 13 11 24 24 24h48c13 0 24-11 24-24v-62c10-11 16-26 16-42v-48c0-24-13-45-33-56h29a12 12 0 0011-8l8-24c3-8-3-16-11-16zm-365 2c9-25 33-42 60-42h122c27 0 51 17 60 42l15 38H120l15-38zM88 328a32 32 0 010-64c18 0 48 30 48 48s-30 16-48 16zm336 0c-18 0-48 2-48-16s30-48 48-48 32 14 32 32-14 32-32 32z\"\/><\/svg><\/label>\r\n    <\/span>\r\n    <span style=\"display:none\">\r\n        <input type=\"text\" name=\"kc_honeypot\">\r\n    <\/span><\/span><\/span>\n\t<\/p>\n\t<div>\n\t\t<p><span class=\"wpcf7-form-control-wrap\" data-name=\"acceptance-413\"><span class=\"wpcf7-form-control wpcf7-acceptance\"><span class=\"wpcf7-list-item\"><label><input type=\"checkbox\" name=\"acceptance-413\" value=\"1\" aria-invalid=\"false\" \/><span class=\"wpcf7-list-item-label\"><a href=\"https:\/\/www.juliet-laser.com\/fr\/politique-de-confidentialite\/\" target=\"_blank\"><strong>Politique de confidentialit\u00e9.<\/strong><\/a> Accepter d'envoyer le message.<\/span><\/label><\/span><\/span><\/span>\n\t\t<\/p>\n\t<\/div>\n\t<div class=\"\">\n\t\t<p><input class=\"wpcf7-form-control wpcf7-submit has-spinner\" type=\"submit\" value=\"Envoyez le message\" \/>\n\t\t<\/p>\n\t<\/div>\n<\/div><div class=\"wpcf7-response-output\" aria-hidden=\"true\"><\/div>\n<\/form>\n<\/div>\n<\/div><\/div>\n\t\t<\/div><!-- \/.sc_promo_text --><\/div><!-- \/.sc_promo -->[\/vc_column][vc_column width=\"1\/12\" icons_position=\"left\" offset=\"vc_hidden-sm vc_hidden-xs\"][\/vc_column][\/vc_row]<\/div>[\/vc_column][\/vc_row]<\/p>\n<\/div>","protected":false},"excerpt":{"rendered":"<p>[vc_row hide_bg_image_on_tablet=\u00a0\u00bb\u00a0\u00bb hide_bg_image_on_mobile=\u00a0\u00bb\u00a0\u00bb css=\u00a0\u00bb.vc_custom_1639908546690{margin-top: -70px !important;}\u00a0\u00bb][vc_column][vc_empty_space height=\u00a0\u00bb\u00a0\u00bb alter_height=\u00a0\u00bbmedium\u00a0\u00bb hide_on_desktop=\u00a0\u00bb\u00a0\u00bb hide_on_notebook=\u00a0\u00bb\u00a0\u00bb hide_on_tablet=\u00a0\u00bb\u00a0\u00bb hide_on_mobile=\u00a0\u00bb\u00a0\u00bb][\/vc_column][\/vc_row][vc_row][vc_column hide_bg_image_on_tablet=\u00a0\u00bb\u00a0\u00bb hide_bg_image_on_mobile=\u00a0\u00bb\u00a0\u00bb css=\u00a0\u00bb.vc_custom_1609761567577{margin-top: 100px !important;}\u00a0\u00bb][\/vc_column][\/vc_row]<\/p>\n","protected":false},"author":1,"featured_media":0,"parent":0,"menu_order":0,"comment_status":"closed","ping_status":"closed","template":"","meta":{"footnotes":""},"class_list":["post-6699","page","type-page","status-publish","hentry"],"_links":{"self":[{"href":"https:\/\/www.juliet-laser.com\/fr\/wp-json\/wp\/v2\/pages\/6699","targetHints":{"allow":["GET"]}}],"collection":[{"href":"https:\/\/www.juliet-laser.com\/fr\/wp-json\/wp\/v2\/pages"}],"about":[{"href":"https:\/\/www.juliet-laser.com\/fr\/wp-json\/wp\/v2\/types\/page"}],"author":[{"embeddable":true,"href":"https:\/\/www.juliet-laser.com\/fr\/wp-json\/wp\/v2\/users\/1"}],"replies":[{"embeddable":true,"href":"https:\/\/www.juliet-laser.com\/fr\/wp-json\/wp\/v2\/comments?post=6699"}],"version-history":[{"count":5,"href":"https:\/\/www.juliet-laser.com\/fr\/wp-json\/wp\/v2\/pages\/6699\/revisions"}],"predecessor-version":[{"id":7376,"href":"https:\/\/www.juliet-laser.com\/fr\/wp-json\/wp\/v2\/pages\/6699\/revisions\/7376"}],"wp:attachment":[{"href":"https:\/\/www.juliet-laser.com\/fr\/wp-json\/wp\/v2\/media?parent=6699"}],"curies":[{"name":"wp","href":"https:\/\/api.w.org\/{rel}","templated":true}]}}