{"id":6630,"date":"2020-12-04T11:10:49","date_gmt":"2020-12-04T11:10:49","guid":{"rendered":"https:\/\/www.juliet-laser.com\/sindrome-genitourinaria-della-menopausa\/"},"modified":"2022-07-07T12:49:09","modified_gmt":"2022-07-07T12:49:09","slug":"syndrome-genito-urinaire-de-la-menopause","status":"publish","type":"page","link":"https:\/\/www.juliet-laser.com\/fr\/syndrome-genito-urinaire-de-la-menopause\/","title":{"rendered":"Syndrome g\u00e9nito-urinaire de la m\u00e9nopause"},"content":{"rendered":"<div class=\"wpb-content-wrapper\"><p>[vc_row hide_bg_image_on_tablet=\u00a0\u00bb\u00a0\u00bb hide_bg_image_on_mobile=\u00a0\u00bb\u00a0\u00bb css=\u00a0\u00bb.vc_custom_1657198130749{margin-top: -70px !important;}\u00a0\u00bb][vc_column width=\u00a0\u00bb1\/6&Prime; hide_bg_image_on_tablet=\u00a0\u00bb\u00a0\u00bb hide_bg_image_on_mobile=\u00a0\u00bb\u00a0\u00bb css=\u00a0\u00bb.vc_custom_1607099703154{margin-top: 30px !important;}\u00a0\u00bb][\/vc_column][vc_column width=\u00a0\u00bb2\/3&Prime; hide_bg_image_on_tablet=\u00a0\u00bb\u00a0\u00bb hide_bg_image_on_mobile=\u00a0\u00bb\u00a0\u00bb css=\u00a0\u00bb.vc_custom_1607099730379{margin-top: 30px !important;}\u00a0\u00bb][vc_column_text css=\u00a0\u00bb.vc_custom_1657198141906{margin-top: -30px !important;}\u00a0\u00bb]Le terme syndrome g\u00e9nito-urinaire de la m\u00e9nopause (GSM) d\u00e9signe un ensemble de sympt\u00f4mes qui sont essentiellement caus\u00e9s par une carence hormonale apr\u00e8s la m\u00e9nopause.<\/p>\n<p>Le GSM est chronique et progressif et, s\u2019il n\u2019est pas trait\u00e9, il a des r\u00e9percussions sur la qualit\u00e9 de vie des femmes touch\u00e9es. On estime qu&rsquo;une femme m\u00e9nopaus\u00e9e sur deux est touch\u00e9e par cet ensemble de d\u00e9sordres alt\u00e9rant la qualit\u00e9 de vie tels que s\u00e9cheresse vaginale, sensation de br\u00fblure, paresth\u00e9sie, capacit\u00e9 restreinte au plaisir sexuel due \u00e0 une diminution de la lubrification ou encore des douleurs lors des rapports sexuels, ainsi que des urgences urinaires. , dysurie et infections r\u00e9p\u00e9t\u00e9es de la vessie.[\/vc_column_text][vc_single_image image=\u00a0\u00bb4980&Prime; img_size=\u00a0\u00bbfull\u00a0\u00bb css=\u00a0\u00bb.vc_custom_1631713834498{margin-top: 20px !important;}\u00a0\u00bb][vc_column_text css=\u00a0\u00bb.vc_custom_1647086272119{margin-top: 32px !important;}\u00a0\u00bb]Comme d\u00e9crit pour l&rsquo;atrophie vulvo-vaginale, le traitement Juliet est capable de restaurer le m\u00e9tabolisme d&rsquo;origine du tissu conjonctif et d&rsquo;am\u00e9liorer l&rsquo;\u00e9tat de la muqueuse, en stimulant un processus de n\u00e9ocollag\u00e9n\u00e8se. Cela entra\u00eene une att\u00e9nuation des sympt\u00f4mes qui peut \u00eatre observ\u00e9e imm\u00e9diatement apr\u00e8s le premier traitement. La muqueuse interne retrouve \u00e9lasticit\u00e9 et lubrification, gagne en \u00e9paisseur et en douceur ; les d\u00e9mangeaisons, les irritations et les douleurs pendant les rapports sexuels disparaissent. Cette action continue son effet b\u00e9n\u00e9fique m\u00eame apr\u00e8s la fin du traitement et, pour cette raison, de nombreuses femmes signalent de nouvelles am\u00e9liorations au cours du premier mois post-traitement.[\/vc_column_text][\/vc_column][vc_column width=\u00a0\u00bb1\/6&Prime;][\/vc_column][\/vc_row][vc_row][vc_column][vc_separator]<div class=\"sc_layouts sc_layouts_default sc_layouts_5951\">[vc_row full_width=\"stretch_row\" hide_bg_image_on_tablet=\"\" hide_bg_image_on_mobile=\"\" row_delimiter=\"\" hide_on_desktop=\"\" hide_on_notebook=\"\" hide_on_tablet=\"\" hide_on_mobile=\"\" hide_on_frontpage=\"\"][vc_column width=\"1\/6\" icons_position=\"left\" offset=\"vc_hidden-md\"][\/vc_column][vc_column hide_bg_image_on_tablet=\"\" hide_bg_image_on_mobile=\"\" icons_position=\"left\" offset=\"vc_col-lg-8\"][vc_widget_sidebar sidebar_id=\"custom_widgets_1\"][\/vc_column][vc_column width=\"1\/6\" hide_bg_image_on_tablet=\"\" hide_bg_image_on_mobile=\"\" icons_position=\"left\" offset=\"vc_hidden-md\"][\/vc_column][\/vc_row]<\/div>[vc_separator][\/vc_column][\/vc_row]<\/p>\n<\/div>","protected":false},"excerpt":{"rendered":"<p>[vc_row hide_bg_image_on_tablet=\u00a0\u00bb\u00a0\u00bb hide_bg_image_on_mobile=\u00a0\u00bb\u00a0\u00bb css=\u00a0\u00bb.vc_custom_1657198130749{margin-top: -70px !important;}\u00a0\u00bb][vc_column width=\u00a0\u00bb1\/6&Prime; hide_bg_image_on_tablet=\u00a0\u00bb\u00a0\u00bb hide_bg_image_on_mobile=\u00a0\u00bb\u00a0\u00bb css=\u00a0\u00bb.vc_custom_1607099703154{margin-top: 30px !important;}\u00a0\u00bb][\/vc_column][vc_column width=\u00a0\u00bb2\/3&Prime; hide_bg_image_on_tablet=\u00a0\u00bb\u00a0\u00bb hide_bg_image_on_mobile=\u00a0\u00bb\u00a0\u00bb css=\u00a0\u00bb.vc_custom_1607099730379{margin-top: 30px !important;}\u00a0\u00bb][vc_column_text css=\u00a0\u00bb.vc_custom_1657198141906{margin-top: -30px !important;}\u00a0\u00bb]Le terme syndrome g\u00e9nito-urinaire de la m\u00e9nopause (GSM) d\u00e9signe un ensemble de sympt\u00f4mes qui sont essentiellement caus\u00e9s par une carence hormonale apr\u00e8s la m\u00e9nopause. Le GSM est chronique et progressif et, s\u2019il n\u2019est pas trait\u00e9, il a des r\u00e9percussions sur&hellip;<\/p>\n","protected":false},"author":4,"featured_media":6632,"parent":0,"menu_order":0,"comment_status":"closed","ping_status":"closed","template":"","meta":{"footnotes":""},"class_list":["post-6630","page","type-page","status-publish","has-post-thumbnail","hentry"],"_links":{"self":[{"href":"https:\/\/www.juliet-laser.com\/fr\/wp-json\/wp\/v2\/pages\/6630","targetHints":{"allow":["GET"]}}],"collection":[{"href":"https:\/\/www.juliet-laser.com\/fr\/wp-json\/wp\/v2\/pages"}],"about":[{"href":"https:\/\/www.juliet-laser.com\/fr\/wp-json\/wp\/v2\/types\/page"}],"author":[{"embeddable":true,"href":"https:\/\/www.juliet-laser.com\/fr\/wp-json\/wp\/v2\/users\/4"}],"replies":[{"embeddable":true,"href":"https:\/\/www.juliet-laser.com\/fr\/wp-json\/wp\/v2\/comments?post=6630"}],"version-history":[{"count":6,"href":"https:\/\/www.juliet-laser.com\/fr\/wp-json\/wp\/v2\/pages\/6630\/revisions"}],"predecessor-version":[{"id":7738,"href":"https:\/\/www.juliet-laser.com\/fr\/wp-json\/wp\/v2\/pages\/6630\/revisions\/7738"}],"wp:featuredmedia":[{"embeddable":true,"href":"https:\/\/www.juliet-laser.com\/fr\/wp-json\/wp\/v2\/media\/6632"}],"wp:attachment":[{"href":"https:\/\/www.juliet-laser.com\/fr\/wp-json\/wp\/v2\/media?parent=6630"}],"curies":[{"name":"wp","href":"https:\/\/api.w.org\/{rel}","templated":true}]}}