{"id":6578,"date":"2020-12-04T11:30:01","date_gmt":"2020-12-04T11:30:01","guid":{"rendered":"https:\/\/www.juliet-laser.com\/incontinenza-urinaria-da-sforzo\/"},"modified":"2022-07-07T12:25:56","modified_gmt":"2022-07-07T12:25:56","slug":"incontinence-urinaire-deffort","status":"publish","type":"page","link":"https:\/\/www.juliet-laser.com\/fr\/incontinence-urinaire-deffort\/","title":{"rendered":"Incontinence urinaire d&rsquo;effort"},"content":{"rendered":"<div class=\"wpb-content-wrapper\"><p>[vc_row hide_bg_image_on_tablet=\u00a0\u00bb\u00a0\u00bb hide_bg_image_on_mobile=\u00a0\u00bb\u00a0\u00bb css=\u00a0\u00bb.vc_custom_1657196743381{margin-top: -70px !important;}\u00a0\u00bb][vc_column width=\u00a0\u00bb1\/6&Prime; hide_bg_image_on_tablet=\u00a0\u00bb\u00a0\u00bb hide_bg_image_on_mobile=\u00a0\u00bb\u00a0\u00bb css=\u00a0\u00bb.vc_custom_1607099703154{margin-top: 30px !important;}\u00a0\u00bb][\/vc_column][vc_column width=\u00a0\u00bb2\/3&Prime; hide_bg_image_on_tablet=\u00a0\u00bb\u00a0\u00bb hide_bg_image_on_mobile=\u00a0\u00bb\u00a0\u00bb css=\u00a0\u00bb.vc_custom_1607099730379{margin-top: 30px !important;}\u00a0\u00bb][vc_column_text css=\u00a0\u00bb.vc_custom_1657196752830{margin-top: -30px !important;}\u00a0\u00bb]Le terme incontinence urinaire d&rsquo;effort (IUE) fait r\u00e9f\u00e9rence \u00e0 la lib\u00e9ration involontaire d&rsquo;urine lors de la toux, des \u00e9ternuements ou d&rsquo;un effort physique. La cause de cette condition est souvent la stabilit\u00e9 r\u00e9duite<br \/>\ndu tissu conjonctif et une perte de la connexion supportive de l&rsquo;ur\u00e8tre.<\/p>\n<p>C&rsquo;est un probl\u00e8me assez fr\u00e9quent chez les femmes apr\u00e8s leur premier accouchement (24 % \u00e0 29 %) et chez les femmes m\u00e9nopaus\u00e9es en raison de la diminution de la production d&rsquo;\u0153strog\u00e8nes. De m\u00eame, les mouvements fr\u00e9quents pendant les activit\u00e9s intenses peuvent entra\u00eener le d\u00e9veloppement de l\u2019incontinence sportive.<\/p>\n<p>Chez les femmes souffrant d&rsquo;incontinence d&rsquo;effort, le m\u00e9tabolisme du tissu conjonctif est alt\u00e9r\u00e9, ce qui entra\u00eene une r\u00e9duction de la production de collag\u00e8ne, ce qui peut \u00e0 son tour entra\u00eener un soutien insuffisant au niveau du tractus urog\u00e9nital.[\/vc_column_text][vc_single_image image=\u00a0\u00bb4960&Prime; img_size=\u00a0\u00bbfull\u00a0\u00bb css=\u00a0\u00bb.vc_custom_1623689843704{margin-top: 20px !important;}\u00a0\u00bb][vc_column_text css=\u00a0\u00bb.vc_custom_1647083943449{margin-top: 32px !important;}\u00a0\u00bb]Le traitement au laser Juliet m\u00e8ne \u00e0 une r\u00e9g\u00e9n\u00e9ration du tissu conjonctif, ce qui se traduit par une meilleure fermeture ur\u00e9trale. L&rsquo;att\u00e9nuation des sympt\u00f4mes peut \u00eatre observ\u00e9e imm\u00e9diatement apr\u00e8s le premier traitement et les sympt\u00f4mes de l&rsquo;incontinence urinaire d&rsquo;effort sont consid\u00e9rablement r\u00e9duits gr\u00e2ce \u00e0 l&rsquo;action stimulante. du laser sur la muqueuse. Cette action continue son effet b\u00e9n\u00e9fique m\u00eame apr\u00e8s la fin du traitement et, pour cette raison, de nombreuses femmes signalent de nouvelles am\u00e9liorations au cours du premier mois post-traitement.[\/vc_column_text][\/vc_column][vc_column width=\u00a0\u00bb1\/6&Prime;][\/vc_column][\/vc_row][vc_row][vc_column][vc_separator]<div class=\"sc_layouts sc_layouts_default sc_layouts_5951\">[vc_row full_width=\"stretch_row\" hide_bg_image_on_tablet=\"\" hide_bg_image_on_mobile=\"\" row_delimiter=\"\" hide_on_desktop=\"\" hide_on_notebook=\"\" hide_on_tablet=\"\" hide_on_mobile=\"\" hide_on_frontpage=\"\"][vc_column width=\"1\/6\" icons_position=\"left\" offset=\"vc_hidden-md\"][\/vc_column][vc_column hide_bg_image_on_tablet=\"\" hide_bg_image_on_mobile=\"\" icons_position=\"left\" offset=\"vc_col-lg-8\"][vc_widget_sidebar sidebar_id=\"custom_widgets_1\"][\/vc_column][vc_column width=\"1\/6\" hide_bg_image_on_tablet=\"\" hide_bg_image_on_mobile=\"\" icons_position=\"left\" offset=\"vc_hidden-md\"][\/vc_column][\/vc_row]<\/div>[vc_separator][\/vc_column][\/vc_row]<\/p>\n<\/div>","protected":false},"excerpt":{"rendered":"<p>[vc_row hide_bg_image_on_tablet=\u00a0\u00bb\u00a0\u00bb hide_bg_image_on_mobile=\u00a0\u00bb\u00a0\u00bb css=\u00a0\u00bb.vc_custom_1657196743381{margin-top: -70px !important;}\u00a0\u00bb][vc_column width=\u00a0\u00bb1\/6&Prime; hide_bg_image_on_tablet=\u00a0\u00bb\u00a0\u00bb hide_bg_image_on_mobile=\u00a0\u00bb\u00a0\u00bb css=\u00a0\u00bb.vc_custom_1607099703154{margin-top: 30px !important;}\u00a0\u00bb][\/vc_column][vc_column width=\u00a0\u00bb2\/3&Prime; hide_bg_image_on_tablet=\u00a0\u00bb\u00a0\u00bb hide_bg_image_on_mobile=\u00a0\u00bb\u00a0\u00bb css=\u00a0\u00bb.vc_custom_1607099730379{margin-top: 30px !important;}\u00a0\u00bb][vc_column_text css=\u00a0\u00bb.vc_custom_1657196752830{margin-top: -30px !important;}\u00a0\u00bb]Le terme incontinence urinaire d&rsquo;effort (IUE) fait r\u00e9f\u00e9rence \u00e0 la lib\u00e9ration involontaire d&rsquo;urine lors de la toux, des \u00e9ternuements ou d&rsquo;un effort physique. La cause de cette condition est souvent la stabilit\u00e9 r\u00e9duite du tissu conjonctif et une perte de&hellip;<\/p>\n","protected":false},"author":4,"featured_media":6580,"parent":0,"menu_order":0,"comment_status":"closed","ping_status":"closed","template":"","meta":{"footnotes":""},"class_list":["post-6578","page","type-page","status-publish","has-post-thumbnail","hentry"],"_links":{"self":[{"href":"https:\/\/www.juliet-laser.com\/fr\/wp-json\/wp\/v2\/pages\/6578","targetHints":{"allow":["GET"]}}],"collection":[{"href":"https:\/\/www.juliet-laser.com\/fr\/wp-json\/wp\/v2\/pages"}],"about":[{"href":"https:\/\/www.juliet-laser.com\/fr\/wp-json\/wp\/v2\/types\/page"}],"author":[{"embeddable":true,"href":"https:\/\/www.juliet-laser.com\/fr\/wp-json\/wp\/v2\/users\/4"}],"replies":[{"embeddable":true,"href":"https:\/\/www.juliet-laser.com\/fr\/wp-json\/wp\/v2\/comments?post=6578"}],"version-history":[{"count":5,"href":"https:\/\/www.juliet-laser.com\/fr\/wp-json\/wp\/v2\/pages\/6578\/revisions"}],"predecessor-version":[{"id":7723,"href":"https:\/\/www.juliet-laser.com\/fr\/wp-json\/wp\/v2\/pages\/6578\/revisions\/7723"}],"wp:featuredmedia":[{"embeddable":true,"href":"https:\/\/www.juliet-laser.com\/fr\/wp-json\/wp\/v2\/media\/6580"}],"wp:attachment":[{"href":"https:\/\/www.juliet-laser.com\/fr\/wp-json\/wp\/v2\/media?parent=6578"}],"curies":[{"name":"wp","href":"https:\/\/api.w.org\/{rel}","templated":true}]}}