{"id":6545,"date":"2020-12-04T11:40:48","date_gmt":"2020-12-04T11:40:48","guid":{"rendered":"https:\/\/www.juliet-laser.com\/?page_id=6545"},"modified":"2022-07-06T07:46:03","modified_gmt":"2022-07-06T07:46:03","slug":"secheresse-vaginale-brulures-et-demangeaisons","status":"publish","type":"page","link":"https:\/\/www.juliet-laser.com\/fr\/secheresse-vaginale-brulures-et-demangeaisons\/","title":{"rendered":"S\u00e9cheresse vaginale, br\u00fblures et d\u00e9mangeaisons"},"content":{"rendered":"<div class=\"wpb-content-wrapper\"><p>[vc_row hide_bg_image_on_tablet=\u00a0\u00bb\u00a0\u00bb hide_bg_image_on_mobile=\u00a0\u00bb\u00a0\u00bb css=\u00a0\u00bb.vc_custom_1657093544558{margin-top: -70px !important;}\u00a0\u00bb][vc_column width=\u00a0\u00bb1\/6&Prime; hide_bg_image_on_tablet=\u00a0\u00bb\u00a0\u00bb hide_bg_image_on_mobile=\u00a0\u00bb\u00a0\u00bb css=\u00a0\u00bb.vc_custom_1607099703154{margin-top: 30px !important;}\u00a0\u00bb][\/vc_column][vc_column width=\u00a0\u00bb2\/3&Prime; hide_bg_image_on_tablet=\u00a0\u00bb\u00a0\u00bb hide_bg_image_on_mobile=\u00a0\u00bb\u00a0\u00bb css=\u00a0\u00bb.vc_custom_1607099730379{margin-top: 30px !important;}\u00a0\u00bb][vc_column_text css=\u00a0\u00bb.vc_custom_1657093553406{margin-top: -30px !important;margin-bottom: 18px !important;}\u00a0\u00bb]<\/p>\r\n<div class=\"team_member_content entry-content\">\r\n<p>La s\u00e9cheresse vaginale, les br\u00fblures et les d\u00e9mangeaisons peuvent avoir de nombreuses raisons diff\u00e9rentes. Elle peut \u00eatre caus\u00e9e par des changements hormonaux comme la m\u00e9nopause ou apr\u00e8s l&rsquo;accouchement<br \/>et va de pair avec une perte d&rsquo;\u00e9lasticit\u00e9 et de tonus.<\/p>\r\n<p>Ceux-ci sont souvent li\u00e9s \u00e0 l&rsquo;atrophie et semblent \u00eatre des effets secondaires courants de cette affection particuli\u00e8re. Elle affecte la qualit\u00e9 de la vie quotidienne des femmes alors qu&rsquo;elle peut en fait \u00eatre trait\u00e9e avec des th\u00e9rapies sp\u00e9cifiques avec un taux de r\u00e9ussite \u00e9lev\u00e9.<\/p>\r\n<\/div>\r\n<p>[\/vc_column_text][vc_single_image image=\u00a0\u00bb4938&Prime; img_size=\u00a0\u00bbfull\u00a0\u00bb add_caption=\u00a0\u00bbyes\u00a0\u00bb style=\u00a0\u00bbvc_box_rounded\u00a0\u00bb css=\u00a0\u00bb.vc_custom_1623688512901{padding-top: 0px !important;}\u00a0\u00bb][vc_column_text css=\u00a0\u00bb.vc_custom_1647081848484{margin-top: 20px !important;}\u00a0\u00bb]<\/p>\r\n<div class=\"team_member_content entry-content\">\r\n<p>Avec le traitement laser Juliet, les femmes peuvent surmonter leur inconfort en peu de temps. Il est sans hormones et totalement indolore. L&rsquo;objectif du traitement au laser est de renouveler le collag\u00e8ne dans le tissu vaginal. Cela conduit \u00e0 une att\u00e9nuation des sympt\u00f4mes, qui peut \u00eatre observ\u00e9e imm\u00e9diatement apr\u00e8s le premier traitement. La muqueuse interne retrouve \u00e9lasticit\u00e9 et lubrification, gagne en \u00e9paisseur et en douceur ; les d\u00e9mangeaisons et les irritations disparaissent. Cette action continue son effet b\u00e9n\u00e9fique m\u00eame apr\u00e8s la fin du traitement et, pour cette raison, de nombreuses femmes signalent de nouvelles am\u00e9liorations au cours du premier mois post-traitement.<\/p>\r\n<\/div>\r\n<p>\u00a0[\/vc_column_text][\/vc_column][vc_column width=\u00a0\u00bb1\/6&Prime;][\/vc_column][\/vc_row][vc_row][vc_column][vc_separator]<div class=\"sc_layouts sc_layouts_default sc_layouts_5951\">[vc_row full_width=\"stretch_row\" hide_bg_image_on_tablet=\"\" hide_bg_image_on_mobile=\"\" row_delimiter=\"\" hide_on_desktop=\"\" hide_on_notebook=\"\" hide_on_tablet=\"\" hide_on_mobile=\"\" hide_on_frontpage=\"\"][vc_column width=\"1\/6\" icons_position=\"left\" offset=\"vc_hidden-md\"][\/vc_column][vc_column hide_bg_image_on_tablet=\"\" hide_bg_image_on_mobile=\"\" icons_position=\"left\" offset=\"vc_col-lg-8\"][vc_widget_sidebar sidebar_id=\"custom_widgets_1\"][\/vc_column][vc_column width=\"1\/6\" hide_bg_image_on_tablet=\"\" hide_bg_image_on_mobile=\"\" icons_position=\"left\" offset=\"vc_hidden-md\"][\/vc_column][\/vc_row]<\/div>[vc_separator][\/vc_column][\/vc_row]<\/p><\/div>","protected":false},"excerpt":{"rendered":"<p>[vc_row hide_bg_image_on_tablet=\u00a0\u00bb\u00a0\u00bb hide_bg_image_on_mobile=\u00a0\u00bb\u00a0\u00bb css=\u00a0\u00bb.vc_custom_1657093544558{margin-top: -70px !important;}\u00a0\u00bb][vc_column width=\u00a0\u00bb1\/6&Prime; hide_bg_image_on_tablet=\u00a0\u00bb\u00a0\u00bb hide_bg_image_on_mobile=\u00a0\u00bb\u00a0\u00bb css=\u00a0\u00bb.vc_custom_1607099703154{margin-top: 30px !important;}\u00a0\u00bb][\/vc_column][vc_column width=\u00a0\u00bb2\/3&Prime; hide_bg_image_on_tablet=\u00a0\u00bb\u00a0\u00bb hide_bg_image_on_mobile=\u00a0\u00bb\u00a0\u00bb css=\u00a0\u00bb.vc_custom_1607099730379{margin-top: 30px !important;}\u00a0\u00bb][vc_column_text css=\u00a0\u00bb.vc_custom_1657093553406{margin-top: -30px !important;margin-bottom: 18px !important;}\u00a0\u00bb] La s\u00e9cheresse vaginale, les br\u00fblures et les d\u00e9mangeaisons peuvent avoir de nombreuses raisons diff\u00e9rentes. Elle peut \u00eatre caus\u00e9e par des changements hormonaux comme la m\u00e9nopause ou apr\u00e8s l&rsquo;accouchementet va de pair avec une perte d&rsquo;\u00e9lasticit\u00e9 et de&hellip;<\/p>\n","protected":false},"author":4,"featured_media":6547,"parent":0,"menu_order":0,"comment_status":"closed","ping_status":"closed","template":"","meta":{"footnotes":""},"class_list":["post-6545","page","type-page","status-publish","has-post-thumbnail","hentry"],"_links":{"self":[{"href":"https:\/\/www.juliet-laser.com\/fr\/wp-json\/wp\/v2\/pages\/6545","targetHints":{"allow":["GET"]}}],"collection":[{"href":"https:\/\/www.juliet-laser.com\/fr\/wp-json\/wp\/v2\/pages"}],"about":[{"href":"https:\/\/www.juliet-laser.com\/fr\/wp-json\/wp\/v2\/types\/page"}],"author":[{"embeddable":true,"href":"https:\/\/www.juliet-laser.com\/fr\/wp-json\/wp\/v2\/users\/4"}],"replies":[{"embeddable":true,"href":"https:\/\/www.juliet-laser.com\/fr\/wp-json\/wp\/v2\/comments?post=6545"}],"version-history":[{"count":8,"href":"https:\/\/www.juliet-laser.com\/fr\/wp-json\/wp\/v2\/pages\/6545\/revisions"}],"predecessor-version":[{"id":7713,"href":"https:\/\/www.juliet-laser.com\/fr\/wp-json\/wp\/v2\/pages\/6545\/revisions\/7713"}],"wp:featuredmedia":[{"embeddable":true,"href":"https:\/\/www.juliet-laser.com\/fr\/wp-json\/wp\/v2\/media\/6547"}],"wp:attachment":[{"href":"https:\/\/www.juliet-laser.com\/fr\/wp-json\/wp\/v2\/media?parent=6545"}],"curies":[{"name":"wp","href":"https:\/\/api.w.org\/{rel}","templated":true}]}}