{"id":6489,"date":"2020-12-04T14:01:41","date_gmt":"2020-12-04T14:01:41","guid":{"rendered":"https:\/\/www.juliet-laser.com\/?page_id=6489"},"modified":"2022-07-05T22:41:23","modified_gmt":"2022-07-05T22:41:23","slug":"atrophie-vulvovaginale","status":"publish","type":"page","link":"https:\/\/www.juliet-laser.com\/fr\/atrophie-vulvovaginale\/","title":{"rendered":"Atrophie vulvovaginale"},"content":{"rendered":"<div class=\"wpb-content-wrapper\">[vc_row hide_bg_image_on_tablet=\u00a0\u00bb\u00a0\u00bb hide_bg_image_on_mobile=\u00a0\u00bb\u00a0\u00bb css=\u00a0\u00bb.vc_custom_1655991698137{margin-top: -70px !important;}\u00a0\u00bb][vc_column width=\u00a0\u00bb1\/6&Prime; hide_bg_image_on_tablet=\u00a0\u00bb\u00a0\u00bb hide_bg_image_on_mobile=\u00a0\u00bb\u00a0\u00bb css=\u00a0\u00bb.vc_custom_1607099703154{margin-top: 30px !important;}\u00a0\u00bb][\/vc_column][vc_column width=\u00a0\u00bb2\/3&Prime;][vc_column_text]Les femmes m\u00e9nopaus\u00e9es \u00e9prouvent souvent une vari\u00e9t\u00e9 de sympt\u00f4mes, y compris la s\u00e9cheresse vaginale, les d\u00e9mangeaisons, la douleur pendant les rapports sexuels, la baisse de la libido et l\u2019\u00e9lasticit\u00e9 et la tension vaginale. Cette condition est \u00e9galement d\u00e9crite comme une atrophie vaginale.\r\n\r\nL\u2019atrophie de la peau vaginale est pr\u00e9sente chez 10 \u00e0 40% des femmes post-m\u00e9nopaus\u00e9es et est d\u00e9j\u00e0 le r\u00e9sultat d\u2019une carence en \u0153strog\u00e8nes. La peau vaginale devient fine, s\u00e8che et perd son \u00e9lasticit\u00e9, tandis que son pH augmente.\r\n\r\nLes femmes pr\u00e9sentant une atrophie vaginale non trait\u00e9e souffrent souvent de paresth\u00e9sies vaginales, d&rsquo;une sensation de s\u00e9cheresse, de d\u00e9mangeaisons, de br\u00fblures et m\u00eame de douleurs lors des rapports sexuels. L&rsquo;atrophie vaginale peut \u00eatre un facteur contribuant \u00e0 l&rsquo;incontinence urinaire et, pour de nombreuses femmes, elle entra\u00eene un manque g\u00e9n\u00e9ral de qualit\u00e9 de vie.[\/vc_column_text][\/vc_column][vc_column width=\u00a0\u00bb1\/6&Prime;][\/vc_column][\/vc_row][vc_row][vc_column width=\u00a0\u00bb1\/6&Prime;][\/vc_column][vc_column width=\u00a0\u00bb2\/3&Prime;][vc_single_image image=\u00a0\u00bb2118&Prime; img_size=\u00a0\u00bbfull\u00a0\u00bb style=\u00a0\u00bbvc_box_rounded\u00a0\u00bb css=\u00a0\u00bb.vc_custom_1631636262116{padding-top: 30px !important;}\u00a0\u00bb][vc_column_text]\r\n<p style=\"text-align: center;\"><small>Premenopausal vaginal tissue \/ Postmenopausal vaginal tissue.\u00a0<\/small><\/p>\r\n[\/vc_column_text][vc_column_text css=\u00a0\u00bb.vc_custom_1647021645411{margin-top: 32px !important;}\u00a0\u00bb]Le traitement Juliet est capable de restaurer le m\u00e9tabolisme d&rsquo;origine du tissu conjonctif et d&rsquo;am\u00e9liorer l&rsquo;\u00e9tat de la muqueuse, en stimulant un processus de n\u00e9ocollagen\u00e8se. Cela entra\u00eene une att\u00e9nuation des sympt\u00f4mes qui peut \u00eatre observ\u00e9e imm\u00e9diatement apr\u00e8s le premier traitement. La muqueuse interne retrouve \u00e9lasticit\u00e9 et lubrification, gagne en \u00e9paisseur et en douceur ; les d\u00e9mangeaisons, l&rsquo;irritation et la douleur pendant les rapports sexuels disparaissent. Cette action continue son effet b\u00e9n\u00e9fique m\u00eame apr\u00e8s la fin du traitement et, pour cette raison, de nombreuses femmes signalent de nouvelles am\u00e9liorations au cours du premier mois post-traitement.[\/vc_column_text][\/vc_column][vc_column width=\u00a0\u00bb1\/6&Prime;][\/vc_column][\/vc_row][vc_row][vc_column][vc_separator]<div class=\"sc_layouts sc_layouts_default sc_layouts_5951\">[vc_row full_width=\"stretch_row\" hide_bg_image_on_tablet=\"\" hide_bg_image_on_mobile=\"\" row_delimiter=\"\" hide_on_desktop=\"\" hide_on_notebook=\"\" hide_on_tablet=\"\" hide_on_mobile=\"\" hide_on_frontpage=\"\"][vc_column width=\"1\/6\" icons_position=\"left\" offset=\"vc_hidden-md\"][\/vc_column][vc_column hide_bg_image_on_tablet=\"\" hide_bg_image_on_mobile=\"\" icons_position=\"left\" offset=\"vc_col-lg-8\"][vc_widget_sidebar sidebar_id=\"custom_widgets_1\"][\/vc_column][vc_column width=\"1\/6\" hide_bg_image_on_tablet=\"\" hide_bg_image_on_mobile=\"\" icons_position=\"left\" offset=\"vc_hidden-md\"][\/vc_column][\/vc_row]<\/div>[vc_separator][\/vc_column][\/vc_row][vc_row][vc_column][vc_column_text][\/vc_column_text][\/vc_column][\/vc_row]<!-- \/wp:post-content --><\/div>","protected":false},"excerpt":{"rendered":"<p>[vc_row hide_bg_image_on_tablet=\u00a0\u00bb\u00a0\u00bb hide_bg_image_on_mobile=\u00a0\u00bb\u00a0\u00bb css=\u00a0\u00bb.vc_custom_1655991698137{margin-top: -70px !important;}\u00a0\u00bb][vc_column width=\u00a0\u00bb1\/6&Prime; hide_bg_image_on_tablet=\u00a0\u00bb\u00a0\u00bb hide_bg_image_on_mobile=\u00a0\u00bb\u00a0\u00bb css=\u00a0\u00bb.vc_custom_1607099703154{margin-top: 30px !important;}\u00a0\u00bb][\/vc_column][vc_column width=\u00a0\u00bb2\/3&Prime;][vc_column_text]Les femmes m\u00e9nopaus\u00e9es \u00e9prouvent souvent une vari\u00e9t\u00e9 de sympt\u00f4mes, y compris la s\u00e9cheresse vaginale, les d\u00e9mangeaisons, la douleur pendant les rapports sexuels, la baisse de la libido et l\u2019\u00e9lasticit\u00e9 et la tension vaginale. Cette condition est \u00e9galement d\u00e9crite comme une atrophie vaginale. L\u2019atrophie de la peau vaginale est&hellip;<\/p>\n","protected":false},"author":4,"featured_media":6491,"parent":0,"menu_order":0,"comment_status":"closed","ping_status":"closed","template":"","meta":{"footnotes":""},"class_list":["post-6489","page","type-page","status-publish","has-post-thumbnail","hentry"],"_links":{"self":[{"href":"https:\/\/www.juliet-laser.com\/fr\/wp-json\/wp\/v2\/pages\/6489","targetHints":{"allow":["GET"]}}],"collection":[{"href":"https:\/\/www.juliet-laser.com\/fr\/wp-json\/wp\/v2\/pages"}],"about":[{"href":"https:\/\/www.juliet-laser.com\/fr\/wp-json\/wp\/v2\/types\/page"}],"author":[{"embeddable":true,"href":"https:\/\/www.juliet-laser.com\/fr\/wp-json\/wp\/v2\/users\/4"}],"replies":[{"embeddable":true,"href":"https:\/\/www.juliet-laser.com\/fr\/wp-json\/wp\/v2\/comments?post=6489"}],"version-history":[{"count":8,"href":"https:\/\/www.juliet-laser.com\/fr\/wp-json\/wp\/v2\/pages\/6489\/revisions"}],"predecessor-version":[{"id":7691,"href":"https:\/\/www.juliet-laser.com\/fr\/wp-json\/wp\/v2\/pages\/6489\/revisions\/7691"}],"wp:featuredmedia":[{"embeddable":true,"href":"https:\/\/www.juliet-laser.com\/fr\/wp-json\/wp\/v2\/media\/6491"}],"wp:attachment":[{"href":"https:\/\/www.juliet-laser.com\/fr\/wp-json\/wp\/v2\/media?parent=6489"}],"curies":[{"name":"wp","href":"https:\/\/api.w.org\/{rel}","templated":true}]}}