{"id":6369,"date":"2022-03-09T10:45:09","date_gmt":"2022-03-09T10:45:09","guid":{"rendered":"https:\/\/www.juliet-laser.com\/?page_id=6369"},"modified":"2022-06-28T16:50:49","modified_gmt":"2022-06-28T16:50:49","slug":"son-mode-daction","status":"publish","type":"page","link":"https:\/\/www.juliet-laser.com\/fr\/son-mode-daction\/","title":{"rendered":"Son mode d&rsquo;action"},"content":{"rendered":"<div class=\"wpb-content-wrapper\"><p>[vc_row hide_bg_image_on_tablet=\u00a0\u00bb\u00a0\u00bb hide_bg_image_on_mobile=\u00a0\u00bb\u00a0\u00bb css=\u00a0\u00bb.vc_custom_1639908249430{margin-top: -70px !important;}\u00a0\u00bb][vc_column]<div class=\"sc_layouts sc_layouts_default sc_layouts_5979\">[vc_row full_width=\"stretch_row\"][vc_column icons_position=\"left\"]<div id=\"sc_title_1640030230\"\n\t\tclass=\"sc_title color_style_default sc_title_default\"><h6 class=\"sc_item_subtitle sc_title_subtitle sc_align_center sc_item_title_style_default\">Un traitement laser mini-invasif<\/h6><h4 class=\"sc_item_title sc_title_title sc_align_center sc_item_title_style_default sc_item_title_tag\">POUR LA PRODUCTION DE NOUVEAU COLLAG\u00c8NE<\/h4><\/div><!-- \/.sc_title -->[vc_empty_space height=\"86px\" alter_height=\"none\" hide_on_desktop=\"\" hide_on_notebook=\"\" hide_on_tablet=\"1\" hide_on_mobile=\"1\"][vc_empty_space height=\"60px\" alter_height=\"none\" hide_on_desktop=\"1\" hide_on_notebook=\"1\" hide_on_tablet=\"\" hide_on_mobile=\"1\"][vc_empty_space height=\"30px\" alter_height=\"none\" hide_on_desktop=\"1\" hide_on_notebook=\"1\" hide_on_tablet=\"1\" hide_on_mobile=\"\"][\/vc_column][\/vc_row][vc_row full_width=\"stretch_row\" equal_height=\"yes\" content_placement=\"top\"][vc_column width=\"5\/6\" hide_bg_image_on_tablet=\"\" hide_bg_image_on_mobile=\"\" icons_position=\"left\" css=\".vc_custom_1511534454443{padding-right: 0px !important;padding-left: 0px !important;}\"]<div id=\"sc_content_1719870635\"\n\t\tclass=\"sc_content color_style_default sc_content_default sc_float_center sc_shift_y_tiny_negative\"><div class=\"sc_content_container\">[vc_single_image image=\"4773\" img_size=\"full\" alignment=\"right\"]<\/div><\/div><!-- \/.sc_content -->[\/vc_column][vc_column width=\"1\/6\" hide_bg_image_on_tablet=\"\" hide_bg_image_on_mobile=\"\" icons_position=\"left\" css=\".vc_custom_1511533781050{background-color: #ffffff !important;}\"][\/vc_column][\/vc_row][vc_row full_width=\"stretch_row\" equal_height=\"yes\" content_placement=\"top\"][vc_column width=\"1\/6\" hide_bg_image_on_tablet=\"\" hide_bg_image_on_mobile=\"\" icons_position=\"left\"][\/vc_column][vc_column width=\"5\/6\" fix_column=\"\" shift_y=\"tiny_negative\" hide_bg_image_on_tablet=\"\" hide_bg_image_on_mobile=\"\" icons_position=\"left\" css=\".vc_custom_1515147927089{background-color: #ffffff !important;}\"][vc_empty_space height=\"31px\" alter_height=\"none\" hide_on_desktop=\"1\" hide_on_notebook=\"1\" hide_on_tablet=\"\" hide_on_mobile=\"\"][vc_row_inner hide_bg_image_on_tablet=\"\" hide_bg_image_on_mobile=\"\" row_delimiter=\"\" css=\".vc_custom_1562687721621{padding-top: 50px !important;padding-right: 15px !important;padding-left: 15px !important;}\"][vc_column_inner width=\"1\/12\" hide_bg_image_on_tablet=\"\" hide_bg_image_on_mobile=\"\" icons_position=\"left\" css=\".vc_custom_1512737066095{padding-right: 15px !important;padding-left: 15px !important;}\"][\/vc_column_inner][vc_column_inner width=\"5\/12\" icons_position=\"left\"][vc_column_text]Le traitement au laser Juliet am\u00e9liore la sant\u00e9 gyn\u00e9cologique des femmes gr\u00e2ce \u00e0 un traitement minimalement invasif dont le but est la stimulation de la nouvelle production de collag\u00e8ne et d'\u00e9lastine, ainsi qu'une meilleure vascularisation de la muqueuse vaginale. La proc\u00e9dure est rapide, s\u00fbre et indolore, prend moins de 15 minutes et peut \u00eatre r\u00e9alis\u00e9e sans anesth\u00e9sie.\r\n\r\n<strong>Comment \u00e7a se passe ?<\/strong>\r\n\u00c0 l'instar de la proc\u00e9dure utilis\u00e9e pour le rajeunissement du visage, le traitement au laser Juliet utilise l'\u00e9nergie lumineuse pour fournir en douceur de l'\u00e9nergie aux tissus et les stimuler pour produire du nouveau collag\u00e8ne. Cela conduit \u00e0 une am\u00e9lioration de l'\u00e9tat de la muqueuse vaginale et du tonus du tissu conjonctif du plancher pelvien, qui s'en trouve renforc\u00e9. La doublure int\u00e9rieure redevient \u00e9lastique et humide et pr\u00e9sente une \u00e9paisseur et une douceur am\u00e9lior\u00e9es.[\/vc_column_text][\/vc_column_inner][vc_column_inner width=\"5\/12\" icons_position=\"left\"][vc_column_text]Cela aide \u00e0 fournir un meilleur soutien aux tissus internes et aux parois vaginales. La paroi du vagin est compos\u00e9e de <strong>quatre couches diff\u00e9rentes<\/strong>:\r\n\r\n\u2022 <strong>\u00c9pith\u00e9lium<\/strong> - Rev\u00eatement interne du tissu \u00e9pith\u00e9lial compos\u00e9 de cellules \u00e9pith\u00e9liales squameuses\r\n\r\n\u2022 <strong>Lamina propria <\/strong>-<strong> Tissu conjonctif qui soutient la muqueuse et la relie \u00e0 la musculeuse<\/strong>\r\n\r\n\u2022 <strong>Muscularis<\/strong> - Tissu musculaire\r\n\r\n\u2022 <strong>Adventice<\/strong> - Le tissu conjonctif entrelac\u00e9 de fibres \u00e9lastiques relie le vagin aux organes environnants\r\n\r\nL'objectif du traitement au laser est d'atteindre la lamina propria, qui est \u00e9lastique et riche en collag\u00e8ne.[\/vc_column_text][\/vc_column_inner][vc_column_inner width=\"1\/12\" icons_position=\"left\"][\/vc_column_inner][\/vc_row_inner][vc_empty_space height=\"18px\" hide_on_desktop=\"\" hide_on_notebook=\"\" hide_on_tablet=\"\" hide_on_mobile=\"\"][\/vc_column][\/vc_row][vc_row full_width=\"stretch_row\" equal_height=\"yes\" content_placement=\"top\" hide_bg_image_on_tablet=\"\" hide_bg_image_on_mobile=\"\" row_delimiter=\"\" hide_on_desktop=\"\" hide_on_notebook=\"\" hide_on_tablet=\"\" hide_on_mobile=\"\" hide_on_frontpage=\"\" css=\".vc_custom_1623250642074{margin-top: 32px !important;}\"][vc_column width=\"5\/6\" hide_bg_image_on_tablet=\"\" hide_bg_image_on_mobile=\"\" icons_position=\"left\" css=\".vc_custom_1511534454443{padding-right: 0px !important;padding-left: 0px !important;}\"]<div id=\"sc_content_519885373\"\n\t\tclass=\"sc_content color_style_default sc_content_default sc_float_center sc_shift_y_tiny_negative\"><div class=\"sc_content_container\">[vc_single_image image=\"5937\" img_size=\"full\" alignment=\"right\"]<\/div><\/div><!-- \/.sc_content -->[\/vc_column][vc_column width=\"1\/6\" hide_bg_image_on_tablet=\"\" hide_bg_image_on_mobile=\"\" icons_position=\"left\" css=\".vc_custom_1511533781050{background-color: #ffffff !important;}\"][\/vc_column][\/vc_row][vc_row full_width=\"stretch_row\" equal_height=\"yes\" content_placement=\"top\"][vc_column width=\"1\/6\" hide_bg_image_on_tablet=\"\" hide_bg_image_on_mobile=\"\" icons_position=\"left\"][\/vc_column][vc_column width=\"5\/6\" fix_column=\"\" shift_y=\"tiny_negative\" hide_bg_image_on_tablet=\"\" hide_bg_image_on_mobile=\"\" icons_position=\"left\" css=\".vc_custom_1515147927089{background-color: #ffffff !important;}\"][vc_empty_space height=\"31px\" alter_height=\"none\" hide_on_desktop=\"1\" hide_on_notebook=\"1\" hide_on_tablet=\"\" hide_on_mobile=\"\"][vc_row_inner hide_bg_image_on_tablet=\"\" hide_bg_image_on_mobile=\"\" row_delimiter=\"\" css=\".vc_custom_1562687721621{padding-top: 50px !important;padding-right: 15px !important;padding-left: 15px !important;}\"][vc_column_inner width=\"1\/12\" hide_bg_image_on_tablet=\"\" hide_bg_image_on_mobile=\"\" icons_position=\"left\" css=\".vc_custom_1512737066095{padding-right: 15px !important;padding-left: 15px !important;}\"][\/vc_column_inner][vc_column_inner width=\"5\/12\" icons_position=\"left\"][vc_column_text]La proc\u00e9dure est tr\u00e8s simple, mais tr\u00e8s pr\u00e9cise. Le m\u00e9decin introduit la pi\u00e8ce \u00e0 main et traite la zone en activant le faisceau laser et en faisant tourner la pi\u00e8ce \u00e0 main jusqu'\u00e0 ce qu'une rotation de 360\u00b0 soit termin\u00e9e. Ensuite, la pi\u00e8ce \u00e0 main est retir\u00e9e de 1 cm et la zone suivante est trait\u00e9e L'ensemble de la proc\u00e9dure prend moins de 15 minutes, n'est pas douloureux et n'implique aucune coupure ou intervention chirurgicale.[\/vc_column_text][\/vc_column_inner][vc_column_inner width=\"5\/12\" icons_position=\"left\"][vc_column_text]L'objectif du traitement au laser est d'atteindre la lamina propria, qui est \u00e9lastique et riche en collag\u00e8ne qui peut \u00eatre stimul\u00e9e \u00ab s\u00e9lectivement \u00bb, c'est-\u00e0-dire sans endommager les tissus environnants. Le faisceau laser divis\u00e9 en plusieurs centaines de rayons partiels p\u00e9n\u00e8tre doucement dans les tissus et d\u00e9clenche le renouvellement de la peau et la formation de collag\u00e8ne avec une cicatrisation rapide des plaies.[\/vc_column_text][\/vc_column_inner][vc_column_inner width=\"1\/12\" icons_position=\"left\"][\/vc_column_inner][\/vc_row_inner][vc_empty_space height=\"18px\" hide_on_desktop=\"\" hide_on_notebook=\"\" hide_on_tablet=\"\" hide_on_mobile=\"\"][vc_empty_space height=\"18px\" hide_on_desktop=\"\" hide_on_notebook=\"\" hide_on_tablet=\"\" hide_on_mobile=\"\"][vc_video link=\"https:\/\/www.youtube.com\/watch?v=kmVo-IODYnM\" el_width=\"60\" align=\"center\"][vc_empty_space height=\"50px\" alter_height=\"none\" hide_on_desktop=\"\" hide_on_notebook=\"\" hide_on_tablet=\"\" hide_on_mobile=\"\"]<div class=\"sc_item_button sc_button_wrap sc_align_center\"><a href=\"https:\/\/www.juliet-laser.com\/wp-content\/uploads\/2022\/03\/Pat.flyer-Juliet-2018-EN.pdf\" id=\"sc_button_1339860745\" class=\"sc_button color_style_default sc_button_default sc_button_size_normal sc_button_icon_left\" target=\"_blank\"><span class=\"sc_button_text\"><span class=\"sc_button_title\">T\u00e9l\u00e9charger le d\u00e9pliant d&#039;information du patient<\/span><\/span><!-- \/.sc_button_text --><\/a><!-- \/.sc_button --><\/div><!-- \/.sc_item_button -->[vc_empty_space alter_height=\"none\" hide_on_desktop=\"\" hide_on_notebook=\"\" hide_on_tablet=\"\" hide_on_mobile=\"\"][\/vc_column][\/vc_row]<\/div>[\/vc_column][\/vc_row]<\/p>\n<\/div>","protected":false},"excerpt":{"rendered":"<p>[vc_row hide_bg_image_on_tablet=\u00a0\u00bb\u00a0\u00bb hide_bg_image_on_mobile=\u00a0\u00bb\u00a0\u00bb css=\u00a0\u00bb.vc_custom_1639908249430{margin-top: -70px !important;}\u00a0\u00bb][vc_column][\/vc_column][\/vc_row]<\/p>\n","protected":false},"author":4,"featured_media":0,"parent":0,"menu_order":0,"comment_status":"closed","ping_status":"closed","template":"","meta":{"footnotes":""},"class_list":["post-6369","page","type-page","status-publish","hentry"],"_links":{"self":[{"href":"https:\/\/www.juliet-laser.com\/fr\/wp-json\/wp\/v2\/pages\/6369","targetHints":{"allow":["GET"]}}],"collection":[{"href":"https:\/\/www.juliet-laser.com\/fr\/wp-json\/wp\/v2\/pages"}],"about":[{"href":"https:\/\/www.juliet-laser.com\/fr\/wp-json\/wp\/v2\/types\/page"}],"author":[{"embeddable":true,"href":"https:\/\/www.juliet-laser.com\/fr\/wp-json\/wp\/v2\/users\/4"}],"replies":[{"embeddable":true,"href":"https:\/\/www.juliet-laser.com\/fr\/wp-json\/wp\/v2\/comments?post=6369"}],"version-history":[{"count":5,"href":"https:\/\/www.juliet-laser.com\/fr\/wp-json\/wp\/v2\/pages\/6369\/revisions"}],"predecessor-version":[{"id":7641,"href":"https:\/\/www.juliet-laser.com\/fr\/wp-json\/wp\/v2\/pages\/6369\/revisions\/7641"}],"wp:attachment":[{"href":"https:\/\/www.juliet-laser.com\/fr\/wp-json\/wp\/v2\/media?parent=6369"}],"curies":[{"name":"wp","href":"https:\/\/api.w.org\/{rel}","templated":true}]}}