{"id":6306,"date":"2017-08-17T13:59:39","date_gmt":"2017-08-17T13:59:39","guid":{"rendered":"https:\/\/www.juliet-laser.com\/?page_id=6306"},"modified":"2022-03-16T11:25:59","modified_gmt":"2022-03-16T11:25:59","slug":"la-technologie-laser","status":"publish","type":"page","link":"https:\/\/www.juliet-laser.com\/fr\/la-technologie-laser\/","title":{"rendered":"La technologie laser"},"content":{"rendered":"<div class=\"wpb-content-wrapper\"><p>[vc_row hide_bg_image_on_tablet=\u00a0\u00bb\u00a0\u00bb hide_bg_image_on_mobile=\u00a0\u00bb\u00a0\u00bb css=\u00a0\u00bb.vc_custom_1639908206189{margin-top: -70px !important;}\u00a0\u00bb][vc_column width=\u00a0\u00bb2\/12&Prime;][\/vc_column][vc_column width=\u00a0\u00bb8\/12&Prime;]<div class=\"sc_layouts sc_layouts_default sc_layouts_5990\">[vc_row full_width=\"stretch_row\"][vc_column icons_position=\"left\"]<div id=\"sc_title_99594300\"\n\t\tclass=\"sc_title color_style_default sc_title_default\"><h6 class=\"sc_item_subtitle sc_title_subtitle sc_align_center sc_item_title_style_default\">Bas\u00e9 sur le tout nouveau Asclepion<\/h6><h4 class=\"sc_item_title sc_title_title sc_align_center sc_item_title_style_default sc_item_title_tag\">TECHNOLOGIE DERMABLATE\u00ae<\/h4><\/div><!-- \/.sc_title -->[vc_empty_space height=\"86px\" alter_height=\"none\" hide_on_desktop=\"\" hide_on_notebook=\"\" hide_on_tablet=\"1\" hide_on_mobile=\"1\"][vc_empty_space height=\"60px\" alter_height=\"none\" hide_on_desktop=\"1\" hide_on_notebook=\"1\" hide_on_tablet=\"\" hide_on_mobile=\"1\"][vc_empty_space height=\"30px\" alter_height=\"none\" hide_on_desktop=\"1\" hide_on_notebook=\"1\" hide_on_tablet=\"1\" hide_on_mobile=\"\"][\/vc_column][\/vc_row][vc_row full_width=\"stretch_row\" equal_height=\"yes\" content_placement=\"top\"][vc_column width=\"5\/6\" hide_bg_image_on_tablet=\"\" hide_bg_image_on_mobile=\"\" icons_position=\"left\" css=\".vc_custom_1511534454443{padding-right: 0px !important;padding-left: 0px !important;}\"]<div id=\"sc_content_1723715254\"\n\t\tclass=\"sc_content color_style_default sc_content_default sc_float_center sc_shift_y_tiny_negative\"><div class=\"sc_content_container\">[vc_single_image image=\"4694\" img_size=\"full\" alignment=\"right\"]<\/div><\/div><!-- \/.sc_content -->[\/vc_column][vc_column width=\"1\/6\" hide_bg_image_on_tablet=\"\" hide_bg_image_on_mobile=\"\" icons_position=\"left\" css=\".vc_custom_1511533781050{background-color: #ffffff !important;}\"][\/vc_column][\/vc_row][vc_row full_width=\"stretch_row\" equal_height=\"yes\" content_placement=\"top\"][vc_column width=\"1\/6\" hide_bg_image_on_tablet=\"\" hide_bg_image_on_mobile=\"\" icons_position=\"left\"][\/vc_column][vc_column width=\"5\/6\" fix_column=\"\" shift_y=\"tiny_negative\" hide_bg_image_on_tablet=\"\" hide_bg_image_on_mobile=\"\" icons_position=\"left\" css=\".vc_custom_1515147927089{background-color: #ffffff !important;}\"][vc_empty_space height=\"31px\" alter_height=\"none\" hide_on_desktop=\"1\" hide_on_notebook=\"1\" hide_on_tablet=\"\" hide_on_mobile=\"\"][vc_row_inner hide_bg_image_on_tablet=\"\" hide_bg_image_on_mobile=\"\" row_delimiter=\"\" css=\".vc_custom_1562687721621{padding-top: 50px !important;padding-right: 15px !important;padding-left: 15px !important;}\"][vc_column_inner width=\"1\/12\" hide_bg_image_on_tablet=\"\" hide_bg_image_on_mobile=\"\" icons_position=\"left\" css=\".vc_custom_1512737066095{padding-right: 15px !important;padding-left: 15px !important;}\"][\/vc_column_inner][vc_column_inner width=\"5\/12\" icons_position=\"left\"][vc_column_text]<strong>\u00c0 propos du laser Dermablate\u00ae<\/strong>\r\n\r\nLe traitement laser Juliet est r\u00e9alis\u00e9 \u00e0 l'aide d'un laser Erbium:YAG - le Dermablate\u00ae d'Asclepion. Il s'agit de la derni\u00e8re innovation produit de la gamme laser erbium, sortie en 2021, et gr\u00e2ce \u00e0 ses caract\u00e9ristiques techniques uniques, il repr\u00e9sente la meilleure option pour les traitements vaginaux, sans risque d'effets secondaires et avec un temps d'arr\u00eat minimal.\r\n\r\nLe laser erbium d'Asclepion est le laser le plus vendu au monde dans le domaine de la m\u00e9decine esth\u00e9tique. C'est le syst\u00e8me le plus efficace et le plus moderne du march\u00e9 actuel. \u00c0 l'instar de la proc\u00e9dure utilis\u00e9e pour le rajeunissement du visage, le traitement au laser Juliet utilise l'\u00e9nergie lumineuse pour fournir en douceur de l'\u00e9nergie aux tissus et les stimuler pour produire du nouveau collag\u00e8ne.[\/vc_column_text][\/vc_column_inner][vc_column_inner width=\"5\/12\" icons_position=\"left\"][vc_column_text]<strong>Les avantages du syst\u00e8me laser Dermablate\u00ae d'Asclepion<\/strong>\r\n\r\nIl est tr\u00e8s efficace, pr\u00e9cis et s\u00fbr gr\u00e2ce \u00e0 sa technologie unique bas\u00e9e sur la longueur d\u2019onde Er:YAG, qui est fortement absorb\u00e9e par l\u2019eau dans le tissu, fournissant un traitement tr\u00e8s s\u00e9lectif, sans aucune affection ind\u00e9sirable du tissu environnant. Par cons\u00e9quent, la proc\u00e9dure est sans douleur et le patient n\u2019a pas besoin d\u2019anesth\u00e9sie pendant le traitement, qui ne prend que quelques minutes. La longueur d\u2019impulsion r\u00e9glable pr\u00e9voit en outre une proc\u00e9dure de traitement unique, qui combine les avantages de l\u2019ablation \u00e0 froid avec un effet thermique contr\u00f4l\u00e9 sur le tissu, pour une meilleure stimulation de la production de collag\u00e8ne et de la n\u00e9ovascolarisation.[\/vc_column_text][\/vc_column_inner][vc_column_inner width=\"1\/12\" icons_position=\"left\"][\/vc_column_inner][\/vc_row_inner][vc_empty_space height=\"18px\" hide_on_desktop=\"\" hide_on_notebook=\"\" hide_on_tablet=\"\" hide_on_mobile=\"\"][\/vc_column][\/vc_row][vc_row full_width=\"stretch_row\" equal_height=\"yes\" content_placement=\"top\" hide_bg_image_on_tablet=\"\" hide_bg_image_on_mobile=\"\" row_delimiter=\"\" hide_on_desktop=\"\" hide_on_notebook=\"\" hide_on_tablet=\"\" hide_on_mobile=\"\" hide_on_frontpage=\"\" css=\".vc_custom_1623250642074{margin-top: 32px !important;}\"][vc_column width=\"5\/6\" hide_bg_image_on_tablet=\"\" hide_bg_image_on_mobile=\"\" icons_position=\"left\" css=\".vc_custom_1511534454443{padding-right: 0px !important;padding-left: 0px !important;}\"]<div id=\"sc_content_1348502473\"\n\t\tclass=\"sc_content color_style_default sc_content_default sc_float_center sc_shift_y_tiny_negative\"><div class=\"sc_content_container\">[vc_single_image image=\"4702\" img_size=\"full\" alignment=\"right\"]<\/div><\/div><!-- \/.sc_content -->[\/vc_column][vc_column width=\"1\/6\" hide_bg_image_on_tablet=\"\" hide_bg_image_on_mobile=\"\" icons_position=\"left\" css=\".vc_custom_1511533781050{background-color: #ffffff !important;}\"][\/vc_column][\/vc_row][vc_row full_width=\"stretch_row\" equal_height=\"yes\" content_placement=\"top\"][vc_column width=\"1\/6\" hide_bg_image_on_tablet=\"\" hide_bg_image_on_mobile=\"\" icons_position=\"left\"][\/vc_column][vc_column width=\"5\/6\" fix_column=\"\" shift_y=\"tiny_negative\" hide_bg_image_on_tablet=\"\" hide_bg_image_on_mobile=\"\" icons_position=\"left\" css=\".vc_custom_1515147927089{background-color: #ffffff !important;}\"][vc_empty_space height=\"31px\" alter_height=\"none\" hide_on_desktop=\"1\" hide_on_notebook=\"1\" hide_on_tablet=\"\" hide_on_mobile=\"\"][vc_row_inner hide_bg_image_on_tablet=\"\" hide_bg_image_on_mobile=\"\" row_delimiter=\"\" css=\".vc_custom_1562687721621{padding-top: 50px !important;padding-right: 15px !important;padding-left: 15px !important;}\"][vc_column_inner width=\"1\/12\" hide_bg_image_on_tablet=\"\" hide_bg_image_on_mobile=\"\" icons_position=\"left\" css=\".vc_custom_1512737066095{padding-right: 15px !important;padding-left: 15px !important;}\"][\/vc_column_inner][vc_column_inner width=\"5\/12\" icons_position=\"left\"][vc_column_text]<strong>Pi\u00e8ce \u00e0 main Steri-Spot \u00e0 usage unique nouvellement con\u00e7ue<\/strong>\r\n\r\nLa pi\u00e8ce \u00e0 main Steri-Spot sp\u00e9cialement con\u00e7ue permet une insertion facile et une utilisation et une manipulation tr\u00e8s intuitives. Elle est livr\u00e9e dans des emballages uniques trait\u00e9s EO et est destin\u00e9e \u00e0 un usage unique, vous garantissant une hygi\u00e8ne maximale. La pi\u00e8ce \u00e0 main Steri-Spot est dot\u00e9e d'une optique MicroSpot brevet\u00e9e avec un spot carr\u00e9 de 9 x 9 mm, compos\u00e9 de 169 MicroSpots. Cette optique permet le traitement s\u00e9lectif de seulement des \u00ab fractions \u00bb du tissu sous forme de grille, rendu possible par la division du faisceau laser en plusieurs centaines de rayons partiels.[\/vc_column_text][\/vc_column_inner][vc_column_inner width=\"5\/12\" icons_position=\"left\"][vc_column_text]TCela d\u00e9clenche le renouvellement de la peau et la formation de collag\u00e8ne avec une cicatrisation rapide des plaies, qui est soutenue par la peau non trait\u00e9e et implique donc un tr\u00e8s faible risque d'effets secondaires.\r\n\r\n<strong>Une technologie pour une prise en charge globale de la sant\u00e9 des femmes<\/strong>\r\n\r\nLe Dermablate\u00ae d'Asclepion peut \u00eatre \u00e9quip\u00e9 de pi\u00e8ces \u00e0 main suppl\u00e9mentaires qui \u00e9largissent la plage de traitement.[\/vc_column_text][\/vc_column_inner][vc_column_inner width=\"1\/12\" icons_position=\"left\"][\/vc_column_inner][\/vc_row_inner][vc_text_separator title=\"La pi\u00e8ce \u00e0 main MicroSpot\" color=\"mulled_wine\" style=\"dotted\" el_width=\"70\" css=\".vc_custom_1646738659268{padding-bottom: -50px !important;}\"][vc_column_text css=\".vc_custom_1646738774531{margin-top: -30px !important;margin-right: 60px !important;margin-left: 60px !important;}\"]La pi\u00e8ce \u00e0 main <strong>MicroSpot<\/strong> est une pi\u00e8ce \u00e0 main fractionn\u00e9e pour le traitement de la peau qui peut \u00eatre utilis\u00e9e pour le traitement de la r\u00e9gion vulvaire. Avec sa taille de spot fractionnaire de 13 x 13 mm et son taux de couverture variable, il permet des traitements complets des affections vulvo-vaginales telles que le lichen scl\u00e9reux.[\/vc_column_text][vc_single_image image=\"4716\" img_size=\"full\" alignment=\"center\" css=\".vc_custom_1623254176246{margin-top: 18px !important;}\"][vc_text_separator title=\"La pi\u00e8ce \u00e0 main VarioSpot\" color=\"mulled_wine\" style=\"dotted\" el_width=\"70\" css=\".vc_custom_1646738848222{padding-bottom: -50px !important;}\"][vc_column_text css=\".vc_custom_1646738812082{margin-top: -30px !important;margin-right: 60px !important;margin-left: 60px !important;}\"]La pi\u00e8ce \u00e0 main <strong>VarioSpot<\/strong> est un outil polyvalent pour les traitements laser gyn\u00e9cologiques. Sa taille de spot variable (1-6 mm) permet divers traitements ablatifs dans la r\u00e9gion de la vulve, tels que l'ablation des condylomes et autres petites l\u00e9sions.[\/vc_column_text][vc_single_image image=\"4723\" img_size=\"full\" alignment=\"center\" css=\".vc_custom_1623254522756{margin-top: 18px !important;}\"][vc_text_separator title=\"La pi\u00e8ce \u00e0 main Fineliner\" color=\"mulled_wine\" style=\"dotted\" el_width=\"70\" css=\".vc_custom_1646738889586{padding-bottom: -50px !important;}\"][vc_column_text css=\".vc_custom_1654086326160{margin-top: -30px !important;margin-right: 60px !important;margin-left: 60px !important;}\"]La pi\u00e8ce \u00e0 main <strong>Fineliner<\/strong> est le choix id\u00e9al pour un travail laser de haute pr\u00e9cision. Il s'agit d'une pi\u00e8ce \u00e0 main ablative avec une taille de spot de 1,5 mm, permettant le traitement de tr\u00e8s petites l\u00e9sions dans la r\u00e9gion de la vulve.[\/vc_column_text][vc_single_image image=\"4730\" img_size=\"full\" alignment=\"center\" css=\".vc_custom_1623254956900{margin-top: 18px !important;}\"][vc_text_separator title=\"La pi\u00e8ce \u00e0 main CUT\" color=\"mulled_wine\" style=\"dotted\" el_width=\"70\" css=\".vc_custom_1646738917738{padding-bottom: -50px !important;}\"][vc_column_text css=\".vc_custom_1654086364717{margin-top: -30px !important;margin-right: 60px !important;margin-left: 60px !important;}\"]Enfin, la pi\u00e8ce \u00e0 main <strong>CUT<\/strong> est une pi\u00e8ce \u00e0 main pr\u00e9cise pour l\u2019ablation cibl\u00e9e des tissus. Le couvercle de protection jetable est emball\u00e9 individuellement et est destin\u00e9 \u00e0 un usage unique, ce qui maintient chaque traitement st\u00e9rile et hygi\u00e9nique. La pi\u00e8ce \u00e0 main CUT simplifie les traitements des zones difficiles d\u2019acc\u00e8s. Il permet une coupe tr\u00e8s pr\u00e9cise et gr\u00e2ce \u00e0 la longueur d\u2019impulsion r\u00e9glable, l\u2019utilisateur obtient la possibilit\u00e9 d\u2019effectuer des ablations ainsi que des vaporisations et des traitements thermiques.[\/vc_column_text][vc_single_image image=\"4737\" img_size=\"full\" alignment=\"center\" css=\".vc_custom_1623255264792{margin-top: 18px !important;}\"][vc_text_separator title=\"\" color=\"mulled_wine\" style=\"dotted\" el_width=\"70\" css=\".vc_custom_1623255931818{padding-bottom: -50px !important;}\"][vc_column_text css=\".vc_custom_1646738945630{margin-right: 60px !important;margin-left: 60px !important;}\"]\r\n<p style=\"text-align: center;\"><em>Cela fait de Juliet l'un des appareils laser les plus complets du march\u00e9 pour la prise en charge compl\u00e8te des inconforts intimes f\u00e9minins.<\/em><\/p>\r\n[\/vc_column_text][vc_empty_space height=\"18px\" hide_on_desktop=\"\" hide_on_notebook=\"\" hide_on_tablet=\"\" hide_on_mobile=\"\"][vc_video link=\"https:\/\/www.youtube.com\/watch?v=4WBix1Dtksg&amp;list=PLcnanKBP7sGN8kuZssIb3oc1jInwxXqpu&amp;index=6\" el_width=\"60\" align=\"center\"][vc_empty_space height=\"50px\" alter_height=\"none\" hide_on_desktop=\"\" hide_on_notebook=\"\" hide_on_tablet=\"\" hide_on_mobile=\"\"]<div class=\"sc_item_button sc_button_wrap sc_align_center\"><a href=\"https:\/\/www.juliet-laser.com\/wp-content\/uploads\/2022\/03\/Brochure_Juliet_2017-08_EN.pdf\" id=\"sc_button_2074054990\" class=\"sc_button color_style_default sc_button_default sc_button_size_normal sc_button_icon_left\" target=\"_blank\"><span class=\"sc_button_text\"><span class=\"sc_button_title\">T\u00e9l\u00e9charger la brochure du produit<\/span><\/span><!-- \/.sc_button_text --><\/a><!-- \/.sc_button --><\/div><!-- \/.sc_item_button -->[vc_empty_space alter_height=\"none\" hide_on_desktop=\"\" hide_on_notebook=\"\" hide_on_tablet=\"\" hide_on_mobile=\"\"][\/vc_column][\/vc_row]<\/div>[\/vc_column][vc_column width=\u00a0\u00bb2\/12&Prime;][\/vc_column][\/vc_row][vc_row full_width=\u00a0\u00bbstretch_row\u00a0\u00bb][vc_column][vc_empty_space height=\u00a0\u00bb96px\u00a0\u00bb alter_height=\u00a0\u00bbnone\u00a0\u00bb hide_on_desktop=\u00a0\u00bb\u00a0\u00bb hide_on_notebook=\u00a0\u00bb1&Prime; hide_on_tablet=\u00a0\u00bb1&Prime; hide_on_mobile=\u00a0\u00bb1&Prime;][vc_empty_space height=\u00a0\u00bb75px\u00a0\u00bb alter_height=\u00a0\u00bbnone\u00a0\u00bb hide_on_desktop=\u00a0\u00bb1&Prime; hide_on_notebook=\u00a0\u00bb\u00a0\u00bb hide_on_tablet=\u00a0\u00bb1&Prime; hide_on_mobile=\u00a0\u00bb1&Prime;][\/vc_column][\/vc_row]<\/p>\n<\/div>","protected":false},"excerpt":{"rendered":"<p>[vc_row hide_bg_image_on_tablet=\u00a0\u00bb\u00a0\u00bb hide_bg_image_on_mobile=\u00a0\u00bb\u00a0\u00bb css=\u00a0\u00bb.vc_custom_1639908206189{margin-top: -70px !important;}\u00a0\u00bb][vc_column width=\u00a0\u00bb2\/12&Prime;][\/vc_column][vc_column width=\u00a0\u00bb8\/12&Prime;][\/vc_column][vc_column width=\u00a0\u00bb2\/12&Prime;][\/vc_column][\/vc_row][vc_row full_width=\u00a0\u00bbstretch_row\u00a0\u00bb][vc_column][vc_empty_space height=\u00a0\u00bb96px\u00a0\u00bb alter_height=\u00a0\u00bbnone\u00a0\u00bb hide_on_desktop=\u00a0\u00bb\u00a0\u00bb hide_on_notebook=\u00a0\u00bb1&Prime; hide_on_tablet=\u00a0\u00bb1&Prime; hide_on_mobile=\u00a0\u00bb1&Prime;][vc_empty_space height=\u00a0\u00bb75px\u00a0\u00bb alter_height=\u00a0\u00bbnone\u00a0\u00bb hide_on_desktop=\u00a0\u00bb1&Prime; hide_on_notebook=\u00a0\u00bb\u00a0\u00bb hide_on_tablet=\u00a0\u00bb1&Prime; hide_on_mobile=\u00a0\u00bb1&Prime;][\/vc_column][\/vc_row]<\/p>\n","protected":false},"author":1,"featured_media":0,"parent":0,"menu_order":0,"comment_status":"closed","ping_status":"closed","template":"","meta":{"footnotes":""},"class_list":["post-6306","page","type-page","status-publish","hentry"],"_links":{"self":[{"href":"https:\/\/www.juliet-laser.com\/fr\/wp-json\/wp\/v2\/pages\/6306","targetHints":{"allow":["GET"]}}],"collection":[{"href":"https:\/\/www.juliet-laser.com\/fr\/wp-json\/wp\/v2\/pages"}],"about":[{"href":"https:\/\/www.juliet-laser.com\/fr\/wp-json\/wp\/v2\/types\/page"}],"author":[{"embeddable":true,"href":"https:\/\/www.juliet-laser.com\/fr\/wp-json\/wp\/v2\/users\/1"}],"replies":[{"embeddable":true,"href":"https:\/\/www.juliet-laser.com\/fr\/wp-json\/wp\/v2\/comments?post=6306"}],"version-history":[{"count":6,"href":"https:\/\/www.juliet-laser.com\/fr\/wp-json\/wp\/v2\/pages\/6306\/revisions"}],"predecessor-version":[{"id":6908,"href":"https:\/\/www.juliet-laser.com\/fr\/wp-json\/wp\/v2\/pages\/6306\/revisions\/6908"}],"wp:attachment":[{"href":"https:\/\/www.juliet-laser.com\/fr\/wp-json\/wp\/v2\/media?parent=6306"}],"curies":[{"name":"wp","href":"https:\/\/api.w.org\/{rel}","templated":true}]}}