{"id":6220,"date":"2017-08-17T14:00:00","date_gmt":"2017-08-17T14:00:00","guid":{"rendered":"https:\/\/www.juliet-laser.com\/?page_id=6220"},"modified":"2022-03-18T16:01:29","modified_gmt":"2022-03-18T16:01:29","slug":"quest-ce-que-juliet","status":"publish","type":"page","link":"https:\/\/www.juliet-laser.com\/fr\/quest-ce-que-juliet\/","title":{"rendered":"Qu&rsquo;est-ce que Juliet\u00a0?"},"content":{"rendered":"<div class=\"wpb-content-wrapper\"><p>[vc_row full_width=\u00a0\u00bbstretch_row_content\u00a0\u00bb hide_bg_image_on_tablet=\u00a0\u00bb\u00a0\u00bb hide_bg_image_on_mobile=\u00a0\u00bb\u00a0\u00bb css=\u00a0\u00bb.vc_custom_1639908132017{margin-top: -70px !important;}\u00a0\u00bb][vc_column width=\u00a0\u00bb2\/12&Prime;][\/vc_column][vc_column width=\u00a0\u00bb8\/12&Prime;]<div class=\"sc_layouts sc_layouts_default sc_layouts_6226\">[vc_row full_width=\"stretch_row\"][vc_column icons_position=\"left\"]<div id=\"sc_title_1672352575\"\n\t\tclass=\"sc_title color_style_default sc_title_default\"><h6 class=\"sc_item_subtitle sc_title_subtitle sc_align_center sc_item_title_style_default\">Soin Laser Juliet<\/h6><h4 class=\"sc_item_title sc_title_title sc_align_center sc_item_title_style_default sc_item_title_tag\">POUR VOTRE F\u00c9MINIT\u00c9<\/h4><\/div><!-- \/.sc_title -->[vc_empty_space height=\"86px\" alter_height=\"none\" hide_on_desktop=\"\" hide_on_notebook=\"\" hide_on_tablet=\"1\" hide_on_mobile=\"1\"][vc_empty_space height=\"60px\" alter_height=\"none\" hide_on_desktop=\"1\" hide_on_notebook=\"1\" hide_on_tablet=\"\" hide_on_mobile=\"1\"][vc_empty_space height=\"30px\" alter_height=\"none\" hide_on_desktop=\"1\" hide_on_notebook=\"1\" hide_on_tablet=\"1\" hide_on_mobile=\"\"][\/vc_column][\/vc_row][vc_row full_width=\"stretch_row\" equal_height=\"yes\" content_placement=\"top\"][vc_column width=\"5\/6\" hide_bg_image_on_tablet=\"\" hide_bg_image_on_mobile=\"\" icons_position=\"left\" css=\".vc_custom_1511534454443{padding-right: 0px !important;padding-left: 0px !important;}\"]<div id=\"sc_content_1765109909\"\n\t\tclass=\"sc_content color_style_default sc_content_default sc_float_center sc_shift_y_tiny_negative\"><div class=\"sc_content_container\">[vc_single_image image=\"4666\" img_size=\"full\" alignment=\"right\"]<\/div><\/div><!-- \/.sc_content -->[\/vc_column][vc_column width=\"1\/6\" hide_bg_image_on_tablet=\"\" hide_bg_image_on_mobile=\"\" icons_position=\"left\" css=\".vc_custom_1511533781050{background-color: #ffffff !important;}\"][\/vc_column][\/vc_row][vc_row full_width=\"stretch_row\" equal_height=\"yes\" content_placement=\"top\"][vc_column width=\"1\/6\" hide_bg_image_on_tablet=\"\" hide_bg_image_on_mobile=\"\" icons_position=\"left\"][\/vc_column][vc_column width=\"5\/6\" fix_column=\"\" shift_y=\"tiny_negative\" hide_bg_image_on_tablet=\"\" hide_bg_image_on_mobile=\"\" icons_position=\"left\" css=\".vc_custom_1515147927089{background-color: #ffffff !important;}\"][vc_empty_space height=\"55px\" alter_height=\"none\" hide_on_desktop=\"\" hide_on_notebook=\"\" hide_on_tablet=\"1\" hide_on_mobile=\"1\"][vc_empty_space height=\"31px\" alter_height=\"none\" hide_on_desktop=\"1\" hide_on_notebook=\"1\" hide_on_tablet=\"\" hide_on_mobile=\"\"][vc_column_text css=\".vc_custom_1646676241376{padding-left: 20px !important;}\"]\r\n<h5>Juliet est le traitement laser r\u00e9volutionnaire pour la sant\u00e9 intime des femmes<\/h5>\r\n[\/vc_column_text][vc_row_inner hide_bg_image_on_tablet=\"\" hide_bg_image_on_mobile=\"\" row_delimiter=\"\" css=\".vc_custom_1562687721621{padding-top: 50px !important;padding-right: 15px !important;padding-left: 15px !important;}\"][vc_column_inner width=\"1\/12\" hide_bg_image_on_tablet=\"\" hide_bg_image_on_mobile=\"\" icons_position=\"left\" css=\".vc_custom_1512737066095{padding-right: 15px !important;padding-left: 15px !important;}\"][\/vc_column_inner][vc_column_inner width=\"5\/12\" icons_position=\"left\"][vc_column_text]Le traitement au laser Juliet est une proc\u00e9dure sans hormones, rapide, s\u00fbre et indolore pour am\u00e9liorer votre sant\u00e9 gyn\u00e9cologique. Juliet a d\u00e9j\u00e0 chang\u00e9 la vie de milliers de femmes \u00e0 travers le monde entier.\r\n\r\nC\u2019est un traitement doux, sans temps d\u2019arr\u00eat et sans anesth\u00e9sie n\u00e9cessaire. Le laser utilise les effets b\u00e9n\u00e9fiques de la lumi\u00e8re sur la peau et est donc capable de stimuler la muqueuse vaginale pour produire du nouveau collag\u00e8ne.[\/vc_column_text][\/vc_column_inner][vc_column_inner width=\"5\/12\" icons_position=\"left\"][vc_column_text]Les sympt\u00f4mes d\u00e9sagr\u00e9ables tels que les d\u00e9mangeaisons g\u00e9nitales, les irritations, la mauvaise lubrification vaginale, la s\u00e9cheresse vaginale et m\u00eame les douleurs pendant les rapports sexuels (dyspareunie) peuvent aujourd'hui \u00eatre consid\u00e9rablement am\u00e9lior\u00e9s et enfin r\u00e9solus gr\u00e2ce \u00e0 la technologie de pointe Erbium:YAG du traitement laser Juliet d'Asclepion.[\/vc_column_text][\/vc_column_inner][vc_column_inner width=\"1\/12\" icons_position=\"left\"][\/vc_column_inner][\/vc_row_inner][vc_empty_space height=\"18px\" hide_on_desktop=\"\" hide_on_notebook=\"\" hide_on_tablet=\"\" hide_on_mobile=\"\"][vc_single_image image=\"4680\" img_size=\"full\" alignment=\"center\"][\/vc_column][\/vc_row]<\/div>[vc_empty_space height=\u00a0\u00bb45px\u00a0\u00bb alter_height=\u00a0\u00bbnone\u00a0\u00bb hide_on_desktop=\u00a0\u00bb1&Prime; hide_on_notebook=\u00a0\u00bb1&Prime; hide_on_tablet=\u00a0\u00bb1&Prime; hide_on_mobile=\u00a0\u00bb\u00a0\u00bb][\/vc_column][vc_column width=\u00a0\u00bb2\/12&Prime;][\/vc_column][\/vc_row][vc_row hide_bg_image_on_tablet=\u00a0\u00bb\u00a0\u00bb hide_bg_image_on_mobile=\u00a0\u00bb\u00a0\u00bb css=\u00a0\u00bb.vc_custom_1631717323414{margin-top: -32px !important;margin-right: 0px !important;margin-left: 0px !important;}\u00a0\u00bb][vc_column width=\u00a0\u00bb1\/4&Prime;][\/vc_column][vc_column width=\u00a0\u00bb1\/2&Prime;][vc_column_text css_animation=\u00a0\u00bbfadeIn\u00a0\u00bb css=\u00a0\u00bb.vc_custom_1647619088969{margin-top: 44px !important;margin-bottom: -20px !important;}\u00a0\u00bb]<\/p>\n<h4 style=\"text-align: center;\">Plus de 1.000 m\u00e9decins, gyn\u00e9cologues et cliniques dans le monde.<\/h4>\n<p>[\/vc_column_text][vc_separator][\/vc_column][vc_column width=\u00a0\u00bb1\/4&Prime;][\/vc_column][\/vc_row][vc_row content_placement=\u00a0\u00bbmiddle\u00a0\u00bb hide_bg_image_on_tablet=\u00a0\u00bb\u00a0\u00bb hide_bg_image_on_mobile=\u00a0\u00bb\u00a0\u00bb css=\u00a0\u00bb.vc_custom_1640883531779{margin-right: 64px !important;margin-bottom: -32px !important;margin-left: 64px !important;}\u00a0\u00bb][vc_column width=\u00a0\u00bb1\/4&Prime;]<div class=\"sc_item_button sc_button_wrap sc_align_center\"><a href=\"https:\/\/www.juliet-laser.com\/fr\/la-technologie-laser\/\" id=\"sc_button_1317282429\" class=\"sc_button color_style_default sc_button_default sc_button_size_normal sc_button_icon_left\"><span class=\"sc_button_text sc_align_center\"><span class=\"sc_button_title\">LA TECHNOLOGIE LASER<\/span><\/span><!-- \/.sc_button_text --><\/a><!-- \/.sc_button --><\/div><!-- \/.sc_item_button -->[\/vc_column][vc_column width=\u00a0\u00bb1\/4&Prime;]<div class=\"sc_item_button sc_button_wrap sc_align_center\"><a href=\"https:\/\/www.juliet-laser.com\/fr\/son-mode-daction\/\" id=\"sc_button_1755435051\" class=\"sc_button color_style_default sc_button_default sc_button_size_normal sc_button_icon_left\"><span class=\"sc_button_text sc_align_center\"><span class=\"sc_button_title\">SON MODE D\u2019ACTION<\/span><\/span><!-- \/.sc_button_text --><\/a><!-- \/.sc_button --><\/div><!-- \/.sc_item_button -->[\/vc_column][vc_column width=\u00a0\u00bb1\/4&Prime;]<div class=\"sc_item_button sc_button_wrap sc_align_center\"><a href=\"https:\/\/www.juliet-laser.com\/fr\/lavis-des-medecins\/\" id=\"sc_button_1928375477\" class=\"sc_button color_style_default sc_button_default sc_button_size_normal sc_button_icon_left\"><span class=\"sc_button_text sc_align_center\"><span class=\"sc_button_title\">L\u2019AVIS DES M\u00c9DECINS<\/span><\/span><!-- \/.sc_button_text --><\/a><!-- \/.sc_button --><\/div><!-- \/.sc_item_button -->[\/vc_column][vc_column width=\u00a0\u00bb1\/4&Prime;]<div class=\"sc_item_button sc_button_wrap sc_align_center\"><a href=\"https:\/\/www.juliet-laser.com\/fr\/resultats-cliniques\/\" id=\"sc_button_353859437\" class=\"sc_button color_style_default sc_button_default sc_button_size_normal sc_button_icon_left\"><span class=\"sc_button_text sc_align_center\"><span class=\"sc_button_title\">R\u00c9SULTATS CLINIQUES<\/span><\/span><!-- \/.sc_button_text --><\/a><!-- \/.sc_button --><\/div><!-- \/.sc_item_button -->[\/vc_column][\/vc_row][vc_row hide_bg_image_on_tablet=\u00a0\u00bb\u00a0\u00bb hide_bg_image_on_mobile=\u00a0\u00bb\u00a0\u00bb css=\u00a0\u00bb.vc_custom_1631718690795{margin-top: 128px !important;}\u00a0\u00bb][vc_column]<div class=\"sc_layouts sc_layouts_default sc_layouts_6254  vc_custom_1622043017079\">[vc_row][vc_column width=\"1\/12\" icons_position=\"left\" offset=\"vc_hidden-sm vc_hidden-xs\"][\/vc_column][vc_column hide_bg_image_on_tablet=\"\" hide_bg_image_on_mobile=\"\" column_align=\"center\" icons_position=\"left\" offset=\"vc_col-md-10\"]<div  id=\"sc_promo_34866137\" \n\tclass=\"sc_promo color_style_default scheme_default sc_promo_default  vc_custom_1646677689373 sc_promo_size_normal sc_promo_no_paddings sc_promo_image_position_right\"><div class=\"sc_promo_image\" style=\"background-image:url(https:\/\/www.juliet-laser.com\/wp-content\/uploads\/2017\/11\/Juliet-tratment-questions-common-faqs.jpg);width:50%;right: 0;\"><\/div><div class=\"sc_promo_text\" style=\"width: 50%;float: left;\">\n\t\t\t<div class=\"sc_promo_text_inner sc_content_width_50%\" style=\"\"><h3 class=\"sc_item_title sc_promo_title sc_align_center sc_item_title_style_default sc_item_title_tag\">DES QUESTIONS?<\/h3><div class=\"sc_item_descr sc_promo_descr sc_align_center\"><p>Nous avons les r\u00e9ponses !<\/p>\n<\/div><div class=\"sc_promo_content sc_item_content\">\n<div class=\"wpcf7 no-js\" id=\"wpcf7-f7259-o1\" lang=\"en-US\" dir=\"ltr\" data-wpcf7-id=\"7259\">\n<div class=\"screen-reader-response\"><p role=\"status\" aria-live=\"polite\" aria-atomic=\"true\"><\/p> <ul><\/ul><\/div>\n<form action=\"\/fr\/wp-json\/wp\/v2\/pages\/6220#wpcf7-f7259-o1\" method=\"post\" class=\"wpcf7-form init\" aria-label=\"Contact form\" novalidate=\"novalidate\" data-status=\"init\">\n<fieldset class=\"hidden-fields-container\"><input type=\"hidden\" name=\"_wpcf7\" value=\"7259\" \/><input type=\"hidden\" name=\"_wpcf7_version\" value=\"6.1.4\" \/><input type=\"hidden\" name=\"_wpcf7_locale\" value=\"en_US\" \/><input type=\"hidden\" name=\"_wpcf7_unit_tag\" value=\"wpcf7-f7259-o1\" \/><input type=\"hidden\" name=\"_wpcf7_container_post\" value=\"0\" \/><input type=\"hidden\" name=\"_wpcf7_posted_data_hash\" value=\"\" \/><input type=\"hidden\" name=\"_wpcf7_recaptcha_response\" value=\"\" \/>\n<\/fieldset>\n<div class=\"sc_form\">\n\t<div class=\"trx_addons_columns_wrap\">\n\t\t<div class=\"trx_addons_column-1_2\">\n\t\t\t<p><label class=\"sc_form_field\"><br \/>\n<span class=\"wpcf7-form-control-wrap\" data-name=\"first-name\"><input size=\"40\" maxlength=\"400\" class=\"wpcf7-form-control wpcf7-text wpcf7-validates-as-required\" aria-required=\"true\" aria-invalid=\"false\" placeholder=\"Nom et pr\u00e9nom\" value=\"\" type=\"text\" name=\"first-name\" \/><\/span><\/label>\n\t\t\t<\/p>\n\t\t<\/div>\n\t\t<div class=\"trx_addons_column-1_2\">\n\t\t\t<p><label class=\"sc_form_field\"><br \/>\n<span class=\"wpcf7-form-control-wrap\" data-name=\"your-email\"><input size=\"40\" maxlength=\"400\" class=\"wpcf7-form-control wpcf7-email wpcf7-validates-as-required wpcf7-text wpcf7-validates-as-email\" aria-required=\"true\" aria-invalid=\"false\" placeholder=\"Votre e-mail\" value=\"\" type=\"email\" name=\"your-email\" \/><\/span><\/label>\n\t\t\t<\/p>\n\t\t<\/div>\n\t<\/div>\n\t<div class=\"trx_addons_columns_wrap\">\n\t\t<div class=\"trx_addons_column-1_1\">\n\t\t\t<p><label class=\"sc_form_field\"><br \/>\n<span class=\"wpcf7-form-control-wrap\" data-name=\"subject\"><input size=\"40\" maxlength=\"400\" class=\"wpcf7-form-control wpcf7-text wpcf7-validates-as-required\" aria-required=\"true\" aria-invalid=\"false\" placeholder=\"Ville\" value=\"\" type=\"text\" name=\"subject\" \/><\/span><\/label>\n\t\t\t<\/p>\n\t\t<\/div>\n\t<\/div>\n\t<div class=\"trx_addons_columns_wrap\">\n\t\t<div class=\"trx_addons_column-1_1\">\n\t\t\t<p><label class=\"sc_form_field\"><br \/>\n<span class=\"wpcf7-form-control-wrap\" data-name=\"subject\"><input size=\"40\" maxlength=\"400\" class=\"wpcf7-form-control wpcf7-text wpcf7-validates-as-required\" aria-required=\"true\" aria-invalid=\"false\" placeholder=\"L&#039;\u00e9tat\" value=\"\" type=\"text\" name=\"subject\" \/><\/span><\/label>\n\t\t\t<\/p>\n\t\t<\/div>\n\t<\/div>\n\t<div class=\"trx_addons_columns_wrap\">\n\t\t<div class=\"trx_addons_column-1_1\">\n\t\t\t<p><label class=\"sc_form_field\"><br \/>\n<span class=\"wpcf7-form-control-wrap\" data-name=\"message\"><textarea cols=\"40\" rows=\"10\" maxlength=\"2000\" class=\"wpcf7-form-control wpcf7-textarea\" aria-invalid=\"false\" placeholder=\"un message\" name=\"message\"><\/textarea><\/span><\/label>\n\t\t\t<\/p>\n\t\t<\/div>\n\t<\/div>\n\t<p><span class=\"wpcf7-form-control-wrap kc_captcha\" data-name=\"kc_captcha\"><span class=\"wpcf7-form-control wpcf7-radio\"><span class=\"captcha-image\" ><span class=\"cf7ic_instructions\">Please prove you are human by selecting the<span> cup<\/span>.<\/span><label><input aria-label=\"1\" type=\"radio\" name=\"kc_captcha\" value=\"bot\" \/><svg aria-hidden=\"true\" role=\"img\" xmlns=\"http:\/\/www.w3.org\/2000\/svg\" viewBox=\"0 0 576 512\"><path fill=\"currentColor\" d=\"M415 24c-53 0-103 42-127 65-24-23-74-65-127-65C70 24 16 77 16 166c0 72 67 133 69 135l187 181c9 8 23 8 32 0l187-180c2-3 69-64 69-136 0-89-54-142-145-142z\"\/><\/svg><\/label><label><input aria-label=\"2\" type=\"radio\" name=\"kc_captcha\" value=\"kc_human\" \/><svg aria-hidden=\"true\" role=\"img\" xmlns=\"http:\/\/www.w3.org\/2000\/svg\" viewBox=\"0 0 640 512\"><path fill=\"currentColor\" d=\"M192 384h192c53 0 96-43 96-96h32a128 128 0 000-256H120c-13 0-24 11-24 24v232c0 53 43 96 96 96zM512 96a64 64 0 010 128h-32V96h32zm48 384H48c-47 0-61-64-36-64h584c25 0 11 64-36 64z\"\/><\/svg><\/label><label><input aria-label=\"3\" type=\"radio\" name=\"kc_captcha\" value=\"bot\" \/><svg aria-hidden=\"true\" role=\"img\" xmlns=\"http:\/\/www.w3.org\/2000\/svg\" viewBox=\"0 0 512 512\"><path fill=\"currentColor\" d=\"M512 176a176 176 0 01-209 173l-24 27a24 24 0 01-18 8h-37v40c0 13-11 24-24 24h-40v40c0 13-11 24-24 24H24c-13 0-24-11-24-24v-78c0-6 3-13 7-17l162-162a176 176 0 11343-55zm-176-48a48 48 0 1096 0 48 48 0 00-96 0z\"\/><\/svg><\/label>\r\n    <\/span>\r\n    <span style=\"display:none\">\r\n        <input type=\"text\" name=\"kc_honeypot\">\r\n    <\/span><\/span><\/span>\n\t<\/p>\n\t<div>\n\t\t<p><span class=\"wpcf7-form-control-wrap\" data-name=\"acceptance-413\"><span class=\"wpcf7-form-control wpcf7-acceptance\"><span class=\"wpcf7-list-item\"><label><input type=\"checkbox\" name=\"acceptance-413\" value=\"1\" aria-invalid=\"false\" \/><span class=\"wpcf7-list-item-label\"><a href=\"https:\/\/www.juliet-laser.com\/fr\/politique-de-confidentialite\/\" target=\"_blank\"><strong>Politique de confidentialit\u00e9.<\/strong><\/a> Accepter d'envoyer le message.<\/span><\/label><\/span><\/span><\/span>\n\t\t<\/p>\n\t<\/div>\n\t<div class=\"\">\n\t\t<p><input class=\"wpcf7-form-control wpcf7-submit has-spinner\" type=\"submit\" value=\"Envoyez le message\" \/>\n\t\t<\/p>\n\t<\/div>\n<\/div><div class=\"wpcf7-response-output\" aria-hidden=\"true\"><\/div>\n<\/form>\n<\/div>\n<\/div><\/div>\n\t\t<\/div><!-- \/.sc_promo_text --><\/div><!-- \/.sc_promo -->[\/vc_column][vc_column width=\"1\/12\" icons_position=\"left\" offset=\"vc_hidden-sm vc_hidden-xs\"][\/vc_column][\/vc_row]<\/div>[\/vc_column][\/vc_row][vc_row][vc_column][vc_empty_space height=\u00a0\u00bb128px\u00a0\u00bb hide_on_desktop=\u00a0\u00bb\u00a0\u00bb hide_on_notebook=\u00a0\u00bb\u00a0\u00bb hide_on_tablet=\u00a0\u00bb\u00a0\u00bb hide_on_mobile=\u00a0\u00bb\u00a0\u00bb][\/vc_column][\/vc_row][vc_section full_width=\u00a0\u00bbstretch_row\u00a0\u00bb][\/vc_section]<\/p>\n<\/div>","protected":false},"excerpt":{"rendered":"<p>[vc_row full_width=\u00a0\u00bbstretch_row_content\u00a0\u00bb hide_bg_image_on_tablet=\u00a0\u00bb\u00a0\u00bb hide_bg_image_on_mobile=\u00a0\u00bb\u00a0\u00bb css=\u00a0\u00bb.vc_custom_1639908132017{margin-top: -70px !important;}\u00a0\u00bb][vc_column width=\u00a0\u00bb2\/12&Prime;][\/vc_column][vc_column width=\u00a0\u00bb8\/12&Prime;][vc_empty_space height=\u00a0\u00bb45px\u00a0\u00bb alter_height=\u00a0\u00bbnone\u00a0\u00bb hide_on_desktop=\u00a0\u00bb1&Prime; hide_on_notebook=\u00a0\u00bb1&Prime; hide_on_tablet=\u00a0\u00bb1&Prime; hide_on_mobile=\u00a0\u00bb\u00a0\u00bb][\/vc_column][vc_column width=\u00a0\u00bb2\/12&Prime;][\/vc_column][\/vc_row][vc_row hide_bg_image_on_tablet=\u00a0\u00bb\u00a0\u00bb hide_bg_image_on_mobile=\u00a0\u00bb\u00a0\u00bb css=\u00a0\u00bb.vc_custom_1631717323414{margin-top: -32px !important;margin-right: 0px !important;margin-left: 0px !important;}\u00a0\u00bb][vc_column width=\u00a0\u00bb1\/4&Prime;][\/vc_column][vc_column width=\u00a0\u00bb1\/2&Prime;][vc_column_text css_animation=\u00a0\u00bbfadeIn\u00a0\u00bb css=\u00a0\u00bb.vc_custom_1647619088969{margin-top: 44px !important;margin-bottom: -20px !important;}\u00a0\u00bb] Plus de 1.000 m\u00e9decins, gyn\u00e9cologues et cliniques dans le monde. [\/vc_column_text][vc_separator][\/vc_column][vc_column width=\u00a0\u00bb1\/4&Prime;][\/vc_column][\/vc_row][vc_row content_placement=\u00a0\u00bbmiddle\u00a0\u00bb hide_bg_image_on_tablet=\u00a0\u00bb\u00a0\u00bb hide_bg_image_on_mobile=\u00a0\u00bb\u00a0\u00bb css=\u00a0\u00bb.vc_custom_1640883531779{margin-right: 64px !important;margin-bottom: -32px !important;margin-left: 64px !important;}\u00a0\u00bb][vc_column width=\u00a0\u00bb1\/4&Prime;][\/vc_column][vc_column width=\u00a0\u00bb1\/4&Prime;][\/vc_column][vc_column width=\u00a0\u00bb1\/4&Prime;][\/vc_column][vc_column width=\u00a0\u00bb1\/4&Prime;][\/vc_column][\/vc_row][vc_row hide_bg_image_on_tablet=\u00a0\u00bb\u00a0\u00bb&hellip;<\/p>\n","protected":false},"author":1,"featured_media":0,"parent":0,"menu_order":0,"comment_status":"closed","ping_status":"closed","template":"","meta":{"footnotes":""},"class_list":["post-6220","page","type-page","status-publish","hentry"],"_links":{"self":[{"href":"https:\/\/www.juliet-laser.com\/fr\/wp-json\/wp\/v2\/pages\/6220","targetHints":{"allow":["GET"]}}],"collection":[{"href":"https:\/\/www.juliet-laser.com\/fr\/wp-json\/wp\/v2\/pages"}],"about":[{"href":"https:\/\/www.juliet-laser.com\/fr\/wp-json\/wp\/v2\/types\/page"}],"author":[{"embeddable":true,"href":"https:\/\/www.juliet-laser.com\/fr\/wp-json\/wp\/v2\/users\/1"}],"replies":[{"embeddable":true,"href":"https:\/\/www.juliet-laser.com\/fr\/wp-json\/wp\/v2\/comments?post=6220"}],"version-history":[{"count":10,"href":"https:\/\/www.juliet-laser.com\/fr\/wp-json\/wp\/v2\/pages\/6220\/revisions"}],"predecessor-version":[{"id":7227,"href":"https:\/\/www.juliet-laser.com\/fr\/wp-json\/wp\/v2\/pages\/6220\/revisions\/7227"}],"wp:attachment":[{"href":"https:\/\/www.juliet-laser.com\/fr\/wp-json\/wp\/v2\/media?parent=6220"}],"curies":[{"name":"wp","href":"https:\/\/api.w.org\/{rel}","templated":true}]}}