{"id":6177,"date":"2017-08-17T14:01:20","date_gmt":"2017-08-17T14:01:20","guid":{"rendered":"https:\/\/www.juliet-laser.com\/treatments\/"},"modified":"2022-07-05T22:07:21","modified_gmt":"2022-07-05T22:07:21","slug":"traitements","status":"publish","type":"page","link":"https:\/\/www.juliet-laser.com\/fr\/traitements\/","title":{"rendered":"Traitements"},"content":{"rendered":"<div class=\"wpb-content-wrapper\"><p>[vc_row full_width=\u00a0\u00bbstretch_row\u00a0\u00bb hide_bg_image_on_tablet=\u00a0\u00bb\u00a0\u00bb hide_bg_image_on_mobile=\u00a0\u00bb\u00a0\u00bb css=\u00a0\u00bb.vc_custom_1639908414384{margin-top: -70px !important;}\u00a0\u00bb][vc_column width=\u00a0\u00bb2\/12&Prime;][\/vc_column][vc_column width=\u00a0\u00bb8\/12&Prime;][vc_row_inner][vc_column_inner]<div class=\"sc_layouts sc_layouts_default sc_layouts_5955\">[vc_row full_width=\"stretch_row\"][vc_column icons_position=\"left\"]<div id=\"sc_title_1908217686\"\n\t\tclass=\"sc_title color_style_default sc_title_default\"><h6 class=\"sc_item_subtitle sc_title_subtitle sc_align_center sc_item_title_style_default\">Les traitements laser innovants<\/h6><h4 class=\"sc_item_title sc_title_title sc_align_center sc_item_title_style_default sc_item_title_tag\">LA MEILLEURE ALTERNATIVE \u00c0 LA TH\u00c9RAPIE HORMONALE<\/h4><\/div><!-- \/.sc_title -->[vc_empty_space height=\"86px\" alter_height=\"none\" hide_on_desktop=\"\" hide_on_notebook=\"\" hide_on_tablet=\"1\" hide_on_mobile=\"1\"][vc_empty_space height=\"60px\" alter_height=\"none\" hide_on_desktop=\"1\" hide_on_notebook=\"1\" hide_on_tablet=\"\" hide_on_mobile=\"1\"][vc_empty_space height=\"30px\" alter_height=\"none\" hide_on_desktop=\"1\" hide_on_notebook=\"1\" hide_on_tablet=\"1\" hide_on_mobile=\"\"][\/vc_column][\/vc_row][vc_row full_width=\"stretch_row\" equal_height=\"yes\" content_placement=\"top\"][vc_column width=\"5\/6\" hide_bg_image_on_tablet=\"\" hide_bg_image_on_mobile=\"\" icons_position=\"left\" css=\".vc_custom_1511534454443{padding-right: 0px !important;padding-left: 0px !important;}\"]<div id=\"sc_content_1575843032\"\n\t\tclass=\"sc_content color_style_default sc_content_default sc_float_center sc_shift_y_tiny_negative\"><div class=\"sc_content_container\">[vc_single_image image=\"4911\" img_size=\"full\" alignment=\"right\"]<\/div><\/div><!-- \/.sc_content -->[\/vc_column][vc_column width=\"1\/6\" hide_bg_image_on_tablet=\"\" hide_bg_image_on_mobile=\"\" icons_position=\"left\" css=\".vc_custom_1511533781050{background-color: #ffffff !important;}\"][\/vc_column][\/vc_row][vc_row full_width=\"stretch_row\" equal_height=\"yes\" content_placement=\"top\"][vc_column width=\"1\/6\" hide_bg_image_on_tablet=\"\" hide_bg_image_on_mobile=\"\" icons_position=\"left\"][\/vc_column][vc_column width=\"5\/6\" fix_column=\"\" shift_y=\"tiny_negative\" hide_bg_image_on_tablet=\"\" hide_bg_image_on_mobile=\"\" icons_position=\"left\" css=\".vc_custom_1515147927089{background-color: #ffffff !important;}\"][vc_empty_space height=\"31px\" alter_height=\"none\" hide_on_desktop=\"1\" hide_on_notebook=\"1\" hide_on_tablet=\"\" hide_on_mobile=\"\"][vc_row_inner hide_bg_image_on_tablet=\"\" hide_bg_image_on_mobile=\"\" row_delimiter=\"\" css=\".vc_custom_1562687721621{padding-top: 50px !important;padding-right: 15px !important;padding-left: 15px !important;}\"][vc_column_inner width=\"1\/12\" hide_bg_image_on_tablet=\"\" hide_bg_image_on_mobile=\"\" icons_position=\"left\" css=\".vc_custom_1512737066095{padding-right: 15px !important;padding-left: 15px !important;}\"][\/vc_column_inner][vc_column_inner width=\"5\/12\" icons_position=\"left\"][vc_column_text]Une femme passe par diff\u00e9rentes \u00e9tapes dans sa vie, de ses premi\u00e8res r\u00e8gles \u00e0 l'accouchement jusqu'\u00e0 la m\u00e9nopause. Entrer dans de nouvelles \u00e9tapes signifie \u00e9galement faire des exp\u00e9riences nouvelles ou diff\u00e9rentes concernant son intimit\u00e9 et sa sexualit\u00e9 et cela peut \u00e9galement \u00eatre associ\u00e9 \u00e0 une vari\u00e9t\u00e9 de conditions vaginales. Surtout apr\u00e8s un accouchement vaginal ou pendant la m\u00e9nopause, les femmes subissent souvent une modification de la zone intime et de l'environnement vaginal, qui va souvent de pair avec l'inconfort quotidien. Cela peut fortement affecter la qualit\u00e9 de vie d'une femme, \u00e0 la fois physiquement, psychologiquement et sexuellement.\r\n\r\nLe <strong>traitement au laser Juliet<\/strong> est la solution naturelle pour les femmes de tous \u00e2ges qui ne se sentent plus \u00e0 l'aise avec leur propre sant\u00e9 vaginale. Red\u00e9couvrez la sensation de bien-\u00eatre dans votre peau![\/vc_column_text][\/vc_column_inner][vc_column_inner width=\"5\/12\" icons_position=\"left\"][vc_column_text]Ne pas se sentir bien dans sa peau et \u00e9prouver des sympt\u00f4mes d\u00e9sagr\u00e9ables tels que des d\u00e9mangeaisons g\u00e9nitales, une irritation, une mauvaise lubrification vaginale, une s\u00e9cheresse vaginale et m\u00eame des douleurs pendant les rapports sexuels (dyspareunie) rendent beaucoup de femmes mal \u00e0 l'aise. Bien que ces sympt\u00f4mes soient tr\u00e8s fr\u00e9quents chez les femmes de diff\u00e9rents \u00e2ges, celles qui en souffrent n'aiment pas parler de leur malaise, parfois m\u00eame pas avec leur gyn\u00e9cologue.\r\n\r\nCes conditions ont tendance \u00e0 s'aggraver avec le temps, ce qui signifie qu'elles ne sont pas temporaires et qu'elles ne dispara\u00eetront pas si elles ne sont pas trait\u00e9es.[\/vc_column_text][\/vc_column_inner][vc_column_inner width=\"1\/12\" icons_position=\"left\"][\/vc_column_inner][\/vc_row_inner][vc_empty_space height=\"18px\" hide_on_desktop=\"\" hide_on_notebook=\"\" hide_on_tablet=\"\" hide_on_mobile=\"\"][\/vc_column][\/vc_row][vc_row full_width=\"stretch_row\" equal_height=\"yes\" content_placement=\"top\" hide_bg_image_on_tablet=\"\" hide_bg_image_on_mobile=\"\" row_delimiter=\"\" hide_on_desktop=\"\" hide_on_notebook=\"\" hide_on_tablet=\"\" hide_on_mobile=\"\" hide_on_frontpage=\"\" css=\".vc_custom_1623250642074{margin-top: 32px !important;}\"][vc_column width=\"5\/6\" hide_bg_image_on_tablet=\"\" hide_bg_image_on_mobile=\"\" icons_position=\"left\" css=\".vc_custom_1511534454443{padding-right: 0px !important;padding-left: 0px !important;}\"]<div id=\"sc_content_1497760709\"\n\t\tclass=\"sc_content color_style_default sc_content_default sc_float_center sc_shift_y_tiny_negative\"><div class=\"sc_content_container\">[vc_single_image image=\"4694\" img_size=\"full\" alignment=\"right\"]<\/div><\/div><!-- \/.sc_content -->[\/vc_column][vc_column width=\"1\/6\" hide_bg_image_on_tablet=\"\" hide_bg_image_on_mobile=\"\" icons_position=\"left\" css=\".vc_custom_1511533781050{background-color: #ffffff !important;}\"][\/vc_column][\/vc_row][vc_row full_width=\"stretch_row\" equal_height=\"yes\" content_placement=\"top\"][vc_column width=\"1\/6\" hide_bg_image_on_tablet=\"\" hide_bg_image_on_mobile=\"\" icons_position=\"left\"][\/vc_column][vc_column width=\"5\/6\" fix_column=\"\" shift_y=\"tiny_negative\" hide_bg_image_on_tablet=\"\" hide_bg_image_on_mobile=\"\" icons_position=\"left\" css=\".vc_custom_1515147927089{background-color: #ffffff !important;}\"][vc_empty_space height=\"31px\" alter_height=\"none\" hide_on_desktop=\"1\" hide_on_notebook=\"1\" hide_on_tablet=\"\" hide_on_mobile=\"\"][vc_row_inner hide_bg_image_on_tablet=\"\" hide_bg_image_on_mobile=\"\" row_delimiter=\"\" css=\".vc_custom_1562687721621{padding-top: 50px !important;padding-right: 15px !important;padding-left: 15px !important;}\"][vc_column_inner width=\"1\/12\" hide_bg_image_on_tablet=\"\" hide_bg_image_on_mobile=\"\" icons_position=\"left\" css=\".vc_custom_1512737066095{padding-right: 15px !important;padding-left: 15px !important;}\"][\/vc_column_inner][vc_column_inner width=\"5\/12\" icons_position=\"left\"][vc_column_text]Jusqu'\u00e0 r\u00e9cemment, toutes ces conditions \u00e9taient consid\u00e9r\u00e9es comme une cons\u00e9quence du processus in\u00e9vitable de vieillissement de la femme, et le traitement n'\u00e9tait suivi que dans de tr\u00e8s rares cas.[\/vc_column_text][\/vc_column_inner][vc_column_inner width=\"5\/12\" icons_position=\"left\"][vc_column_text]Aujourd'hui, nous savons mieux : avec le traitement au laser Juliet, les femmes ont d\u00e9sormais la possibilit\u00e9 d'am\u00e9liorer leur bien-\u00eatre gyn\u00e9cologique gr\u00e2ce \u00e0 une proc\u00e9dure indolore et peu invasive qui aidera \u00e0 soulager leur inconfort de mani\u00e8re rapide et s\u00fbre.[\/vc_column_text][\/vc_column_inner][vc_column_inner width=\"1\/12\" icons_position=\"left\"][\/vc_column_inner][\/vc_row_inner][vc_empty_space height=\"18px\" hide_on_desktop=\"\" hide_on_notebook=\"\" hide_on_tablet=\"\" hide_on_mobile=\"\"][vc_empty_space height=\"18px\" hide_on_desktop=\"\" hide_on_notebook=\"\" hide_on_tablet=\"\" hide_on_mobile=\"\"][\/vc_column][\/vc_row]<\/div>[\/vc_column_inner][\/vc_row_inner][\/vc_column][vc_column width=\u00a0\u00bb2\/12&Prime;][\/vc_column][\/vc_row][vc_row full_width=\u00a0\u00bbstretch_row\u00a0\u00bb][vc_column width=\u00a0\u00bb1\/6&Prime; offset=\u00a0\u00bbvc_hidden-sm vc_hidden-xs\u00a0\u00bb][\/vc_column][vc_column hide_bg_image_on_tablet=\u00a0\u00bb\u00a0\u00bb hide_bg_image_on_mobile=\u00a0\u00bb\u00a0\u00bb offset=\u00a0\u00bbvc_col-md-8&Prime; el_class=\u00a0\u00bbpaddedBox\u00a0\u00bb css=\u00a0\u00bb.vc_custom_1623397275807{margin-top: 32px !important;}\u00a0\u00bb]<div id=\"sc_title_1506851054\"\n\t\tclass=\"sc_title color_style_default sc_title_default\"><h6 class=\"sc_item_subtitle sc_title_subtitle sc_align_center sc_item_title_style_default\">Profitez de votre intimit\u00e9!<\/h6><h3 class=\"sc_item_title sc_title_title sc_align_center sc_item_title_style_default\">TRAITEMENTS<\/h3><div class=\"sc_item_descr sc_title_descr sc_align_center\"><p>Juliet repr\u00e9sente une option de traitement peu invasive, douce et sans hormones pour toutes les femmes qui ne souhaitent pas d'options invasives et\/ou hormonales.<\/p>\n<\/div><\/div><!-- \/.sc_title -->[vc_row_inner][vc_column_inner width=\u00a0\u00bb1\/3&Prime;][vc_single_image image=\u00a0\u00bb6491&Prime; img_size=\u00a0\u00bbfull\u00a0\u00bb]<div id=\"sc_title_1783579066\"\n\t\tclass=\"sc_title color_style_default sc_title_default  vc_custom_1657058803738\"><h6 class=\"sc_item_subtitle sc_title_subtitle sc_align_center sc_item_title_style_default\">Atrophie vulvovaginale<\/h6><div class=\"sc_item_descr sc_title_descr sc_align_center\"><p>Les femmes m\u00e9nopaus\u00e9es \u00e9prouvent souvent une vari\u00e9t\u00e9 de sympt\u00f4mes, y compris la s\u00e9cheresse vaginale, les d\u00e9mangeaisons, la douleur pendant les rapports sexuels, la baisse de la libido et l\u2019\u00e9lasticit\u00e9..<\/p>\n<\/div><div class=\"sc_item_button sc_button_wrap sc_align_center\"><a href=\"https:\/\/www.juliet-laser.com\/fr\/atrophie-vulvovaginale\/\" id=\"sc_button_936245100\" class=\"sc_button color_style_default sc_button_default sc_item_button sc_item_button_default sc_title_button sc_button_size_normal sc_button_icon_left\"><span class=\"sc_button_text\"><span class=\"sc_button_title\">Atrophie vulvovaginale<\/span><\/span><!-- \/.sc_button_text --><\/a><!-- \/.sc_button --><\/div><!-- \/.sc_item_button --><\/div><!-- \/.sc_title -->[\/vc_column_inner][vc_column_inner width=\u00a0\u00bb1\/3&Prime;][vc_single_image image=\u00a0\u00bb6517&Prime; img_size=\u00a0\u00bbfull\u00a0\u00bb]<div id=\"sc_title_1088373389\"\n\t\tclass=\"sc_title color_style_default sc_title_default  vc_custom_1655909966590\"><h6 class=\"sc_item_subtitle sc_title_subtitle sc_align_center sc_item_title_style_default\">Douleurs pendant les rapports sexuels<\/h6><div class=\"sc_item_descr sc_title_descr sc_align_center\"><p>La douleur pendant les rapports sexuels, \u00e9galement appel\u00e9e dyspareunie, d\u00e9crit une exp\u00e9rience douloureuse pendant les rapports sexuels due \u00e0 des changements physiques pendant la m\u00e9nopause..<\/p>\n<\/div><div class=\"sc_item_button sc_button_wrap sc_align_center\"><a href=\"https:\/\/www.juliet-laser.com\/fr\/douleurs-pendant-les-rapports-sexuels\/\" id=\"sc_button_235506877\" class=\"sc_button color_style_default sc_button_default sc_item_button sc_item_button_default sc_title_button sc_button_size_normal sc_button_icon_left\"><span class=\"sc_button_text\"><span class=\"sc_button_title\">Douleurs pendant les rapports<\/span><\/span><!-- \/.sc_button_text --><\/a><!-- \/.sc_button --><\/div><!-- \/.sc_item_button --><\/div><!-- \/.sc_title -->[\/vc_column_inner][vc_column_inner width=\u00a0\u00bb1\/3&Prime;][vc_single_image image=\u00a0\u00bb6547&Prime; img_size=\u00a0\u00bbfull\u00a0\u00bb]<div id=\"sc_title_653335892\"\n\t\tclass=\"sc_title color_style_default sc_title_default  vc_custom_1655910993471\"><h6 class=\"sc_item_subtitle sc_title_subtitle sc_align_center sc_item_title_style_default\">S\u00e9cheresse vaginale<\/h6><div class=\"sc_item_descr sc_title_descr sc_align_center\"><p>La s\u00e9cheresse vaginale, les br\u00fblures et les d\u00e9mangeaisons peuvent avoir de nombreuses raisons diff\u00e9rentes. Elle peut \u00eatre caus\u00e9e par des changements hormonaux comme la m\u00e9nopause ou apr\u00e8s..<\/p>\n<\/div><div class=\"sc_item_button sc_button_wrap sc_align_center\"><a href=\"https:\/\/www.juliet-laser.com\/fr\/secheresse-vaginale-brulures-et-demangeaisons\/\" id=\"sc_button_839170289\" class=\"sc_button color_style_default sc_button_default sc_item_button sc_item_button_default sc_title_button sc_button_size_normal sc_button_icon_left\"><span class=\"sc_button_text\"><span class=\"sc_button_title\">S\u00e9cheresse vaginale<\/span><\/span><!-- \/.sc_button_text --><\/a><!-- \/.sc_button --><\/div><!-- \/.sc_item_button --><\/div><!-- \/.sc_title -->[\/vc_column_inner][\/vc_row_inner][vc_row_inner hide_bg_image_on_tablet=\u00a0\u00bb\u00a0\u00bb hide_bg_image_on_mobile=\u00a0\u00bb\u00a0\u00bb css=\u00a0\u00bb.vc_custom_1655911120427{margin-top: 90px !important;}\u00a0\u00bb][vc_column_inner width=\u00a0\u00bb1\/3&Prime;][vc_single_image image=\u00a0\u00bb6580&Prime; img_size=\u00a0\u00bbfull\u00a0\u00bb]<div id=\"sc_title_567126822\"\n\t\tclass=\"sc_title color_style_default sc_title_default  vc_custom_1655911295005\"><h6 class=\"sc_item_subtitle sc_title_subtitle sc_align_center sc_item_title_style_default\">Incontinence urinaire d'effort<\/h6><div class=\"sc_item_descr sc_title_descr sc_align_center\"><p>Le terme incontinence urinaire d'effort (IUE) fait r\u00e9f\u00e9rence \u00e0 la lib\u00e9ration involontaire d'urine lors de la toux, des \u00e9ternuements ou d'un effort physique. La cause de cette condition est souvent la stabilit\u00e9..<\/p>\n<\/div><div class=\"sc_item_button sc_button_wrap sc_align_center\"><a href=\"https:\/\/www.juliet-laser.com\/fr\/incontinence-urinaire-deffort\/\" id=\"sc_button_1572038582\" class=\"sc_button color_style_default sc_button_default sc_item_button sc_item_button_default sc_title_button sc_button_size_normal sc_button_icon_left\"><span class=\"sc_button_text\"><span class=\"sc_button_title\">Incontinence urinaire d&#039;effort<\/span><\/span><!-- \/.sc_button_text --><\/a><!-- \/.sc_button --><\/div><!-- \/.sc_item_button --><\/div><!-- \/.sc_title -->[\/vc_column_inner][vc_column_inner width=\u00a0\u00bb1\/3&Prime;][vc_single_image image=\u00a0\u00bb6617&Prime; img_size=\u00a0\u00bbfull\u00a0\u00bb]<div id=\"sc_title_1168082704\"\n\t\tclass=\"sc_title color_style_default sc_title_default  vc_custom_1655911358780\"><h6 class=\"sc_item_subtitle sc_title_subtitle sc_align_center sc_item_title_style_default\">Perte d\u2019\u00e9lasticit\u00e9 et de tonus<\/h6><div class=\"sc_item_descr sc_title_descr sc_align_center\"><p>Une condition assez courante g\u00e9n\u00e9ralement associ\u00e9e \u00e0 l'accouchement vaginal ainsi qu'au vieillissement naturel est la perte d'\u00e9lasticit\u00e9 et de tonus, \u00e9galement connue sous le nom de Descensus Vaginae..<\/p>\n<\/div><div class=\"sc_item_button sc_button_wrap sc_align_center\"><a href=\"https:\/\/www.juliet-laser.com\/fr\/perte-delasticite-et-de-tonus\/\" id=\"sc_button_1317724625\" class=\"sc_button color_style_default sc_button_default sc_item_button sc_item_button_default sc_title_button sc_button_size_normal sc_button_icon_left\"><span class=\"sc_button_text\"><span class=\"sc_button_title\">Perte d\u2019\u00e9lasticit\u00e9 et de tonus<\/span><\/span><!-- \/.sc_button_text --><\/a><!-- \/.sc_button --><\/div><!-- \/.sc_item_button --><\/div><!-- \/.sc_title -->[\/vc_column_inner][vc_column_inner width=\u00a0\u00bb1\/3&Prime;][vc_single_image image=\u00a0\u00bb6632&Prime; img_size=\u00a0\u00bbfull\u00a0\u00bb]<div id=\"sc_title_1629509015\"\n\t\tclass=\"sc_title color_style_default sc_title_default  vc_custom_1657058836482\"><h6 class=\"sc_item_subtitle sc_title_subtitle sc_align_center sc_item_title_style_default\">Syndrome g\u00e9nito-urinaire<\/h6><div class=\"sc_item_descr sc_title_descr sc_align_center\"><p>Le terme syndrome g\u00e9nito-urinaire de la m\u00e9nopause (GSM) d\u00e9signe un ensemble de sympt\u00f4mes qui sont essentiellement caus\u00e9s par une carence hormonale apr\u00e8s la m\u00e9nopause. Le GSM est chronique..<\/p>\n<\/div><div class=\"sc_item_button sc_button_wrap sc_align_center\"><a href=\"https:\/\/www.juliet-laser.com\/fr\/syndrome-genito-urinaire-de-la-menopause\/\" id=\"sc_button_1533587832\" class=\"sc_button color_style_default sc_button_default sc_item_button sc_item_button_default sc_title_button sc_button_size_normal sc_button_icon_left\"><span class=\"sc_button_text\"><span class=\"sc_button_title\">Syndrome g\u00e9nito-urinaire<\/span><\/span><!-- \/.sc_button_text --><\/a><!-- \/.sc_button --><\/div><!-- \/.sc_item_button --><\/div><!-- \/.sc_title -->[\/vc_column_inner][\/vc_row_inner][\/vc_column][vc_column width=\u00a0\u00bb1\/6&Prime; offset=\u00a0\u00bbvc_hidden-sm vc_hidden-xs\u00a0\u00bb][\/vc_column][\/vc_row][vc_row][vc_column][vc_separator css=\u00a0\u00bb.vc_custom_1645004221593{margin-bottom: -30px !important;}\u00a0\u00bb]<div class=\"sc_layouts sc_layouts_default sc_layouts_5951\">[vc_row full_width=\"stretch_row\" hide_bg_image_on_tablet=\"\" hide_bg_image_on_mobile=\"\" row_delimiter=\"\" hide_on_desktop=\"\" hide_on_notebook=\"\" hide_on_tablet=\"\" hide_on_mobile=\"\" hide_on_frontpage=\"\"][vc_column width=\"1\/6\" icons_position=\"left\" offset=\"vc_hidden-md\"][\/vc_column][vc_column hide_bg_image_on_tablet=\"\" hide_bg_image_on_mobile=\"\" icons_position=\"left\" offset=\"vc_col-lg-8\"][vc_widget_sidebar sidebar_id=\"custom_widgets_1\"][\/vc_column][vc_column width=\"1\/6\" hide_bg_image_on_tablet=\"\" hide_bg_image_on_mobile=\"\" icons_position=\"left\" offset=\"vc_hidden-md\"][\/vc_column][\/vc_row]<\/div>[\/vc_column][\/vc_row][vc_row][vc_column][\/vc_column][\/vc_row]<\/p>\n<\/div>","protected":false},"excerpt":{"rendered":"<p>[vc_row full_width=\u00a0\u00bbstretch_row\u00a0\u00bb hide_bg_image_on_tablet=\u00a0\u00bb\u00a0\u00bb hide_bg_image_on_mobile=\u00a0\u00bb\u00a0\u00bb css=\u00a0\u00bb.vc_custom_1639908414384{margin-top: -70px !important;}\u00a0\u00bb][vc_column width=\u00a0\u00bb2\/12&Prime;][\/vc_column][vc_column width=\u00a0\u00bb8\/12&Prime;][vc_row_inner][vc_column_inner][\/vc_column_inner][\/vc_row_inner][\/vc_column][vc_column width=\u00a0\u00bb2\/12&Prime;][\/vc_column][\/vc_row][vc_row full_width=\u00a0\u00bbstretch_row\u00a0\u00bb][vc_column width=\u00a0\u00bb1\/6&Prime; offset=\u00a0\u00bbvc_hidden-sm vc_hidden-xs\u00a0\u00bb][\/vc_column][vc_column hide_bg_image_on_tablet=\u00a0\u00bb\u00a0\u00bb hide_bg_image_on_mobile=\u00a0\u00bb\u00a0\u00bb offset=\u00a0\u00bbvc_col-md-8&Prime; el_class=\u00a0\u00bbpaddedBox\u00a0\u00bb css=\u00a0\u00bb.vc_custom_1623397275807{margin-top: 32px !important;}\u00a0\u00bb][vc_row_inner][vc_column_inner width=\u00a0\u00bb1\/3&Prime;][vc_single_image image=\u00a0\u00bb6491&Prime; img_size=\u00a0\u00bbfull\u00a0\u00bb][\/vc_column_inner][vc_column_inner width=\u00a0\u00bb1\/3&Prime;][vc_single_image image=\u00a0\u00bb6517&Prime; img_size=\u00a0\u00bbfull\u00a0\u00bb][\/vc_column_inner][vc_column_inner width=\u00a0\u00bb1\/3&Prime;][vc_single_image image=\u00a0\u00bb6547&Prime; img_size=\u00a0\u00bbfull\u00a0\u00bb][\/vc_column_inner][\/vc_row_inner][vc_row_inner hide_bg_image_on_tablet=\u00a0\u00bb\u00a0\u00bb hide_bg_image_on_mobile=\u00a0\u00bb\u00a0\u00bb css=\u00a0\u00bb.vc_custom_1655911120427{margin-top: 90px !important;}\u00a0\u00bb][vc_column_inner width=\u00a0\u00bb1\/3&Prime;][vc_single_image image=\u00a0\u00bb6580&Prime; img_size=\u00a0\u00bbfull\u00a0\u00bb][\/vc_column_inner][vc_column_inner width=\u00a0\u00bb1\/3&Prime;][vc_single_image image=\u00a0\u00bb6617&Prime; img_size=\u00a0\u00bbfull\u00a0\u00bb][\/vc_column_inner][vc_column_inner width=\u00a0\u00bb1\/3&Prime;][vc_single_image image=\u00a0\u00bb6632&Prime; img_size=\u00a0\u00bbfull\u00a0\u00bb][\/vc_column_inner][\/vc_row_inner][\/vc_column][vc_column width=\u00a0\u00bb1\/6&Prime; offset=\u00a0\u00bbvc_hidden-sm vc_hidden-xs\u00a0\u00bb][\/vc_column][\/vc_row][vc_row][vc_column][vc_separator css=\u00a0\u00bb.vc_custom_1645004221593{margin-bottom: -30px !important;}\u00a0\u00bb][\/vc_column][\/vc_row][vc_row][vc_column][\/vc_column][\/vc_row]<\/p>\n","protected":false},"author":1,"featured_media":0,"parent":0,"menu_order":0,"comment_status":"closed","ping_status":"closed","template":"","meta":{"footnotes":""},"class_list":["post-6177","page","type-page","status-publish","hentry"],"_links":{"self":[{"href":"https:\/\/www.juliet-laser.com\/fr\/wp-json\/wp\/v2\/pages\/6177","targetHints":{"allow":["GET"]}}],"collection":[{"href":"https:\/\/www.juliet-laser.com\/fr\/wp-json\/wp\/v2\/pages"}],"about":[{"href":"https:\/\/www.juliet-laser.com\/fr\/wp-json\/wp\/v2\/types\/page"}],"author":[{"embeddable":true,"href":"https:\/\/www.juliet-laser.com\/fr\/wp-json\/wp\/v2\/users\/1"}],"replies":[{"embeddable":true,"href":"https:\/\/www.juliet-laser.com\/fr\/wp-json\/wp\/v2\/comments?post=6177"}],"version-history":[{"count":16,"href":"https:\/\/www.juliet-laser.com\/fr\/wp-json\/wp\/v2\/pages\/6177\/revisions"}],"predecessor-version":[{"id":7674,"href":"https:\/\/www.juliet-laser.com\/fr\/wp-json\/wp\/v2\/pages\/6177\/revisions\/7674"}],"wp:attachment":[{"href":"https:\/\/www.juliet-laser.com\/fr\/wp-json\/wp\/v2\/media?parent=6177"}],"curies":[{"name":"wp","href":"https:\/\/api.w.org\/{rel}","templated":true}]}}