{"id":6826,"date":"2019-07-11T15:49:21","date_gmt":"2019-07-11T15:49:21","guid":{"rendered":"https:\/\/www.juliet-laser.com\/mention-legale\/"},"modified":"2022-03-15T10:50:27","modified_gmt":"2022-03-15T10:50:27","slug":"informacion-legal","status":"publish","type":"page","link":"https:\/\/www.juliet-laser.com\/es\/informacion-legal\/","title":{"rendered":"Informaci\u00f3n legal"},"content":{"rendered":"<div class=\"wpb-content-wrapper\"><p>[vc_row hide_bg_image_on_tablet=\u00bb\u00bb hide_bg_image_on_mobile=\u00bb\u00bb css=\u00bb.vc_custom_1639908725933{margin-top: -70px !important;}\u00bb][vc_column width=\u00bb1\/6&#8243;][\/vc_column][vc_column width=\u00bb2\/3&#8243;][vc_column_text css=\u00bb.vc_custom_1647341289613{margin-right: 32px !important;}\u00bb]<strong>T\u00e9rminos de uso<\/strong><\/p>\n<p>Al utilizar este sitio web, incluyendo todos los servicios proporcionados por Asclepion Laser Technologies GmbH, usted acepta los siguientes T\u00e9rminos de uso. Asclepion Laser Technologies GmbH se reserva el derecho a realizar cambios, interrumpir los servicios y actualizar los T\u00e9rminos de uso en cualquier momento y sin previo aviso.<\/p>\n<p><strong>Contenidos<\/strong><\/p>\n<p>A pesar del cuidadoso procesamiento y comprobaci\u00f3n de los contenidos, Asclepion Laser Technologies GmbH no asume responsabilidad alguna por la actualidad, correcci\u00f3n, integridad o calidad de la informaci\u00f3n proporcionada, ya que no se puede descartar completamente entretanto que se haya producido alg\u00fan cambio.<\/p>\n<p><strong>Derechos de autor y de marcas<\/strong><\/p>\n<p>El contenido de este sitio web no puede ser copiado, distribuido, modificado o puesto a disposici\u00f3n de terceros con fines comerciales. Las im\u00e1genes, los gr\u00e1ficos y textos est\u00e1n protegidos por derechos de autor y otras leyes de protecci\u00f3n.<\/p>\n<p><strong>Marcas y marcas comerciales<\/strong><\/p>\n<p>Todos los nombres de marcas y marcas comerciales mencionados en la oferta y, en su caso, protegidos por terceros, est\u00e1n sujetos sin restricciones a las disposiciones del derecho de marcas vigente y a los derechos de propiedad de los respectivos propietarios registrados.<\/p>\n<p><strong>Referencias externas (Links)<\/strong><\/p>\n<p>Las referencias cruzadas (\u00abLinks\u00bb) a los contenidos proporcionados por otros proveedores deben distinguirse de nuestros propios contenidos. Para la informaci\u00f3n all\u00ed contenida (contenido de terceros), a la que solo se pueda acceder mediante el uso de hiperv\u00ednculos, Asclepion Laser Technologies GmbH solo ser\u00e1 responsable si tiene un conocimiento preciso del contenido y le es t\u00e9cnicamente posible y razonable prevenir el uso en el caso de contenidos il\u00edcitos. Si el da\u00f1o resulta del uso de la informaci\u00f3n, solo el autor de las p\u00e1ginas en cuesti\u00f3n ser\u00e1 el responsable y no quien haya referido a tales p\u00e1ginas.<\/p>\n<p><strong>Protecci\u00f3n de datos<\/strong><\/p>\n<p>La recogida de datos personales se realiza \u00fanicamente en el marco de los formularios de correo electr\u00f3nico en los que la introducci\u00f3n de datos personales o comerciales es expresamente voluntaria. Estos datos se procesan y almacenan de conformidad con las disposiciones alemanas sobre protecci\u00f3n de datos y solo en la medida necesaria para el procesamiento de la consulta; en ning\u00fan caso estos se transmitir\u00e1n a terceros. Por favor, tenga en cuenta que nuestros sitios web pueden contener LINKs a sitios web de otros proveedores a los que no se aplica esta declaraci\u00f3n de protecci\u00f3n de datos.<\/p>\n<p><strong>Validez jur\u00eddica<\/strong><\/p>\n<p>Esta exenci\u00f3n de responsabilidad debe considerarse como parte de la publicaci\u00f3n en Internet desde la que se hizo referencia a esta p\u00e1gina. Si secciones o t\u00e9rminos individuales de la presente declaraci\u00f3n no son legales o correctos, el contenido o validez de las dem\u00e1s partes no se ver\u00e1n afectados por este hecho.[\/vc_column_text][\/vc_column][vc_column width=\u00bb1\/6&#8243;][\/vc_column][\/vc_row][vc_row hide_bg_image_on_tablet=\u00bb\u00bb hide_bg_image_on_mobile=\u00bb\u00bb css=\u00bb.vc_custom_1640883880316{margin-top: 32px !important;margin-left: 175px !important;}\u00bb][vc_column width=\u00bb1\/6&#8243;][\/vc_column][vc_column width=\u00bb1\/4&#8243;]<div class=\"sc_item_button sc_button_wrap sc_align_center\"><a href=\"https:\/\/www.juliet-laser.com\/wp-content\/uploads\/2020\/11\/AGBs_E_2020-01.pdf\" id=\"sc_button_195164921\" class=\"sc_button color_style_default sc_button_default  vc_custom_1647341424459 sc_button_size_normal sc_button_icon_left\" target=\"_blank\"><span class=\"sc_button_text\"><span class=\"sc_button_title\">General Terms and user conditions<\/span><\/span><!-- \/.sc_button_text --><\/a><!-- \/.sc_button --><\/div><!-- \/.sc_item_button -->[\/vc_column][vc_column width=\u00bb1\/4&#8243;]<div class=\"sc_item_button sc_button_wrap sc_align_center\"><a href=\"https:\/\/www.juliet-laser.com\/wp-content\/uploads\/2022\/03\/Einwilligung-Datenverarbeitung-2018-SP.pdf\" id=\"sc_button_944570259\" class=\"sc_button color_style_default sc_button_default  vc_custom_1647341355600 sc_button_size_normal sc_button_icon_left\" target=\"_blank\"><span class=\"sc_button_text\"><span class=\"sc_button_title\">Consentimiento relativo al tratamiento<\/span><\/span><!-- \/.sc_button_text --><\/a><!-- \/.sc_button --><\/div><!-- \/.sc_item_button -->[\/vc_column][vc_column width=\u00bb1\/4&#8243;][\/vc_column][\/vc_row]<\/p>\n<\/div>","protected":false},"excerpt":{"rendered":"<p>[vc_row hide_bg_image_on_tablet=\u00bb\u00bb hide_bg_image_on_mobile=\u00bb\u00bb css=\u00bb.vc_custom_1639908725933{margin-top: -70px !important;}\u00bb][vc_column width=\u00bb1\/6&#8243;][\/vc_column][vc_column width=\u00bb2\/3&#8243;][vc_column_text css=\u00bb.vc_custom_1647341289613{margin-right: 32px !important;}\u00bb]T\u00e9rminos de uso Al utilizar este sitio web, incluyendo todos los servicios proporcionados por Asclepion Laser Technologies GmbH, usted acepta los siguientes T\u00e9rminos de uso. Asclepion Laser Technologies GmbH se reserva el derecho a realizar cambios, interrumpir los servicios y actualizar los T\u00e9rminos de uso en cualquier momento y sin&hellip;<\/p>\n","protected":false},"author":4,"featured_media":0,"parent":0,"menu_order":0,"comment_status":"closed","ping_status":"closed","template":"","meta":{"footnotes":""},"class_list":["post-6826","page","type-page","status-publish","hentry"],"_links":{"self":[{"href":"https:\/\/www.juliet-laser.com\/es\/wp-json\/wp\/v2\/pages\/6826","targetHints":{"allow":["GET"]}}],"collection":[{"href":"https:\/\/www.juliet-laser.com\/es\/wp-json\/wp\/v2\/pages"}],"about":[{"href":"https:\/\/www.juliet-laser.com\/es\/wp-json\/wp\/v2\/types\/page"}],"author":[{"embeddable":true,"href":"https:\/\/www.juliet-laser.com\/es\/wp-json\/wp\/v2\/users\/4"}],"replies":[{"embeddable":true,"href":"https:\/\/www.juliet-laser.com\/es\/wp-json\/wp\/v2\/comments?post=6826"}],"version-history":[{"count":5,"href":"https:\/\/www.juliet-laser.com\/es\/wp-json\/wp\/v2\/pages\/6826\/revisions"}],"predecessor-version":[{"id":6838,"href":"https:\/\/www.juliet-laser.com\/es\/wp-json\/wp\/v2\/pages\/6826\/revisions\/6838"}],"wp:attachment":[{"href":"https:\/\/www.juliet-laser.com\/es\/wp-json\/wp\/v2\/media?parent=6826"}],"curies":[{"name":"wp","href":"https:\/\/api.w.org\/{rel}","templated":true}]}}