{"id":6769,"date":"2019-07-11T15:40:44","date_gmt":"2019-07-11T15:40:44","guid":{"rendered":"https:\/\/www.juliet-laser.com\/imprimer\/"},"modified":"2022-03-14T20:50:29","modified_gmt":"2022-03-14T20:50:29","slug":"aviso-legal","status":"publish","type":"page","link":"https:\/\/www.juliet-laser.com\/es\/aviso-legal\/","title":{"rendered":"Aviso legal"},"content":{"rendered":"<div class=\"wpb-content-wrapper\"><p>[vc_row hide_bg_image_on_tablet=\u00bb\u00bb hide_bg_image_on_mobile=\u00bb\u00bb css=\u00bb.vc_custom_1639908666745{margin-top: -70px !important;}\u00bb][vc_column width=\u00bb1\/6&#8243;][\/vc_column][vc_column width=\u00bb1\/3&#8243;][vc_column_text]<\/p>\n<h6>Contacto<\/h6>\n<p>Asclepion Laser Technologies GmbH<br \/>\nBr\u00fcsseler Str. 10<br \/>\n07747 Jena, Alemania<br \/>\nTel.: +49 (0) 3641 7700 100<br \/>\nFax: +49 (0) 3641 7700 102<br \/>\nE-Mail: info@asclepion.com<\/p>\n<h6>Representado por<\/h6>\n<p>Dr. Danilo Leggieri<\/p>\n<h6>Entrada de registro<\/h6>\n<p>N\u00famero de registro: 209648<br \/>\nTribunal de registro: Jena<\/p>\n<h6>N\u00famero de valor agregado<\/h6>\n<p>N\u00famero de identificaci\u00f3n de IVA de acuerdo con el \u00a7 27 a de la ley alemana de IVA DE 813 678 553<\/p>\n<h6>N\u00famero de registro WEEE<\/h6>\n<p>DE 336 631 20[\/vc_column_text][\/vc_column][vc_column width=\u00bb1\/3&#8243;][vc_column_text]<\/p>\n<h6>Dise\u00f1o gr\u00e1fico y fotograf\u00eda de productos<\/h6>\n<p>Picsell GmbH \u2013 www.picsell-media.de<\/p>\n<h6>Im\u00e1genes del producto<\/h6>\n<p>Picsell GmbH \u2013 www.picsell-media.de<br \/>\nWolfram Design \u2013 www.wolframdesign.de<br \/>\nGRAFIKERorg \u2013 www.grafikerorg.de<br \/>\nSebastian Reuter \u2013 www.sebastian-reuter.de<\/p>\n<h6>Im\u00e1genes adicionales de la web<\/h6>\n<p>TandsSuperstudio \u2013 www.tandssuperstudio.tumblr.com<br \/>\nDesign School Canva \u2013 www.designschool.canva.com<br \/>\nFreeimages \u2013 www.de.freeimages.com<br \/>\nDreamstime \u2013 www.dreamstime.com<br \/>\nUnplash \u2013 www.unplash.com[\/vc_column_text][\/vc_column][vc_column width=\u00bb1\/6&#8243;][\/vc_column][\/vc_row]<\/p>\n<\/div>","protected":false},"excerpt":{"rendered":"<p>[vc_row hide_bg_image_on_tablet=\u00bb\u00bb hide_bg_image_on_mobile=\u00bb\u00bb css=\u00bb.vc_custom_1639908666745{margin-top: -70px !important;}\u00bb][vc_column width=\u00bb1\/6&#8243;][\/vc_column][vc_column width=\u00bb1\/3&#8243;][vc_column_text] Contacto Asclepion Laser Technologies GmbH Br\u00fcsseler Str. 10 07747 Jena, Alemania Tel.: +49 (0) 3641 7700 100 Fax: +49 (0) 3641 7700 102 E-Mail: info@asclepion.com Representado por Dr. Danilo Leggieri Entrada de registro N\u00famero de registro: 209648 Tribunal de registro: Jena N\u00famero de valor agregado N\u00famero de identificaci\u00f3n de IVA de acuerdo&hellip;<\/p>\n","protected":false},"author":4,"featured_media":0,"parent":0,"menu_order":0,"comment_status":"closed","ping_status":"closed","template":"","meta":{"footnotes":""},"class_list":["post-6769","page","type-page","status-publish","hentry"],"_links":{"self":[{"href":"https:\/\/www.juliet-laser.com\/es\/wp-json\/wp\/v2\/pages\/6769","targetHints":{"allow":["GET"]}}],"collection":[{"href":"https:\/\/www.juliet-laser.com\/es\/wp-json\/wp\/v2\/pages"}],"about":[{"href":"https:\/\/www.juliet-laser.com\/es\/wp-json\/wp\/v2\/types\/page"}],"author":[{"embeddable":true,"href":"https:\/\/www.juliet-laser.com\/es\/wp-json\/wp\/v2\/users\/4"}],"replies":[{"embeddable":true,"href":"https:\/\/www.juliet-laser.com\/es\/wp-json\/wp\/v2\/comments?post=6769"}],"version-history":[{"count":3,"href":"https:\/\/www.juliet-laser.com\/es\/wp-json\/wp\/v2\/pages\/6769\/revisions"}],"predecessor-version":[{"id":6772,"href":"https:\/\/www.juliet-laser.com\/es\/wp-json\/wp\/v2\/pages\/6769\/revisions\/6772"}],"wp:attachment":[{"href":"https:\/\/www.juliet-laser.com\/es\/wp-json\/wp\/v2\/media?parent=6769"}],"curies":[{"name":"wp","href":"https:\/\/api.w.org\/{rel}","templated":true}]}}