{"id":6739,"date":"2017-08-17T14:01:36","date_gmt":"2017-08-17T14:01:36","guid":{"rendered":"https:\/\/www.juliet-laser.com\/contacts\/"},"modified":"2023-03-14T11:25:01","modified_gmt":"2023-03-14T11:25:01","slug":"contacto","status":"publish","type":"page","link":"https:\/\/www.juliet-laser.com\/es\/contacto\/","title":{"rendered":"Contacto"},"content":{"rendered":"<div class=\"wpb-content-wrapper\"><p>[vc_row hide_bg_image_on_tablet=\u00bb\u00bb hide_bg_image_on_mobile=\u00bb\u00bb css=\u00bb.vc_custom_1639908593855{margin-top: -70px !important;}\u00bb][vc_column width=\u00bb2\/12&#8243;][\/vc_column][vc_column width=\u00bb8\/12&#8243; hide_bg_image_on_tablet=\u00bb\u00bb hide_bg_image_on_mobile=\u00bb\u00bb css=\u00bb.vc_custom_1512654716133{padding-right: 15px !important;padding-left: 15px !important;}\u00bb]<div id=\"sc_title_870314484\"\n\t\tclass=\"sc_title color_style_default sc_title_default\"><h6 class=\"sc_item_subtitle sc_title_subtitle sc_align_center sc_item_title_style_default\">Juliet es un concepto de tratamiento de<\/h6><h4 class=\"sc_item_title sc_title_title sc_align_center sc_item_title_style_default sc_item_title_tag\">ASCLEPION LASER TECHNOLOGIES<\/h4><div class=\"sc_item_descr sc_title_descr sc_align_center\"><p>Asclepion Laser Technologies ha estado operando como l\u00edder en el mercado internacional de l\u00e1ser m\u00e9dico durante m\u00e1s de 40 a\u00f1os. Sus continuos \u00e9xitos, gracias al constante desarrollo de nuevas t\u00e9cnicas, han convertido a Asclepion en una de las empresas m\u00e1s calificadas de toda la industria \u00f3ptica a nivel mundial. El premio TOP 100 para las empresas medianas m\u00e1s innovadoras de Alemania es testimonio de esta afirmaci\u00f3n.<br \/>\nHoy en d\u00eda, m\u00e1s de 75 pa\u00edses conf\u00edan en la tecnolog\u00eda \"Made in Germany\" de Asclepion y en su probada experiencia cient\u00edfica.<\/p>\n<\/div><\/div><!-- \/.sc_title --><div id=\"sc_title_63220833\"\n\t\tclass=\"sc_title color_style_default sc_title_default  vc_custom_1647280043218\"><h6 class=\"sc_item_subtitle sc_title_subtitle sc_align_center sc_item_title_style_default\">\u00bfBuscas m\u00e1s informaci\u00f3n sobre Juliet?<\/h6><h4 class=\"sc_item_title sc_title_title sc_align_center sc_item_title_style_default sc_item_title_tag\">CONT\u00c1CTANOS<\/h4><div class=\"sc_item_descr sc_title_descr sc_align_center\"><p>\u00a1Nos comunicaremos contigo lo antes posible!<\/p>\n<\/div><\/div><!-- \/.sc_title -->[vc_row_inner hide_bg_image_on_tablet=\u00bb\u00bb hide_bg_image_on_mobile=\u00bb\u00bb css=\u00bb.vc_custom_1523894097529{margin-right: 0px !important;margin-left: 0px !important;padding-right: 15px !important;padding-left: 15px !important;background-color: #eeccc7 !important;}\u00bb][vc_column_inner width=\u00bb1\/6&#8243;][\/vc_column_inner][vc_column_inner width=\u00bb2\/3&#8243; hide_bg_image_on_tablet=\u00bb\u00bb hide_bg_image_on_mobile=\u00bb\u00bb css=\u00bb.vc_custom_1510765513818{padding-right: 0px !important;padding-left: 0px !important;}\u00bb][vc_empty_space height=\u00bb30px\u00bb alter_height=\u00bbnone\u00bb hide_on_desktop=\u00bb1&#8243; hide_on_notebook=\u00bb1&#8243; hide_on_tablet=\u00bb\u00bb hide_on_mobile=\u00bb\u00bb]\n<div class=\"wpcf7 no-js\" id=\"wpcf7-f7258-o1\" lang=\"en-US\" dir=\"ltr\" data-wpcf7-id=\"7258\">\n<div class=\"screen-reader-response\"><p role=\"status\" aria-live=\"polite\" aria-atomic=\"true\"><\/p> <ul><\/ul><\/div>\n<form action=\"\/es\/wp-json\/wp\/v2\/pages\/6739#wpcf7-f7258-o1\" method=\"post\" class=\"wpcf7-form init\" aria-label=\"Contact form\" novalidate=\"novalidate\" data-status=\"init\">\n<fieldset class=\"hidden-fields-container\"><input type=\"hidden\" name=\"_wpcf7\" value=\"7258\" \/><input type=\"hidden\" name=\"_wpcf7_version\" value=\"6.1.4\" \/><input type=\"hidden\" name=\"_wpcf7_locale\" value=\"en_US\" \/><input type=\"hidden\" name=\"_wpcf7_unit_tag\" value=\"wpcf7-f7258-o1\" \/><input type=\"hidden\" name=\"_wpcf7_container_post\" value=\"0\" \/><input type=\"hidden\" name=\"_wpcf7_posted_data_hash\" value=\"\" \/><input type=\"hidden\" name=\"_wpcf7_recaptcha_response\" value=\"\" \/>\n<\/fieldset>\n<div class=\"sc_form\">\n\t<div class=\"trx_addons_columns_wrap\">\n\t\t<div class=\"trx_addons_column-1_2\">\n\t\t\t<p><label class=\"sc_form_field\"><br \/>\n<span class=\"wpcf7-form-control-wrap\" data-name=\"first-name\"><input size=\"40\" maxlength=\"400\" class=\"wpcf7-form-control wpcf7-text wpcf7-validates-as-required\" aria-required=\"true\" aria-invalid=\"false\" placeholder=\"Nombre y apellido\" value=\"\" type=\"text\" name=\"first-name\" \/><\/span><\/label>\n\t\t\t<\/p>\n\t\t<\/div>\n\t\t<div class=\"trx_addons_column-1_2\">\n\t\t\t<p><label class=\"sc_form_field\"><br \/>\n<span class=\"wpcf7-form-control-wrap\" data-name=\"your-email\"><input size=\"40\" maxlength=\"400\" class=\"wpcf7-form-control wpcf7-email wpcf7-validates-as-required wpcf7-text wpcf7-validates-as-email\" aria-required=\"true\" aria-invalid=\"false\" placeholder=\"Tu correo electr\u00f3nico\" value=\"\" type=\"email\" name=\"your-email\" \/><\/span><\/label>\n\t\t\t<\/p>\n\t\t<\/div>\n\t<\/div>\n\t<div class=\"trx_addons_columns_wrap\">\n\t\t<div class=\"trx_addons_column-1_1\">\n\t\t\t<p><label class=\"sc_form_field\"><br \/>\n<span class=\"wpcf7-form-control-wrap\" data-name=\"subject\"><input size=\"40\" maxlength=\"400\" class=\"wpcf7-form-control wpcf7-text wpcf7-validates-as-required\" aria-required=\"true\" aria-invalid=\"false\" placeholder=\"Ciudad\" value=\"\" type=\"text\" name=\"subject\" \/><\/span><\/label>\n\t\t\t<\/p>\n\t\t<\/div>\n\t<\/div>\n\t<div class=\"trx_addons_columns_wrap\">\n\t\t<div class=\"trx_addons_column-1_1\">\n\t\t\t<p><label class=\"sc_form_field\"><br \/>\n<span class=\"wpcf7-form-control-wrap\" data-name=\"subject\"><input size=\"40\" maxlength=\"400\" class=\"wpcf7-form-control wpcf7-text wpcf7-validates-as-required\" aria-required=\"true\" aria-invalid=\"false\" placeholder=\"Pa\u00eds\" value=\"\" type=\"text\" name=\"subject\" \/><\/span><\/label>\n\t\t\t<\/p>\n\t\t<\/div>\n\t<\/div>\n\t<div class=\"trx_addons_columns_wrap\">\n\t\t<div class=\"trx_addons_column-1_1\">\n\t\t\t<p><label class=\"sc_form_field\"><br \/>\n<span class=\"wpcf7-form-control-wrap\" data-name=\"message\"><textarea cols=\"40\" rows=\"10\" maxlength=\"2000\" class=\"wpcf7-form-control wpcf7-textarea\" aria-invalid=\"false\" placeholder=\"Mensaje\" name=\"message\"><\/textarea><\/span><\/label>\n\t\t\t<\/p>\n\t\t<\/div>\n\t<\/div>\n\t<p><span class=\"wpcf7-form-control-wrap kc_captcha\" data-name=\"kc_captcha\"><span class=\"wpcf7-form-control wpcf7-radio\"><span class=\"captcha-image\" ><span class=\"cf7ic_instructions\">Please prove you are human by selecting the<span> key<\/span>.<\/span><label><input aria-label=\"1\" type=\"radio\" name=\"kc_captcha\" value=\"bot\" \/><svg aria-hidden=\"true\" role=\"img\" xmlns=\"http:\/\/www.w3.org\/2000\/svg\" viewBox=\"0 0 576 512\"><path fill=\"currentColor\" d=\"M259 18l-65 132-146 22c-26 3-37 36-18 54l106 103-25 146c-5 26 23 46 46 33l131-68 131 68c23 13 51-7 46-33l-25-146 106-103c19-18 8-51-18-54l-146-22-65-132a32 32 0 00-58 0z\"\/><\/svg><\/label><label><input aria-label=\"2\" type=\"radio\" name=\"kc_captcha\" value=\"bot\" \/><svg aria-hidden=\"true\" role=\"img\" xmlns=\"http:\/\/www.w3.org\/2000\/svg\" viewBox=\"0 0 512 512\"><path fill=\"currentColor\" d=\"M500 168h-55l-8-21a127 127 0 00-120-83H195a127 127 0 00-120 83l-8 21H12c-8 0-14 8-11 16l8 24a12 12 0 0011 8h29a64 64 0 00-33 56v48c0 16 6 31 16 42v62c0 13 11 24 24 24h48c13 0 24-11 24-24v-40h256v40c0 13 11 24 24 24h48c13 0 24-11 24-24v-62c10-11 16-26 16-42v-48c0-24-13-45-33-56h29a12 12 0 0011-8l8-24c3-8-3-16-11-16zm-365 2c9-25 33-42 60-42h122c27 0 51 17 60 42l15 38H120l15-38zM88 328a32 32 0 010-64c18 0 48 30 48 48s-30 16-48 16zm336 0c-18 0-48 2-48-16s30-48 48-48 32 14 32 32-14 32-32 32z\"\/><\/svg><\/label><label><input aria-label=\"3\" type=\"radio\" name=\"kc_captcha\" value=\"kc_human\" \/><svg aria-hidden=\"true\" role=\"img\" xmlns=\"http:\/\/www.w3.org\/2000\/svg\" viewBox=\"0 0 512 512\"><path fill=\"currentColor\" d=\"M512 176a176 176 0 01-209 173l-24 27a24 24 0 01-18 8h-37v40c0 13-11 24-24 24h-40v40c0 13-11 24-24 24H24c-13 0-24-11-24-24v-78c0-6 3-13 7-17l162-162a176 176 0 11343-55zm-176-48a48 48 0 1096 0 48 48 0 00-96 0z\"\/><\/svg><\/label>\r\n    <\/span>\r\n    <span style=\"display:none\">\r\n        <input type=\"text\" name=\"kc_honeypot\">\r\n    <\/span><\/span><\/span>\n\t<\/p>\n\t<div>\n\t\t<p><span class=\"wpcf7-form-control-wrap\" data-name=\"acceptance-413\"><span class=\"wpcf7-form-control wpcf7-acceptance\"><span class=\"wpcf7-list-item\"><label><input type=\"checkbox\" name=\"acceptance-413\" value=\"1\" aria-invalid=\"false\" \/><span class=\"wpcf7-list-item-label\"><a href=\"https:\/\/www.juliet-laser.com\/es\/politica-de-privacidad\/\" target=\"_blank\"><strong>Pol\u00edtica de privacidad.<\/strong><\/a> Bandera para enviar el mensaje.<\/span><\/label><\/span><\/span><\/span>\n\t\t<\/p>\n\t<\/div>\n\t<div class=\"\">\n\t\t<p><input class=\"wpcf7-form-control wpcf7-submit has-spinner\" type=\"submit\" value=\"Env\u00eda el mensaje\" \/>\n\t\t<\/p>\n\t<\/div>\n<\/div><div class=\"wpcf7-response-output\" aria-hidden=\"true\"><\/div>\n<\/form>\n<\/div>\n[vc_empty_space height=\u00bb17px\u00bb alter_height=\u00bbnone\u00bb hide_on_desktop=\u00bb1&#8243; hide_on_notebook=\u00bb1&#8243; hide_on_tablet=\u00bb\u00bb hide_on_mobile=\u00bb\u00bb][vc_empty_space height=\u00bb51px\u00bb alter_height=\u00bbnone\u00bb hide_on_desktop=\u00bb\u00bb hide_on_notebook=\u00bb\u00bb hide_on_tablet=\u00bb1&#8243; hide_on_mobile=\u00bb1&#8243;][\/vc_column_inner][vc_column_inner width=\u00bb1\/6&#8243;][\/vc_column_inner][\/vc_row_inner][\/vc_column][vc_column width=\u00bb2\/12&#8243;][\/vc_column][\/vc_row][vc_row][vc_column width=\u00bb1\/6&#8243;][\/vc_column][vc_column width=\u00bb1\/3&#8243;]<div id=\"widget_contacts_1868661821\" class=\"widget_area sc_widget_contacts vc_widget_contacts wpb_content_element  vc_custom_1647280068403\"><aside id=\"widget_contacts_1868661821_widget\" class=\"widget widget_contacts\"><h5 class=\"widget_title\">Asclepion Laser Technologies GmbH<\/h5><div class=\"contacts_wrap\"><div class=\"contacts_info\"><span class=\"contacts_address\">Br\u00fcsseler Str. 10 - 07747 Jena - Allemania<\/span><span class=\"contacts_email\"><a href=\"mailto:&#105;n&#102;&#111;&#64;ascl&#101;pio&#110;.&#99;om\">&#105;n&#102;o&#64;&#97;&#115;&#99;&#108;ep&#105;on&#46;co&#109;<\/a><\/span><a href=\"tel:+49036417700100\" class=\"contacts_phone\">+49 (0) 3641 7700 100<\/a><\/div><div class=\"contacts_socials socials_wrap\"><a target=\"_blank\" href=\"https:\/\/www.facebook.com\/julietlaser\" class=\"social_item social_item_style_icons social_item_type_icons\"><span class=\"social_icon social_icon_facebook\"><span class=\"icon-facebook\"><\/span><\/span><\/a><a target=\"_blank\" href=\"https:\/\/www.instagram.com\/julietlaserofficial\/\" class=\"social_item social_item_style_icons social_item_type_icons\"><span class=\"social_icon social_icon_instagramm\"><span class=\"icon-instagramm\"><\/span><\/span><\/a><a target=\"_blank\" href=\"https:\/\/www.youtube.com\/channel\/UC1MONl3BY8XvxxWb2qrLSaA\" class=\"social_item social_item_style_icons social_item_type_icons\"><span class=\"social_icon social_icon_youtube\"><span class=\"icon-youtube\"><\/span><\/span><\/a><\/div><\/div><!-- \/.contacts_wrap --><\/aside><\/div>[\/vc_column][vc_column width=\u00bb1\/4&#8243;][vc_empty_space height=\u00bb128px\u00bb hide_on_desktop=\u00bb\u00bb hide_on_notebook=\u00bb\u00bb hide_on_tablet=\u00bb\u00bb hide_on_mobile=\u00bb\u00bb][vc_empty_space height=\u00bb512px\u00bb hide_on_desktop=\u00bb\u00bb hide_on_notebook=\u00bb\u00bb hide_on_tablet=\u00bb\u00bb hide_on_mobile=\u00bb\u00bb][vc_empty_space height=\u00bb512px\u00bb hide_on_desktop=\u00bb\u00bb hide_on_notebook=\u00bb\u00bb hide_on_tablet=\u00bb\u00bb hide_on_mobile=\u00bb\u00bb][vc_empty_space height=\u00bb512px\u00bb hide_on_desktop=\u00bb\u00bb hide_on_notebook=\u00bb\u00bb hide_on_tablet=\u00bb\u00bb hide_on_mobile=\u00bb\u00bb][vc_empty_space height=\u00bb512px\u00bb hide_on_desktop=\u00bb\u00bb hide_on_notebook=\u00bb\u00bb hide_on_tablet=\u00bb\u00bb hide_on_mobile=\u00bb\u00bb]<div id=\"sc_title_572724208\"\n\t\tclass=\"sc_title color_style_default sc_title_default  vc_custom_1647280101464\"><h6 class=\"sc_item_subtitle sc_title_subtitle sc_align_center sc_item_title_style_default\">Para obtener m\u00e1s informaci\u00f3n sobre los dispositivos l\u00e1ser de Asclepion, visite nuestro sitio web<\/h6><\/div><!-- \/.sc_title -->[vc_empty_space height=\u00bb512px\u00bb hide_on_desktop=\u00bb\u00bb hide_on_notebook=\u00bb\u00bb hide_on_tablet=\u00bb\u00bb hide_on_mobile=\u00bb\u00bb]<div class=\"sc_item_button sc_button_wrap sc_align_center\"><a href=\"https:\/\/asclepion.com\/?lang=es\" id=\"sc_button_311411001\" class=\"sc_button color_style_default sc_button_default  vc_custom_1654091768260 sc_button_size_small sc_button_icon_left\" target=\"_blank\"><span class=\"sc_button_text sc_align_center\"><span class=\"sc_button_title\">asclepion.com<\/span><\/span><!-- \/.sc_button_text --><\/a><!-- \/.sc_button --><\/div><!-- \/.sc_item_button -->[\/vc_column][\/vc_row][vc_row][vc_column][\/vc_column][\/vc_row]<\/p>\n<\/div>","protected":false},"excerpt":{"rendered":"<p>[vc_row hide_bg_image_on_tablet=\u00bb\u00bb hide_bg_image_on_mobile=\u00bb\u00bb css=\u00bb.vc_custom_1639908593855{margin-top: -70px !important;}\u00bb][vc_column width=\u00bb2\/12&#8243;][\/vc_column][vc_column width=\u00bb8\/12&#8243; hide_bg_image_on_tablet=\u00bb\u00bb hide_bg_image_on_mobile=\u00bb\u00bb css=\u00bb.vc_custom_1512654716133{padding-right: 15px !important;padding-left: 15px !important;}\u00bb][vc_row_inner hide_bg_image_on_tablet=\u00bb\u00bb hide_bg_image_on_mobile=\u00bb\u00bb css=\u00bb.vc_custom_1523894097529{margin-right: 0px !important;margin-left: 0px !important;padding-right: 15px !important;padding-left: 15px !important;background-color: #eeccc7 !important;}\u00bb][vc_column_inner width=\u00bb1\/6&#8243;][\/vc_column_inner][vc_column_inner width=\u00bb2\/3&#8243; hide_bg_image_on_tablet=\u00bb\u00bb hide_bg_image_on_mobile=\u00bb\u00bb css=\u00bb.vc_custom_1510765513818{padding-right: 0px !important;padding-left: 0px !important;}\u00bb][vc_empty_space height=\u00bb30px\u00bb alter_height=\u00bbnone\u00bb hide_on_desktop=\u00bb1&#8243; hide_on_notebook=\u00bb1&#8243; hide_on_tablet=\u00bb\u00bb hide_on_mobile=\u00bb\u00bb][vc_empty_space height=\u00bb17px\u00bb alter_height=\u00bbnone\u00bb hide_on_desktop=\u00bb1&#8243; hide_on_notebook=\u00bb1&#8243; hide_on_tablet=\u00bb\u00bb hide_on_mobile=\u00bb\u00bb][vc_empty_space height=\u00bb51px\u00bb alter_height=\u00bbnone\u00bb hide_on_desktop=\u00bb\u00bb hide_on_notebook=\u00bb\u00bb hide_on_tablet=\u00bb1&#8243; hide_on_mobile=\u00bb1&#8243;][\/vc_column_inner][vc_column_inner width=\u00bb1\/6&#8243;][\/vc_column_inner][\/vc_row_inner][\/vc_column][vc_column width=\u00bb2\/12&#8243;][\/vc_column][\/vc_row][vc_row][vc_column width=\u00bb1\/6&#8243;][\/vc_column][vc_column width=\u00bb1\/3&#8243;][\/vc_column][vc_column width=\u00bb1\/4&#8243;][vc_empty_space&hellip;<\/p>\n","protected":false},"author":1,"featured_media":0,"parent":0,"menu_order":0,"comment_status":"closed","ping_status":"closed","template":"","meta":{"footnotes":""},"class_list":["post-6739","page","type-page","status-publish","hentry"],"_links":{"self":[{"href":"https:\/\/www.juliet-laser.com\/es\/wp-json\/wp\/v2\/pages\/6739","targetHints":{"allow":["GET"]}}],"collection":[{"href":"https:\/\/www.juliet-laser.com\/es\/wp-json\/wp\/v2\/pages"}],"about":[{"href":"https:\/\/www.juliet-laser.com\/es\/wp-json\/wp\/v2\/types\/page"}],"author":[{"embeddable":true,"href":"https:\/\/www.juliet-laser.com\/es\/wp-json\/wp\/v2\/users\/1"}],"replies":[{"embeddable":true,"href":"https:\/\/www.juliet-laser.com\/es\/wp-json\/wp\/v2\/comments?post=6739"}],"version-history":[{"count":8,"href":"https:\/\/www.juliet-laser.com\/es\/wp-json\/wp\/v2\/pages\/6739\/revisions"}],"predecessor-version":[{"id":8209,"href":"https:\/\/www.juliet-laser.com\/es\/wp-json\/wp\/v2\/pages\/6739\/revisions\/8209"}],"wp:attachment":[{"href":"https:\/\/www.juliet-laser.com\/es\/wp-json\/wp\/v2\/media?parent=6739"}],"curies":[{"name":"wp","href":"https:\/\/api.w.org\/{rel}","templated":true}]}}