{"id":6705,"date":"2018-03-02T11:06:07","date_gmt":"2018-03-02T11:06:07","guid":{"rendered":"https:\/\/www.juliet-laser.com\/frequently-asked-question-sur-juliet-laser\/"},"modified":"2022-06-01T13:51:22","modified_gmt":"2022-06-01T13:51:22","slug":"frequently-asked-question-de-juliet-laser","status":"publish","type":"page","link":"https:\/\/www.juliet-laser.com\/es\/frequently-asked-question-de-juliet-laser\/","title":{"rendered":"F.A.Q. de Juliet"},"content":{"rendered":"<div class=\"wpb-content-wrapper\"><p>[vc_row hide_bg_image_on_tablet=\u00bb\u00bb hide_bg_image_on_mobile=\u00bb\u00bb css=\u00bb.vc_custom_1639908546690{margin-top: -70px !important;}\u00bb][vc_column]<div id=\"sc_title_1003409475\"\n\t\tclass=\"sc_title color_style_default sc_title_default\"><h6 class=\"sc_item_subtitle sc_title_subtitle sc_align_center sc_item_title_style_default\">Preguntas frecuentes sobre Juliet Laser<\/h6><h4 class=\"sc_item_title sc_title_title sc_align_center sc_item_title_style_default sc_item_title_tag\">FREQUENTLY ASKED QUESTIONS<\/h4><\/div><!-- \/.sc_title -->[vc_empty_space height=\u00bb\u00bb alter_height=\u00bbmedium\u00bb hide_on_desktop=\u00bb\u00bb hide_on_notebook=\u00bb\u00bb hide_on_tablet=\u00bb\u00bb hide_on_mobile=\u00bb\u00bb]<div  id=\"sc_price_443236202\" \n\tclass=\"sc_price color_style_default sc_price_default\"><div class=\"sc_price_columns_wrap sc_item_columns trx_addons_columns_wrap columns_padding_bottom\"><div class=\"trx_addons_column-1_3\"><div class=\"sc_price_item sc_price_item_default with_image with_bg_color\" style=\"background-color:#ffffff;\">\n\t\t\t\t\t\t\t<div class=\"sc_price_item_mask\"><\/div>\n\t\t\t\t<div class=\"sc_price_item_inner\">\n\t\t\t\t<div class=\"sc_price_item_info\"><h4 class=\"sc_price_item_title_\"><span>\u00bfQu\u00e9 es el tratamiento Juliet?<\/span><\/h4><div class=\"sc_price_item_details\"><ul class=\"trx_addons_list trx_addons_list_dot\" style=\"text-align:left\">\n<li>Juliet representa un tratamiento r\u00e1pido, indoloro y m\u00ednimamente invasivo para las molestias \u00edntimas de las mujeres y puede usarse para tratar muchos de los s\u00edntomas desagradables que puede experimentar, como picaz\u00f3n genital, irritaci\u00f3n, lubricaci\u00f3n vaginal deficiente, sequedad vaginal e incluso dolor durante el coito.\nJuliet es un tratamiento revolucionario que ya cambi\u00f3 la vida de miles de mujeres en todo el mundo .<\/li><\/div><\/div><!-- \/.sc_price_item_info --><\/div><!-- \/.sc_price_item_inner --><\/div><\/div><div class=\"trx_addons_column-1_3\"><div class=\"sc_price_item sc_price_item_default with_image with_bg_color\" style=\"background-color:#eecdc8;\">\n\t\t\t\t\t\t\t<div class=\"sc_price_item_mask\"><\/div>\n\t\t\t\t<div class=\"sc_price_item_inner\">\n\t\t\t\t<div class=\"sc_price_item_info\"><h4 class=\"sc_price_item_title_\"><span>\u00bfQu\u00e9 significa &quot;rejuvenecimiento vaginal&quot;?<\/span><\/h4><div class=\"sc_price_item_details\"><ul class=\"trx_addons_list trx_addons_list_dot\" style=\"text-align:left\">\n<li>El rejuvenecimiento vaginal no pretende ser solo un tratamiento est\u00e9tico. Un tratamiento con l\u00e1ser Juliet conduce no solo a un endurecimiento de las paredes vaginales internas (a menudo denominado \"rejuvenecimiento\"), sino que tambi\u00e9n implica cambios funcionales espec\u00edficos, por ejemplo, la recuperaci\u00f3n de la funcionalidad al tratar la incontinencia urinaria de esfuerzo y tambi\u00e9n la restauraci\u00f3n del tejido metabolismo en el caso de atrofia vaginal.<\/li><\/div><\/div><!-- \/.sc_price_item_info --><\/div><!-- \/.sc_price_item_inner --><\/div><\/div><div class=\"trx_addons_column-1_3\"><div class=\"sc_price_item sc_price_item_default with_image with_bg_color\" style=\"background-color:#ffffff;\">\n\t\t\t\t\t\t\t<div class=\"sc_price_item_mask\"><\/div>\n\t\t\t\t<div class=\"sc_price_item_inner\">\n\t\t\t\t<div class=\"sc_price_item_info\"><h4 class=\"sc_price_item_title_\"><span>\u00bfC\u00f3mo funciona el tratamiento Juliet?<\/span><\/h4><div class=\"sc_price_item_details\"><ul class=\"trx_addons_list trx_addons_list_dot\" style=\"text-align:left\">\n<li>El tratamiento con l\u00e1ser Juliet mejora la salud ginecol\u00f3gica de la mujer gracias a un tratamiento m\u00ednimamente invasivo, cuyo objetivo es la estimulaci\u00f3n de la producci\u00f3n de nuevo col\u00e1geno y elastina, junto con una mejor vascularizaci\u00f3n de la mucosa vaginal. De manera similar al procedimiento utilizado para el rejuvenecimiento facial, el tratamiento con l\u00e1ser Juliet utiliza energ\u00eda lum\u00ednica para entregar energ\u00eda suavemente al tejido y estimularlo para que produzca nuevo col\u00e1geno. La longitud de onda especial Erbium: YAG utilizada para el tratamiento permite llegar a las capas submucosas (l\u00e1mina propia), ricas en col\u00e1geno que se pueden estimular \u201cselectivamente\u201d, es decir, sin da\u00f1ar el tejido circundante.<\/li>\n<\/div><\/div><!-- \/.sc_price_item_info --><\/div><!-- \/.sc_price_item_inner --><\/div><\/div><div class=\"trx_addons_column-1_3\"><div class=\"sc_price_item sc_price_item_default with_image with_bg_color\" style=\"background-color:#eecdc8;\">\n\t\t\t\t\t\t\t<div class=\"sc_price_item_mask\"><\/div>\n\t\t\t\t<div class=\"sc_price_item_inner\">\n\t\t\t\t<div class=\"sc_price_item_info\"><h4 class=\"sc_price_item_title_\"><span>\u00bfC\u00f3mo se realiza el tratamiento de Juliet?<\/span><\/h4><div class=\"sc_price_item_details\"><ul class=\"trx_addons_list trx_addons_list_dot\" style=\"text-align:left\">\n<li>El procedimiento es muy similar a su revisi\u00f3n anual. Su m\u00e9dico insertar\u00e1 la punta del l\u00e1ser y la energ\u00eda del l\u00e1ser se administrar\u00e1 en forma de pulsos. Todo el procedimiento solo toma unos minutos y es r\u00e1pido, indoloro y discreto y lo realiza su m\u00e9dico en una pr\u00e1ctica m\u00e9dica. No se requiere anestesia (ya que no se realizan incisiones ni suturas), sin embargo, se puede aplicar un anest\u00e9sico t\u00f3pico si es necesario.<\/li><\/div><\/div><!-- \/.sc_price_item_info --><\/div><!-- \/.sc_price_item_inner --><\/div><\/div><div class=\"trx_addons_column-1_3\"><div class=\"sc_price_item sc_price_item_default with_image with_bg_color\" style=\"background-color:#ffffff;\">\n\t\t\t\t\t\t\t<div class=\"sc_price_item_mask\"><\/div>\n\t\t\t\t<div class=\"sc_price_item_inner\">\n\t\t\t\t<div class=\"sc_price_item_info\"><h4 class=\"sc_price_item_title_\"><span>\u00bfCu\u00e1ndo puedo esperar los resultados?<\/span><\/h4><div class=\"sc_price_item_details\"><ul class=\"trx_addons_list trx_addons_list_dot\" style=\"text-align:left\">\n<li>El tratamiento con l\u00e1ser Juliet permite restaurar el metabolismo del tejido conectivo y mejorar el estado de la mucosa. Esto se traduce en una atenuaci\u00f3n de los s\u00edntomas que se puede observar inmediatamente despu\u00e9s de la primera sesi\u00f3n. Esta acci\u00f3n contin\u00faa su efecto beneficioso incluso despu\u00e9s de finalizado el tratamiento y, por esta raz\u00f3n, muchas mujeres informan de nuevas mejoras durante el primer mes posterior a la sesi\u00f3n.<\/li>\n<\/div><\/div><!-- \/.sc_price_item_info --><\/div><!-- \/.sc_price_item_inner --><\/div><\/div><div class=\"trx_addons_column-1_3\"><div class=\"sc_price_item sc_price_item_default with_image with_bg_color\" style=\"background-color:#eecdc8;\">\n\t\t\t\t\t\t\t<div class=\"sc_price_item_mask\"><\/div>\n\t\t\t\t<div class=\"sc_price_item_inner\">\n\t\t\t\t<div class=\"sc_price_item_info\"><h4 class=\"sc_price_item_title_\"><span>\u00bfEs doloroso el tratamiento?<\/span><\/h4><div class=\"sc_price_item_details\"><ul class=\"trx_addons_list trx_addons_list_dot\" style=\"text-align:left\">\n<li>No, el tratamiento no es nada doloroso y no requiere anestesia. Si es necesario, se puede aplicar un anest\u00e9sico t\u00f3pico suave.<\/li><\/div><\/div><!-- \/.sc_price_item_info --><\/div><!-- \/.sc_price_item_inner --><\/div><\/div><div class=\"trx_addons_column-1_3\"><div class=\"sc_price_item sc_price_item_default with_image with_bg_color\" style=\"background-color:#ffffff;\">\n\t\t\t\t\t\t\t<div class=\"sc_price_item_mask\"><\/div>\n\t\t\t\t<div class=\"sc_price_item_inner\">\n\t\t\t\t<div class=\"sc_price_item_info\"><h4 class=\"sc_price_item_title_\"><span>Cuantas sesiones son necesarias?<\/span><\/h4><div class=\"sc_price_item_details\"><ul class=\"trx_addons_list trx_addons_list_dot\" style=\"text-align:left\">\n<li>En la mayor\u00eda de los casos, se pueden obtener resultados satisfactorios despu\u00e9s de la primera sesi\u00f3n. Se recomienda una segunda sesi\u00f3n despu\u00e9s de algunas semanas para mantener los resultados en el tiempo. Seg\u00fan la anamnesis individual, se puede recomendar un tratamiento de seguimiento una vez al a\u00f1o.<\/li><\/div><\/div><!-- \/.sc_price_item_info --><\/div><!-- \/.sc_price_item_inner --><\/div><\/div><div class=\"trx_addons_column-1_3\"><div class=\"sc_price_item sc_price_item_default with_image with_bg_color\" style=\"background-color:#eecdc8;\">\n\t\t\t\t\t\t\t<div class=\"sc_price_item_mask\"><\/div>\n\t\t\t\t<div class=\"sc_price_item_inner\">\n\t\t\t\t<div class=\"sc_price_item_info\"><h4 class=\"sc_price_item_title_\"><span>\u00bfEs el tratamiento con l\u00e1ser Juliet el adecuado para m\u00ed?<\/span><\/h4><div class=\"sc_price_item_details\"><ul class=\"trx_addons_list trx_addons_list_dot\" style=\"text-align:left\">\n<li>Juliet es el tratamiento adecuado para todas las mujeres que experimentan s\u00edntomas desagradables y buscan un procedimiento r\u00e1pido, no quir\u00fargico y discreto. Es especialmente recomendable para mujeres que est\u00e1n pasando por la menopausia, que acaban de dar a luz, que han sido sometidas a quimioterapia y \/ o cirug\u00eda oncol\u00f3gica, que quieren combatir o prevenir enfermedades del suelo p\u00e9lvico, que quieren mejorar la calidad de su vida sexual. Para evaluar si se aplica alguna contraindicaci\u00f3n para su caso espec\u00edfico, solo solicite una consulta gratuita a nuestros especialistas.<\/li><\/div><\/div><!-- \/.sc_price_item_info --><\/div><!-- \/.sc_price_item_inner --><\/div><\/div><div class=\"trx_addons_column-1_3\"><div class=\"sc_price_item sc_price_item_default with_image with_bg_color\" style=\"background-color:#ffffff;\">\n\t\t\t\t\t\t\t<div class=\"sc_price_item_mask\"><\/div>\n\t\t\t\t<div class=\"sc_price_item_inner\">\n\t\t\t\t<div class=\"sc_price_item_info\"><h4 class=\"sc_price_item_title_\"><span>\u00bfPuedo someterme al tratamiento en caso de c\u00e1ncer de mama?<\/span><\/h4><div class=\"sc_price_item_details\"><ul class=\"trx_addons_list trx_addons_list_dot\" style=\"text-align:left\">\n<li>El tratamiento con Juliet ha demostrado ser capaz de mejorar dr\u00e1sticamente varias afecciones despu\u00e9s de la terapia contra el c\u00e1ncer de mama. Para evaluar si se aplica alguna contraindicaci\u00f3n para su caso espec\u00edfico, solo solicite una consulta gratuita a nuestros especialistas, ellos estar\u00e1n encantados de brindarle toda la informaci\u00f3n relacionada.<\/li>\n\n<\/div><\/div><!-- \/.sc_price_item_info --><\/div><!-- \/.sc_price_item_inner --><\/div><\/div><div class=\"trx_addons_column-1_3\"><div class=\"sc_price_item sc_price_item_default with_image with_bg_color\" style=\"background-color:#eecdc8;\">\n\t\t\t\t\t\t\t<div class=\"sc_price_item_mask\"><\/div>\n\t\t\t\t<div class=\"sc_price_item_inner\">\n\t\t\t\t<div class=\"sc_price_item_info\"><h4 class=\"sc_price_item_title_\"><span>\u00bfCu\u00e1les son las instrucciones posteriores al tratamiento que se deben seguir?<\/span><\/h4><div class=\"sc_price_item_details\"><ul class=\"trx_addons_list trx_addons_list_dot\" style=\"text-align:left\">\n<li>Se recomienda durante los primeros tres d\u00edas despu\u00e9s del tratamiento abstenerse de relaciones sexuales, ejercicio f\u00edsico intenso y actividades deportivas como nataci\u00f3n o sauna.<\/li>\n<\/div><\/div><!-- \/.sc_price_item_info --><\/div><!-- \/.sc_price_item_inner --><\/div><\/div><div class=\"trx_addons_column-1_3\"><div class=\"sc_price_item sc_price_item_default with_image with_bg_color\" style=\"background-color:#ffffff;\">\n\t\t\t\t\t\t\t<div class=\"sc_price_item_mask\"><\/div>\n\t\t\t\t<div class=\"sc_price_item_inner\">\n\t\t\t\t<div class=\"sc_price_item_info\"><h4 class=\"sc_price_item_title_\"><span>\u00bfC\u00f3mo puedo encontrar la cl\u00ednica m\u00e1s cercana que realice el tratamiento Juliet?<\/span><\/h4><div class=\"sc_price_item_details\"><ul class=\"trx_addons_list trx_addons_list_dot\" style=\"text-align:left\">\n<li>Pruebe nuestro <a style=\"font-weight:bold\" href=\"https:\/\/www.juliet-laser.com\/es\/localizador-de-clinicas\/\">Localizador de Cl\u00ednicas<\/a> para encontrar la cl\u00ednica m\u00e1s cercana. \u00bfNo encontraste tu cl\u00ednica? \u00a1Cont\u00e1ctanos!<\/li>\n<\/div><\/div><!-- \/.sc_price_item_info --><\/div><!-- \/.sc_price_item_inner --><\/div><\/div><div class=\"trx_addons_column-1_3\"><div class=\"sc_price_item sc_price_item_default with_image with_bg_color\" style=\"background-color:#eecdc8;\">\n\t\t\t\t\t\t\t<div class=\"sc_price_item_mask\"><\/div>\n\t\t\t\t<div class=\"sc_price_item_inner\">\n\t\t\t\t<div class=\"sc_price_item_info\"><h4 class=\"sc_price_item_title_\"><span>\u00bfCu\u00e1nto cuesta el procedimiento?<\/span><\/h4><div class=\"sc_price_item_details\"><ul class=\"trx_addons_list trx_addons_list_dot\" style=\"text-align:left\">\n<li>Los precios var\u00edan en funci\u00f3n de la indicaci\u00f3n, el n\u00famero de sesiones necesarios seg\u00fan la condici\u00f3n individual y la cl\u00ednica. Solicite asesoramiento individual a nuestros especialistas.<\/li><\/div><\/div><!-- \/.sc_price_item_info --><\/div><!-- \/.sc_price_item_inner --><\/div><\/div><\/div><\/div><!-- \/.sc_price -->[\/vc_column][\/vc_row][vc_row][vc_column hide_bg_image_on_tablet=\u00bb\u00bb hide_bg_image_on_mobile=\u00bb\u00bb css=\u00bb.vc_custom_1609761567577{margin-top: 100px !important;}\u00bb]<div class=\"sc_layouts sc_layouts_default sc_layouts_6251  vc_custom_1609761546258\">[vc_row][vc_column width=\"1\/12\" icons_position=\"left\" offset=\"vc_hidden-sm vc_hidden-xs\"][\/vc_column][vc_column hide_bg_image_on_tablet=\"\" hide_bg_image_on_mobile=\"\" column_align=\"center\" icons_position=\"left\" offset=\"vc_col-md-10\"]<div  id=\"sc_promo_486325854\" \n\tclass=\"sc_promo color_style_default scheme_default sc_promo_default  vc_custom_1646677588716 sc_promo_size_normal sc_promo_no_paddings sc_promo_image_position_right\"><div class=\"sc_promo_image\" style=\"background-image:url(https:\/\/www.juliet-laser.com\/wp-content\/uploads\/2017\/11\/Juliet-tratment-questions-common-faqs.jpg);width:50%;right: 0;\"><\/div><div class=\"sc_promo_text\" style=\"width: 50%;float: left;\">\n\t\t\t<div class=\"sc_promo_text_inner sc_content_width_50%\" style=\"\"><h3 class=\"sc_item_title sc_promo_title sc_align_center sc_item_title_style_default sc_item_title_tag\">\u00bfPREGUNTAS?<\/h3><div class=\"sc_item_descr sc_promo_descr sc_align_center\"><p>\u00a1Tenemos las respuestas!<\/p>\n<\/div><div class=\"sc_promo_content sc_item_content\">\n<div class=\"wpcf7 no-js\" id=\"wpcf7-f7258-o1\" lang=\"en-US\" dir=\"ltr\" data-wpcf7-id=\"7258\">\n<div class=\"screen-reader-response\"><p role=\"status\" aria-live=\"polite\" aria-atomic=\"true\"><\/p> <ul><\/ul><\/div>\n<form action=\"\/es\/wp-json\/wp\/v2\/pages\/6705#wpcf7-f7258-o1\" method=\"post\" class=\"wpcf7-form init\" aria-label=\"Contact form\" novalidate=\"novalidate\" data-status=\"init\">\n<fieldset class=\"hidden-fields-container\"><input type=\"hidden\" name=\"_wpcf7\" value=\"7258\" \/><input type=\"hidden\" name=\"_wpcf7_version\" value=\"6.1.4\" \/><input type=\"hidden\" name=\"_wpcf7_locale\" value=\"en_US\" \/><input type=\"hidden\" name=\"_wpcf7_unit_tag\" value=\"wpcf7-f7258-o1\" \/><input type=\"hidden\" name=\"_wpcf7_container_post\" value=\"0\" \/><input type=\"hidden\" name=\"_wpcf7_posted_data_hash\" value=\"\" \/><input type=\"hidden\" name=\"_wpcf7_recaptcha_response\" value=\"\" \/>\n<\/fieldset>\n<div class=\"sc_form\">\n\t<div class=\"trx_addons_columns_wrap\">\n\t\t<div class=\"trx_addons_column-1_2\">\n\t\t\t<p><label class=\"sc_form_field\"><br \/>\n<span class=\"wpcf7-form-control-wrap\" data-name=\"first-name\"><input size=\"40\" maxlength=\"400\" class=\"wpcf7-form-control wpcf7-text wpcf7-validates-as-required\" aria-required=\"true\" aria-invalid=\"false\" placeholder=\"Nombre y apellido\" value=\"\" type=\"text\" name=\"first-name\" \/><\/span><\/label>\n\t\t\t<\/p>\n\t\t<\/div>\n\t\t<div class=\"trx_addons_column-1_2\">\n\t\t\t<p><label class=\"sc_form_field\"><br \/>\n<span class=\"wpcf7-form-control-wrap\" data-name=\"your-email\"><input size=\"40\" maxlength=\"400\" class=\"wpcf7-form-control wpcf7-email wpcf7-validates-as-required wpcf7-text wpcf7-validates-as-email\" aria-required=\"true\" aria-invalid=\"false\" placeholder=\"Tu correo electr\u00f3nico\" value=\"\" type=\"email\" name=\"your-email\" \/><\/span><\/label>\n\t\t\t<\/p>\n\t\t<\/div>\n\t<\/div>\n\t<div class=\"trx_addons_columns_wrap\">\n\t\t<div class=\"trx_addons_column-1_1\">\n\t\t\t<p><label class=\"sc_form_field\"><br \/>\n<span class=\"wpcf7-form-control-wrap\" data-name=\"subject\"><input size=\"40\" maxlength=\"400\" class=\"wpcf7-form-control wpcf7-text wpcf7-validates-as-required\" aria-required=\"true\" aria-invalid=\"false\" placeholder=\"Ciudad\" value=\"\" type=\"text\" name=\"subject\" \/><\/span><\/label>\n\t\t\t<\/p>\n\t\t<\/div>\n\t<\/div>\n\t<div class=\"trx_addons_columns_wrap\">\n\t\t<div class=\"trx_addons_column-1_1\">\n\t\t\t<p><label class=\"sc_form_field\"><br \/>\n<span class=\"wpcf7-form-control-wrap\" data-name=\"subject\"><input size=\"40\" maxlength=\"400\" class=\"wpcf7-form-control wpcf7-text wpcf7-validates-as-required\" aria-required=\"true\" aria-invalid=\"false\" placeholder=\"Pa\u00eds\" value=\"\" type=\"text\" name=\"subject\" \/><\/span><\/label>\n\t\t\t<\/p>\n\t\t<\/div>\n\t<\/div>\n\t<div class=\"trx_addons_columns_wrap\">\n\t\t<div class=\"trx_addons_column-1_1\">\n\t\t\t<p><label class=\"sc_form_field\"><br \/>\n<span class=\"wpcf7-form-control-wrap\" data-name=\"message\"><textarea cols=\"40\" rows=\"10\" maxlength=\"2000\" class=\"wpcf7-form-control wpcf7-textarea\" aria-invalid=\"false\" placeholder=\"Mensaje\" name=\"message\"><\/textarea><\/span><\/label>\n\t\t\t<\/p>\n\t\t<\/div>\n\t<\/div>\n\t<p><span class=\"wpcf7-form-control-wrap kc_captcha\" data-name=\"kc_captcha\"><span class=\"wpcf7-form-control wpcf7-radio\"><span class=\"captcha-image\" ><span class=\"cf7ic_instructions\">Please prove you are human by selecting the<span> plane<\/span>.<\/span><label><input aria-label=\"1\" type=\"radio\" name=\"kc_captcha\" value=\"bot\" \/><svg aria-hidden=\"true\" role=\"img\" xmlns=\"http:\/\/www.w3.org\/2000\/svg\" viewBox=\"0 0 512 512\"><path fill=\"currentColor\" d=\"M512 176a176 176 0 01-209 173l-24 27a24 24 0 01-18 8h-37v40c0 13-11 24-24 24h-40v40c0 13-11 24-24 24H24c-13 0-24-11-24-24v-78c0-6 3-13 7-17l162-162a176 176 0 11343-55zm-176-48a48 48 0 1096 0 48 48 0 00-96 0z\"\/><\/svg><\/label><label><input aria-label=\"2\" type=\"radio\" name=\"kc_captcha\" value=\"bot\" \/><svg aria-hidden=\"true\" role=\"img\" xmlns=\"http:\/\/www.w3.org\/2000\/svg\" viewBox=\"0 0 640 512\"><path fill=\"currentColor\" d=\"M624 352h-16V244c0-13-5-25-14-34L494 110c-9-9-21-14-34-14h-44V48c0-26-21-48-48-48H48C22 0 0 22 0 48v320c0 27 22 48 48 48h16a96 96 0 00192 0h128a96 96 0 00192 0h48c9 0 16-7 16-16v-32c0-9-7-16-16-16zM160 464a48 48 0 110-96 48 48 0 010 96zm320 0a48 48 0 110-96 48 48 0 010 96zm80-208H416V144h44l100 100v12z\"\/><\/svg><\/label><label><input aria-label=\"3\" type=\"radio\" name=\"kc_captcha\" value=\"kc_human\" \/><svg aria-hidden=\"true\" role=\"img\" xmlns=\"http:\/\/www.w3.org\/2000\/svg\" viewBox=\"0 0 576 512\"><path fill=\"currentColor\" d=\"M472 200H360L256 6a12 12 0 00-10-6h-58c-8 0-14 7-12 15l34 185H100l-35-58a12 12 0 00-10-6H12c-8 0-13 7-12 14l21 106L0 362c-1 7 4 14 12 14h43c4 0 8-2 10-6l35-58h110l-34 185c-2 8 4 15 12 15h58a12 12 0 0010-6l104-194h112c57 0 104-25 104-56s-47-56-104-56z\"\/><\/svg><\/label>\r\n    <\/span>\r\n    <span style=\"display:none\">\r\n        <input type=\"text\" name=\"kc_honeypot\">\r\n    <\/span><\/span><\/span>\n\t<\/p>\n\t<div>\n\t\t<p><span class=\"wpcf7-form-control-wrap\" data-name=\"acceptance-413\"><span class=\"wpcf7-form-control wpcf7-acceptance\"><span class=\"wpcf7-list-item\"><label><input type=\"checkbox\" name=\"acceptance-413\" value=\"1\" aria-invalid=\"false\" \/><span class=\"wpcf7-list-item-label\"><a href=\"https:\/\/www.juliet-laser.com\/es\/politica-de-privacidad\/\" target=\"_blank\"><strong>Pol\u00edtica de privacidad.<\/strong><\/a> Bandera para enviar el mensaje.<\/span><\/label><\/span><\/span><\/span>\n\t\t<\/p>\n\t<\/div>\n\t<div class=\"\">\n\t\t<p><input class=\"wpcf7-form-control wpcf7-submit has-spinner\" type=\"submit\" value=\"Env\u00eda el mensaje\" \/>\n\t\t<\/p>\n\t<\/div>\n<\/div><div class=\"wpcf7-response-output\" aria-hidden=\"true\"><\/div>\n<\/form>\n<\/div>\n<\/div><\/div>\n\t\t<\/div><!-- \/.sc_promo_text --><\/div><!-- \/.sc_promo -->[\/vc_column][vc_column width=\"1\/12\" icons_position=\"left\" offset=\"vc_hidden-sm vc_hidden-xs\"][\/vc_column][\/vc_row]<\/div>[\/vc_column][\/vc_row]<\/p>\n<\/div>","protected":false},"excerpt":{"rendered":"<p>[vc_row hide_bg_image_on_tablet=\u00bb\u00bb hide_bg_image_on_mobile=\u00bb\u00bb css=\u00bb.vc_custom_1639908546690{margin-top: -70px !important;}\u00bb][vc_column][vc_empty_space height=\u00bb\u00bb alter_height=\u00bbmedium\u00bb hide_on_desktop=\u00bb\u00bb hide_on_notebook=\u00bb\u00bb hide_on_tablet=\u00bb\u00bb hide_on_mobile=\u00bb\u00bb][\/vc_column][\/vc_row][vc_row][vc_column hide_bg_image_on_tablet=\u00bb\u00bb hide_bg_image_on_mobile=\u00bb\u00bb css=\u00bb.vc_custom_1609761567577{margin-top: 100px !important;}\u00bb][\/vc_column][\/vc_row]<\/p>\n","protected":false},"author":1,"featured_media":0,"parent":0,"menu_order":0,"comment_status":"closed","ping_status":"closed","template":"","meta":{"footnotes":""},"class_list":["post-6705","page","type-page","status-publish","hentry"],"_links":{"self":[{"href":"https:\/\/www.juliet-laser.com\/es\/wp-json\/wp\/v2\/pages\/6705","targetHints":{"allow":["GET"]}}],"collection":[{"href":"https:\/\/www.juliet-laser.com\/es\/wp-json\/wp\/v2\/pages"}],"about":[{"href":"https:\/\/www.juliet-laser.com\/es\/wp-json\/wp\/v2\/types\/page"}],"author":[{"embeddable":true,"href":"https:\/\/www.juliet-laser.com\/es\/wp-json\/wp\/v2\/users\/1"}],"replies":[{"embeddable":true,"href":"https:\/\/www.juliet-laser.com\/es\/wp-json\/wp\/v2\/comments?post=6705"}],"version-history":[{"count":4,"href":"https:\/\/www.juliet-laser.com\/es\/wp-json\/wp\/v2\/pages\/6705\/revisions"}],"predecessor-version":[{"id":7377,"href":"https:\/\/www.juliet-laser.com\/es\/wp-json\/wp\/v2\/pages\/6705\/revisions\/7377"}],"wp:attachment":[{"href":"https:\/\/www.juliet-laser.com\/es\/wp-json\/wp\/v2\/media?parent=6705"}],"curies":[{"name":"wp","href":"https:\/\/api.w.org\/{rel}","templated":true}]}}