{"id":6608,"date":"2020-12-04T11:20:49","date_gmt":"2020-12-04T11:20:49","guid":{"rendered":"https:\/\/www.juliet-laser.com\/perdita-di-elasticita-e-tono\/"},"modified":"2022-07-07T12:38:12","modified_gmt":"2022-07-07T12:38:12","slug":"perdida-de-elasticidad-y-tono","status":"publish","type":"page","link":"https:\/\/www.juliet-laser.com\/es\/perdida-de-elasticidad-y-tono\/","title":{"rendered":"P\u00e9rdida de elasticidad y tono"},"content":{"rendered":"<div class=\"wpb-content-wrapper\"><p>[vc_row hide_bg_image_on_tablet=\u00bb\u00bb hide_bg_image_on_mobile=\u00bb\u00bb css=\u00bb.vc_custom_1657197475957{margin-top: -70px !important;}\u00bb][vc_column width=\u00bb1\/6&#8243; hide_bg_image_on_tablet=\u00bb\u00bb hide_bg_image_on_mobile=\u00bb\u00bb css=\u00bb.vc_custom_1607099703154{margin-top: 30px !important;}\u00bb][\/vc_column][vc_column width=\u00bb2\/3&#8243; hide_bg_image_on_tablet=\u00bb\u00bb hide_bg_image_on_mobile=\u00bb\u00bb css=\u00bb.vc_custom_1607099730379{margin-top: 30px !important;}\u00bb][vc_column_text css=\u00bb.vc_custom_1657197483761{margin-top: -30px !important;}\u00bb]Una condici\u00f3n bastante com\u00fan generalmente asociada con el parto vaginal as\u00ed como con el envejecimiento natural es la p\u00e9rdida de elasticidad y tono, tambi\u00e9n conocido como Descensus Vaginae o S\u00edndrome de Relajaci\u00f3n Vaginal (VRS).<\/p>\n<p>El descenso de la vagina ocurre cuando, debido a factores como partos vaginales, debilidad del tejido conectivo, trabajo f\u00edsico pesado, procesos de envejecimiento y deficiencias hormonales, el tejido del suelo p\u00e9lvico se afloja, provocando un abultamiento de las paredes vaginales. Como consecuencia, las paredes vaginales se colapsan unas sobre otras.<\/p>\n<p>Los embarazos y partos contribuyen a un empeoramiento de la condici\u00f3n de VRS, al igual que el inicio de la menopausia, que causa una disminuci\u00f3n en los niveles hormonales y atrofia vaginal.[\/vc_column_text][vc_single_image image=\u00bb4971&#8243; img_size=\u00bbfull\u00bb css=\u00bb.vc_custom_1623690602794{margin-top: 20px !important;}\u00bb][vc_column_text css=\u00bb.vc_custom_1647085707313{margin-top: 32px !important;}\u00bb]La raz\u00f3n para aplicar el tratamiento con l\u00e1ser para el descenso leve de la vagina, que a menudo se experimenta como una vagina excesivamente ancha y puede conducir a una disminuci\u00f3n del placer sexual en una pareja, la mejora con el tratamiento es que tonifica el tejido conectivo y mejora la circulaci\u00f3n sangu\u00ednea en el epitelio vaginal.<\/p>\n<p>Esta acci\u00f3n contin\u00faa su efecto beneficioso incluso despu\u00e9s de finalizado el tratamiento y, por esta raz\u00f3n, muchas mujeres informan de nuevas mejoras durante el primer mes posterior a la sesi\u00f3n.[\/vc_column_text][\/vc_column][vc_column width=\u00bb1\/6&#8243;][\/vc_column][\/vc_row][vc_row][vc_column][vc_separator]<div class=\"sc_layouts sc_layouts_default sc_layouts_5953\">[vc_row full_width=\"stretch_row\" hide_bg_image_on_tablet=\"\" hide_bg_image_on_mobile=\"\" row_delimiter=\"\" hide_on_desktop=\"\" hide_on_notebook=\"\" hide_on_tablet=\"\" hide_on_mobile=\"\" hide_on_frontpage=\"\"][vc_column width=\"1\/6\" icons_position=\"left\" offset=\"vc_hidden-md\"][\/vc_column][vc_column hide_bg_image_on_tablet=\"\" hide_bg_image_on_mobile=\"\" icons_position=\"left\" offset=\"vc_col-lg-8\"][vc_widget_sidebar sidebar_id=\"custom_widgets_1\"][\/vc_column][vc_column width=\"1\/6\" hide_bg_image_on_tablet=\"\" hide_bg_image_on_mobile=\"\" icons_position=\"left\" offset=\"vc_hidden-md\"][\/vc_column][\/vc_row]<\/div>[vc_separator][\/vc_column][\/vc_row]<\/p>\n<\/div>","protected":false},"excerpt":{"rendered":"<p>[vc_row hide_bg_image_on_tablet=\u00bb\u00bb hide_bg_image_on_mobile=\u00bb\u00bb css=\u00bb.vc_custom_1657197475957{margin-top: -70px !important;}\u00bb][vc_column width=\u00bb1\/6&#8243; hide_bg_image_on_tablet=\u00bb\u00bb hide_bg_image_on_mobile=\u00bb\u00bb css=\u00bb.vc_custom_1607099703154{margin-top: 30px !important;}\u00bb][\/vc_column][vc_column width=\u00bb2\/3&#8243; hide_bg_image_on_tablet=\u00bb\u00bb hide_bg_image_on_mobile=\u00bb\u00bb css=\u00bb.vc_custom_1607099730379{margin-top: 30px !important;}\u00bb][vc_column_text css=\u00bb.vc_custom_1657197483761{margin-top: -30px !important;}\u00bb]Una condici\u00f3n bastante com\u00fan generalmente asociada con el parto vaginal as\u00ed como con el envejecimiento natural es la p\u00e9rdida de elasticidad y tono, tambi\u00e9n conocido como Descensus Vaginae o S\u00edndrome de Relajaci\u00f3n Vaginal (VRS). El descenso de la vagina ocurre&hellip;<\/p>\n","protected":false},"author":4,"featured_media":6610,"parent":0,"menu_order":0,"comment_status":"closed","ping_status":"closed","template":"","meta":{"footnotes":""},"class_list":["post-6608","page","type-page","status-publish","has-post-thumbnail","hentry"],"_links":{"self":[{"href":"https:\/\/www.juliet-laser.com\/es\/wp-json\/wp\/v2\/pages\/6608","targetHints":{"allow":["GET"]}}],"collection":[{"href":"https:\/\/www.juliet-laser.com\/es\/wp-json\/wp\/v2\/pages"}],"about":[{"href":"https:\/\/www.juliet-laser.com\/es\/wp-json\/wp\/v2\/types\/page"}],"author":[{"embeddable":true,"href":"https:\/\/www.juliet-laser.com\/es\/wp-json\/wp\/v2\/users\/4"}],"replies":[{"embeddable":true,"href":"https:\/\/www.juliet-laser.com\/es\/wp-json\/wp\/v2\/comments?post=6608"}],"version-history":[{"count":5,"href":"https:\/\/www.juliet-laser.com\/es\/wp-json\/wp\/v2\/pages\/6608\/revisions"}],"predecessor-version":[{"id":7731,"href":"https:\/\/www.juliet-laser.com\/es\/wp-json\/wp\/v2\/pages\/6608\/revisions\/7731"}],"wp:featuredmedia":[{"embeddable":true,"href":"https:\/\/www.juliet-laser.com\/es\/wp-json\/wp\/v2\/media\/6610"}],"wp:attachment":[{"href":"https:\/\/www.juliet-laser.com\/es\/wp-json\/wp\/v2\/media?parent=6608"}],"curies":[{"name":"wp","href":"https:\/\/api.w.org\/{rel}","templated":true}]}}