{"id":6552,"date":"2020-12-04T11:40:48","date_gmt":"2020-12-04T11:40:48","guid":{"rendered":"https:\/\/www.juliet-laser.com\/secheresse-vaginale-brulures-et-demangeaisons\/"},"modified":"2022-07-06T07:51:01","modified_gmt":"2022-07-06T07:51:01","slug":"sequedad-vaginal-ardor-y-picazon","status":"publish","type":"page","link":"https:\/\/www.juliet-laser.com\/es\/sequedad-vaginal-ardor-y-picazon\/","title":{"rendered":"Sequedad vaginal, ardor y picaz\u00f3n"},"content":{"rendered":"<div class=\"wpb-content-wrapper\"><p>[vc_row hide_bg_image_on_tablet=\u00bb\u00bb hide_bg_image_on_mobile=\u00bb\u00bb css=\u00bb.vc_custom_1657093838411{margin-top: -70px !important;}\u00bb][vc_column width=\u00bb1\/6&#8243; hide_bg_image_on_tablet=\u00bb\u00bb hide_bg_image_on_mobile=\u00bb\u00bb css=\u00bb.vc_custom_1607099703154{margin-top: 30px !important;}\u00bb][\/vc_column][vc_column width=\u00bb2\/3&#8243; hide_bg_image_on_tablet=\u00bb\u00bb hide_bg_image_on_mobile=\u00bb\u00bb css=\u00bb.vc_custom_1607099730379{margin-top: 30px !important;}\u00bb][vc_column_text css=\u00bb.vc_custom_1657093848825{margin-top: -30px !important;margin-bottom: 18px !important;}\u00bb]<\/p>\r\n<div class=\"team_member_content entry-content\">\r\n<p>La sequedad, ardor y picaz\u00f3n vaginales pueden tener muchas razones diferentes. Puede ser provocada por cambios hormonales como la menopausia o despu\u00e9s del parto y va de la mano de la p\u00e9rdida de elasticidad y tono.<\/p>\r\n<p>Estos a menudo est\u00e1n relacionados con la atrofia y parecen ser efectos secundarios comunes de esta dolencia especial. Afecta la calidad de vida de la mujer en el d\u00eda a d\u00eda, mientras que en realidad se puede tratar con terapias espec\u00edficas con una alta tasa de \u00e9xito.<\/p>\r\n<\/div>\r\n<p>[\/vc_column_text][vc_single_image image=\u00bb4938&#8243; img_size=\u00bbfull\u00bb add_caption=\u00bbyes\u00bb style=\u00bbvc_box_rounded\u00bb css=\u00bb.vc_custom_1623688512901{padding-top: 0px !important;}\u00bb][vc_column_text css=\u00bb.vc_custom_1647081954066{margin-top: 20px !important;}\u00bb]<\/p>\r\n<div class=\"team_member_content entry-content\">\r\n<p>Con el tratamiento con l\u00e1ser Juliet, las mujeres pueden superar su malestar en poco tiempo. Es libre de hormonas y completamente indoloro. El objetivo del tratamiento con l\u00e1ser es renovar el col\u00e1geno del tejido vaginal. Esto conduce a una atenuaci\u00f3n de los s\u00edntomas, que se puede observar inmediatamente despu\u00e9s de la primera sesi\u00f3n. La mucosa interna recupera elasticidad y lubricaci\u00f3n, ganando grosor y suavidad; el picor y la irritaci\u00f3n desaparecen. Esta acci\u00f3n contin\u00faa su efecto beneficioso incluso despu\u00e9s de finalizado el tratamiento y, por esta raz\u00f3n, muchas mujeres informan de nuevas mejoras durante el primer mes posterior a la sesi\u00f3n.<\/p>\r\n<\/div>\r\n<p>[\/vc_column_text][\/vc_column][vc_column width=\u00bb1\/6&#8243;][\/vc_column][\/vc_row][vc_row][vc_column][vc_separator]<div class=\"sc_layouts sc_layouts_default sc_layouts_5953\">[vc_row full_width=\"stretch_row\" hide_bg_image_on_tablet=\"\" hide_bg_image_on_mobile=\"\" row_delimiter=\"\" hide_on_desktop=\"\" hide_on_notebook=\"\" hide_on_tablet=\"\" hide_on_mobile=\"\" hide_on_frontpage=\"\"][vc_column width=\"1\/6\" icons_position=\"left\" offset=\"vc_hidden-md\"][\/vc_column][vc_column hide_bg_image_on_tablet=\"\" hide_bg_image_on_mobile=\"\" icons_position=\"left\" offset=\"vc_col-lg-8\"][vc_widget_sidebar sidebar_id=\"custom_widgets_1\"][\/vc_column][vc_column width=\"1\/6\" hide_bg_image_on_tablet=\"\" hide_bg_image_on_mobile=\"\" icons_position=\"left\" offset=\"vc_hidden-md\"][\/vc_column][\/vc_row]<\/div>[vc_separator][\/vc_column][\/vc_row]<\/p><\/div>","protected":false},"excerpt":{"rendered":"<p>[vc_row hide_bg_image_on_tablet=\u00bb\u00bb hide_bg_image_on_mobile=\u00bb\u00bb css=\u00bb.vc_custom_1657093838411{margin-top: -70px !important;}\u00bb][vc_column width=\u00bb1\/6&#8243; hide_bg_image_on_tablet=\u00bb\u00bb hide_bg_image_on_mobile=\u00bb\u00bb css=\u00bb.vc_custom_1607099703154{margin-top: 30px !important;}\u00bb][\/vc_column][vc_column width=\u00bb2\/3&#8243; hide_bg_image_on_tablet=\u00bb\u00bb hide_bg_image_on_mobile=\u00bb\u00bb css=\u00bb.vc_custom_1607099730379{margin-top: 30px !important;}\u00bb][vc_column_text css=\u00bb.vc_custom_1657093848825{margin-top: -30px !important;margin-bottom: 18px !important;}\u00bb] La sequedad, ardor y picaz\u00f3n vaginales pueden tener muchas razones diferentes. Puede ser provocada por cambios hormonales como la menopausia o despu\u00e9s del parto y va de la mano de la p\u00e9rdida de elasticidad y tono. Estos&hellip;<\/p>\n","protected":false},"author":4,"featured_media":6553,"parent":0,"menu_order":0,"comment_status":"closed","ping_status":"closed","template":"","meta":{"footnotes":""},"class_list":["post-6552","page","type-page","status-publish","has-post-thumbnail","hentry"],"_links":{"self":[{"href":"https:\/\/www.juliet-laser.com\/es\/wp-json\/wp\/v2\/pages\/6552","targetHints":{"allow":["GET"]}}],"collection":[{"href":"https:\/\/www.juliet-laser.com\/es\/wp-json\/wp\/v2\/pages"}],"about":[{"href":"https:\/\/www.juliet-laser.com\/es\/wp-json\/wp\/v2\/types\/page"}],"author":[{"embeddable":true,"href":"https:\/\/www.juliet-laser.com\/es\/wp-json\/wp\/v2\/users\/4"}],"replies":[{"embeddable":true,"href":"https:\/\/www.juliet-laser.com\/es\/wp-json\/wp\/v2\/comments?post=6552"}],"version-history":[{"count":9,"href":"https:\/\/www.juliet-laser.com\/es\/wp-json\/wp\/v2\/pages\/6552\/revisions"}],"predecessor-version":[{"id":7715,"href":"https:\/\/www.juliet-laser.com\/es\/wp-json\/wp\/v2\/pages\/6552\/revisions\/7715"}],"wp:featuredmedia":[{"embeddable":true,"href":"https:\/\/www.juliet-laser.com\/es\/wp-json\/wp\/v2\/media\/6553"}],"wp:attachment":[{"href":"https:\/\/www.juliet-laser.com\/es\/wp-json\/wp\/v2\/media?parent=6552"}],"curies":[{"name":"wp","href":"https:\/\/api.w.org\/{rel}","templated":true}]}}