{"id":6524,"date":"2020-12-04T11:50:16","date_gmt":"2020-12-04T11:50:16","guid":{"rendered":"https:\/\/www.juliet-laser.com\/?page_id=6524"},"modified":"2022-07-06T07:18:38","modified_gmt":"2022-07-06T07:18:38","slug":"dolor-durante-el-coito","status":"publish","type":"page","link":"https:\/\/www.juliet-laser.com\/es\/dolor-durante-el-coito\/","title":{"rendered":"Dolor durante el coito"},"content":{"rendered":"<div class=\"wpb-content-wrapper\"><p>[vc_row hide_bg_image_on_tablet=\u00bb\u00bb hide_bg_image_on_mobile=\u00bb\u00bb css=\u00bb.vc_custom_1657091901174{margin-top: -70px !important;}\u00bb][vc_column width=\u00bb1\/6&#8243; hide_bg_image_on_tablet=\u00bb\u00bb hide_bg_image_on_mobile=\u00bb\u00bb css=\u00bb.vc_custom_1607099703154{margin-top: 30px !important;}\u00bb][\/vc_column][vc_column width=\u00bb2\/3&#8243;][vc_column_text css=\u00bb.vc_custom_1657091908817{margin-bottom: 18px !important;}\u00bb]El dolor durante el coito, tambi\u00e9n llamado dispareunia, describe una experiencia dolorosa durante el coito debido a cambios f\u00edsicos durante la menopausia, como la aparici\u00f3n de atrofia vulvovaginal u otros factores psicol\u00f3gicos.<\/p>\n<p>Lo m\u00e1s probable es que las mujeres experimenten una p\u00e9rdida de hidrataci\u00f3n vaginal que les cause dolor durante el acto sexual. Otras razones pueden ser cambios corporales despu\u00e9s del parto o da\u00f1o tisular general.<\/p>\n<p>Cuando la dispareunia est\u00e1 relacionada con la atrofia vulvovaginal, las paredes de la vagina resultan adelgazadas, fr\u00e1giles y no el\u00e1sticas. Esto causa dolor durante las relaciones sexuales, lo que a menudo conduce a una falta de libido y sentimientos de incomodidad en situaciones \u00edntimas con la pareja.[\/vc_column_text][\/vc_column][vc_column width=\u00bb1\/6&#8243;][\/vc_column][\/vc_row][vc_row][vc_column width=\u00bb1\/6&#8243; hide_bg_image_on_tablet=\u00bb\u00bb hide_bg_image_on_mobile=\u00bb\u00bb css=\u00bb.vc_custom_1607099703154{margin-top: 30px !important;}\u00bb][\/vc_column][vc_column width=\u00bb2\/3&#8243;][vc_single_image image=\u00bb4927&#8243; img_size=\u00bbfull\u00bb][vc_column_text css=\u00bb.vc_custom_1647080564481{margin-top: 32px !important;}\u00bb]Es muy importante comprender las causas de la dispareunia para poder evaluar qu\u00e9 tipo de terapia es m\u00e1s apropiada. En muchos casos, el tratamiento con l\u00e1ser Juliet puede ayudar a aliviar el dolor y recuperar una vida sexual satisfactoria.[\/vc_column_text][\/vc_column][vc_column width=\u00bb1\/6&#8243;][\/vc_column][\/vc_row][vc_row][vc_column][vc_separator]<div class=\"sc_layouts sc_layouts_default sc_layouts_5953\">[vc_row full_width=\"stretch_row\" hide_bg_image_on_tablet=\"\" hide_bg_image_on_mobile=\"\" row_delimiter=\"\" hide_on_desktop=\"\" hide_on_notebook=\"\" hide_on_tablet=\"\" hide_on_mobile=\"\" hide_on_frontpage=\"\"][vc_column width=\"1\/6\" icons_position=\"left\" offset=\"vc_hidden-md\"][\/vc_column][vc_column hide_bg_image_on_tablet=\"\" hide_bg_image_on_mobile=\"\" icons_position=\"left\" offset=\"vc_col-lg-8\"][vc_widget_sidebar sidebar_id=\"custom_widgets_1\"][\/vc_column][vc_column width=\"1\/6\" hide_bg_image_on_tablet=\"\" hide_bg_image_on_mobile=\"\" icons_position=\"left\" offset=\"vc_hidden-md\"][\/vc_column][\/vc_row]<\/div>[vc_separator][\/vc_column][\/vc_row]<\/p>\n<\/div>","protected":false},"excerpt":{"rendered":"<p>[vc_row hide_bg_image_on_tablet=\u00bb\u00bb hide_bg_image_on_mobile=\u00bb\u00bb css=\u00bb.vc_custom_1657091901174{margin-top: -70px !important;}\u00bb][vc_column width=\u00bb1\/6&#8243; hide_bg_image_on_tablet=\u00bb\u00bb hide_bg_image_on_mobile=\u00bb\u00bb css=\u00bb.vc_custom_1607099703154{margin-top: 30px !important;}\u00bb][\/vc_column][vc_column width=\u00bb2\/3&#8243;][vc_column_text css=\u00bb.vc_custom_1657091908817{margin-bottom: 18px !important;}\u00bb]El dolor durante el coito, tambi\u00e9n llamado dispareunia, describe una experiencia dolorosa durante el coito debido a cambios f\u00edsicos durante la menopausia, como la aparici\u00f3n de atrofia vulvovaginal u otros factores psicol\u00f3gicos. Lo m\u00e1s probable es que las mujeres experimenten una p\u00e9rdida de hidrataci\u00f3n vaginal&hellip;<\/p>\n","protected":false},"author":4,"featured_media":6526,"parent":0,"menu_order":0,"comment_status":"closed","ping_status":"closed","template":"","meta":{"footnotes":""},"class_list":["post-6524","page","type-page","status-publish","has-post-thumbnail","hentry"],"_links":{"self":[{"href":"https:\/\/www.juliet-laser.com\/es\/wp-json\/wp\/v2\/pages\/6524","targetHints":{"allow":["GET"]}}],"collection":[{"href":"https:\/\/www.juliet-laser.com\/es\/wp-json\/wp\/v2\/pages"}],"about":[{"href":"https:\/\/www.juliet-laser.com\/es\/wp-json\/wp\/v2\/types\/page"}],"author":[{"embeddable":true,"href":"https:\/\/www.juliet-laser.com\/es\/wp-json\/wp\/v2\/users\/4"}],"replies":[{"embeddable":true,"href":"https:\/\/www.juliet-laser.com\/es\/wp-json\/wp\/v2\/comments?post=6524"}],"version-history":[{"count":8,"href":"https:\/\/www.juliet-laser.com\/es\/wp-json\/wp\/v2\/pages\/6524\/revisions"}],"predecessor-version":[{"id":7701,"href":"https:\/\/www.juliet-laser.com\/es\/wp-json\/wp\/v2\/pages\/6524\/revisions\/7701"}],"wp:featuredmedia":[{"embeddable":true,"href":"https:\/\/www.juliet-laser.com\/es\/wp-json\/wp\/v2\/media\/6526"}],"wp:attachment":[{"href":"https:\/\/www.juliet-laser.com\/es\/wp-json\/wp\/v2\/media?parent=6524"}],"curies":[{"name":"wp","href":"https:\/\/api.w.org\/{rel}","templated":true}]}}