{"id":6493,"date":"2020-12-04T14:02:18","date_gmt":"2020-12-04T14:02:18","guid":{"rendered":"https:\/\/www.juliet-laser.com\/?page_id=6493"},"modified":"2022-07-05T22:42:45","modified_gmt":"2022-07-05T22:42:45","slug":"atrofia-vulvovaginal","status":"publish","type":"page","link":"https:\/\/www.juliet-laser.com\/es\/atrofia-vulvovaginal\/","title":{"rendered":"Atrofia vulvovaginal"},"content":{"rendered":"<div class=\"wpb-content-wrapper\">[vc_row hide_bg_image_on_tablet=\u00bb\u00bb hide_bg_image_on_mobile=\u00bb\u00bb css=\u00bb.vc_custom_1656018115952{margin-top: -70px !important;}\u00bb][vc_column width=\u00bb1\/6&#8243; hide_bg_image_on_tablet=\u00bb\u00bb hide_bg_image_on_mobile=\u00bb\u00bb css=\u00bb.vc_custom_1607099703154{margin-top: 30px !important;}\u00bb][\/vc_column][vc_column width=\u00bb2\/3&#8243;][vc_column_text]Las mujeres menop\u00e1usicas a menudo experimentan una variedad de s\u00edntomas, que incluyen sequedad vaginal, picaz\u00f3n, dolor durante el coito, disminuci\u00f3n de la libido y elasticidad y tensi\u00f3n vaginal. Esta condici\u00f3n tambi\u00e9n se describe como atrofia vaginal.\r\n\r\nLa atrofia de la piel vaginal se encuentra en el 10-40% de las mujeres posmenop\u00e1usicas y ya es el resultado de una deficiencia de estr\u00f3genos. La piel de la vagina se adelgaza, se seca y pierde su elasticidad, mientras aumenta su valor de pH.\r\n\r\nLas mujeres con atrofia vaginal no tratada a menudo sufren parestesia vaginal, sensaci\u00f3n de sequedad, picaz\u00f3n, ardor e incluso dolor durante las relaciones sexuales. La atrofia vaginal puede ser un factor que contribuya a la incontinencia urinaria y para muchas mujeres conduce a una falta general de calidad de vida.[\/vc_column_text][\/vc_column][vc_column width=\u00bb1\/6&#8243;][\/vc_column][\/vc_row][vc_row][vc_column width=\u00bb1\/6&#8243;][\/vc_column][vc_column width=\u00bb2\/3&#8243;][vc_single_image image=\u00bb2118&#8243; img_size=\u00bbfull\u00bb style=\u00bbvc_box_rounded\u00bb css=\u00bb.vc_custom_1631636262116{padding-top: 30px !important;}\u00bb][vc_column_text]\r\n<p style=\"text-align: center;\"><small>Premenopausal vaginal tissue \/ Postmenopausal vaginal tissue.\u00a0<\/small><\/p>\r\n[\/vc_column_text][vc_column_text css=\u00bb.vc_custom_1647021739812{margin-top: 32px !important;}\u00bb]El tratamiento con Juliet consigue restaurar el metabolismo original del tejido conectivo y mejorar el estado de la mucosa, estimulando un proceso de neocolag\u00e9nesis. Esto conduce a una atenuaci\u00f3n de los s\u00edntomas que se pueden observar inmediatamente despu\u00e9s de la primera sesi\u00f3n. La mucosa interna recupera elasticidad y lubricaci\u00f3n, ganando grosor y suavidad; El picor, la irritaci\u00f3n y el dolor durante el coito desaparecen. Esta acci\u00f3n contin\u00faa su efecto beneficioso incluso despu\u00e9s de finalizado el tratamiento y, por esta raz\u00f3n, muchas mujeres informan de nuevas mejoras durante el primer mes posterior a la primera sesi\u00f3n.[\/vc_column_text][\/vc_column][vc_column width=\u00bb1\/6&#8243;][\/vc_column][\/vc_row][vc_row][vc_column][vc_separator]<div class=\"sc_layouts sc_layouts_default sc_layouts_5953\">[vc_row full_width=\"stretch_row\" hide_bg_image_on_tablet=\"\" hide_bg_image_on_mobile=\"\" row_delimiter=\"\" hide_on_desktop=\"\" hide_on_notebook=\"\" hide_on_tablet=\"\" hide_on_mobile=\"\" hide_on_frontpage=\"\"][vc_column width=\"1\/6\" icons_position=\"left\" offset=\"vc_hidden-md\"][\/vc_column][vc_column hide_bg_image_on_tablet=\"\" hide_bg_image_on_mobile=\"\" icons_position=\"left\" offset=\"vc_col-lg-8\"][vc_widget_sidebar sidebar_id=\"custom_widgets_1\"][\/vc_column][vc_column width=\"1\/6\" hide_bg_image_on_tablet=\"\" hide_bg_image_on_mobile=\"\" icons_position=\"left\" offset=\"vc_hidden-md\"][\/vc_column][\/vc_row]<\/div>[vc_separator][\/vc_column][\/vc_row][vc_row][vc_column][vc_column_text][\/vc_column_text][\/vc_column][\/vc_row]<!-- \/wp:post-content --><\/div>","protected":false},"excerpt":{"rendered":"<p>[vc_row hide_bg_image_on_tablet=\u00bb\u00bb hide_bg_image_on_mobile=\u00bb\u00bb css=\u00bb.vc_custom_1656018115952{margin-top: -70px !important;}\u00bb][vc_column width=\u00bb1\/6&#8243; hide_bg_image_on_tablet=\u00bb\u00bb hide_bg_image_on_mobile=\u00bb\u00bb css=\u00bb.vc_custom_1607099703154{margin-top: 30px !important;}\u00bb][\/vc_column][vc_column width=\u00bb2\/3&#8243;][vc_column_text]Las mujeres menop\u00e1usicas a menudo experimentan una variedad de s\u00edntomas, que incluyen sequedad vaginal, picaz\u00f3n, dolor durante el coito, disminuci\u00f3n de la libido y elasticidad y tensi\u00f3n vaginal. Esta condici\u00f3n tambi\u00e9n se describe como atrofia vaginal. La atrofia de la piel vaginal se encuentra en el 10-40% de&hellip;<\/p>\n","protected":false},"author":4,"featured_media":6495,"parent":0,"menu_order":0,"comment_status":"closed","ping_status":"closed","template":"","meta":{"footnotes":""},"class_list":["post-6493","page","type-page","status-publish","has-post-thumbnail","hentry"],"_links":{"self":[{"href":"https:\/\/www.juliet-laser.com\/es\/wp-json\/wp\/v2\/pages\/6493","targetHints":{"allow":["GET"]}}],"collection":[{"href":"https:\/\/www.juliet-laser.com\/es\/wp-json\/wp\/v2\/pages"}],"about":[{"href":"https:\/\/www.juliet-laser.com\/es\/wp-json\/wp\/v2\/types\/page"}],"author":[{"embeddable":true,"href":"https:\/\/www.juliet-laser.com\/es\/wp-json\/wp\/v2\/users\/4"}],"replies":[{"embeddable":true,"href":"https:\/\/www.juliet-laser.com\/es\/wp-json\/wp\/v2\/comments?post=6493"}],"version-history":[{"count":8,"href":"https:\/\/www.juliet-laser.com\/es\/wp-json\/wp\/v2\/pages\/6493\/revisions"}],"predecessor-version":[{"id":7692,"href":"https:\/\/www.juliet-laser.com\/es\/wp-json\/wp\/v2\/pages\/6493\/revisions\/7692"}],"wp:featuredmedia":[{"embeddable":true,"href":"https:\/\/www.juliet-laser.com\/es\/wp-json\/wp\/v2\/media\/6495"}],"wp:attachment":[{"href":"https:\/\/www.juliet-laser.com\/es\/wp-json\/wp\/v2\/media?parent=6493"}],"curies":[{"name":"wp","href":"https:\/\/api.w.org\/{rel}","templated":true}]}}