{"id":6443,"date":"2019-07-10T10:00:16","date_gmt":"2019-07-10T10:00:16","guid":{"rendered":"https:\/\/www.juliet-laser.com\/resultats-cliniques\/"},"modified":"2022-06-29T09:25:47","modified_gmt":"2022-06-29T09:25:47","slug":"resultados-clinicos","status":"publish","type":"page","link":"https:\/\/www.juliet-laser.com\/es\/resultados-clinicos\/","title":{"rendered":"Resultados clinicos"},"content":{"rendered":"<div class=\"wpb-content-wrapper\"><p>[vc_row hide_bg_image_on_tablet=\u00bb\u00bb hide_bg_image_on_mobile=\u00bb\u00bb css=\u00bb.vc_custom_1639908327358{margin-top: -70px !important;}\u00bb][vc_column width=\u00bb2\/12&#8243;][\/vc_column][vc_column width=\u00bb8\/12&#8243;]<div class=\"sc_layouts sc_layouts_default sc_layouts_6448\">[vc_row full_width=\"stretch_row\" hide_bg_image_on_tablet=\"\" hide_bg_image_on_mobile=\"\" css=\".vc_custom_1623339425919{margin-bottom: 25px !important;}\"][vc_column icons_position=\"left\"]<div id=\"sc_title_582409899\"\n\t\tclass=\"sc_title color_style_default sc_title_default\"><h6 class=\"sc_item_subtitle sc_title_subtitle sc_align_center sc_item_title_style_default\">La eficacia de la terapia con l\u00e1ser Juliet<\/h6><h4 class=\"sc_item_title sc_title_title sc_align_center sc_item_title_style_default sc_item_title_tag\">RESULTADOS HISTOL\u00d3GICOS <\/h4><div class=\"sc_item_descr sc_title_descr sc_align_center\"><p>Los estudios histol\u00f3gicos muestran procesos de neocolagenog\u00e9nesis y neoangiog\u00e9nesis ya visibles en muestras histol\u00f3gicas tomadas 7 d\u00edas despu\u00e9s de un tratamiento. Todas las pacientes de esta muestra informaron adem\u00e1s despu\u00e9s de 7 d\u00edas mejor lubricaci\u00f3n vaginal, reducci\u00f3n \/ no dispareunia, mejor calidad de vida sexual y reducci\u00f3n de la urgencia urinaria , frecuencia y p\u00e9rdida de orina.<\/p>\n<\/div><\/div><!-- \/.sc_title -->[vc_custom_heading text=\"Referencia: Universidad de Mil\u00e1n - Bicocca, Hospital San Gerardo, Monza, Italia - Departamento de Obstetricia y Ginecolog\u00eda \" font_container=\"tag:div|font_size:11|text_align:center\" use_theme_fonts=\"yes\"][vc_empty_space height=\"30px\" alter_height=\"none\" hide_on_desktop=\"1\" hide_on_notebook=\"1\" hide_on_tablet=\"\" hide_on_mobile=\"\"][vc_text_separator title=\"PREPARACI\u00d3N HISTOL\u00d3GICA Hematoxilina y Eosina (200x)\" css=\".vc_custom_1646936486586{margin-bottom: 32px !important;}\"][\/vc_column][\/vc_row][vc_row full_width=\"stretch_row\" equal_height=\"yes\" content_placement=\"top\"][vc_column width=\"5\/6\" hide_bg_image_on_tablet=\"\" hide_bg_image_on_mobile=\"\" icons_position=\"left\" css=\".vc_custom_1511534454443{padding-right: 0px !important;padding-left: 0px !important;}\"]<div id=\"sc_content_1585415842\"\n\t\tclass=\"sc_content color_style_default sc_content_default sc_float_center sc_shift_y_tiny_negative\"><div class=\"sc_content_container\">[vc_single_image image=\"4869\" img_size=\"full\" alignment=\"right\"]<\/div><\/div><!-- \/.sc_content -->[\/vc_column][vc_column width=\"1\/6\" hide_bg_image_on_tablet=\"\" hide_bg_image_on_mobile=\"\" icons_position=\"left\" css=\".vc_custom_1511533781050{background-color: #ffffff !important;}\"][\/vc_column][\/vc_row][vc_row full_width=\"stretch_row\"][vc_column width=\"1\/6\" icons_position=\"left\"][\/vc_column][vc_column width=\"5\/6\" fix_column=\"\" shift_y=\"tiny_negative\" hide_bg_image_on_tablet=\"\" hide_bg_image_on_mobile=\"\" icons_position=\"left\" css=\".vc_custom_1511534378628{background-color: #ffffff !important;}\"][vc_row_inner hide_bg_image_on_tablet=\"\" hide_bg_image_on_mobile=\"\"][vc_column_inner icons_position=\"left\"][vc_empty_space height=\"31px\" alter_height=\"none\" hide_on_desktop=\"\" hide_on_notebook=\"\" hide_on_tablet=\"\" hide_on_mobile=\"\"][vc_column_text css=\".vc_custom_1646936539853{margin-top: 22px !important;}\"]La muestra del <strong>d\u00eda 0<\/strong> presenta una estratificaci\u00f3n del epitelio alterada con presencia de cornificaci\u00f3n y \u00e1reas superficiales caracterizadas por muy baja celularidad. El epitelio parece atr\u00f3fico y se puede reconocer un aplanamiento de las papilas d\u00e9rmicas en la uni\u00f3n dermoepid\u00e9rmica.\r\n\r\nAl <strong>d\u00eda 7<\/strong> (tras un tratamiento) el epitelio del pavimento aparece bien organizado, con estructura compacta y presencia de varios n\u00facleos, tanto en la capa m\u00e1s profunda como en la superficial. La profundidad de las papilas d\u00e9rmicas aparece adem\u00e1s aumentada, mostrando una buena vitalidad tisular.[\/vc_column_text][vc_empty_space alter_height=\"none\" hide_on_desktop=\"\" hide_on_notebook=\"\" hide_on_tablet=\"1\" hide_on_mobile=\"1\"][\/vc_column_inner][\/vc_row_inner][\/vc_column][\/vc_row][vc_row full_width=\"stretch_row\" equal_height=\"yes\" content_placement=\"top\" hide_bg_image_on_tablet=\"\" hide_bg_image_on_mobile=\"\" css=\".vc_custom_1623340476150{margin-top: 32px !important;}\"][vc_column width=\"5\/6\" hide_bg_image_on_tablet=\"\" hide_bg_image_on_mobile=\"\" icons_position=\"left\" css=\".vc_custom_1511534454443{padding-right: 0px !important;padding-left: 0px !important;}\"]<div id=\"sc_content_2127926085\"\n\t\tclass=\"sc_content color_style_default sc_content_default sc_float_center sc_shift_y_tiny_negative\"><div class=\"sc_content_container\">[vc_single_image image=\"4876\" img_size=\"full\" alignment=\"right\"]<\/div><\/div><!-- \/.sc_content -->[\/vc_column][vc_column width=\"1\/6\" hide_bg_image_on_tablet=\"\" hide_bg_image_on_mobile=\"\" icons_position=\"left\" css=\".vc_custom_1511533781050{background-color: #ffffff !important;}\"][\/vc_column][\/vc_row][vc_row full_width=\"stretch_row\"][vc_column width=\"1\/6\" icons_position=\"left\"][\/vc_column][vc_column width=\"5\/6\" fix_column=\"\" shift_y=\"tiny_negative\" hide_bg_image_on_tablet=\"\" hide_bg_image_on_mobile=\"\" icons_position=\"left\" css=\".vc_custom_1511534378628{background-color: #ffffff !important;}\"][vc_row_inner hide_bg_image_on_tablet=\"\" hide_bg_image_on_mobile=\"\"][vc_column_inner icons_position=\"left\"][vc_empty_space height=\"31px\" alter_height=\"none\" hide_on_desktop=\"\" hide_on_notebook=\"\" hide_on_tablet=\"\" hide_on_mobile=\"\"][vc_column_text css=\".vc_custom_1646936582130{margin-top: 22px !important;}\"]<strong>30 d\u00edas<\/strong> despu\u00e9s de 1 sesi\u00f3n los procesos de neocolagenog\u00e9nesis y angiog\u00e9nesis a\u00fan son visibles y est\u00e1n m\u00e1s extendidos; una uniformidad recuperada del tejido es la evidencia de una regeneraci\u00f3n tisular eficaz.\r\n\r\nAdem\u00e1s, la nueva formaci\u00f3n de col\u00e1geno se puede reconocer a trav\u00e9s de las rayas blancas visibles en las capas m\u00e1s profundas.[\/vc_column_text][vc_empty_space alter_height=\"none\" hide_on_desktop=\"\" hide_on_notebook=\"\" hide_on_tablet=\"1\" hide_on_mobile=\"1\"][\/vc_column_inner][\/vc_row_inner][\/vc_column][\/vc_row]<\/div>[\/vc_column][vc_column width=\u00bb2\/12&#8243;][\/vc_column][\/vc_row][vc_row full_width=\u00bbstretch_row\u00bb][vc_column]<div id=\"sc_title_585132522\"\n\t\tclass=\"sc_title color_style_default sc_title_default  vc_custom_1646936638908\"><h4 class=\"sc_item_title sc_title_title sc_align_center sc_item_title_style_default sc_item_title_tag\">VARIOS ESTUDIOS INTERNACIONALES DEMUESTRAN LA EFICACIA DE LA TECNOLOG\u00cdA ERBIUM: YAG EN EL TRATAMIENTO DE LA ATROFIA VAGINAL, LAXITUD E INCONTINENCIA URINARIA DE ESFUERZO.<\/h4><\/div><!-- \/.sc_title --><div class=\"sc_item_button sc_button_wrap sc_align_center\"><a href=\"https:\/\/www.juliet-laser.com\/wp-content\/uploads\/2021\/06\/Studies-overview-Juliet-2020.pdf\" id=\"sc_button_730045495\" class=\"sc_button color_style_default sc_button_default  vc_custom_1646936655684 sc_button_size_normal sc_button_icon_left\" target=\"_blank\"><span class=\"sc_button_text sc_align_center\"><span class=\"sc_button_title\">Descargue la descripci\u00f3n general de los estudios<\/span><\/span><!-- \/.sc_button_text --><\/a><!-- \/.sc_button --><\/div><!-- \/.sc_item_button --><div id=\"sc_title_1839588646\"\n\t\tclass=\"sc_title color_style_default sc_title_default  vc_custom_1646936679526\"><div class=\"sc_item_descr sc_title_descr sc_align_center\"><p>Un estudio alem\u00e1n de 84 pacientes con s\u00edntomas de s\u00edndrome genitourinario de la menopausia y atrofia vulvovaginal demostr\u00f3 que la mayor\u00eda de los pacientes (n = 58; 82 %) notificaba resultados positivos del tratamiento. Se recogieron datos sobre el \u00edndice de salud vaginal (VHI) y del pH vaginal de las pacientes. Los valores VHI y pH promedio mostraron mejoras significativas tras el tratamiento.<\/p>\n<\/div><\/div><!-- \/.sc_title -->[vc_custom_heading text=\u00bbMothes AR, Runnebaum M, Runnebaum IB., An innovative dual-phase protocol for pulsed ablative vaginal Erbium:YAG laser treatment of urogynecological symptoms<br \/>\nEur J Obstet Gynecol Reprod Biol. 2018 Oct;229:167-171&#8243; font_container=\u00bbtag:div|font_size:11|text_align:center|line_height:1.1&#8243; use_theme_fonts=\u00bbyes\u00bb css=\u00bb.vc_custom_1639914110406{margin-bottom: 20px !important;}\u00bb]<div class=\"sc_item_button sc_button_wrap sc_align_center\"><a href=\"https:\/\/pubmed.ncbi.nlm.nih.gov\/30199815\/\" id=\"sc_button_1507578286\" class=\"sc_button color_style_default sc_button_default  vc_custom_1646936702153 sc_button_size_normal sc_button_icon_left\" target=\"_blank\"><span class=\"sc_button_text sc_align_center\"><span class=\"sc_button_title\">Ir a la p\u00e1gina de estudio<\/span><\/span><!-- \/.sc_button_text --><\/a><!-- \/.sc_button --><\/div><!-- \/.sc_item_button --><div id=\"sc_title_983758832\"\n\t\tclass=\"sc_title color_style_default sc_title_default  vc_custom_1646936718917\"><div class=\"sc_item_descr sc_title_descr sc_align_center\"><p>Otro estudio alem\u00e1n con 16 pacientes postmenop\u00e1usicas con historial de c\u00e1ncer de mama y s\u00edntomas uroginecol\u00f3gicos en combinaci\u00f3n con atrofia vaginal y disfunci\u00f3n del suelo p\u00e9lvico mostr\u00f3 que el protocolo de fase dual de la aplicaci\u00f3n vaginal del l\u00e1ser Er:YAG es efectivo y seguro.<\/p>\n<\/div><\/div><!-- \/.sc_title -->[vc_custom_heading text=\u00bbMothes AR, Runnebaum M, Runnebaum IB. Ablative dual-phase Erbium:YAG laser treatment of atrophy-related vaginal symptoms in post-menopausal breast cancer survivors omitting hormonal treatment.<br \/>\nJ Cancer Res Clin Oncol. 2018 May;144(5):955-960.\u00bb font_container=\u00bbtag:div|font_size:11|text_align:center|line_height:1.1&#8243; use_theme_fonts=\u00bbyes\u00bb css=\u00bb.vc_custom_1639914230791{margin-bottom: 20px !important;}\u00bb]<div class=\"sc_item_button sc_button_wrap sc_align_center\"><a href=\"https:\/\/pubmed.ncbi.nlm.nih.gov\/29487993\/\" id=\"sc_button_78559918\" class=\"sc_button color_style_default sc_button_default sc_button_size_normal sc_button_icon_left\" target=\"_blank\"><span class=\"sc_button_text sc_align_center\"><span class=\"sc_button_title\">Ir a la p\u00e1gina de estudio<\/span><\/span><!-- \/.sc_button_text --><\/a><!-- \/.sc_button --><\/div><!-- \/.sc_item_button --><div id=\"sc_title_1463095341\"\n\t\tclass=\"sc_title color_style_default sc_title_default  vc_custom_1646936762011\"><div class=\"sc_item_descr sc_title_descr sc_align_center\"><p>Un estudio prospectivo de Alemania con 33 mujeres con incontinencia urinaria leve o moderada confirm\u00f3 que el tratamiento vaginal con l\u00e1ser Er:YAG puede mejorar el estado cl\u00ednico y la calidad de vida de los pacientes, especialmente en grupos objetivo que requieren m\u00e9todos de tratamiento no quir\u00fargicos para la incontinencia urinaria por estr\u00e9s.<\/p>\n<\/div><\/div><!-- \/.sc_title -->[vc_custom_heading text=\u00bbReisenauer, C., Hartlieb, S., Schoenfisch, B. et al. Vaginal therapy of mild and moderate stress urinary incontinence using Er:YAG laser: a real treatment option.<br \/>\nArch Gynecol Obstet 300, 1645\u20131650 (2019).\u00bb font_container=\u00bbtag:div|font_size:11|text_align:center|line_height:1.1&#8243; use_theme_fonts=\u00bbyes\u00bb css=\u00bb.vc_custom_1639914334226{margin-bottom: 20px !important;}\u00bb]<div class=\"sc_item_button sc_button_wrap sc_align_center\"><a href=\"https:\/\/pubmed.ncbi.nlm.nih.gov\/31612281\/\" id=\"sc_button_159142489\" class=\"sc_button color_style_default sc_button_default  vc_custom_1646936775122 sc_button_size_normal sc_button_icon_left\" target=\"_blank\"><span class=\"sc_button_text sc_align_center\"><span class=\"sc_button_title\">Ir a la p\u00e1gina de estudio<\/span><\/span><!-- \/.sc_button_text --><\/a><!-- \/.sc_button --><\/div><!-- \/.sc_item_button -->[\/vc_column][\/vc_row][vc_row][vc_column][vc_separator css=\u00bb.vc_custom_1645004278759{margin-bottom: -30px !important;}\u00bb]<div class=\"sc_layouts sc_layouts_default sc_layouts_5953\">[vc_row full_width=\"stretch_row\" hide_bg_image_on_tablet=\"\" hide_bg_image_on_mobile=\"\" row_delimiter=\"\" hide_on_desktop=\"\" hide_on_notebook=\"\" hide_on_tablet=\"\" hide_on_mobile=\"\" hide_on_frontpage=\"\"][vc_column width=\"1\/6\" icons_position=\"left\" offset=\"vc_hidden-md\"][\/vc_column][vc_column hide_bg_image_on_tablet=\"\" hide_bg_image_on_mobile=\"\" icons_position=\"left\" offset=\"vc_col-lg-8\"][vc_widget_sidebar sidebar_id=\"custom_widgets_1\"][\/vc_column][vc_column width=\"1\/6\" hide_bg_image_on_tablet=\"\" hide_bg_image_on_mobile=\"\" icons_position=\"left\" offset=\"vc_hidden-md\"][\/vc_column][\/vc_row]<\/div>[\/vc_column][\/vc_row][vc_row][vc_column][\/vc_column][\/vc_row]<\/p>\n<\/div>","protected":false},"excerpt":{"rendered":"<p>[vc_row hide_bg_image_on_tablet=\u00bb\u00bb hide_bg_image_on_mobile=\u00bb\u00bb css=\u00bb.vc_custom_1639908327358{margin-top: -70px !important;}\u00bb][vc_column width=\u00bb2\/12&#8243;][\/vc_column][vc_column width=\u00bb8\/12&#8243;][\/vc_column][vc_column width=\u00bb2\/12&#8243;][\/vc_column][\/vc_row][vc_row full_width=\u00bbstretch_row\u00bb][vc_column][vc_custom_heading text=\u00bbMothes AR, Runnebaum M, Runnebaum IB., An innovative dual-phase protocol for pulsed ablative vaginal Erbium:YAG laser treatment of urogynecological symptoms Eur J Obstet Gynecol Reprod Biol. 2018 Oct;229:167-171&#8243; font_container=\u00bbtag:div|font_size:11|text_align:center|line_height:1.1&#8243; use_theme_fonts=\u00bbyes\u00bb css=\u00bb.vc_custom_1639914110406{margin-bottom: 20px !important;}\u00bb][vc_custom_heading text=\u00bbMothes AR, Runnebaum M, Runnebaum IB. Ablative dual-phase Erbium:YAG laser treatment of atrophy-related vaginal symptoms in post-menopausal&hellip;<\/p>\n","protected":false},"author":4,"featured_media":0,"parent":0,"menu_order":0,"comment_status":"closed","ping_status":"closed","template":"","meta":{"footnotes":""},"class_list":["post-6443","page","type-page","status-publish","hentry"],"_links":{"self":[{"href":"https:\/\/www.juliet-laser.com\/es\/wp-json\/wp\/v2\/pages\/6443","targetHints":{"allow":["GET"]}}],"collection":[{"href":"https:\/\/www.juliet-laser.com\/es\/wp-json\/wp\/v2\/pages"}],"about":[{"href":"https:\/\/www.juliet-laser.com\/es\/wp-json\/wp\/v2\/types\/page"}],"author":[{"embeddable":true,"href":"https:\/\/www.juliet-laser.com\/es\/wp-json\/wp\/v2\/users\/4"}],"replies":[{"embeddable":true,"href":"https:\/\/www.juliet-laser.com\/es\/wp-json\/wp\/v2\/comments?post=6443"}],"version-history":[{"count":6,"href":"https:\/\/www.juliet-laser.com\/es\/wp-json\/wp\/v2\/pages\/6443\/revisions"}],"predecessor-version":[{"id":6457,"href":"https:\/\/www.juliet-laser.com\/es\/wp-json\/wp\/v2\/pages\/6443\/revisions\/6457"}],"wp:attachment":[{"href":"https:\/\/www.juliet-laser.com\/es\/wp-json\/wp\/v2\/media?parent=6443"}],"curies":[{"name":"wp","href":"https:\/\/api.w.org\/{rel}","templated":true}]}}