{"id":6401,"date":"2022-03-09T14:28:54","date_gmt":"2022-03-09T14:28:54","guid":{"rendered":"https:\/\/www.juliet-laser.com\/?page_id=6401"},"modified":"2022-03-09T14:29:19","modified_gmt":"2022-03-09T14:29:19","slug":"opiniones-de-doctores","status":"publish","type":"page","link":"https:\/\/www.juliet-laser.com\/es\/opiniones-de-doctores\/","title":{"rendered":"Opiniones de doctores"},"content":{"rendered":"<div class=\"wpb-content-wrapper\"><p>[vc_row hide_bg_image_on_tablet=\u00bb\u00bb hide_bg_image_on_mobile=\u00bb\u00bb css=\u00bb.vc_custom_1640883695891{margin-top: -70px !important;}\u00bb][vc_column hide_bg_image_on_tablet=\u00bb\u00bb hide_bg_image_on_mobile=\u00bb\u00bb]<div class=\"sc_layouts sc_layouts_default sc_layouts_5962\">[vc_row full_width=\"stretch_row\"][vc_column icons_position=\"left\"]<div id=\"sc_title_1721591280\"\n\t\tclass=\"sc_title color_style_default sc_title_default\"><h6 class=\"sc_item_subtitle sc_title_subtitle sc_align_center sc_item_title_style_default\">Experiencia cl\u00ednica de<\/h6><h4 class=\"sc_item_title sc_title_title sc_align_center sc_item_title_style_default sc_item_title_tag\">USUARIOS PROFESIONALES DE TODO EL MUNDO<\/h4><\/div><!-- \/.sc_title -->[vc_empty_space height=\"86px\" alter_height=\"none\" hide_on_desktop=\"\" hide_on_notebook=\"\" hide_on_tablet=\"1\" hide_on_mobile=\"1\"][vc_empty_space height=\"60px\" alter_height=\"none\" hide_on_desktop=\"1\" hide_on_notebook=\"1\" hide_on_tablet=\"\" hide_on_mobile=\"1\"][vc_empty_space height=\"30px\" alter_height=\"none\" hide_on_desktop=\"1\" hide_on_notebook=\"1\" hide_on_tablet=\"1\" hide_on_mobile=\"\"][\/vc_column][\/vc_row][vc_row full_width=\"stretch_row\" equal_height=\"yes\" content_placement=\"top\"][vc_column width=\"5\/6\" hide_bg_image_on_tablet=\"\" hide_bg_image_on_mobile=\"\" icons_position=\"left\" css=\".vc_custom_1511534454443{padding-right: 0px !important;padding-left: 0px !important;}\"]<div id=\"sc_content_1083644823\"\n\t\tclass=\"sc_content color_style_default sc_content_default sc_float_center sc_shift_y_tiny_negative\"><div class=\"sc_content_container\">[vc_single_image image=\"4803\" img_size=\"full\" alignment=\"right\"]<\/div><\/div><!-- \/.sc_content -->[\/vc_column][vc_column width=\"1\/6\" hide_bg_image_on_tablet=\"\" hide_bg_image_on_mobile=\"\" icons_position=\"left\" css=\".vc_custom_1511533781050{background-color: #ffffff !important;}\"][\/vc_column][\/vc_row][vc_row full_width=\"stretch_row\" equal_height=\"yes\" content_placement=\"top\"][vc_column width=\"1\/6\" hide_bg_image_on_tablet=\"\" hide_bg_image_on_mobile=\"\" icons_position=\"left\"][\/vc_column][vc_column width=\"5\/6\" fix_column=\"\" shift_y=\"tiny_negative\" hide_bg_image_on_tablet=\"\" hide_bg_image_on_mobile=\"\" icons_position=\"left\" css=\".vc_custom_1515147927089{background-color: #ffffff !important;}\"][vc_empty_space height=\"31px\" alter_height=\"none\" hide_on_desktop=\"1\" hide_on_notebook=\"1\" hide_on_tablet=\"\" hide_on_mobile=\"\"][vc_row_inner hide_bg_image_on_tablet=\"\" hide_bg_image_on_mobile=\"\" row_delimiter=\"\" css=\".vc_custom_1562687721621{padding-top: 50px !important;padding-right: 15px !important;padding-left: 15px !important;}\"][vc_column_inner width=\"1\/12\" hide_bg_image_on_tablet=\"\" hide_bg_image_on_mobile=\"\" icons_position=\"left\" css=\".vc_custom_1512737066095{padding-right: 15px !important;padding-left: 15px !important;}\"][\/vc_column_inner][vc_column_inner width=\"5\/12\" icons_position=\"left\"][vc_column_text]<strong>DR. MED. ANKE MOTHES<\/strong>[\/vc_column_text][vc_empty_space height=\"18px\" hide_on_desktop=\"\" hide_on_notebook=\"\" hide_on_tablet=\"\" hide_on_mobile=\"\"][vc_single_image image=\"4817\" img_size=\"full\"][vc_empty_space height=\"18px\" hide_on_desktop=\"\" hide_on_notebook=\"\" hide_on_tablet=\"\" hide_on_mobile=\"\"][\/vc_column_inner][vc_column_inner width=\"5\/12\" icons_position=\"left\"][vc_column_text]<strong>M\u00e9dico jefe de la Cl\u00ednica de Ginecolog\u00eda<\/strong>\r\nCl\u00ednica St. Georg Eisenach, Alemania[\/vc_column_text][vc_column_text]<em>\"La aplicaci\u00f3n de l\u00e1ser vaginal en ginecolog\u00eda se puede utilizar para tratar los s\u00edntomas de la atrofia y la incontinencia leve. Es una alternativa no hormonal, no quir\u00fargica, m\u00ednimamente invasiva y por lo tanto indolora, de un corto tiempo de aplicaci\u00f3n o un complemento de los procedimientos est\u00e1ndar anteriores para el suelo p\u00e9lvico. El Dermablate\u00ae con la pieza de mano Juliet tiene el potencial de surgir como un nuevo concepto para que los ginec\u00f3logos mejoren la calidad de vida de sus pacientes.\"<\/em>[\/vc_column_text][\/vc_column_inner][vc_column_inner width=\"1\/12\" icons_position=\"left\"][\/vc_column_inner][\/vc_row_inner][vc_empty_space height=\"18px\" hide_on_desktop=\"\" hide_on_notebook=\"\" hide_on_tablet=\"\" hide_on_mobile=\"\"][\/vc_column][\/vc_row][vc_row full_width=\"stretch_row\" equal_height=\"yes\" content_placement=\"top\"][vc_column width=\"1\/6\" hide_bg_image_on_tablet=\"\" hide_bg_image_on_mobile=\"\" icons_position=\"left\"][\/vc_column][vc_column width=\"5\/6\" fix_column=\"\" shift_y=\"tiny_negative\" hide_bg_image_on_tablet=\"\" hide_bg_image_on_mobile=\"\" icons_position=\"left\" css=\".vc_custom_1515147927089{background-color: #ffffff !important;}\"][vc_empty_space height=\"31px\" alter_height=\"none\" hide_on_desktop=\"1\" hide_on_notebook=\"1\" hide_on_tablet=\"\" hide_on_mobile=\"\"][vc_row_inner hide_bg_image_on_tablet=\"\" hide_bg_image_on_mobile=\"\" row_delimiter=\"\" css=\".vc_custom_1562687721621{padding-top: 50px !important;padding-right: 15px !important;padding-left: 15px !important;}\"][vc_column_inner width=\"1\/12\" hide_bg_image_on_tablet=\"\" hide_bg_image_on_mobile=\"\" icons_position=\"left\" css=\".vc_custom_1512737066095{padding-right: 15px !important;padding-left: 15px !important;}\"][\/vc_column_inner][vc_column_inner width=\"5\/12\" icons_position=\"left\"][vc_column_text]<strong>DR. MED. CHRISTIAN RATZ<\/strong>[\/vc_column_text][vc_empty_space height=\"18px\" hide_on_desktop=\"\" hide_on_notebook=\"\" hide_on_tablet=\"\" hide_on_mobile=\"\"][vc_single_image image=\"7402\" img_size=\"full\"][vc_empty_space height=\"18px\" hide_on_desktop=\"\" hide_on_notebook=\"\" hide_on_tablet=\"\" hide_on_mobile=\"\"][\/vc_column_inner][vc_column_inner width=\"5\/12\" icons_position=\"left\"][vc_column_text]<strong>Especialista en Urolog\u00eda<\/strong>\r\nPr\u00e1ctica conjunta de urolog\u00eda Gro\u00df-Gerau, Alemania[\/vc_column_text][vc_column_text]<em>\"La terapia con l\u00e1ser vaginal m\u00ednimamente invasiva es segura, eficaz y los efectos son duraderos. En el futuro, el l\u00e1ser desempe\u00f1ar\u00e1 un papel cada vez m\u00e1s importante en la incontinencia de esfuerzo leve y el s\u00edndrome urogenital de la menopausia y ser\u00e1 un adicional o incluso un reemplazo \u00fatil para los procedimientos hasta ahora est\u00e1ndar, como la terapia hormonal, los ejercicios del suelo p\u00e9lvico o la cirug\u00eda, que generalmente no gustan a los pacientes\".<\/em>[\/vc_column_text][\/vc_column_inner][vc_column_inner width=\"1\/12\" icons_position=\"left\"][\/vc_column_inner][\/vc_row_inner][vc_empty_space height=\"18px\" hide_on_desktop=\"\" hide_on_notebook=\"\" hide_on_tablet=\"\" hide_on_mobile=\"\"][\/vc_column][\/vc_row][vc_row full_width=\"stretch_row\" equal_height=\"yes\" content_placement=\"top\"][vc_column width=\"1\/6\" hide_bg_image_on_tablet=\"\" hide_bg_image_on_mobile=\"\" icons_position=\"left\"][\/vc_column][vc_column width=\"5\/6\" fix_column=\"\" shift_y=\"tiny_negative\" hide_bg_image_on_tablet=\"\" hide_bg_image_on_mobile=\"\" icons_position=\"left\" css=\".vc_custom_1515147927089{background-color: #ffffff !important;}\"][vc_empty_space height=\"31px\" alter_height=\"none\" hide_on_desktop=\"1\" hide_on_notebook=\"1\" hide_on_tablet=\"\" hide_on_mobile=\"\"][vc_row_inner hide_bg_image_on_tablet=\"\" hide_bg_image_on_mobile=\"\" row_delimiter=\"\" css=\".vc_custom_1562687721621{padding-top: 50px !important;padding-right: 15px !important;padding-left: 15px !important;}\"][vc_column_inner width=\"1\/12\" hide_bg_image_on_tablet=\"\" hide_bg_image_on_mobile=\"\" icons_position=\"left\" css=\".vc_custom_1512737066095{padding-right: 15px !important;padding-left: 15px !important;}\"][\/vc_column_inner][vc_column_inner width=\"5\/12\" icons_position=\"left\"][vc_column_text]<strong>DR. MED. MAXIMILIAN FRANZ<\/strong>[\/vc_column_text][vc_empty_space height=\"18px\" hide_on_desktop=\"\" hide_on_notebook=\"\" hide_on_tablet=\"\" hide_on_mobile=\"\"][vc_single_image image=\"4838\" img_size=\"full\"][vc_empty_space height=\"18px\" hide_on_desktop=\"\" hide_on_notebook=\"\" hide_on_tablet=\"\" hide_on_mobile=\"\"][\/vc_column_inner][vc_column_inner width=\"5\/12\" icons_position=\"left\"][vc_column_text]<strong>Especialista en ginecolog\u00eda y obstetricia<\/strong>\r\nEndocrinolog\u00eda Ginecol\u00f3gica y Medicina Reproductiva Munich, Alemania[\/vc_column_text][vc_column_text]<em>\"Hemos estado utilizando Juliet en nuestra pr\u00e1ctica durante m\u00e1s de 3 a\u00f1os. La retroalimentaci\u00f3n de los pacientes es muy positiva. La atrofia vaginal y la incontinencia de esfuerzo leve se pueden tratar con total satisfacci\u00f3n en la mayor\u00eda de los pacientes. Juliet, por lo tanto, representa, como tambi\u00e9n se ha demostrado en numerosos estudios - una posibilidad novedosa y excelente para tratar las molestias del s\u00edndrome urogenital menop\u00e1usico (SGM) a medio y largo plazo. En particular, las pacientes con carcinoma de mama u otros tumores ginecol\u00f3gicos tambi\u00e9n est\u00e1n muy felices de que ahora se les ofrezca una opci\u00f3n de tratamiento para GSM e informan una mejora duradera en su calidad de vida\".<\/em>[\/vc_column_text][\/vc_column_inner][vc_column_inner width=\"1\/12\" icons_position=\"left\"][\/vc_column_inner][\/vc_row_inner][vc_empty_space height=\"18px\" hide_on_desktop=\"\" hide_on_notebook=\"\" hide_on_tablet=\"\" hide_on_mobile=\"\"][\/vc_column][\/vc_row][vc_row full_width=\"stretch_row\" equal_height=\"yes\" content_placement=\"top\"][vc_column width=\"1\/6\" hide_bg_image_on_tablet=\"\" hide_bg_image_on_mobile=\"\" icons_position=\"left\"][\/vc_column][vc_column width=\"5\/6\" fix_column=\"\" shift_y=\"tiny_negative\" hide_bg_image_on_tablet=\"\" hide_bg_image_on_mobile=\"\" icons_position=\"left\" css=\".vc_custom_1515147927089{background-color: #ffffff !important;}\"][vc_empty_space height=\"31px\" alter_height=\"none\" hide_on_desktop=\"1\" hide_on_notebook=\"1\" hide_on_tablet=\"\" hide_on_mobile=\"\"][vc_row_inner hide_bg_image_on_tablet=\"\" hide_bg_image_on_mobile=\"\" row_delimiter=\"\" css=\".vc_custom_1562687721621{padding-top: 50px !important;padding-right: 15px !important;padding-left: 15px !important;}\"][vc_column_inner width=\"1\/12\" hide_bg_image_on_tablet=\"\" hide_bg_image_on_mobile=\"\" icons_position=\"left\" css=\".vc_custom_1512737066095{padding-right: 15px !important;padding-left: 15px !important;}\"][\/vc_column_inner][vc_column_inner width=\"5\/12\" icons_position=\"left\"][vc_column_text]<strong>DR. MED. EVGENII LESHUNOV<\/strong>[\/vc_column_text][vc_empty_space height=\"18px\" hide_on_desktop=\"\" hide_on_notebook=\"\" hide_on_tablet=\"\" hide_on_mobile=\"\"][vc_single_image image=\"4831\" img_size=\"full\"][vc_empty_space height=\"18px\" hide_on_desktop=\"\" hide_on_notebook=\"\" hide_on_tablet=\"\" hide_on_mobile=\"\"][\/vc_column_inner][vc_column_inner width=\"5\/12\" icons_position=\"left\"][vc_column_text]<strong>Ur\u00f3logo y Andr\u00f3logo<\/strong>\r\nEl profesor de la cl\u00ednica Yutskovskaya en Mosc\u00fa, Rusia[\/vc_column_text][vc_column_text]<em>\"Juliet es un instrumento perfecto en mi pr\u00e1ctica diaria porque puedo usarlo para tratar diferentes tipos de patolog\u00edas como atrofia vaginal, IUE y laxitud vaginal. Es un concepto nuevo para ginec\u00f3logos, ur\u00f3logos y uroginec\u00f3logos y nos ayudar\u00e1 a acercar nuestra cl\u00ednica a resultados a un nuevo nivel, lo que nos permite tratar a pacientes con contraindicaciones para la cirug\u00eda y la terapia de hormonal de una manera no quir\u00fargica, no hormonal y m\u00ednimamente invasiva\".<\/em>[\/vc_column_text][\/vc_column_inner][vc_column_inner width=\"1\/12\" icons_position=\"left\"][\/vc_column_inner][\/vc_row_inner][vc_empty_space height=\"18px\" hide_on_desktop=\"\" hide_on_notebook=\"\" hide_on_tablet=\"\" hide_on_mobile=\"\"][\/vc_column][\/vc_row][vc_row full_width=\"stretch_row\" equal_height=\"yes\" content_placement=\"top\"][vc_column width=\"1\/6\" hide_bg_image_on_tablet=\"\" hide_bg_image_on_mobile=\"\" icons_position=\"left\"][\/vc_column][vc_column width=\"5\/6\" fix_column=\"\" shift_y=\"tiny_negative\" hide_bg_image_on_tablet=\"\" hide_bg_image_on_mobile=\"\" icons_position=\"left\" css=\".vc_custom_1515147927089{background-color: #ffffff !important;}\"][vc_empty_space height=\"31px\" alter_height=\"none\" hide_on_desktop=\"1\" hide_on_notebook=\"1\" hide_on_tablet=\"\" hide_on_mobile=\"\"][vc_row_inner hide_bg_image_on_tablet=\"\" hide_bg_image_on_mobile=\"\" row_delimiter=\"\" css=\".vc_custom_1562687721621{padding-top: 50px !important;padding-right: 15px !important;padding-left: 15px !important;}\"][vc_column_inner width=\"1\/12\" hide_bg_image_on_tablet=\"\" hide_bg_image_on_mobile=\"\" icons_position=\"left\" css=\".vc_custom_1512737066095{padding-right: 15px !important;padding-left: 15px !important;}\"][\/vc_column_inner][vc_column_inner width=\"5\/12\" icons_position=\"left\"][vc_column_text]<strong>PROF. RODOLFO MILANI &amp;<\/strong>[\/vc_column_text][vc_column_text]<strong>DR. MED. STEFANO MANODORO<\/strong>[\/vc_column_text][vc_empty_space height=\"18px\" hide_on_desktop=\"\" hide_on_notebook=\"\" hide_on_tablet=\"\" hide_on_mobile=\"\"][vc_single_image image=\"4845\" img_size=\"full\"][vc_empty_space height=\"18px\" hide_on_desktop=\"\" hide_on_notebook=\"\" hide_on_tablet=\"\" hide_on_mobile=\"\"][vc_single_image image=\"4852\" img_size=\"full\"][vc_empty_space height=\"18px\" hide_on_desktop=\"\" hide_on_notebook=\"\" hide_on_tablet=\"\" hide_on_mobile=\"\"][\/vc_column_inner][vc_column_inner width=\"5\/12\" icons_position=\"left\"][vc_column_text]<strong>Director del Departamento de Obstetricia y Ginecolog\u00eda<\/strong>\r\nHospital San Gerardo, Universidad de Milano-Bicocca en Monza, Italia[\/vc_column_text][vc_column_text]<em>\"Creemos que Juliet es una nueva opci\u00f3n excelente para mujeres con s\u00edndrome genitourinario. Todas nuestras pacientes que se han sometido a Juliet informaron una mejor\u00eda en la salud vaginal y en la calidad de vida.\"<\/em>[\/vc_column_text][\/vc_column_inner][vc_column_inner width=\"1\/12\" icons_position=\"left\"][\/vc_column_inner][\/vc_row_inner][vc_empty_space height=\"18px\" hide_on_desktop=\"\" hide_on_notebook=\"\" hide_on_tablet=\"\" hide_on_mobile=\"\"][\/vc_column][\/vc_row]<\/div>[\/vc_column][\/vc_row][vc_row][vc_column hide_bg_image_on_tablet=\u00bb\u00bb hide_bg_image_on_mobile=\u00bb\u00bb css=\u00bb.vc_custom_1623337755630{padding-bottom: 120px !important;}\u00bb][vc_separator css=\u00bb.vc_custom_1645004209291{margin-bottom: -30px !important;}\u00bb]<div class=\"sc_layouts sc_layouts_default sc_layouts_5953\">[vc_row full_width=\"stretch_row\" hide_bg_image_on_tablet=\"\" hide_bg_image_on_mobile=\"\" row_delimiter=\"\" hide_on_desktop=\"\" hide_on_notebook=\"\" hide_on_tablet=\"\" hide_on_mobile=\"\" hide_on_frontpage=\"\"][vc_column width=\"1\/6\" icons_position=\"left\" offset=\"vc_hidden-md\"][\/vc_column][vc_column hide_bg_image_on_tablet=\"\" hide_bg_image_on_mobile=\"\" icons_position=\"left\" offset=\"vc_col-lg-8\"][vc_widget_sidebar sidebar_id=\"custom_widgets_1\"][\/vc_column][vc_column width=\"1\/6\" hide_bg_image_on_tablet=\"\" hide_bg_image_on_mobile=\"\" icons_position=\"left\" offset=\"vc_hidden-md\"][\/vc_column][\/vc_row]<\/div>[\/vc_column][\/vc_row][vc_row][vc_column][vc_empty_space hide_on_desktop=\u00bb\u00bb hide_on_notebook=\u00bb\u00bb hide_on_tablet=\u00bb\u00bb hide_on_mobile=\u00bb\u00bb][\/vc_column][\/vc_row]<\/p>\n<\/div>","protected":false},"excerpt":{"rendered":"<p>[vc_row hide_bg_image_on_tablet=\u00bb\u00bb hide_bg_image_on_mobile=\u00bb\u00bb css=\u00bb.vc_custom_1640883695891{margin-top: -70px !important;}\u00bb][vc_column hide_bg_image_on_tablet=\u00bb\u00bb hide_bg_image_on_mobile=\u00bb\u00bb][\/vc_column][\/vc_row][vc_row][vc_column hide_bg_image_on_tablet=\u00bb\u00bb hide_bg_image_on_mobile=\u00bb\u00bb css=\u00bb.vc_custom_1623337755630{padding-bottom: 120px !important;}\u00bb][vc_separator css=\u00bb.vc_custom_1645004209291{margin-bottom: -30px !important;}\u00bb][\/vc_column][\/vc_row][vc_row][vc_column][vc_empty_space hide_on_desktop=\u00bb\u00bb hide_on_notebook=\u00bb\u00bb hide_on_tablet=\u00bb\u00bb hide_on_mobile=\u00bb\u00bb][\/vc_column][\/vc_row]<\/p>\n","protected":false},"author":4,"featured_media":0,"parent":0,"menu_order":0,"comment_status":"closed","ping_status":"closed","template":"","meta":{"footnotes":""},"class_list":["post-6401","page","type-page","status-publish","hentry"],"_links":{"self":[{"href":"https:\/\/www.juliet-laser.com\/es\/wp-json\/wp\/v2\/pages\/6401","targetHints":{"allow":["GET"]}}],"collection":[{"href":"https:\/\/www.juliet-laser.com\/es\/wp-json\/wp\/v2\/pages"}],"about":[{"href":"https:\/\/www.juliet-laser.com\/es\/wp-json\/wp\/v2\/types\/page"}],"author":[{"embeddable":true,"href":"https:\/\/www.juliet-laser.com\/es\/wp-json\/wp\/v2\/users\/4"}],"replies":[{"embeddable":true,"href":"https:\/\/www.juliet-laser.com\/es\/wp-json\/wp\/v2\/comments?post=6401"}],"version-history":[{"count":2,"href":"https:\/\/www.juliet-laser.com\/es\/wp-json\/wp\/v2\/pages\/6401\/revisions"}],"predecessor-version":[{"id":6403,"href":"https:\/\/www.juliet-laser.com\/es\/wp-json\/wp\/v2\/pages\/6401\/revisions\/6403"}],"wp:attachment":[{"href":"https:\/\/www.juliet-laser.com\/es\/wp-json\/wp\/v2\/media?parent=6401"}],"curies":[{"name":"wp","href":"https:\/\/api.w.org\/{rel}","templated":true}]}}