{"id":6375,"date":"2022-03-09T11:24:10","date_gmt":"2022-03-09T11:24:10","guid":{"rendered":"https:\/\/www.juliet-laser.com\/?page_id=6375"},"modified":"2022-06-28T16:52:01","modified_gmt":"2022-06-28T16:52:01","slug":"como-actua-juliet","status":"publish","type":"page","link":"https:\/\/www.juliet-laser.com\/es\/como-actua-juliet\/","title":{"rendered":"\u00bfC\u00f3mo act\u00faa Juliet?"},"content":{"rendered":"<div class=\"wpb-content-wrapper\"><p>[vc_row hide_bg_image_on_tablet=\u00bb\u00bb hide_bg_image_on_mobile=\u00bb\u00bb css=\u00bb.vc_custom_1639908249430{margin-top: -70px !important;}\u00bb][vc_column]<div class=\"sc_layouts sc_layouts_default sc_layouts_5981\">[vc_row full_width=\"stretch_row\"][vc_column icons_position=\"left\"]<div id=\"sc_title_520271876\"\n\t\tclass=\"sc_title color_style_default sc_title_default\"><h6 class=\"sc_item_subtitle sc_title_subtitle sc_align_center sc_item_title_style_default\">Un tratamiento con l\u00e1ser m\u00ednimamente invasivo<\/h6><h4 class=\"sc_item_title sc_title_title sc_align_center sc_item_title_style_default sc_item_title_tag\">PARA LA NUEVA PRODUCCI\u00d3N DE COL\u00c1GENO<\/h4><\/div><!-- \/.sc_title -->[vc_empty_space height=\"86px\" alter_height=\"none\" hide_on_desktop=\"\" hide_on_notebook=\"\" hide_on_tablet=\"1\" hide_on_mobile=\"1\"][vc_empty_space height=\"60px\" alter_height=\"none\" hide_on_desktop=\"1\" hide_on_notebook=\"1\" hide_on_tablet=\"\" hide_on_mobile=\"1\"][vc_empty_space height=\"30px\" alter_height=\"none\" hide_on_desktop=\"1\" hide_on_notebook=\"1\" hide_on_tablet=\"1\" hide_on_mobile=\"\"][\/vc_column][\/vc_row][vc_row full_width=\"stretch_row\" equal_height=\"yes\" content_placement=\"top\"][vc_column width=\"5\/6\" hide_bg_image_on_tablet=\"\" hide_bg_image_on_mobile=\"\" icons_position=\"left\" css=\".vc_custom_1511534454443{padding-right: 0px !important;padding-left: 0px !important;}\"]<div id=\"sc_content_1172438021\"\n\t\tclass=\"sc_content color_style_default sc_content_default sc_float_center sc_shift_y_tiny_negative\"><div class=\"sc_content_container\">[vc_single_image image=\"4773\" img_size=\"full\" alignment=\"right\"]<\/div><\/div><!-- \/.sc_content -->[\/vc_column][vc_column width=\"1\/6\" hide_bg_image_on_tablet=\"\" hide_bg_image_on_mobile=\"\" icons_position=\"left\" css=\".vc_custom_1511533781050{background-color: #ffffff !important;}\"][\/vc_column][\/vc_row][vc_row full_width=\"stretch_row\" equal_height=\"yes\" content_placement=\"top\"][vc_column width=\"1\/6\" hide_bg_image_on_tablet=\"\" hide_bg_image_on_mobile=\"\" icons_position=\"left\"][\/vc_column][vc_column width=\"5\/6\" fix_column=\"\" shift_y=\"tiny_negative\" hide_bg_image_on_tablet=\"\" hide_bg_image_on_mobile=\"\" icons_position=\"left\" css=\".vc_custom_1515147927089{background-color: #ffffff !important;}\"][vc_empty_space height=\"31px\" alter_height=\"none\" hide_on_desktop=\"1\" hide_on_notebook=\"1\" hide_on_tablet=\"\" hide_on_mobile=\"\"][vc_row_inner hide_bg_image_on_tablet=\"\" hide_bg_image_on_mobile=\"\" row_delimiter=\"\" css=\".vc_custom_1562687721621{padding-top: 50px !important;padding-right: 15px !important;padding-left: 15px !important;}\"][vc_column_inner width=\"1\/12\" hide_bg_image_on_tablet=\"\" hide_bg_image_on_mobile=\"\" icons_position=\"left\" css=\".vc_custom_1512737066095{padding-right: 15px !important;padding-left: 15px !important;}\"][\/vc_column_inner][vc_column_inner width=\"5\/12\" icons_position=\"left\"][vc_column_text]El tratamiento con l\u00e1ser Juliet mejora la salud ginecol\u00f3gica de la mujer gracias a un tratamiento m\u00ednimamente invasivo cuyo objetivo es la estimulaci\u00f3n de la producci\u00f3n de nuevo col\u00e1geno y elastina, junto con una mejor vascularizaci\u00f3n de la mucosa vaginal. El procedimiento es r\u00e1pido, seguro e indoloro,en menos de 15 minutos y se puede realizar sin necesidad de anestesia.\r\n\r\n<strong>\u00bfC\u00f3mo lo hace?<\/strong>\r\nDe manera similar al procedimiento utilizado para el rejuvenecimiento facial, el tratamiento con l\u00e1ser Juliet utiliza energ\u00eda lum\u00ednica para entregar energ\u00eda suave al tejido y estimularlo para que produzca nuevo col\u00e1geno. Esto conduce a una mejora en el estado del revestimiento de la vagina y el tono del tejido conectivo del suelo p\u00e9lvico, que como resultado se fortalece. El forro interior se vuelve el\u00e1stico y h\u00famedo nuevamente y exhibe un grosor y suavidad mejorados.[\/vc_column_text][\/vc_column_inner][vc_column_inner width=\"5\/12\" icons_position=\"left\"][vc_column_text]Esto ayuda a brindar un mejor soporte al tejido interno y las paredes vaginales. La pared de la vagina se compone de <strong>cuatro capas diferentes<\/strong>:\r\n\r\n\u2022 <strong>Epitelio <\/strong>-\u00a0revestimiento interno del tejido epitelial formado por c\u00e9lulas epiteliales escamosas\r\n\r\n\u2022\u00a0<strong>Lamina propria <\/strong>- <strong>tejido conectivo que sostiene la mucosa y la conecta a la muscular.<\/strong>\r\n\r\n\u2022 <strong>Muscularis<\/strong> -\u00a0tejido muscular\r\n\r\n\u2022 <strong>Adventicia<\/strong> - tejido conectivo entrelazado con fibras el\u00e1sticas que conecta la vagina con los \u00f3rganos circundantes.\r\n\r\nEl objetivo del tratamiento con l\u00e1ser es llegar a la l\u00e1mina propia, que es el\u00e1stica y rica en col\u00e1geno.[\/vc_column_text][\/vc_column_inner][vc_column_inner width=\"1\/12\" icons_position=\"left\"][\/vc_column_inner][\/vc_row_inner][vc_empty_space height=\"18px\" hide_on_desktop=\"\" hide_on_notebook=\"\" hide_on_tablet=\"\" hide_on_mobile=\"\"][\/vc_column][\/vc_row][vc_row full_width=\"stretch_row\" equal_height=\"yes\" content_placement=\"top\" hide_bg_image_on_tablet=\"\" hide_bg_image_on_mobile=\"\" row_delimiter=\"\" hide_on_desktop=\"\" hide_on_notebook=\"\" hide_on_tablet=\"\" hide_on_mobile=\"\" hide_on_frontpage=\"\" css=\".vc_custom_1623250642074{margin-top: 32px !important;}\"][vc_column width=\"5\/6\" hide_bg_image_on_tablet=\"\" hide_bg_image_on_mobile=\"\" icons_position=\"left\" css=\".vc_custom_1511534454443{padding-right: 0px !important;padding-left: 0px !important;}\"]<div id=\"sc_content_363223433\"\n\t\tclass=\"sc_content color_style_default sc_content_default sc_float_center sc_shift_y_tiny_negative\"><div class=\"sc_content_container\">[vc_single_image image=\"5937\" img_size=\"full\" alignment=\"right\"]<\/div><\/div><!-- \/.sc_content -->[\/vc_column][vc_column width=\"1\/6\" hide_bg_image_on_tablet=\"\" hide_bg_image_on_mobile=\"\" icons_position=\"left\" css=\".vc_custom_1511533781050{background-color: #ffffff !important;}\"][\/vc_column][\/vc_row][vc_row full_width=\"stretch_row\" equal_height=\"yes\" content_placement=\"top\"][vc_column width=\"1\/6\" hide_bg_image_on_tablet=\"\" hide_bg_image_on_mobile=\"\" icons_position=\"left\"][\/vc_column][vc_column width=\"5\/6\" fix_column=\"\" shift_y=\"tiny_negative\" hide_bg_image_on_tablet=\"\" hide_bg_image_on_mobile=\"\" icons_position=\"left\" css=\".vc_custom_1515147927089{background-color: #ffffff !important;}\"][vc_empty_space height=\"31px\" alter_height=\"none\" hide_on_desktop=\"1\" hide_on_notebook=\"1\" hide_on_tablet=\"\" hide_on_mobile=\"\"][vc_row_inner hide_bg_image_on_tablet=\"\" hide_bg_image_on_mobile=\"\" row_delimiter=\"\" css=\".vc_custom_1562687721621{padding-top: 50px !important;padding-right: 15px !important;padding-left: 15px !important;}\"][vc_column_inner width=\"1\/12\" hide_bg_image_on_tablet=\"\" hide_bg_image_on_mobile=\"\" icons_position=\"left\" css=\".vc_custom_1512737066095{padding-right: 15px !important;padding-left: 15px !important;}\"][\/vc_column_inner][vc_column_inner width=\"5\/12\" icons_position=\"left\"][vc_column_text]El procedimiento es muy f\u00e1cil, pero muy preciso. El m\u00e9dico introduce la pieza de mano y trata el \u00e1rea activando el rayo l\u00e1ser y girando la pieza de mano hasta completar una rotaci\u00f3n de 360 \u200b\u200b\u00b0. Luego, la pieza de mano se retira 1 cm y se trata la siguiente zona. Todo el procedimiento dura menos de 15 minutos, no es doloroso y no implica ning\u00fan corte ni cirug\u00eda.[\/vc_column_text][\/vc_column_inner][vc_column_inner width=\"5\/12\" icons_position=\"left\"][vc_column_text]El objetivo del tratamiento con l\u00e1ser es llegar a la l\u00e1mina propia, que es el\u00e1stica y rica en col\u00e1geno, que se puede estimular \u201cselectivamente\u201d, es decir, sin da\u00f1ar el tejido circundante. El rayo l\u00e1ser dividido en varios cientos de rayos parciales penetra suavemente en el tejido y desencadena la renovaci\u00f3n de la piel y la formaci\u00f3n de col\u00e1geno con una r\u00e1pida cicatrizaci\u00f3n de las microlesiones.[\/vc_column_text][\/vc_column_inner][vc_column_inner width=\"1\/12\" icons_position=\"left\"][\/vc_column_inner][\/vc_row_inner][vc_empty_space height=\"18px\" hide_on_desktop=\"\" hide_on_notebook=\"\" hide_on_tablet=\"\" hide_on_mobile=\"\"][vc_empty_space height=\"18px\" hide_on_desktop=\"\" hide_on_notebook=\"\" hide_on_tablet=\"\" hide_on_mobile=\"\"][vc_video link=\"https:\/\/youtu.be\/LMyHwUoAkz8\" el_width=\"60\" align=\"center\"][vc_empty_space height=\"50px\" alter_height=\"none\" hide_on_desktop=\"\" hide_on_notebook=\"\" hide_on_tablet=\"\" hide_on_mobile=\"\"]<div class=\"sc_item_button sc_button_wrap sc_align_center\"><a href=\"https:\/\/www.juliet-laser.com\/wp-content\/uploads\/2022\/03\/Pat.flyer-Juliet-2018-SP.pdf\" id=\"sc_button_488351281\" class=\"sc_button color_style_default sc_button_default sc_button_size_normal sc_button_icon_left\" target=\"_blank\"><span class=\"sc_button_text\"><span class=\"sc_button_title\">Descargue el folleto de informaci\u00f3n del paciente<\/span><\/span><!-- \/.sc_button_text --><\/a><!-- \/.sc_button --><\/div><!-- \/.sc_item_button -->[vc_empty_space alter_height=\"none\" hide_on_desktop=\"\" hide_on_notebook=\"\" hide_on_tablet=\"\" hide_on_mobile=\"\"][\/vc_column][\/vc_row]<\/div>[\/vc_column][\/vc_row]<\/p>\n<\/div>","protected":false},"excerpt":{"rendered":"<p>[vc_row hide_bg_image_on_tablet=\u00bb\u00bb hide_bg_image_on_mobile=\u00bb\u00bb css=\u00bb.vc_custom_1639908249430{margin-top: -70px !important;}\u00bb][vc_column][\/vc_column][\/vc_row]<\/p>\n","protected":false},"author":4,"featured_media":0,"parent":0,"menu_order":0,"comment_status":"closed","ping_status":"closed","template":"","meta":{"footnotes":""},"class_list":["post-6375","page","type-page","status-publish","hentry"],"_links":{"self":[{"href":"https:\/\/www.juliet-laser.com\/es\/wp-json\/wp\/v2\/pages\/6375","targetHints":{"allow":["GET"]}}],"collection":[{"href":"https:\/\/www.juliet-laser.com\/es\/wp-json\/wp\/v2\/pages"}],"about":[{"href":"https:\/\/www.juliet-laser.com\/es\/wp-json\/wp\/v2\/types\/page"}],"author":[{"embeddable":true,"href":"https:\/\/www.juliet-laser.com\/es\/wp-json\/wp\/v2\/users\/4"}],"replies":[{"embeddable":true,"href":"https:\/\/www.juliet-laser.com\/es\/wp-json\/wp\/v2\/comments?post=6375"}],"version-history":[{"count":2,"href":"https:\/\/www.juliet-laser.com\/es\/wp-json\/wp\/v2\/pages\/6375\/revisions"}],"predecessor-version":[{"id":6378,"href":"https:\/\/www.juliet-laser.com\/es\/wp-json\/wp\/v2\/pages\/6375\/revisions\/6378"}],"wp:attachment":[{"href":"https:\/\/www.juliet-laser.com\/es\/wp-json\/wp\/v2\/media?parent=6375"}],"curies":[{"name":"wp","href":"https:\/\/api.w.org\/{rel}","templated":true}]}}