{"id":6319,"date":"2017-08-17T13:59:39","date_gmt":"2017-08-17T13:59:39","guid":{"rendered":"https:\/\/www.juliet-laser.com\/la-technologie-laser\/"},"modified":"2022-03-08T11:34:49","modified_gmt":"2022-03-08T11:34:49","slug":"la-tecnologia-laser","status":"publish","type":"page","link":"https:\/\/www.juliet-laser.com\/es\/la-tecnologia-laser\/","title":{"rendered":"La tecnolog\u00eda l\u00e1ser"},"content":{"rendered":"<div class=\"wpb-content-wrapper\"><p>[vc_row hide_bg_image_on_tablet=\u00bb\u00bb hide_bg_image_on_mobile=\u00bb\u00bb css=\u00bb.vc_custom_1639908206189{margin-top: -70px !important;}\u00bb][vc_column width=\u00bb2\/12&#8243;][\/vc_column][vc_column width=\u00bb8\/12&#8243;]<div class=\"sc_layouts sc_layouts_default sc_layouts_5992\">[vc_row full_width=\"stretch_row\"][vc_column icons_position=\"left\"]<div id=\"sc_title_1289744077\"\n\t\tclass=\"sc_title color_style_default sc_title_default\"><h6 class=\"sc_item_subtitle sc_title_subtitle sc_align_center sc_item_title_style_default\">Basado en el \u00faltimo desarrollo de Asclepion<\/h6><h4 class=\"sc_item_title sc_title_title sc_align_center sc_item_title_style_default sc_item_title_tag\">TECNOLOG\u00cdA DERMABLATE\u00ae<\/h4><\/div><!-- \/.sc_title -->[vc_empty_space height=\"86px\" alter_height=\"none\" hide_on_desktop=\"\" hide_on_notebook=\"\" hide_on_tablet=\"1\" hide_on_mobile=\"1\"][vc_empty_space height=\"60px\" alter_height=\"none\" hide_on_desktop=\"1\" hide_on_notebook=\"1\" hide_on_tablet=\"\" hide_on_mobile=\"1\"][vc_empty_space height=\"30px\" alter_height=\"none\" hide_on_desktop=\"1\" hide_on_notebook=\"1\" hide_on_tablet=\"1\" hide_on_mobile=\"\"][\/vc_column][\/vc_row][vc_row full_width=\"stretch_row\" equal_height=\"yes\" content_placement=\"top\"][vc_column width=\"5\/6\" hide_bg_image_on_tablet=\"\" hide_bg_image_on_mobile=\"\" icons_position=\"left\" css=\".vc_custom_1511534454443{padding-right: 0px !important;padding-left: 0px !important;}\"]<div id=\"sc_content_1244593696\"\n\t\tclass=\"sc_content color_style_default sc_content_default sc_float_center sc_shift_y_tiny_negative\"><div class=\"sc_content_container\">[vc_single_image image=\"4694\" img_size=\"full\" alignment=\"right\"]<\/div><\/div><!-- \/.sc_content -->[\/vc_column][vc_column width=\"1\/6\" hide_bg_image_on_tablet=\"\" hide_bg_image_on_mobile=\"\" icons_position=\"left\" css=\".vc_custom_1511533781050{background-color: #ffffff !important;}\"][\/vc_column][\/vc_row][vc_row full_width=\"stretch_row\" equal_height=\"yes\" content_placement=\"top\"][vc_column width=\"1\/6\" hide_bg_image_on_tablet=\"\" hide_bg_image_on_mobile=\"\" icons_position=\"left\"][\/vc_column][vc_column width=\"5\/6\" fix_column=\"\" shift_y=\"tiny_negative\" hide_bg_image_on_tablet=\"\" hide_bg_image_on_mobile=\"\" icons_position=\"left\" css=\".vc_custom_1515147927089{background-color: #ffffff !important;}\"][vc_empty_space height=\"31px\" alter_height=\"none\" hide_on_desktop=\"1\" hide_on_notebook=\"1\" hide_on_tablet=\"\" hide_on_mobile=\"\"][vc_row_inner hide_bg_image_on_tablet=\"\" hide_bg_image_on_mobile=\"\" row_delimiter=\"\" css=\".vc_custom_1562687721621{padding-top: 50px !important;padding-right: 15px !important;padding-left: 15px !important;}\"][vc_column_inner width=\"1\/12\" hide_bg_image_on_tablet=\"\" hide_bg_image_on_mobile=\"\" icons_position=\"left\" css=\".vc_custom_1512737066095{padding-right: 15px !important;padding-left: 15px !important;}\"][\/vc_column_inner][vc_column_inner width=\"5\/12\" icons_position=\"left\"][vc_column_text]<strong>Acerca del l\u00e1ser Dermablate\u00ae<\/strong>\r\n\r\nEl tratamiento con l\u00e1ser Juliet se realiza mediante un l\u00e1ser Erbium: YAG, el Dermablate\u00ae de Asclepion. Es la \u00faltima innovaci\u00f3n de producto en la gama de l\u00e1ser de erbio, lanzada en 2021, y gracias a sus caracter\u00edsticas t\u00e9cnicas \u00fanicas representa la mejor opci\u00f3n para tratamientos vaginales, sin riesgo de efectos secundarios y con un tiempo de inactividad m\u00ednimo.\r\n\r\nEl l\u00e1ser de erbio de Asclepion es el l\u00e1ser m\u00e1s vendido a nivel mundial en el campo de la medicina est\u00e9tica. Es el sistema m\u00e1s eficaz y moderno del mercado actual. De manera similar al procedimiento utilizado para el rejuvenecimiento facial, el tratamiento con l\u00e1ser Juliet utiliza energ\u00eda lum\u00ednica para entregar una energ\u00eda suave al tejido y estimularlo para que produzca nuevo col\u00e1geno.[\/vc_column_text][\/vc_column_inner][vc_column_inner width=\"5\/12\" icons_position=\"left\"][vc_column_text]<strong>Las ventajas del sistema l\u00e1ser Dermablate\u00ae de Asclepion<\/strong>\r\n\r\nEs altamente eficiente, preciso y seguro gracias a su tecnolog\u00eda \u00fanica basada en la longitud de onda Er: YAG, la cual es altamente absorbida por el agua en el tejido, proporcionando un tratamiento muy selectivo, sin afectaci\u00f3n indeseada del tejido circundante. Por tanto, el procedimiento es indoloro y el paciente no necesita ninguna anastesia durante el tratamiento, que solo dura unos minutos. La longitud del pulso ajustable proporciona adem\u00e1s un procedimiento de tratamiento \u00fanico, que combina los beneficios de la ablaci\u00f3n en fr\u00edo con un efecto t\u00e9rmico controlado en el tejido, para una mejor estimulaci\u00f3n de la producci\u00f3n de col\u00e1geno y la neovascolarizaci\u00f3n.[\/vc_column_text][\/vc_column_inner][vc_column_inner width=\"1\/12\" icons_position=\"left\"][\/vc_column_inner][\/vc_row_inner][vc_empty_space height=\"18px\" hide_on_desktop=\"\" hide_on_notebook=\"\" hide_on_tablet=\"\" hide_on_mobile=\"\"][\/vc_column][\/vc_row][vc_row full_width=\"stretch_row\" equal_height=\"yes\" content_placement=\"top\" hide_bg_image_on_tablet=\"\" hide_bg_image_on_mobile=\"\" row_delimiter=\"\" hide_on_desktop=\"\" hide_on_notebook=\"\" hide_on_tablet=\"\" hide_on_mobile=\"\" hide_on_frontpage=\"\" css=\".vc_custom_1623250642074{margin-top: 32px !important;}\"][vc_column width=\"5\/6\" hide_bg_image_on_tablet=\"\" hide_bg_image_on_mobile=\"\" icons_position=\"left\" css=\".vc_custom_1511534454443{padding-right: 0px !important;padding-left: 0px !important;}\"]<div id=\"sc_content_1639859590\"\n\t\tclass=\"sc_content color_style_default sc_content_default sc_float_center sc_shift_y_tiny_negative\"><div class=\"sc_content_container\">[vc_single_image image=\"4702\" img_size=\"full\" alignment=\"right\"]<\/div><\/div><!-- \/.sc_content -->[\/vc_column][vc_column width=\"1\/6\" hide_bg_image_on_tablet=\"\" hide_bg_image_on_mobile=\"\" icons_position=\"left\" css=\".vc_custom_1511533781050{background-color: #ffffff !important;}\"][\/vc_column][\/vc_row][vc_row full_width=\"stretch_row\" equal_height=\"yes\" content_placement=\"top\"][vc_column width=\"1\/6\" hide_bg_image_on_tablet=\"\" hide_bg_image_on_mobile=\"\" icons_position=\"left\"][\/vc_column][vc_column width=\"5\/6\" fix_column=\"\" shift_y=\"tiny_negative\" hide_bg_image_on_tablet=\"\" hide_bg_image_on_mobile=\"\" icons_position=\"left\" css=\".vc_custom_1515147927089{background-color: #ffffff !important;}\"][vc_empty_space height=\"31px\" alter_height=\"none\" hide_on_desktop=\"1\" hide_on_notebook=\"1\" hide_on_tablet=\"\" hide_on_mobile=\"\"][vc_row_inner hide_bg_image_on_tablet=\"\" hide_bg_image_on_mobile=\"\" row_delimiter=\"\" css=\".vc_custom_1562687721621{padding-top: 50px !important;padding-right: 15px !important;padding-left: 15px !important;}\"][vc_column_inner width=\"1\/12\" hide_bg_image_on_tablet=\"\" hide_bg_image_on_mobile=\"\" icons_position=\"left\" css=\".vc_custom_1512737066095{padding-right: 15px !important;padding-left: 15px !important;}\"][\/vc_column_inner][vc_column_inner width=\"5\/12\" icons_position=\"left\"][vc_column_text]<strong>Pieza de mano Steri-Spot de nuevo dise\u00f1o y un solo uso<\/strong>\r\n\r\n\"La pieza de mano Steri-Spot especialmente dise\u00f1ada permite una f\u00e1cil inserci\u00f3n y un uso y manejo muy intuitivos. Se entrega en paquetes individuales tratados con EO y est\u00e1 dise\u00f1ado para un solo uso, lo que le garantiza la m\u00e1xima higiene. La pieza de mano Steri-Spot cuenta con una \u00f3ptica patentada MicroSpot con un punto cuadrado de 9 x 9 mm, que consta de 169 MicroSpots. Esta \u00f3ptica permite el tratamiento selectivo de s\u00f3lo \"fracciones\" del tejido en forma de cuadr\u00edcula, hecho posible mediante la divisi\u00f3n del rayo l\u00e1ser en varios cientos de rayos parciales.[\/vc_column_text][\/vc_column_inner][vc_column_inner width=\"5\/12\" icons_position=\"left\"][vc_column_text]Esto desencadena la renovaci\u00f3n de la piel y la formaci\u00f3n de col\u00e1geno con una r\u00e1pida cicatrizaci\u00f3n del tejido, que se apoya en el epitelio no tratado y, por lo tanto, implica un riesgo muy bajo de efectos secundarios.\r\n\r\n<strong>Una tecnolog\u00eda para la atenci\u00f3n integral de la salud de la mujer<\/strong>\r\n\r\nEl Dermablate\u00ae de Asclepion se puede equipar con piezas de mano adicionales que ampl\u00edan el rango de tratamiento.[\/vc_column_text][\/vc_column_inner][vc_column_inner width=\"1\/12\" icons_position=\"left\"][\/vc_column_inner][\/vc_row_inner][vc_text_separator title=\"La pieza de mano MicroSpot\" color=\"mulled_wine\" style=\"dotted\" el_width=\"70\" css=\".vc_custom_1646819494617{padding-bottom: -50px !important;}\"][vc_column_text css=\".vc_custom_1646819459478{margin-top: -30px !important;margin-right: 60px !important;margin-left: 60px !important;}\"]La pieza de mano <strong>MicroSpot<\/strong> es una pieza de mano fraccionada para el tratamiento de la piel que se puede utilizar para el tratamiento en el \u00e1rea vulvar. Con su tama\u00f1o de punto fraccional de 13 x 13 mm y la tasa de cobertura variable, permite tratamientos completos de molestias vulvovaginales como el liquen escleroso.[\/vc_column_text][vc_single_image image=\"4716\" img_size=\"full\" alignment=\"center\" css=\".vc_custom_1623254176246{margin-top: 18px !important;}\"][vc_text_separator title=\"La pieza de mano VarioSpot\" color=\"mulled_wine\" style=\"dotted\" el_width=\"70\" css=\".vc_custom_1646819507782{padding-bottom: -50px !important;}\"][vc_column_text css=\".vc_custom_1646819523942{margin-top: -30px !important;margin-right: 60px !important;margin-left: 60px !important;}\"]La pieza de mano <strong>VarioSpot<\/strong> es una herramienta vers\u00e1til para tratamientos ginecol\u00f3gicos con l\u00e1ser. Su tama\u00f1o variable de punto (1-6 mm) posibilita diversos tratamientos ablativos en la zona de la vulva, como la eliminaci\u00f3n de condilomas y otras peque\u00f1as lesiones.[\/vc_column_text][vc_single_image image=\"4723\" img_size=\"full\" alignment=\"center\" css=\".vc_custom_1623254522756{margin-top: 18px !important;}\"][vc_text_separator title=\"La pieza de mano Fineliner\" color=\"mulled_wine\" style=\"dotted\" el_width=\"70\" css=\".vc_custom_1646819536823{padding-bottom: -50px !important;}\"][vc_column_text css=\".vc_custom_1646819553501{margin-top: -30px !important;margin-right: 60px !important;margin-left: 60px !important;}\"]La pieza de mano <strong>Fineliner<\/strong> es la opci\u00f3n ideal para trabajos con l\u00e1ser de alta precisi\u00f3n. Es una pieza de mano ablativa con un tama\u00f1o de punto de 1,5 mm, que permite el tratamiento de lesiones muy peque\u00f1as en la zona de la vulva.[\/vc_column_text][vc_single_image image=\"4730\" img_size=\"full\" alignment=\"center\" css=\".vc_custom_1623254956900{margin-top: 18px !important;}\"][vc_text_separator title=\"La pieza de mano CUT\" color=\"mulled_wine\" style=\"dotted\" el_width=\"70\" css=\".vc_custom_1646819565710{padding-bottom: -50px !important;}\"][vc_column_text css=\".vc_custom_1646819580678{margin-top: -30px !important;margin-right: 60px !important;margin-left: 60px !important;}\"]Finalmente, la pieza de mano <strong>CUT<\/strong> es una pieza de mano precisa para la ablaci\u00f3n de tejido dirigida. La funda desechable viene empaquetada individualmente y est\u00e1 dise\u00f1ada para un solo uso, lo que mantiene todos los tratamientos est\u00e9riles e higi\u00e9nicos. La pieza de mano CUT simplifica los tratamientos de \u00e1reas de dif\u00edcil acceso. Permite un corte realmente preciso y gracias a la longitud de pulso ajustable, el usuario obtiene la posibilidad de realizar ablaci\u00f3n as\u00ed como tratamientos de vaporizaci\u00f3n y t\u00e9rmicos.[\/vc_column_text][vc_single_image image=\"4737\" img_size=\"full\" alignment=\"center\" css=\".vc_custom_1623255264792{margin-top: 18px !important;}\"][vc_text_separator title=\"\" color=\"mulled_wine\" style=\"dotted\" el_width=\"70\" css=\".vc_custom_1623255931818{padding-bottom: -50px !important;}\"][vc_column_text css=\".vc_custom_1646819597245{margin-right: 60px !important;margin-left: 60px !important;}\"]\r\n<p style=\"text-align: center;\"><em>Esto convierte a Juliet en uno de los dispositivos l\u00e1ser m\u00e1s completos del mercado para la atenci\u00f3n integral de las molestias \u00edntimas femeninas.<\/em><\/p>\r\n[\/vc_column_text][vc_empty_space height=\"18px\" hide_on_desktop=\"\" hide_on_notebook=\"\" hide_on_tablet=\"\" hide_on_mobile=\"\"][vc_video link=\"https:\/\/www.youtube.com\/watch?v=2ii1cc8NlIc&amp;list=PLcnanKBP7sGN8kuZssIb3oc1jInwxXqpu&amp;index=7\" el_width=\"60\" align=\"center\"][vc_empty_space height=\"50px\" alter_height=\"none\" hide_on_desktop=\"\" hide_on_notebook=\"\" hide_on_tablet=\"\" hide_on_mobile=\"\"]<div class=\"sc_item_button sc_button_wrap sc_align_center\"><a href=\"https:\/\/www.juliet-laser.com\/wp-content\/uploads\/2022\/03\/Brochure_Juliet_2017-08_SP.pdf\" id=\"sc_button_2103631701\" class=\"sc_button color_style_default sc_button_default sc_button_size_normal sc_button_icon_left\" target=\"_blank\"><span class=\"sc_button_text\"><span class=\"sc_button_title\">Descarga cat\u00e1logo de producto<\/span><\/span><!-- \/.sc_button_text --><\/a><!-- \/.sc_button --><\/div><!-- \/.sc_item_button -->[vc_empty_space alter_height=\"none\" hide_on_desktop=\"\" hide_on_notebook=\"\" hide_on_tablet=\"\" hide_on_mobile=\"\"][\/vc_column][\/vc_row]<\/div>[\/vc_column][vc_column width=\u00bb2\/12&#8243;][\/vc_column][\/vc_row][vc_row full_width=\u00bbstretch_row\u00bb][vc_column][vc_empty_space height=\u00bb96px\u00bb alter_height=\u00bbnone\u00bb hide_on_desktop=\u00bb\u00bb hide_on_notebook=\u00bb1&#8243; hide_on_tablet=\u00bb1&#8243; hide_on_mobile=\u00bb1&#8243;][vc_empty_space height=\u00bb75px\u00bb alter_height=\u00bbnone\u00bb hide_on_desktop=\u00bb1&#8243; hide_on_notebook=\u00bb\u00bb hide_on_tablet=\u00bb1&#8243; hide_on_mobile=\u00bb1&#8243;][\/vc_column][\/vc_row]<\/p>\n<\/div>","protected":false},"excerpt":{"rendered":"<p>[vc_row hide_bg_image_on_tablet=\u00bb\u00bb hide_bg_image_on_mobile=\u00bb\u00bb css=\u00bb.vc_custom_1639908206189{margin-top: -70px !important;}\u00bb][vc_column width=\u00bb2\/12&#8243;][\/vc_column][vc_column width=\u00bb8\/12&#8243;][\/vc_column][vc_column width=\u00bb2\/12&#8243;][\/vc_column][\/vc_row][vc_row full_width=\u00bbstretch_row\u00bb][vc_column][vc_empty_space height=\u00bb96px\u00bb alter_height=\u00bbnone\u00bb hide_on_desktop=\u00bb\u00bb hide_on_notebook=\u00bb1&#8243; hide_on_tablet=\u00bb1&#8243; hide_on_mobile=\u00bb1&#8243;][vc_empty_space height=\u00bb75px\u00bb alter_height=\u00bbnone\u00bb hide_on_desktop=\u00bb1&#8243; hide_on_notebook=\u00bb\u00bb hide_on_tablet=\u00bb1&#8243; hide_on_mobile=\u00bb1&#8243;][\/vc_column][\/vc_row]<\/p>\n","protected":false},"author":1,"featured_media":0,"parent":0,"menu_order":0,"comment_status":"closed","ping_status":"closed","template":"","meta":{"footnotes":""},"class_list":["post-6319","page","type-page","status-publish","hentry"],"_links":{"self":[{"href":"https:\/\/www.juliet-laser.com\/es\/wp-json\/wp\/v2\/pages\/6319","targetHints":{"allow":["GET"]}}],"collection":[{"href":"https:\/\/www.juliet-laser.com\/es\/wp-json\/wp\/v2\/pages"}],"about":[{"href":"https:\/\/www.juliet-laser.com\/es\/wp-json\/wp\/v2\/types\/page"}],"author":[{"embeddable":true,"href":"https:\/\/www.juliet-laser.com\/es\/wp-json\/wp\/v2\/users\/1"}],"replies":[{"embeddable":true,"href":"https:\/\/www.juliet-laser.com\/es\/wp-json\/wp\/v2\/comments?post=6319"}],"version-history":[{"count":2,"href":"https:\/\/www.juliet-laser.com\/es\/wp-json\/wp\/v2\/pages\/6319\/revisions"}],"predecessor-version":[{"id":6327,"href":"https:\/\/www.juliet-laser.com\/es\/wp-json\/wp\/v2\/pages\/6319\/revisions\/6327"}],"wp:attachment":[{"href":"https:\/\/www.juliet-laser.com\/es\/wp-json\/wp\/v2\/media?parent=6319"}],"curies":[{"name":"wp","href":"https:\/\/api.w.org\/{rel}","templated":true}]}}