{"id":6189,"date":"2017-08-17T14:01:20","date_gmt":"2017-08-17T14:01:20","guid":{"rendered":"https:\/\/www.juliet-laser.com\/traitements\/"},"modified":"2022-07-05T22:08:47","modified_gmt":"2022-07-05T22:08:47","slug":"tratamientos","status":"publish","type":"page","link":"https:\/\/www.juliet-laser.com\/es\/tratamientos\/","title":{"rendered":"Tratamientos"},"content":{"rendered":"<div class=\"wpb-content-wrapper\"><p>[vc_row full_width=\u00bbstretch_row\u00bb hide_bg_image_on_tablet=\u00bb\u00bb hide_bg_image_on_mobile=\u00bb\u00bb css=\u00bb.vc_custom_1639908414384{margin-top: -70px !important;}\u00bb][vc_column width=\u00bb2\/12&#8243;][\/vc_column][vc_column width=\u00bb8\/12&#8243;][vc_row_inner][vc_column_inner]<div class=\"sc_layouts sc_layouts_default sc_layouts_5958\">[vc_row full_width=\"stretch_row\"][vc_column icons_position=\"left\"]<div id=\"sc_title_1004857547\"\n\t\tclass=\"sc_title color_style_default sc_title_default\"><h6 class=\"sc_item_subtitle sc_title_subtitle sc_align_center sc_item_title_style_default\">Tratamientos con l\u00e1ser innovadores<\/h6><h4 class=\"sc_item_title sc_title_title sc_align_center sc_item_title_style_default sc_item_title_tag\">LA MEJOR ALTERNATIVA A LA TERAPIA HORMONAL <\/h4><\/div><!-- \/.sc_title -->[vc_empty_space height=\"86px\" alter_height=\"none\" hide_on_desktop=\"\" hide_on_notebook=\"\" hide_on_tablet=\"1\" hide_on_mobile=\"1\"][vc_empty_space height=\"60px\" alter_height=\"none\" hide_on_desktop=\"1\" hide_on_notebook=\"1\" hide_on_tablet=\"\" hide_on_mobile=\"1\"][vc_empty_space height=\"30px\" alter_height=\"none\" hide_on_desktop=\"1\" hide_on_notebook=\"1\" hide_on_tablet=\"1\" hide_on_mobile=\"\"][\/vc_column][\/vc_row][vc_row full_width=\"stretch_row\" equal_height=\"yes\" content_placement=\"top\"][vc_column width=\"5\/6\" hide_bg_image_on_tablet=\"\" hide_bg_image_on_mobile=\"\" icons_position=\"left\" css=\".vc_custom_1511534454443{padding-right: 0px !important;padding-left: 0px !important;}\"]<div id=\"sc_content_1006441074\"\n\t\tclass=\"sc_content color_style_default sc_content_default sc_float_center sc_shift_y_tiny_negative\"><div class=\"sc_content_container\">[vc_single_image image=\"4911\" img_size=\"full\" alignment=\"right\"]<\/div><\/div><!-- \/.sc_content -->[\/vc_column][vc_column width=\"1\/6\" hide_bg_image_on_tablet=\"\" hide_bg_image_on_mobile=\"\" icons_position=\"left\" css=\".vc_custom_1511533781050{background-color: #ffffff !important;}\"][\/vc_column][\/vc_row][vc_row full_width=\"stretch_row\" equal_height=\"yes\" content_placement=\"top\"][vc_column width=\"1\/6\" hide_bg_image_on_tablet=\"\" hide_bg_image_on_mobile=\"\" icons_position=\"left\"][\/vc_column][vc_column width=\"5\/6\" fix_column=\"\" shift_y=\"tiny_negative\" hide_bg_image_on_tablet=\"\" hide_bg_image_on_mobile=\"\" icons_position=\"left\" css=\".vc_custom_1515147927089{background-color: #ffffff !important;}\"][vc_empty_space height=\"31px\" alter_height=\"none\" hide_on_desktop=\"1\" hide_on_notebook=\"1\" hide_on_tablet=\"\" hide_on_mobile=\"\"][vc_row_inner hide_bg_image_on_tablet=\"\" hide_bg_image_on_mobile=\"\" row_delimiter=\"\" css=\".vc_custom_1562687721621{padding-top: 50px !important;padding-right: 15px !important;padding-left: 15px !important;}\"][vc_column_inner width=\"1\/12\" hide_bg_image_on_tablet=\"\" hide_bg_image_on_mobile=\"\" icons_position=\"left\" css=\".vc_custom_1512737066095{padding-right: 15px !important;padding-left: 15px !important;}\"][\/vc_column_inner][vc_column_inner width=\"5\/12\" icons_position=\"left\"][vc_column_text]Una mujer atraviesa diferentes etapas de su vida, desde su primer per\u00edodo durante el parto hasta la menopausia. Entrar en nuevas etapas tambi\u00e9n significa tener experiencias nuevas o diferentes con respecto a su intimidad y sexualidad y esto tambi\u00e9n puede estar asociado con una variedad de afecciones vaginales. Especialmente despu\u00e9s del parto vaginal o durante la menopausia, las mujeres suelen experimentar un cambio en la zona \u00edntima y el entorno vaginal, que a menudo va de la mano con las molestias diarias. Esto puede afectar fuertemente la calidad de vida de una mujer, tanto f\u00edsica, psicol\u00f3gica como sexualmente.\r\n\r\nEl <strong>tratamiento con l\u00e1ser Juliet<\/strong> es la soluci\u00f3n natural para mujeres de todas las edades que ya no se sienten c\u00f3modas con su propia salud vaginal. \u00a1Redescubre la sensaci\u00f3n de bienestar en tu propia piel![\/vc_column_text][\/vc_column_inner][vc_column_inner width=\"5\/12\" icons_position=\"left\"][vc_column_text]No sentirse bien con uno mismo y experimentar s\u00edntomas desagradables como picaz\u00f3n genital, irritaci\u00f3n, mala lubricaci\u00f3n vaginal, sequedad vaginal e incluso dolor durante el coito (dispareunia) hace que muchas mujeres se sientan inc\u00f3modas.\r\n\r\nAunque estos s\u00edntomas son muy comunes en mujeres de diferentes edades, a las afectadas no les gusta hablar de su malestar, a veces ni siquiera con su ginec\u00f3logo. Tales condiciones tienden a empeorar con el tiempo, eso significa que no son temporales y no van a desaparecer si no se tratan.[\/vc_column_text][\/vc_column_inner][vc_column_inner width=\"1\/12\" icons_position=\"left\"][\/vc_column_inner][\/vc_row_inner][vc_empty_space height=\"18px\" hide_on_desktop=\"\" hide_on_notebook=\"\" hide_on_tablet=\"\" hide_on_mobile=\"\"][\/vc_column][\/vc_row][vc_row full_width=\"stretch_row\" equal_height=\"yes\" content_placement=\"top\" hide_bg_image_on_tablet=\"\" hide_bg_image_on_mobile=\"\" row_delimiter=\"\" hide_on_desktop=\"\" hide_on_notebook=\"\" hide_on_tablet=\"\" hide_on_mobile=\"\" hide_on_frontpage=\"\" css=\".vc_custom_1623250642074{margin-top: 32px !important;}\"][vc_column width=\"5\/6\" hide_bg_image_on_tablet=\"\" hide_bg_image_on_mobile=\"\" icons_position=\"left\" css=\".vc_custom_1511534454443{padding-right: 0px !important;padding-left: 0px !important;}\"]<div id=\"sc_content_1171714357\"\n\t\tclass=\"sc_content color_style_default sc_content_default sc_float_center sc_shift_y_tiny_negative\"><div class=\"sc_content_container\">[vc_single_image image=\"4694\" img_size=\"full\" alignment=\"right\"]<\/div><\/div><!-- \/.sc_content -->[\/vc_column][vc_column width=\"1\/6\" hide_bg_image_on_tablet=\"\" hide_bg_image_on_mobile=\"\" icons_position=\"left\" css=\".vc_custom_1511533781050{background-color: #ffffff !important;}\"][\/vc_column][\/vc_row][vc_row full_width=\"stretch_row\" equal_height=\"yes\" content_placement=\"top\"][vc_column width=\"1\/6\" hide_bg_image_on_tablet=\"\" hide_bg_image_on_mobile=\"\" icons_position=\"left\"][\/vc_column][vc_column width=\"5\/6\" fix_column=\"\" shift_y=\"tiny_negative\" hide_bg_image_on_tablet=\"\" hide_bg_image_on_mobile=\"\" icons_position=\"left\" css=\".vc_custom_1515147927089{background-color: #ffffff !important;}\"][vc_empty_space height=\"31px\" alter_height=\"none\" hide_on_desktop=\"1\" hide_on_notebook=\"1\" hide_on_tablet=\"\" hide_on_mobile=\"\"][vc_row_inner hide_bg_image_on_tablet=\"\" hide_bg_image_on_mobile=\"\" row_delimiter=\"\" css=\".vc_custom_1562687721621{padding-top: 50px !important;padding-right: 15px !important;padding-left: 15px !important;}\"][vc_column_inner width=\"1\/12\" hide_bg_image_on_tablet=\"\" hide_bg_image_on_mobile=\"\" icons_position=\"left\" css=\".vc_custom_1512737066095{padding-right: 15px !important;padding-left: 15px !important;}\"][\/vc_column_inner][vc_column_inner width=\"5\/12\" icons_position=\"left\"][vc_column_text]Hasta hace poco, se consideraba que todas estas afecciones eran consecuencia del inevitable proceso de envejecimiento de la mujer, y el tratamiento se realizaba solo en casos muy raros.[\/vc_column_text][\/vc_column_inner][vc_column_inner width=\"5\/12\" icons_position=\"left\"][vc_column_text]Hoy lo sabemos mejor: con el tratamiento con l\u00e1ser Juliet, las mujeres tienen ahora la oportunidad de mejorar su bienestar ginecol\u00f3gico con un procedimiento indoloro y m\u00ednimamente invasivo que ayudar\u00e1 con su malestar de una manera r\u00e1pida y segura.[\/vc_column_text][\/vc_column_inner][vc_column_inner width=\"1\/12\" icons_position=\"left\"][\/vc_column_inner][\/vc_row_inner][vc_empty_space height=\"18px\" hide_on_desktop=\"\" hide_on_notebook=\"\" hide_on_tablet=\"\" hide_on_mobile=\"\"][vc_empty_space height=\"18px\" hide_on_desktop=\"\" hide_on_notebook=\"\" hide_on_tablet=\"\" hide_on_mobile=\"\"][\/vc_column][\/vc_row]<\/div>[\/vc_column_inner][\/vc_row_inner][\/vc_column][vc_column width=\u00bb2\/12&#8243;][\/vc_column][\/vc_row][vc_row full_width=\u00bbstretch_row\u00bb][vc_column width=\u00bb1\/6&#8243; offset=\u00bbvc_hidden-sm vc_hidden-xs\u00bb][\/vc_column][vc_column hide_bg_image_on_tablet=\u00bb\u00bb hide_bg_image_on_mobile=\u00bb\u00bb offset=\u00bbvc_col-md-8&#8243; el_class=\u00bbpaddedBox\u00bb css=\u00bb.vc_custom_1623397275807{margin-top: 32px !important;}\u00bb]<div id=\"sc_title_538499801\"\n\t\tclass=\"sc_title color_style_default sc_title_default\"><h6 class=\"sc_item_subtitle sc_title_subtitle sc_align_center sc_item_title_style_default\">\u00a1Disfruta tu intimidad!<\/h6><h3 class=\"sc_item_title sc_title_title sc_align_center sc_item_title_style_default\">TRATAMIENTOS<\/h3><div class=\"sc_item_descr sc_title_descr sc_align_center\"><p>Juliet representa una opci\u00f3n de tratamiento m\u00ednimamente invasiva, suave y sin hormonas para todas las mujeres que no desean opciones invasivas y \/ o basadas en hormonas.<\/p>\n<\/div><\/div><!-- \/.sc_title -->[vc_empty_space height=\u00bb20px\u00bb hide_on_desktop=\u00bb\u00bb hide_on_notebook=\u00bb\u00bb hide_on_tablet=\u00bb\u00bb hide_on_mobile=\u00bb\u00bb][vc_row_inner][vc_column_inner width=\u00bb1\/3&#8243;][vc_single_image image=\u00bb6495&#8243; img_size=\u00bbfull\u00bb]<div id=\"sc_title_516107595\"\n\t\tclass=\"sc_title color_style_default sc_title_default  vc_custom_1656017014314\"><h6 class=\"sc_item_subtitle sc_title_subtitle sc_align_center sc_item_title_style_default\">Atrofia vulvovaginal<\/h6><div class=\"sc_item_descr sc_title_descr sc_align_center\"><p>Las mujeres menop\u00e1usicas a menudo experimentan una variedad de s\u00edntomas, que incluyen sequedad vaginal, picaz\u00f3n, dolor durante el coito, disminuci\u00f3n de la libido..<\/p>\n<\/div><div class=\"sc_item_button sc_button_wrap sc_align_center\"><a href=\"https:\/\/www.juliet-laser.com\/es\/atrofia-vulvovaginal\/\" id=\"sc_button_988837845\" class=\"sc_button color_style_default sc_button_default sc_item_button sc_item_button_default sc_title_button sc_button_size_normal sc_button_icon_left\"><span class=\"sc_button_text\"><span class=\"sc_button_title\">Atrofia vulvovaginal<\/span><\/span><!-- \/.sc_button_text --><\/a><!-- \/.sc_button --><\/div><!-- \/.sc_item_button --><\/div><!-- \/.sc_title -->[\/vc_column_inner][vc_column_inner width=\u00bb1\/3&#8243;][vc_single_image image=\u00bb6526&#8243; img_size=\u00bbfull\u00bb]<div id=\"sc_title_780910380\"\n\t\tclass=\"sc_title color_style_default sc_title_default  vc_custom_1656017226347\"><h6 class=\"sc_item_subtitle sc_title_subtitle sc_align_center sc_item_title_style_default\">Dolor durante el coito<\/h6><div class=\"sc_item_descr sc_title_descr sc_align_center\"><p>El dolor durante el coito, tambi\u00e9n llamado dispareunia, describe una experiencia dolorosa durante el coito debido a cambios f\u00edsicos durante la menopausia, como la aparici\u00f3n..<\/p>\n<\/div><div class=\"sc_item_button sc_button_wrap sc_align_center\"><a href=\"https:\/\/www.juliet-laser.com\/es\/dolor-durante-el-coito\/\" id=\"sc_button_2091665421\" class=\"sc_button color_style_default sc_button_default sc_item_button sc_item_button_default sc_title_button sc_button_size_normal sc_button_icon_left\"><span class=\"sc_button_text\"><span class=\"sc_button_title\">Dolor durante el coito<\/span><\/span><!-- \/.sc_button_text --><\/a><!-- \/.sc_button --><\/div><!-- \/.sc_item_button --><\/div><!-- \/.sc_title -->[\/vc_column_inner][vc_column_inner width=\u00bb1\/3&#8243;][vc_single_image image=\u00bb6553&#8243; img_size=\u00bbfull\u00bb]<div id=\"sc_title_915812920\"\n\t\tclass=\"sc_title color_style_default sc_title_default  vc_custom_1657058922659\"><h6 class=\"sc_item_subtitle sc_title_subtitle sc_align_center sc_item_title_style_default\">Sequedad vaginal, ardor y picaz\u00f3n<\/h6><div class=\"sc_item_descr sc_title_descr sc_align_center\"><p>a sequedad, ardor y picaz\u00f3n vaginales pueden tener muchas razones. Puede ser provocada por cambios hormonales como la menopausia o despu\u00e9s del parto y va de la mano de la p\u00e9rdida..<\/p>\n<\/div><div class=\"sc_item_button sc_button_wrap sc_align_center\"><a href=\"https:\/\/www.juliet-laser.com\/es\/sequedad-vaginal-ardor-y-picazon\/\" id=\"sc_button_139434948\" class=\"sc_button color_style_default sc_button_default sc_item_button sc_item_button_default sc_title_button sc_button_size_normal sc_button_icon_left\"><span class=\"sc_button_text\"><span class=\"sc_button_title\">Sequedad vaginal, ardor, picaz\u00f3n<\/span><\/span><!-- \/.sc_button_text --><\/a><!-- \/.sc_button --><\/div><!-- \/.sc_item_button --><\/div><!-- \/.sc_title -->[\/vc_column_inner][\/vc_row_inner][vc_row_inner hide_bg_image_on_tablet=\u00bb\u00bb hide_bg_image_on_mobile=\u00bb\u00bb css=\u00bb.vc_custom_1656017176957{margin-top: 90px !important;}\u00bb][vc_column_inner width=\u00bb1\/3&#8243;][vc_single_image image=\u00bb6586&#8243; img_size=\u00bbfull\u00bb]<div id=\"sc_title_195883016\"\n\t\tclass=\"sc_title color_style_default sc_title_default  vc_custom_1656017392272\"><h6 class=\"sc_item_subtitle sc_title_subtitle sc_align_center sc_item_title_style_default\">Incontinencia urinaria de esfuerzo<\/h6><div class=\"sc_item_descr sc_title_descr sc_align_center\"><p>El t\u00e9rmino incontinencia urinaria de esfuerzo (SUI) se refiere a la liberaci\u00f3n no deseada de orina durante la tos, los estornudos o el esfuerzo f\u00edsico. La causa de esta afecci\u00f3n..<\/p>\n<\/div><div class=\"sc_item_button sc_button_wrap sc_align_center\"><a href=\"https:\/\/www.juliet-laser.com\/es\/incontinencia-urinaria-de-esfuerzo\/\" id=\"sc_button_1209691595\" class=\"sc_button color_style_default sc_button_default sc_item_button sc_item_button_default sc_title_button sc_button_size_normal sc_button_icon_left\"><span class=\"sc_button_text\"><span class=\"sc_button_title\">Incontinencia urinaria<\/span><\/span><!-- \/.sc_button_text --><\/a><!-- \/.sc_button --><\/div><!-- \/.sc_item_button --><\/div><!-- \/.sc_title -->[\/vc_column_inner][vc_column_inner width=\u00bb1\/3&#8243;][vc_single_image image=\u00bb6610&#8243; img_size=\u00bbfull\u00bb]<div id=\"sc_title_555637622\"\n\t\tclass=\"sc_title color_style_default sc_title_default  vc_custom_1656017430661\"><h6 class=\"sc_item_subtitle sc_title_subtitle sc_align_center sc_item_title_style_default\">P\u00e9rdida de elasticidad y tono<\/h6><div class=\"sc_item_descr sc_title_descr sc_align_center\"><p>+Una condici\u00f3n bastante com\u00fan generalmente asociada con el parto vaginal as\u00ed como con el envejecimiento natural es la p\u00e9rdida de elasticidad y tono, tambi\u00e9n conocido..<\/p>\n<\/div><div class=\"sc_item_button sc_button_wrap sc_align_center\"><a href=\"https:\/\/www.juliet-laser.com\/es\/perdida-de-elasticidad-y-tono\/\" id=\"sc_button_891458701\" class=\"sc_button color_style_default sc_button_default sc_item_button sc_item_button_default sc_title_button sc_button_size_normal sc_button_icon_left\"><span class=\"sc_button_text\"><span class=\"sc_button_title\">P\u00e9rdida de elasticidad y tono<\/span><\/span><!-- \/.sc_button_text --><\/a><!-- \/.sc_button --><\/div><!-- \/.sc_item_button --><\/div><!-- \/.sc_title -->[\/vc_column_inner][vc_column_inner width=\u00bb1\/3&#8243;][vc_single_image image=\u00bb6495&#8243; img_size=\u00bbfull\u00bb]<div id=\"sc_title_1748686980\"\n\t\tclass=\"sc_title color_style_default sc_title_default  vc_custom_1656017535625\"><h6 class=\"sc_item_subtitle sc_title_subtitle sc_align_center sc_item_title_style_default\">S\u00edn. genitourinario de la menopausia<\/h6><div class=\"sc_item_descr sc_title_descr sc_align_center\"><p>El t\u00e9rmino S\u00edndrome Genitourinario de la Menopausia (GSM) se refiere a un complejo de s\u00edntomas que son causados esencialmente por la deficiencia hormonal despu\u00e9s..<\/p>\n<\/div><div class=\"sc_item_button sc_button_wrap sc_align_center\"><a href=\"https:\/\/www.juliet-laser.com\/es\/sindrome-genitourinario-de-la-menopausia\/\" id=\"sc_button_1245287452\" class=\"sc_button color_style_default sc_button_default sc_item_button sc_item_button_default sc_title_button sc_button_size_normal sc_button_icon_left\"><span class=\"sc_button_text\"><span class=\"sc_button_title\">S\u00edndrome genitourinario<\/span><\/span><!-- \/.sc_button_text --><\/a><!-- \/.sc_button --><\/div><!-- \/.sc_item_button --><\/div><!-- \/.sc_title -->[\/vc_column_inner][\/vc_row_inner][\/vc_column][vc_column width=\u00bb1\/6&#8243; offset=\u00bbvc_hidden-sm vc_hidden-xs\u00bb][\/vc_column][\/vc_row][vc_row][vc_column][vc_separator css=\u00bb.vc_custom_1645004221593{margin-bottom: -30px !important;}\u00bb]<div class=\"sc_layouts sc_layouts_default sc_layouts_5953\">[vc_row full_width=\"stretch_row\" hide_bg_image_on_tablet=\"\" hide_bg_image_on_mobile=\"\" row_delimiter=\"\" hide_on_desktop=\"\" hide_on_notebook=\"\" hide_on_tablet=\"\" hide_on_mobile=\"\" hide_on_frontpage=\"\"][vc_column width=\"1\/6\" icons_position=\"left\" offset=\"vc_hidden-md\"][\/vc_column][vc_column hide_bg_image_on_tablet=\"\" hide_bg_image_on_mobile=\"\" icons_position=\"left\" offset=\"vc_col-lg-8\"][vc_widget_sidebar sidebar_id=\"custom_widgets_1\"][\/vc_column][vc_column width=\"1\/6\" hide_bg_image_on_tablet=\"\" hide_bg_image_on_mobile=\"\" icons_position=\"left\" offset=\"vc_hidden-md\"][\/vc_column][\/vc_row]<\/div>[\/vc_column][\/vc_row][vc_row][vc_column][\/vc_column][\/vc_row]<\/p>\n<\/div>","protected":false},"excerpt":{"rendered":"<p>[vc_row full_width=\u00bbstretch_row\u00bb hide_bg_image_on_tablet=\u00bb\u00bb hide_bg_image_on_mobile=\u00bb\u00bb css=\u00bb.vc_custom_1639908414384{margin-top: -70px !important;}\u00bb][vc_column width=\u00bb2\/12&#8243;][\/vc_column][vc_column width=\u00bb8\/12&#8243;][vc_row_inner][vc_column_inner][\/vc_column_inner][\/vc_row_inner][\/vc_column][vc_column width=\u00bb2\/12&#8243;][\/vc_column][\/vc_row][vc_row full_width=\u00bbstretch_row\u00bb][vc_column width=\u00bb1\/6&#8243; offset=\u00bbvc_hidden-sm vc_hidden-xs\u00bb][\/vc_column][vc_column hide_bg_image_on_tablet=\u00bb\u00bb hide_bg_image_on_mobile=\u00bb\u00bb offset=\u00bbvc_col-md-8&#8243; el_class=\u00bbpaddedBox\u00bb css=\u00bb.vc_custom_1623397275807{margin-top: 32px !important;}\u00bb][vc_empty_space height=\u00bb20px\u00bb hide_on_desktop=\u00bb\u00bb hide_on_notebook=\u00bb\u00bb hide_on_tablet=\u00bb\u00bb hide_on_mobile=\u00bb\u00bb][vc_row_inner][vc_column_inner width=\u00bb1\/3&#8243;][vc_single_image image=\u00bb6495&#8243; img_size=\u00bbfull\u00bb][\/vc_column_inner][vc_column_inner width=\u00bb1\/3&#8243;][vc_single_image image=\u00bb6526&#8243; img_size=\u00bbfull\u00bb][\/vc_column_inner][vc_column_inner width=\u00bb1\/3&#8243;][vc_single_image image=\u00bb6553&#8243; img_size=\u00bbfull\u00bb][\/vc_column_inner][\/vc_row_inner][vc_row_inner hide_bg_image_on_tablet=\u00bb\u00bb hide_bg_image_on_mobile=\u00bb\u00bb css=\u00bb.vc_custom_1656017176957{margin-top: 90px !important;}\u00bb][vc_column_inner width=\u00bb1\/3&#8243;][vc_single_image image=\u00bb6586&#8243; img_size=\u00bbfull\u00bb][\/vc_column_inner][vc_column_inner width=\u00bb1\/3&#8243;][vc_single_image image=\u00bb6610&#8243; img_size=\u00bbfull\u00bb][\/vc_column_inner][vc_column_inner width=\u00bb1\/3&#8243;][vc_single_image image=\u00bb6495&#8243; img_size=\u00bbfull\u00bb][\/vc_column_inner][\/vc_row_inner][\/vc_column][vc_column width=\u00bb1\/6&#8243; offset=\u00bbvc_hidden-sm vc_hidden-xs\u00bb][\/vc_column][\/vc_row][vc_row][vc_column][vc_separator css=\u00bb.vc_custom_1645004221593{margin-bottom: -30px !important;}\u00bb][\/vc_column][\/vc_row][vc_row][vc_column][\/vc_column][\/vc_row]<\/p>\n","protected":false},"author":1,"featured_media":0,"parent":0,"menu_order":0,"comment_status":"closed","ping_status":"closed","template":"","meta":{"footnotes":""},"class_list":["post-6189","page","type-page","status-publish","hentry"],"_links":{"self":[{"href":"https:\/\/www.juliet-laser.com\/es\/wp-json\/wp\/v2\/pages\/6189","targetHints":{"allow":["GET"]}}],"collection":[{"href":"https:\/\/www.juliet-laser.com\/es\/wp-json\/wp\/v2\/pages"}],"about":[{"href":"https:\/\/www.juliet-laser.com\/es\/wp-json\/wp\/v2\/types\/page"}],"author":[{"embeddable":true,"href":"https:\/\/www.juliet-laser.com\/es\/wp-json\/wp\/v2\/users\/1"}],"replies":[{"embeddable":true,"href":"https:\/\/www.juliet-laser.com\/es\/wp-json\/wp\/v2\/comments?post=6189"}],"version-history":[{"count":7,"href":"https:\/\/www.juliet-laser.com\/es\/wp-json\/wp\/v2\/pages\/6189\/revisions"}],"predecessor-version":[{"id":7675,"href":"https:\/\/www.juliet-laser.com\/es\/wp-json\/wp\/v2\/pages\/6189\/revisions\/7675"}],"wp:attachment":[{"href":"https:\/\/www.juliet-laser.com\/es\/wp-json\/wp\/v2\/media?parent=6189"}],"curies":[{"name":"wp","href":"https:\/\/api.w.org\/{rel}","templated":true}]}}