{"id":7637,"date":"2022-06-27T10:54:32","date_gmt":"2022-06-27T10:54:32","guid":{"rendered":"https:\/\/www.juliet-laser.com\/?page_id=7637"},"modified":"2022-11-22T08:39:40","modified_gmt":"2022-11-22T08:39:40","slug":"klinische-ergebnisse","status":"publish","type":"page","link":"https:\/\/www.juliet-laser.com\/de\/klinische-ergebnisse\/","title":{"rendered":"Klinische Ergebnisse"},"content":{"rendered":"<div class=\"wpb-content-wrapper\"><p>[vc_row hide_bg_image_on_tablet=&#8220;&#8220; hide_bg_image_on_mobile=&#8220;&#8220; css=&#8220;.vc_custom_1639908327358{margin-top: -70px !important;}&#8220;][vc_column width=&#8220;2\/12&#8243;][\/vc_column][vc_column width=&#8220;8\/12&#8243;]<div class=\"sc_layouts sc_layouts_default sc_layouts_3350\">[vc_row full_width=\"stretch_row\" hide_bg_image_on_tablet=\"\" hide_bg_image_on_mobile=\"\" css=\".vc_custom_1623339425919{margin-bottom: 25px !important;}\"][vc_column icons_position=\"left\"]<div id=\"sc_title_47371148\"\n\t\tclass=\"sc_title color_style_default sc_title_default\"><h6 class=\"sc_item_subtitle sc_title_subtitle sc_align_center sc_item_title_style_default\">Die Wirksamkeit der Juliet-Lasertherapie<\/h6><h4 class=\"sc_item_title sc_title_title sc_align_center sc_item_title_style_default sc_item_title_tag\">HISTOLOGISCHE ERGEBNISSE<\/h4><div class=\"sc_item_descr sc_title_descr sc_align_center\"><p>Histologische Untersuchungen zeigen Neokollagenese- und Neoangiogeneseprozesse bereits sichtbar in histologischen Proben, die nach 7 Tagen nach einer Behandlung entnommen wurden. Alle Patientinnen in dieser Probe berichteten dar\u00fcber hinaus nach 7 Tagen bessere vaginale Lubrikation, Reduktion\/keine Dyspareunie, bessere Qualit\u00e4t des sexuellen Lebens und Verringerung des Harndrangs, der H\u00e4ufigkeit und des Urinverlusts.<\/p>\n<\/div><\/div><!-- \/.sc_title -->[vc_custom_heading text=\"Quelle: Universit\u00e4t Mailand \u2013 Bicocca, San Gerardo Krankenhaus, Monza, Italien \u2013 Abteilung f\u00fcr Gyn\u00e4kologie und Geburtshilfe\" font_container=\"tag:div|font_size:11|text_align:center\" use_theme_fonts=\"yes\"][vc_empty_space height=\"30px\" alter_height=\"none\" hide_on_desktop=\"1\" hide_on_notebook=\"1\" hide_on_tablet=\"\" hide_on_mobile=\"\"][vc_text_separator title=\"HISTOLOGISCHE PR\u00c4PARATE H\u00e4matoxylin &amp; Eosin (200x)\" css=\".vc_custom_1646922308345{margin-bottom: 32px !important;}\"][\/vc_column][\/vc_row][vc_row full_width=\"stretch_row\" equal_height=\"yes\" content_placement=\"top\"][vc_column width=\"5\/6\" hide_bg_image_on_tablet=\"\" hide_bg_image_on_mobile=\"\" icons_position=\"left\" css=\".vc_custom_1511534454443{padding-right: 0px !important;padding-left: 0px !important;}\"]<div id=\"sc_content_1520132790\"\n\t\tclass=\"sc_content color_style_default sc_content_default sc_float_center sc_shift_y_tiny_negative\"><div class=\"sc_content_container\">[vc_single_image image=\"4869\" img_size=\"full\" alignment=\"right\"]<\/div><\/div><!-- \/.sc_content -->[\/vc_column][vc_column width=\"1\/6\" hide_bg_image_on_tablet=\"\" hide_bg_image_on_mobile=\"\" icons_position=\"left\" css=\".vc_custom_1511533781050{background-color: #ffffff !important;}\"][\/vc_column][\/vc_row][vc_row full_width=\"stretch_row\"][vc_column width=\"1\/6\" icons_position=\"left\"][\/vc_column][vc_column width=\"5\/6\" fix_column=\"\" shift_y=\"tiny_negative\" hide_bg_image_on_tablet=\"\" hide_bg_image_on_mobile=\"\" icons_position=\"left\" css=\".vc_custom_1511534378628{background-color: #ffffff !important;}\"][vc_row_inner hide_bg_image_on_tablet=\"\" hide_bg_image_on_mobile=\"\"][vc_column_inner icons_position=\"left\"][vc_empty_space height=\"31px\" alter_height=\"none\" hide_on_desktop=\"\" hide_on_notebook=\"\" hide_on_tablet=\"\" hide_on_mobile=\"\"][vc_column_text css=\".vc_custom_1646923540276{margin-top: 22px !important;}\"]Die Probe am <strong>Tag 0<\/strong> zeigt eine ver\u00e4nderte Epithel-Stratifikation bei gleichzeitiger Verhornung der Oberfl\u00e4che. Diese ist durch eine geringe Zelldichte charakterisiert.\r\nDas Epithel erscheint atrophisch, eine Abflachung der dermalen Papillen an der dermoepidermalen Junktionszone (Verbindungsstelle) ist erkennbar.\r\n\r\nAm <strong>Tag 7<\/strong> (nach der ersten Behandlung) zeigt sich, dass das Pflasterepithel gut strukturiert ist. Innerhalb der oberfl\u00e4chigen als auch tiefer liegenden Schichten sind ein kompakter Aufbau und mehrere Zellkerne ersichtlich. Dar\u00fcber hinaus liegen die Papillen tiefer, was auf eine gute Gewebsvitalit\u00e4t schlie\u00dft.[\/vc_column_text][vc_empty_space alter_height=\"none\" hide_on_desktop=\"\" hide_on_notebook=\"\" hide_on_tablet=\"1\" hide_on_mobile=\"1\"][\/vc_column_inner][\/vc_row_inner][\/vc_column][\/vc_row][vc_row full_width=\"stretch_row\" equal_height=\"yes\" content_placement=\"top\" hide_bg_image_on_tablet=\"\" hide_bg_image_on_mobile=\"\" css=\".vc_custom_1623340476150{margin-top: 32px !important;}\"][vc_column width=\"5\/6\" hide_bg_image_on_tablet=\"\" hide_bg_image_on_mobile=\"\" icons_position=\"left\" css=\".vc_custom_1511534454443{padding-right: 0px !important;padding-left: 0px !important;}\"]<div id=\"sc_content_802029849\"\n\t\tclass=\"sc_content color_style_default sc_content_default sc_float_center sc_shift_y_tiny_negative\"><div class=\"sc_content_container\">[vc_single_image image=\"4876\" img_size=\"full\" alignment=\"right\"]<\/div><\/div><!-- \/.sc_content -->[\/vc_column][vc_column width=\"1\/6\" hide_bg_image_on_tablet=\"\" hide_bg_image_on_mobile=\"\" icons_position=\"left\" css=\".vc_custom_1511533781050{background-color: #ffffff !important;}\"][\/vc_column][\/vc_row][vc_row full_width=\"stretch_row\"][vc_column width=\"1\/6\" icons_position=\"left\"][\/vc_column][vc_column width=\"5\/6\" fix_column=\"\" shift_y=\"tiny_negative\" hide_bg_image_on_tablet=\"\" hide_bg_image_on_mobile=\"\" icons_position=\"left\" css=\".vc_custom_1511534378628{background-color: #ffffff !important;}\"][vc_row_inner hide_bg_image_on_tablet=\"\" hide_bg_image_on_mobile=\"\"][vc_column_inner icons_position=\"left\"][vc_empty_space height=\"31px\" alter_height=\"none\" hide_on_desktop=\"\" hide_on_notebook=\"\" hide_on_tablet=\"\" hide_on_mobile=\"\"][vc_column_text css=\".vc_custom_1646923614289{margin-top: 22px !important;}\"]<strong>30 Tage<\/strong> nach 1 Behandlung sind Neokollagenese und Neoangiogenese zwar noch sichtbar, eine wieder-gewonnene Gleichartigkeit des Gewebes ist jedoch der Beweis einer effizienten Geweberegeneration.\r\n\r\nZus\u00e4tzlich ist die neue Kollagenbildung festzustellen, welche durch die wei\u00dfen Streifen in den tiefen Schichten zu belegen ist.[\/vc_column_text][vc_empty_space alter_height=\"none\" hide_on_desktop=\"\" hide_on_notebook=\"\" hide_on_tablet=\"1\" hide_on_mobile=\"1\"][\/vc_column_inner][\/vc_row_inner][\/vc_column][\/vc_row]<\/div>[\/vc_column][vc_column width=&#8220;2\/12&#8243;][\/vc_column][\/vc_row][vc_row full_width=&#8220;stretch_row&#8220;][vc_column]<div id=\"sc_title_367146650\"\n\t\tclass=\"sc_title color_style_default sc_title_default  vc_custom_1669105844469\"><h4 class=\"sc_item_title sc_title_title sc_align_center sc_item_title_style_default sc_item_title_tag\">INTERNATIONALE STUDIEN BELEGEN DIE EFFIZIENZ DER MIT ERBIUM:YAG TECHNOLOGIE BEHANDELTEN ERKRANKUNGEN WIE VAGINALER ATROPHIE, LAXHEIT, UND BELASTUNGSINKONTINENZ.<\/h4><\/div><!-- \/.sc_title --><div class=\"sc_item_button sc_button_wrap sc_align_center\"><a href=\"https:\/\/www.juliet-laser.com\/wp-content\/uploads\/2021\/06\/Studies-overview-Juliet-2020.pdf\" id=\"sc_button_1816423144\" class=\"sc_button color_style_default sc_button_default  vc_custom_1669106103899 sc_button_size_normal sc_button_icon_left\" target=\"_blank\"><span class=\"sc_button_text sc_align_center\"><span class=\"sc_button_title\">Download der Studien\u00fcbersicht<\/span><\/span><!-- \/.sc_button_text --><\/a><!-- \/.sc_button --><\/div><!-- \/.sc_item_button --><div id=\"sc_title_20478893\"\n\t\tclass=\"sc_title color_style_default sc_title_default  vc_custom_1669106176250\"><div class=\"sc_item_descr sc_title_descr sc_align_center\"><p>Eine deutsche Studie mit 84 Patienten mit GSM und VVA Symptomen zeigte, dass die meisten (n = 58, 82%) Patienten positive Behandlungsergebnisse berichteten. Es wurden VHI und vaginale pH-Daten von den Patienten gesammelt und der mittlere VHI- und pH-Wert zeigte eine statistisch signifikante Verbesserung nach der Behandlung.<\/p>\n<\/div><\/div><!-- \/.sc_title -->[vc_custom_heading text=&#8220;Mothes AR, Runnebaum M, Runnebaum IB., An innovative dual-phase protocol for pulsed ablative vaginal Erbium:YAG laser treatment of urogynecological symptoms<br \/>\nEur J Obstet Gynecol Reprod Biol. 2018 Oct;229:167-171&#8243; font_container=&#8220;tag:div|font_size:11|text_align:center|line_height:1.1&#8243; use_theme_fonts=&#8220;yes&#8220; css=&#8220;.vc_custom_1639914110406{margin-bottom: 20px !important;}&#8220;]<div class=\"sc_item_button sc_button_wrap sc_align_center\"><a href=\"https:\/\/pubmed.ncbi.nlm.nih.gov\/30199815\/\" id=\"sc_button_433760202\" class=\"sc_button color_style_default sc_button_default  vc_custom_1669106279267 sc_button_size_normal sc_button_icon_left\" target=\"_blank\"><span class=\"sc_button_text sc_align_center\"><span class=\"sc_button_title\">auf die Studienseite gehen<\/span><\/span><!-- \/.sc_button_text --><\/a><!-- \/.sc_button --><\/div><!-- \/.sc_item_button --><div id=\"sc_title_1237222209\"\n\t\tclass=\"sc_title color_style_default sc_title_default  vc_custom_1669106296505\"><div class=\"sc_item_descr sc_title_descr sc_align_center\"><p>Eine weitere deutsche Studie mit 16 postmenopausalen Patienten mit einer Historie von Brustkrebs und urogyn\u00e4kologischen Beschwerden im Zusammenhang mit vaginaler Atrophie und Beckenbodendysfunktion zeigte, dass das Dual-Phase-Protokoll der vaginalen Er:YAG-Laser-Anwendung effektiv und sicher ist.<\/p>\n<\/div><\/div><!-- \/.sc_title -->[vc_custom_heading text=&#8220;Mothes AR, Runnebaum M, Runnebaum IB. Ablative dual-phase Erbium:YAG laser treatment of atrophy-related vaginal symptoms in post-menopausal breast cancer survivors omitting hormonal treatment.<br \/>\nJ Cancer Res Clin Oncol. 2018 May;144(5):955-960.&#8220; font_container=&#8220;tag:div|font_size:11|text_align:center|line_height:1.1&#8243; use_theme_fonts=&#8220;yes&#8220; css=&#8220;.vc_custom_1639914230791{margin-bottom: 20px !important;}&#8220;]<div class=\"sc_item_button sc_button_wrap sc_align_center\"><a href=\"https:\/\/pubmed.ncbi.nlm.nih.gov\/29487993\/\" id=\"sc_button_1360086335\" class=\"sc_button color_style_default sc_button_default sc_button_size_normal sc_button_icon_left\" target=\"_blank\"><span class=\"sc_button_text sc_align_center\"><span class=\"sc_button_title\">auf die Studienseite gehen<\/span><\/span><!-- \/.sc_button_text --><\/a><!-- \/.sc_button --><\/div><!-- \/.sc_item_button --><div id=\"sc_title_1118834106\"\n\t\tclass=\"sc_title color_style_default sc_title_default  vc_custom_1669106336450\"><div class=\"sc_item_descr sc_title_descr sc_align_center\"><p>Eine prospektive Studie aus Deutschland mit 33 Frauen mit leichter bis mittelschwerer Harn-inkontinenz best\u00e4tigte, dass die vaginale Er:YAG Laser-Therapie den klinischen Zustand und die Lebensqualit\u00e4t der Patientinnen verbessern kann, insbesondere im Hinblick auf die Zielgruppen, die nicht-chirurgische Behandlungs-methoden f\u00fcr SUI erfordern.<\/p>\n<\/div><\/div><!-- \/.sc_title -->[vc_custom_heading text=&#8220;Reisenauer, C., Hartlieb, S., Schoenfisch, B. et al. Vaginal therapy of mild and moderate stress urinary incontinence using Er:YAG laser: a real treatment option.<br \/>\nArch Gynecol Obstet 300, 1645\u20131650 (2019).&#8220; font_container=&#8220;tag:div|font_size:11|text_align:center|line_height:1.1&#8243; use_theme_fonts=&#8220;yes&#8220; css=&#8220;.vc_custom_1639914334226{margin-bottom: 20px !important;}&#8220;]<div class=\"sc_item_button sc_button_wrap sc_align_center\"><a href=\"https:\/\/pubmed.ncbi.nlm.nih.gov\/31612281\/\" id=\"sc_button_1932315016\" class=\"sc_button color_style_default sc_button_default  vc_custom_1669106367352 sc_button_size_normal sc_button_icon_left\" target=\"_blank\"><span class=\"sc_button_text sc_align_center\"><span class=\"sc_button_title\">auf die Studienseite gehen<\/span><\/span><!-- \/.sc_button_text --><\/a><!-- \/.sc_button --><\/div><!-- \/.sc_item_button -->[\/vc_column][\/vc_row][vc_row][vc_column][vc_separator css=&#8220;.vc_custom_1645004278759{margin-bottom: -30px !important;}&#8220;]<div class=\"sc_layouts sc_layouts_default sc_layouts_5837\">[vc_row full_width=\"stretch_row\" hide_bg_image_on_tablet=\"\" hide_bg_image_on_mobile=\"\" row_delimiter=\"\" hide_on_desktop=\"\" hide_on_notebook=\"\" hide_on_tablet=\"\" hide_on_mobile=\"\" hide_on_frontpage=\"\"][vc_column width=\"1\/6\" icons_position=\"left\" offset=\"vc_hidden-md\"][\/vc_column][vc_column hide_bg_image_on_tablet=\"\" hide_bg_image_on_mobile=\"\" icons_position=\"left\" offset=\"vc_col-lg-8\"][vc_widget_sidebar sidebar_id=\"custom_widgets_1\"][\/vc_column][vc_column width=\"1\/6\" hide_bg_image_on_tablet=\"\" hide_bg_image_on_mobile=\"\" icons_position=\"left\" offset=\"vc_hidden-md\"][\/vc_column][\/vc_row]<\/div>[\/vc_column][\/vc_row][vc_row][vc_column][\/vc_column][\/vc_row]<\/p>\n<\/div>","protected":false},"excerpt":{"rendered":"<p>[vc_row hide_bg_image_on_tablet=&#8220;&#8220; hide_bg_image_on_mobile=&#8220;&#8220; css=&#8220;.vc_custom_1639908327358{margin-top: -70px !important;}&#8220;][vc_column width=&#8220;2\/12&#8243;][\/vc_column][vc_column width=&#8220;8\/12&#8243;][\/vc_column][vc_column width=&#8220;2\/12&#8243;][\/vc_column][\/vc_row][vc_row full_width=&#8220;stretch_row&#8220;][vc_column][vc_custom_heading text=&#8220;Mothes AR, Runnebaum M, Runnebaum IB., An innovative dual-phase protocol for pulsed ablative vaginal Erbium:YAG laser treatment of urogynecological symptoms Eur J Obstet Gynecol Reprod Biol. 2018 Oct;229:167-171&#8243; font_container=&#8220;tag:div|font_size:11|text_align:center|line_height:1.1&#8243; use_theme_fonts=&#8220;yes&#8220; css=&#8220;.vc_custom_1639914110406{margin-bottom: 20px !important;}&#8220;][vc_custom_heading text=&#8220;Mothes AR, Runnebaum M, Runnebaum IB. Ablative dual-phase Erbium:YAG laser treatment of atrophy-related vaginal symptoms in post-menopausal&hellip;<\/p>\n","protected":false},"author":4,"featured_media":0,"parent":0,"menu_order":0,"comment_status":"closed","ping_status":"closed","template":"","meta":{"footnotes":""},"class_list":["post-7637","page","type-page","status-publish","hentry"],"_links":{"self":[{"href":"https:\/\/www.juliet-laser.com\/de\/wp-json\/wp\/v2\/pages\/7637","targetHints":{"allow":["GET"]}}],"collection":[{"href":"https:\/\/www.juliet-laser.com\/de\/wp-json\/wp\/v2\/pages"}],"about":[{"href":"https:\/\/www.juliet-laser.com\/de\/wp-json\/wp\/v2\/types\/page"}],"author":[{"embeddable":true,"href":"https:\/\/www.juliet-laser.com\/de\/wp-json\/wp\/v2\/users\/4"}],"replies":[{"embeddable":true,"href":"https:\/\/www.juliet-laser.com\/de\/wp-json\/wp\/v2\/comments?post=7637"}],"version-history":[{"count":3,"href":"https:\/\/www.juliet-laser.com\/de\/wp-json\/wp\/v2\/pages\/7637\/revisions"}],"predecessor-version":[{"id":8193,"href":"https:\/\/www.juliet-laser.com\/de\/wp-json\/wp\/v2\/pages\/7637\/revisions\/8193"}],"wp:attachment":[{"href":"https:\/\/www.juliet-laser.com\/de\/wp-json\/wp\/v2\/media?parent=7637"}],"curies":[{"name":"wp","href":"https:\/\/api.w.org\/{rel}","templated":true}]}}