{"id":6598,"date":"2020-12-04T11:20:49","date_gmt":"2020-12-04T11:20:49","guid":{"rendered":"https:\/\/www.juliet-laser.com\/loss-of-elasticity-and-tone\/"},"modified":"2022-07-07T12:34:00","modified_gmt":"2022-07-07T12:34:00","slug":"verlust-von-elastizitaet-und-spannkraft","status":"publish","type":"page","link":"https:\/\/www.juliet-laser.com\/de\/verlust-von-elastizitaet-und-spannkraft\/","title":{"rendered":"Verlust von Elastizit\u00e4t und Spannkraft"},"content":{"rendered":"<div class=\"wpb-content-wrapper\"><p>[vc_row hide_bg_image_on_tablet=&#8220;&#8220; hide_bg_image_on_mobile=&#8220;&#8220; css=&#8220;.vc_custom_1657197225604{margin-top: -70px !important;}&#8220;][vc_column width=&#8220;1\/6&#8243; hide_bg_image_on_tablet=&#8220;&#8220; hide_bg_image_on_mobile=&#8220;&#8220; css=&#8220;.vc_custom_1607099703154{margin-top: 30px !important;}&#8220;][\/vc_column][vc_column width=&#8220;2\/3&#8243; hide_bg_image_on_tablet=&#8220;&#8220; hide_bg_image_on_mobile=&#8220;&#8220; css=&#8220;.vc_custom_1607099730379{margin-top: 30px !important;}&#8220;][vc_column_text css=&#8220;.vc_custom_1657197232747{margin-top: -30px !important;margin-bottom: 18px !important;}&#8220;]Ein recht h\u00e4ufiger Zustand, der in der Regel mit der vaginalen Geburt eines Kindes, aber auch mit dem nat\u00fcrlichen Alterungsprozess einhergeht, ist der Verlust von Elastizit\u00e4t und Spannkraft, auch bekannt<br \/>\nals Descensus Vaginae oder Vaginales Relaxationssyndrom (VRS).<\/p>\n<p>Eine Scheidensenkung entsteht, wenn durch Faktoren wie vaginale Geburten, Bindegewebsschw\u00e4che, schwere k\u00f6rperliche Arbeit, Alterungsprozesse und Hormonmangel das Beckenbodengewebe erschlafft, was zu einer Ausbeulung der Scheidenw\u00e4nde f\u00fchrt. In der Folge kollabieren die Vaginalw\u00e4nde aufeinander.<\/p>\n<p>Schwangerschaften und Geburten tragen zu einer Verschlechterung des VRS-Zustands bei, ebenso wie das Einsetzen der Wechseljahre, die einen R\u00fcckgang des Hormonspiegels und eine vaginale Atrophie verursachen.[\/vc_column_text][vc_single_image image=&#8220;4971&#8243; img_size=&#8220;full&#8220; css=&#8220;.vc_custom_1623690602794{margin-top: 20px !important;}&#8220;][vc_column_text css=&#8220;.vc_custom_1647084530473{margin-top: 32px !important;}&#8220;]Der Grund f\u00fcr die Anwendung der Laserbehandlung bei leichtem Descensus der Vagina, der oft als zu weite Vagina empfunden wird und zu einer Verminderung der sexuellen Lust bei einem Paar f\u00fchren kann, ist die Straffung des Bindegewebes und die Verbesserung der Durchblutung des Scheidenepithels.<\/p>\n<p>Diese Wirkung h\u00e4lt auch nach Beendigung der Behandlung an, weshalb viele Frauen im ersten Monat nach der Behandlung \u00fcber weitere Verbesserungen berichten.[\/vc_column_text][\/vc_column][vc_column width=&#8220;1\/6&#8243;][\/vc_column][\/vc_row][vc_row][vc_column][vc_separator]<div class=\"sc_layouts sc_layouts_default sc_layouts_5837\">[vc_row full_width=\"stretch_row\" hide_bg_image_on_tablet=\"\" hide_bg_image_on_mobile=\"\" row_delimiter=\"\" hide_on_desktop=\"\" hide_on_notebook=\"\" hide_on_tablet=\"\" hide_on_mobile=\"\" hide_on_frontpage=\"\"][vc_column width=\"1\/6\" icons_position=\"left\" offset=\"vc_hidden-md\"][\/vc_column][vc_column hide_bg_image_on_tablet=\"\" hide_bg_image_on_mobile=\"\" icons_position=\"left\" offset=\"vc_col-lg-8\"][vc_widget_sidebar sidebar_id=\"custom_widgets_1\"][\/vc_column][vc_column width=\"1\/6\" hide_bg_image_on_tablet=\"\" hide_bg_image_on_mobile=\"\" icons_position=\"left\" offset=\"vc_hidden-md\"][\/vc_column][\/vc_row]<\/div>[vc_separator][\/vc_column][\/vc_row]<\/p>\n<\/div>","protected":false},"excerpt":{"rendered":"<p>[vc_row hide_bg_image_on_tablet=&#8220;&#8220; hide_bg_image_on_mobile=&#8220;&#8220; css=&#8220;.vc_custom_1657197225604{margin-top: -70px !important;}&#8220;][vc_column width=&#8220;1\/6&#8243; hide_bg_image_on_tablet=&#8220;&#8220; hide_bg_image_on_mobile=&#8220;&#8220; css=&#8220;.vc_custom_1607099703154{margin-top: 30px !important;}&#8220;][\/vc_column][vc_column width=&#8220;2\/3&#8243; hide_bg_image_on_tablet=&#8220;&#8220; hide_bg_image_on_mobile=&#8220;&#8220; css=&#8220;.vc_custom_1607099730379{margin-top: 30px !important;}&#8220;][vc_column_text css=&#8220;.vc_custom_1657197232747{margin-top: -30px !important;margin-bottom: 18px !important;}&#8220;]Ein recht h\u00e4ufiger Zustand, der in der Regel mit der vaginalen Geburt eines Kindes, aber auch mit dem nat\u00fcrlichen Alterungsprozess einhergeht, ist der Verlust von Elastizit\u00e4t und Spannkraft, auch bekannt als Descensus Vaginae oder Vaginales Relaxationssyndrom (VRS). Eine&hellip;<\/p>\n","protected":false},"author":4,"featured_media":2924,"parent":0,"menu_order":0,"comment_status":"closed","ping_status":"closed","template":"","meta":{"footnotes":""},"class_list":["post-6598","page","type-page","status-publish","has-post-thumbnail","hentry"],"_links":{"self":[{"href":"https:\/\/www.juliet-laser.com\/de\/wp-json\/wp\/v2\/pages\/6598","targetHints":{"allow":["GET"]}}],"collection":[{"href":"https:\/\/www.juliet-laser.com\/de\/wp-json\/wp\/v2\/pages"}],"about":[{"href":"https:\/\/www.juliet-laser.com\/de\/wp-json\/wp\/v2\/types\/page"}],"author":[{"embeddable":true,"href":"https:\/\/www.juliet-laser.com\/de\/wp-json\/wp\/v2\/users\/4"}],"replies":[{"embeddable":true,"href":"https:\/\/www.juliet-laser.com\/de\/wp-json\/wp\/v2\/comments?post=6598"}],"version-history":[{"count":6,"href":"https:\/\/www.juliet-laser.com\/de\/wp-json\/wp\/v2\/pages\/6598\/revisions"}],"predecessor-version":[{"id":7728,"href":"https:\/\/www.juliet-laser.com\/de\/wp-json\/wp\/v2\/pages\/6598\/revisions\/7728"}],"wp:featuredmedia":[{"embeddable":true,"href":"https:\/\/www.juliet-laser.com\/de\/wp-json\/wp\/v2\/media\/2924"}],"wp:attachment":[{"href":"https:\/\/www.juliet-laser.com\/de\/wp-json\/wp\/v2\/media?parent=6598"}],"curies":[{"name":"wp","href":"https:\/\/api.w.org\/{rel}","templated":true}]}}