{"id":6568,"date":"2020-12-04T11:30:01","date_gmt":"2020-12-04T11:30:01","guid":{"rendered":"https:\/\/www.juliet-laser.com\/stress-urinary-incontinence-sui\/"},"modified":"2022-07-07T12:23:34","modified_gmt":"2022-07-07T12:23:34","slug":"belastungsinkontinenz","status":"publish","type":"page","link":"https:\/\/www.juliet-laser.com\/de\/belastungsinkontinenz\/","title":{"rendered":"Belastungsinkontinenz"},"content":{"rendered":"<div class=\"wpb-content-wrapper\"><p>[vc_row hide_bg_image_on_tablet=&#8220;&#8220; hide_bg_image_on_mobile=&#8220;&#8220; css=&#8220;.vc_custom_1657196241844{margin-top: -70px !important;}&#8220;][vc_column width=&#8220;1\/6&#8243; hide_bg_image_on_tablet=&#8220;&#8220; hide_bg_image_on_mobile=&#8220;&#8220; css=&#8220;.vc_custom_1607099703154{margin-top: 30px !important;}&#8220;][\/vc_column][vc_column width=&#8220;2\/3&#8243; hide_bg_image_on_tablet=&#8220;&#8220; hide_bg_image_on_mobile=&#8220;&#8220; css=&#8220;.vc_custom_1607099730379{margin-top: 30px !important;}&#8220;][vc_column_text css=&#8220;.vc_custom_1657196276206{margin-top: -30px !important;margin-bottom: 18px !important;}&#8220;]Der Begriff Stressharninkontinenz bezeichnet den ungewollten Urinabgang bei Husten, Niesen oder k\u00f6rperlicher Anstrengung. Die Ursache ist h\u00e4ufig eine verminderte Stabilit\u00e4t des Bindegewebes und ein Verlust<br \/>\nder st\u00fctzenden Verbindung der Harnr\u00f6hre.<\/p>\n<p>Es handelt sich um eine relativ h\u00e4ufige St\u00f6rung bei Frauen nach der ersten Geburt (24 % bis 29 %) und bei Frauen in den Wechseljahren aufgrund der Abnahme der \u00d6strogenproduktion. Ebenso kann h\u00e4ufige Bewegung bei anstrengenden Aktivit\u00e4ten zur Entwicklung einer sportlichen Inkontinenz f\u00fchren.<\/p>\n<p>Bei Frauen mit Belastungsinkontinenz ist der Stoffwechsel des Bindegewebes ver\u00e4ndert, was zu einer verminderten Kollagenproduktion f\u00fchrt, die wiederum zu einer unzureichenden St\u00fctzung im Bereich des Urogenitaltrakts f\u00fchren kann.[\/vc_column_text][vc_single_image image=&#8220;4960&#8243; img_size=&#8220;full&#8220; css=&#8220;.vc_custom_1623689843704{margin-top: 20px !important;}&#8220;][vc_column_text css=&#8220;.vc_custom_1647083738235{margin-top: 32px !important;}&#8220;]Die Juliet-Laserbehandlung f\u00fchrt zu einer Regeneration des Bindegewebes, was einen verbesserten Harnr\u00f6hrenverschluss zur Folge hat. Die Abschw\u00e4chung der Symptome ist sofort nach der ersten Behandlung zu beobachten und die Symptome der Belastungsinkontinenz werden durch die stimulierende Wirkung des Lasers auf die Schleimhaut deutlich reduziert. Diese Wirkung h\u00e4lt auch nach Beendigung der Behandlung an, weshalb viele Frauen im ersten Monat nach der Behandlung \u00fcber weitere Verbesserungen berichten.[\/vc_column_text][\/vc_column][vc_column width=&#8220;1\/6&#8243;][\/vc_column][\/vc_row][vc_row][vc_column][vc_separator]<div class=\"sc_layouts sc_layouts_default sc_layouts_5837\">[vc_row full_width=\"stretch_row\" hide_bg_image_on_tablet=\"\" hide_bg_image_on_mobile=\"\" row_delimiter=\"\" hide_on_desktop=\"\" hide_on_notebook=\"\" hide_on_tablet=\"\" hide_on_mobile=\"\" hide_on_frontpage=\"\"][vc_column width=\"1\/6\" icons_position=\"left\" offset=\"vc_hidden-md\"][\/vc_column][vc_column hide_bg_image_on_tablet=\"\" hide_bg_image_on_mobile=\"\" icons_position=\"left\" offset=\"vc_col-lg-8\"][vc_widget_sidebar sidebar_id=\"custom_widgets_1\"][\/vc_column][vc_column width=\"1\/6\" hide_bg_image_on_tablet=\"\" hide_bg_image_on_mobile=\"\" icons_position=\"left\" offset=\"vc_hidden-md\"][\/vc_column][\/vc_row]<\/div>[vc_separator][\/vc_column][\/vc_row]<\/p>\n<\/div>","protected":false},"excerpt":{"rendered":"<p>[vc_row hide_bg_image_on_tablet=&#8220;&#8220; hide_bg_image_on_mobile=&#8220;&#8220; css=&#8220;.vc_custom_1657196241844{margin-top: -70px !important;}&#8220;][vc_column width=&#8220;1\/6&#8243; hide_bg_image_on_tablet=&#8220;&#8220; hide_bg_image_on_mobile=&#8220;&#8220; css=&#8220;.vc_custom_1607099703154{margin-top: 30px !important;}&#8220;][\/vc_column][vc_column width=&#8220;2\/3&#8243; hide_bg_image_on_tablet=&#8220;&#8220; hide_bg_image_on_mobile=&#8220;&#8220; css=&#8220;.vc_custom_1607099730379{margin-top: 30px !important;}&#8220;][vc_column_text css=&#8220;.vc_custom_1657196276206{margin-top: -30px !important;margin-bottom: 18px !important;}&#8220;]Der Begriff Stressharninkontinenz bezeichnet den ungewollten Urinabgang bei Husten, Niesen oder k\u00f6rperlicher Anstrengung. Die Ursache ist h\u00e4ufig eine verminderte Stabilit\u00e4t des Bindegewebes und ein Verlust der st\u00fctzenden Verbindung der Harnr\u00f6hre. Es handelt sich um eine relativ h\u00e4ufige St\u00f6rung&hellip;<\/p>\n","protected":false},"author":4,"featured_media":2932,"parent":0,"menu_order":0,"comment_status":"closed","ping_status":"closed","template":"","meta":{"footnotes":""},"class_list":["post-6568","page","type-page","status-publish","has-post-thumbnail","hentry"],"_links":{"self":[{"href":"https:\/\/www.juliet-laser.com\/de\/wp-json\/wp\/v2\/pages\/6568","targetHints":{"allow":["GET"]}}],"collection":[{"href":"https:\/\/www.juliet-laser.com\/de\/wp-json\/wp\/v2\/pages"}],"about":[{"href":"https:\/\/www.juliet-laser.com\/de\/wp-json\/wp\/v2\/types\/page"}],"author":[{"embeddable":true,"href":"https:\/\/www.juliet-laser.com\/de\/wp-json\/wp\/v2\/users\/4"}],"replies":[{"embeddable":true,"href":"https:\/\/www.juliet-laser.com\/de\/wp-json\/wp\/v2\/comments?post=6568"}],"version-history":[{"count":7,"href":"https:\/\/www.juliet-laser.com\/de\/wp-json\/wp\/v2\/pages\/6568\/revisions"}],"predecessor-version":[{"id":7721,"href":"https:\/\/www.juliet-laser.com\/de\/wp-json\/wp\/v2\/pages\/6568\/revisions\/7721"}],"wp:featuredmedia":[{"embeddable":true,"href":"https:\/\/www.juliet-laser.com\/de\/wp-json\/wp\/v2\/media\/2932"}],"wp:attachment":[{"href":"https:\/\/www.juliet-laser.com\/de\/wp-json\/wp\/v2\/media?parent=6568"}],"curies":[{"name":"wp","href":"https:\/\/api.w.org\/{rel}","templated":true}]}}