{"id":6534,"date":"2020-12-04T11:40:48","date_gmt":"2020-12-04T11:40:48","guid":{"rendered":"https:\/\/www.juliet-laser.com\/?page_id=6534"},"modified":"2022-07-06T07:40:24","modified_gmt":"2022-07-06T07:40:24","slug":"vaginale-trockenheit-brennen-und-juckreiz","status":"publish","type":"page","link":"https:\/\/www.juliet-laser.com\/de\/vaginale-trockenheit-brennen-und-juckreiz\/","title":{"rendered":"Vaginale Trockenheit, Brennen und Juckreiz"},"content":{"rendered":"<div class=\"wpb-content-wrapper\"><p>[vc_row hide_bg_image_on_tablet=&#8220;&#8220; hide_bg_image_on_mobile=&#8220;&#8220; css=&#8220;.vc_custom_1657091474481{margin-top: -70px !important;}&#8220;][vc_column width=&#8220;1\/6&#8243; hide_bg_image_on_tablet=&#8220;&#8220; hide_bg_image_on_mobile=&#8220;&#8220; css=&#8220;.vc_custom_1607099703154{margin-top: 30px !important;}&#8220;][\/vc_column][vc_column width=&#8220;2\/3&#8243; hide_bg_image_on_tablet=&#8220;&#8220; hide_bg_image_on_mobile=&#8220;&#8220; css=&#8220;.vc_custom_1607099730379{margin-top: 30px !important;}&#8220;][vc_column_text css=&#8220;.vc_custom_1657093220656{margin-top: -30px !important;margin-bottom: 18px !important;}&#8220;]<\/p>\r\n<p>Es gibt viele verschiedene Ursachen f\u00fcr vaginale Trockenheit, Brennen und Juckreiz im Intimbereich. Es kann durch hormonelle Ver\u00e4nderungen wie die Wechseljahre oder nach einer Geburt verursacht werden und geht mit einem Verlust an Elastizit\u00e4t und Spannkraft einher.<\/p>\r\n<p>Diese sind oft mit Atrophie verbunden und scheinen eine h\u00e4ufige Begleiterscheinung dieser speziellen Beschwerde zu sein. Sie beeintr\u00e4chtigt die Qualit\u00e4t des t\u00e4glichen Lebens der Frauen, w\u00e4hrend sie tats\u00e4chlich mit spezifischen Therapien mit hoher Erfolgsrate behandelt werden kann.<\/p>\r\n<p>[\/vc_column_text][vc_single_image image=&#8220;4938&#8243; img_size=&#8220;full&#8220; add_caption=&#8220;yes&#8220; style=&#8220;vc_box_rounded&#8220; css=&#8220;.vc_custom_1623688512901{padding-top: 0px !important;}&#8220;][vc_column_text css=&#8220;.vc_custom_1647081093957{margin-top: 20px !important;}&#8220;]<\/p>\r\n<div class=\"team_member_content entry-content\">\r\n<p>Mit der Juliet-Laserbehandlung k\u00f6nnen Frauen ihre Beschwerden sehr schnell \u00fcberwinden. Sie ist hormonfrei und v\u00f6llig schmerzfrei. Ziel der Laserbehandlung ist es, das Kollagen im Vaginalgewebe zu erneuern: Dies f\u00fchrt zu einer Abschw\u00e4chung der Symptome, die bereits nach der ersten Behandlung zu beobachten ist. Die innere Schleimhaut gewinnt an Elastizit\u00e4t und Gleitf\u00e4higkeit, wird dicker und weicher &#8211; Juckreiz und Reizungen verschwinden. Diese Wirkung h\u00e4lt auch nach Beendigung der Behandlung an, weshalb viele Frauen \u00fcber weitere Verbesserungen im ersten Monat nach der Behandlung berichten.<\/p>\r\n<\/div>\r\n<p>\u00a0[\/vc_column_text][\/vc_column][vc_column width=&#8220;1\/6&#8243;][\/vc_column][\/vc_row][vc_row][vc_column][vc_separator]<div class=\"sc_layouts sc_layouts_default sc_layouts_5837\">[vc_row full_width=\"stretch_row\" hide_bg_image_on_tablet=\"\" hide_bg_image_on_mobile=\"\" row_delimiter=\"\" hide_on_desktop=\"\" hide_on_notebook=\"\" hide_on_tablet=\"\" hide_on_mobile=\"\" hide_on_frontpage=\"\"][vc_column width=\"1\/6\" icons_position=\"left\" offset=\"vc_hidden-md\"][\/vc_column][vc_column hide_bg_image_on_tablet=\"\" hide_bg_image_on_mobile=\"\" icons_position=\"left\" offset=\"vc_col-lg-8\"][vc_widget_sidebar sidebar_id=\"custom_widgets_1\"][\/vc_column][vc_column width=\"1\/6\" hide_bg_image_on_tablet=\"\" hide_bg_image_on_mobile=\"\" icons_position=\"left\" offset=\"vc_hidden-md\"][\/vc_column][\/vc_row]<\/div>[vc_separator][\/vc_column][\/vc_row]<\/p><\/div>","protected":false},"excerpt":{"rendered":"<p>[vc_row hide_bg_image_on_tablet=&#8220;&#8220; hide_bg_image_on_mobile=&#8220;&#8220; css=&#8220;.vc_custom_1657091474481{margin-top: -70px !important;}&#8220;][vc_column width=&#8220;1\/6&#8243; hide_bg_image_on_tablet=&#8220;&#8220; hide_bg_image_on_mobile=&#8220;&#8220; css=&#8220;.vc_custom_1607099703154{margin-top: 30px !important;}&#8220;][\/vc_column][vc_column width=&#8220;2\/3&#8243; hide_bg_image_on_tablet=&#8220;&#8220; hide_bg_image_on_mobile=&#8220;&#8220; css=&#8220;.vc_custom_1607099730379{margin-top: 30px !important;}&#8220;][vc_column_text css=&#8220;.vc_custom_1657093220656{margin-top: -30px !important;margin-bottom: 18px !important;}&#8220;] Es gibt viele verschiedene Ursachen f\u00fcr vaginale Trockenheit, Brennen und Juckreiz im Intimbereich. Es kann durch hormonelle Ver\u00e4nderungen wie die Wechseljahre oder nach einer Geburt verursacht werden und geht mit einem Verlust an Elastizit\u00e4t und Spannkraft einher.&hellip;<\/p>\n","protected":false},"author":4,"featured_media":2910,"parent":0,"menu_order":0,"comment_status":"closed","ping_status":"closed","template":"","meta":{"footnotes":""},"class_list":["post-6534","page","type-page","status-publish","has-post-thumbnail","hentry"],"_links":{"self":[{"href":"https:\/\/www.juliet-laser.com\/de\/wp-json\/wp\/v2\/pages\/6534","targetHints":{"allow":["GET"]}}],"collection":[{"href":"https:\/\/www.juliet-laser.com\/de\/wp-json\/wp\/v2\/pages"}],"about":[{"href":"https:\/\/www.juliet-laser.com\/de\/wp-json\/wp\/v2\/types\/page"}],"author":[{"embeddable":true,"href":"https:\/\/www.juliet-laser.com\/de\/wp-json\/wp\/v2\/users\/4"}],"replies":[{"embeddable":true,"href":"https:\/\/www.juliet-laser.com\/de\/wp-json\/wp\/v2\/comments?post=6534"}],"version-history":[{"count":10,"href":"https:\/\/www.juliet-laser.com\/de\/wp-json\/wp\/v2\/pages\/6534\/revisions"}],"predecessor-version":[{"id":7711,"href":"https:\/\/www.juliet-laser.com\/de\/wp-json\/wp\/v2\/pages\/6534\/revisions\/7711"}],"wp:featuredmedia":[{"embeddable":true,"href":"https:\/\/www.juliet-laser.com\/de\/wp-json\/wp\/v2\/media\/2910"}],"wp:attachment":[{"href":"https:\/\/www.juliet-laser.com\/de\/wp-json\/wp\/v2\/media?parent=6534"}],"curies":[{"name":"wp","href":"https:\/\/api.w.org\/{rel}","templated":true}]}}