{"id":6503,"date":"2020-12-04T11:50:39","date_gmt":"2020-12-04T11:50:39","guid":{"rendered":"https:\/\/www.juliet-laser.com\/?page_id=6503"},"modified":"2022-07-06T07:09:42","modified_gmt":"2022-07-06T07:09:42","slug":"schmerzen-beim-geschlechtsverkehr","status":"publish","type":"page","link":"https:\/\/www.juliet-laser.com\/de\/schmerzen-beim-geschlechtsverkehr\/","title":{"rendered":"Schmerzen beim Geschlechtsverkehr"},"content":{"rendered":"<div class=\"wpb-content-wrapper\"><p>[vc_row hide_bg_image_on_tablet=&#8220;&#8220; hide_bg_image_on_mobile=&#8220;&#8220; css=&#8220;.vc_custom_1656002158212{margin-top: -70px !important;}&#8220;][vc_column width=&#8220;1\/6&#8243; hide_bg_image_on_tablet=&#8220;&#8220; hide_bg_image_on_mobile=&#8220;&#8220; css=&#8220;.vc_custom_1607099703154{margin-top: 30px !important;}&#8220;][\/vc_column][vc_column width=&#8220;2\/3&#8243;][vc_column_text css=&#8220;.vc_custom_1656002196806{margin-bottom: 18px !important;}&#8220;]Schmerz beim Geschlechtsverkehr, auch Dyspareunie genannt, beschreibt ein schmerzhaftes Erleben beim Geschlechtsverkehr aufgrund von k\u00f6rperlichen Ver\u00e4nderungen in den Wechseljahren, wie z. B. einer beginnenden vulvovaginalen Atrophie, oder anderen psychologischen Faktoren.<\/p>\n<p>In den meisten F\u00e4llen kommt es bei Frauen zu einem Verlust der vaginalen Hydratation, der Schmerzen beim Geschlechtsakt verursacht. Andere Gr\u00fcnde k\u00f6nnen k\u00f6rperliche Ver\u00e4nderungen nach der Geburt oder allgemeine Gewebesch\u00e4den sein.<\/p>\n<p>Wenn Dyspareunie mit vulvovaginaler Atrophie verbunden ist, werden die W\u00e4nde der Vagina d\u00fcnn, br\u00fcchig und unelastisch. Dies verursacht Schmerzen beim Geschlechtsverkehr, was oft zu einem Mangel an Libido und Gef\u00fchlen des Unbehagens in intimen Situationen mit dem Partner f\u00fchrt.[\/vc_column_text][\/vc_column][vc_column width=&#8220;1\/6&#8243;][\/vc_column][\/vc_row][vc_row][vc_column width=&#8220;1\/6&#8243; hide_bg_image_on_tablet=&#8220;&#8220; hide_bg_image_on_mobile=&#8220;&#8220; css=&#8220;.vc_custom_1607099703154{margin-top: 30px !important;}&#8220;][\/vc_column][vc_column width=&#8220;2\/3&#8243;][vc_single_image image=&#8220;4927&#8243; img_size=&#8220;full&#8220;][vc_column_text css=&#8220;.vc_custom_1647080036809{margin-top: 32px !important;}&#8220;]Es ist sehr wichtig, die Ursachen der Dyspareunie zu verstehen, um beurteilen zu k\u00f6nnen, welche Art der Therapie am besten geeignet ist. In vielen F\u00e4llen kann die Juliet-Laser-Behandlung helfen, die Schmerzen zu lindern und ein befriedigendes Sexualleben wiederzuerlangen.[\/vc_column_text][\/vc_column][vc_column width=&#8220;1\/6&#8243;][\/vc_column][\/vc_row][vc_row][vc_column][vc_separator]<div class=\"sc_layouts sc_layouts_default sc_layouts_5837\">[vc_row full_width=\"stretch_row\" hide_bg_image_on_tablet=\"\" hide_bg_image_on_mobile=\"\" row_delimiter=\"\" hide_on_desktop=\"\" hide_on_notebook=\"\" hide_on_tablet=\"\" hide_on_mobile=\"\" hide_on_frontpage=\"\"][vc_column width=\"1\/6\" icons_position=\"left\" offset=\"vc_hidden-md\"][\/vc_column][vc_column hide_bg_image_on_tablet=\"\" hide_bg_image_on_mobile=\"\" icons_position=\"left\" offset=\"vc_col-lg-8\"][vc_widget_sidebar sidebar_id=\"custom_widgets_1\"][\/vc_column][vc_column width=\"1\/6\" hide_bg_image_on_tablet=\"\" hide_bg_image_on_mobile=\"\" icons_position=\"left\" offset=\"vc_hidden-md\"][\/vc_column][\/vc_row]<\/div>[vc_separator][\/vc_column][\/vc_row]<\/p>\n<\/div>","protected":false},"excerpt":{"rendered":"<p>[vc_row hide_bg_image_on_tablet=&#8220;&#8220; hide_bg_image_on_mobile=&#8220;&#8220; css=&#8220;.vc_custom_1656002158212{margin-top: -70px !important;}&#8220;][vc_column width=&#8220;1\/6&#8243; hide_bg_image_on_tablet=&#8220;&#8220; hide_bg_image_on_mobile=&#8220;&#8220; css=&#8220;.vc_custom_1607099703154{margin-top: 30px !important;}&#8220;][\/vc_column][vc_column width=&#8220;2\/3&#8243;][vc_column_text css=&#8220;.vc_custom_1656002196806{margin-bottom: 18px !important;}&#8220;]Schmerz beim Geschlechtsverkehr, auch Dyspareunie genannt, beschreibt ein schmerzhaftes Erleben beim Geschlechtsverkehr aufgrund von k\u00f6rperlichen Ver\u00e4nderungen in den Wechseljahren, wie z. B. einer beginnenden vulvovaginalen Atrophie, oder anderen psychologischen Faktoren. In den meisten F\u00e4llen kommt es bei Frauen zu einem Verlust der vaginalen Hydratation, der&hellip;<\/p>\n","protected":false},"author":4,"featured_media":2917,"parent":0,"menu_order":0,"comment_status":"closed","ping_status":"closed","template":"","meta":{"footnotes":""},"class_list":["post-6503","page","type-page","status-publish","has-post-thumbnail","hentry"],"_links":{"self":[{"href":"https:\/\/www.juliet-laser.com\/de\/wp-json\/wp\/v2\/pages\/6503","targetHints":{"allow":["GET"]}}],"collection":[{"href":"https:\/\/www.juliet-laser.com\/de\/wp-json\/wp\/v2\/pages"}],"about":[{"href":"https:\/\/www.juliet-laser.com\/de\/wp-json\/wp\/v2\/types\/page"}],"author":[{"embeddable":true,"href":"https:\/\/www.juliet-laser.com\/de\/wp-json\/wp\/v2\/users\/4"}],"replies":[{"embeddable":true,"href":"https:\/\/www.juliet-laser.com\/de\/wp-json\/wp\/v2\/comments?post=6503"}],"version-history":[{"count":7,"href":"https:\/\/www.juliet-laser.com\/de\/wp-json\/wp\/v2\/pages\/6503\/revisions"}],"predecessor-version":[{"id":6507,"href":"https:\/\/www.juliet-laser.com\/de\/wp-json\/wp\/v2\/pages\/6503\/revisions\/6507"}],"wp:featuredmedia":[{"embeddable":true,"href":"https:\/\/www.juliet-laser.com\/de\/wp-json\/wp\/v2\/media\/2917"}],"wp:attachment":[{"href":"https:\/\/www.juliet-laser.com\/de\/wp-json\/wp\/v2\/media?parent=6503"}],"curies":[{"name":"wp","href":"https:\/\/api.w.org\/{rel}","templated":true}]}}