{"id":6477,"date":"2020-12-04T14:01:07","date_gmt":"2020-12-04T14:01:07","guid":{"rendered":"https:\/\/www.juliet-laser.com\/?page_id=6477"},"modified":"2022-07-05T22:37:55","modified_gmt":"2022-07-05T22:37:55","slug":"vulvovaginale-atrophie","status":"publish","type":"page","link":"https:\/\/www.juliet-laser.com\/de\/vulvovaginale-atrophie\/","title":{"rendered":"Vulvovaginale Atrophie"},"content":{"rendered":"<div class=\"wpb-content-wrapper\">[vc_row hide_bg_image_on_tablet=&#8220;&#8220; hide_bg_image_on_mobile=&#8220;&#8220; css=&#8220;.vc_custom_1656002102396{margin-top: -70px !important;}&#8220;][vc_column width=&#8220;1\/6&#8243; hide_bg_image_on_tablet=&#8220;&#8220; hide_bg_image_on_mobile=&#8220;&#8220; css=&#8220;.vc_custom_1607099703154{margin-top: 30px !important;}&#8220;][\/vc_column][vc_column width=&#8220;2\/3&#8243;][vc_column_text]Frauen in den Wechseljahren leiden oft unter einer Vielzahl von Symptomen, darunter vaginale Trockenheit, Juckreiz, Schmerzen beim Geschlechtsverkehr, verminderte Libido und Elastizit\u00e4t sowie vaginale Spannungen. Dieser Zustand wird auch als vaginale Atrophie bezeichnet.\r\n\r\nEine Atrophie der Vaginalhaut entwickelt sich bei 10-40 % der Frauen nach den Wechseljahren und ist die Folge eines \u00d6strogenmangels. Die Vaginalhaut wird d\u00fcnn, trocken und verliert ihre Elastizit\u00e4t, w\u00e4hrend ihr pH-Wert steigt.\r\n\r\nFrauen mit unbehandelter vaginaler Atrophie leiden oft unter vaginaler Par\u00e4sthesie, einem Gef\u00fchl der Trockenheit, Juckreiz, Brennen und sogar Schmerzen beim Geschlechtsverkehr. Die vaginale Atrophie kann zu Harninkontinenz beitragen und f\u00fchrt bei vielen Frauen zu einem allgemeinen Mangel an Lebensqualit\u00e4t.[\/vc_column_text][\/vc_column][vc_column width=&#8220;1\/6&#8243;][\/vc_column][\/vc_row][vc_row][vc_column width=&#8220;1\/6&#8243;][\/vc_column][vc_column width=&#8220;2\/3&#8243;][vc_single_image image=&#8220;2118&#8243; img_size=&#8220;full&#8220; style=&#8220;vc_box_rounded&#8220; css=&#8220;.vc_custom_1631636262116{padding-top: 30px !important;}&#8220;][vc_column_text]\r\n<p style=\"text-align: center;\"><small>Premenopausal vaginal tissue \/ Postmenopausal vaginal tissue.\u00a0<\/small><\/p>\r\n[\/vc_column_text][vc_column_text css=&#8220;.vc_custom_1647021426162{margin-top: 32px !important;}&#8220;]Die Juliet-Behandlung ist in der Lage, den urspr\u00fcnglichen Stoffwechsel des Bindegewebes wiederherzustellen und den Zustand der Schleimhaut zu verbessern, indem ein Prozess der Neokollagenese angeregt wird. Dies f\u00fchrt zu einer Abschw\u00e4chung der Symptome, die sofort nach der ersten Behandlung beobachtet werden kann. Die innere Schleimhaut gewinnt an Elastizit\u00e4t und Gleitf\u00e4higkeit, wird dicker und weicher &#8211; Juckreiz, Reizungen und Schmerzen beim Geschlechtsverkehr verschwinden. Diese Wirkung h\u00e4lt auch nach Beendigung der Behandlung an, weshalb viele Frauen \u00fcber weitere Verbesserungen im ersten Monat nach der Behandlung berichten.[\/vc_column_text][\/vc_column][vc_column width=&#8220;1\/6&#8243;][\/vc_column][\/vc_row][vc_row][vc_column][vc_separator]<div class=\"sc_layouts sc_layouts_default sc_layouts_5837\">[vc_row full_width=\"stretch_row\" hide_bg_image_on_tablet=\"\" hide_bg_image_on_mobile=\"\" row_delimiter=\"\" hide_on_desktop=\"\" hide_on_notebook=\"\" hide_on_tablet=\"\" hide_on_mobile=\"\" hide_on_frontpage=\"\"][vc_column width=\"1\/6\" icons_position=\"left\" offset=\"vc_hidden-md\"][\/vc_column][vc_column hide_bg_image_on_tablet=\"\" hide_bg_image_on_mobile=\"\" icons_position=\"left\" offset=\"vc_col-lg-8\"][vc_widget_sidebar sidebar_id=\"custom_widgets_1\"][\/vc_column][vc_column width=\"1\/6\" hide_bg_image_on_tablet=\"\" hide_bg_image_on_mobile=\"\" icons_position=\"left\" offset=\"vc_hidden-md\"][\/vc_column][\/vc_row]<\/div>[vc_separator][\/vc_column][\/vc_row][vc_row][vc_column][vc_column_text][\/vc_column_text][\/vc_column][\/vc_row]<!-- \/wp:post-content --><\/div>","protected":false},"excerpt":{"rendered":"<p>[vc_row hide_bg_image_on_tablet=&#8220;&#8220; hide_bg_image_on_mobile=&#8220;&#8220; css=&#8220;.vc_custom_1656002102396{margin-top: -70px !important;}&#8220;][vc_column width=&#8220;1\/6&#8243; hide_bg_image_on_tablet=&#8220;&#8220; hide_bg_image_on_mobile=&#8220;&#8220; css=&#8220;.vc_custom_1607099703154{margin-top: 30px !important;}&#8220;][\/vc_column][vc_column width=&#8220;2\/3&#8243;][vc_column_text]Frauen in den Wechseljahren leiden oft unter einer Vielzahl von Symptomen, darunter vaginale Trockenheit, Juckreiz, Schmerzen beim Geschlechtsverkehr, verminderte Libido und Elastizit\u00e4t sowie vaginale Spannungen. Dieser Zustand wird auch als vaginale Atrophie bezeichnet. Eine Atrophie der Vaginalhaut entwickelt sich bei 10-40 % der Frauen nach den Wechseljahren und&hellip;<\/p>\n","protected":false},"author":4,"featured_media":2896,"parent":0,"menu_order":0,"comment_status":"closed","ping_status":"closed","template":"","meta":{"footnotes":""},"class_list":["post-6477","page","type-page","status-publish","has-post-thumbnail","hentry"],"_links":{"self":[{"href":"https:\/\/www.juliet-laser.com\/de\/wp-json\/wp\/v2\/pages\/6477","targetHints":{"allow":["GET"]}}],"collection":[{"href":"https:\/\/www.juliet-laser.com\/de\/wp-json\/wp\/v2\/pages"}],"about":[{"href":"https:\/\/www.juliet-laser.com\/de\/wp-json\/wp\/v2\/types\/page"}],"author":[{"embeddable":true,"href":"https:\/\/www.juliet-laser.com\/de\/wp-json\/wp\/v2\/users\/4"}],"replies":[{"embeddable":true,"href":"https:\/\/www.juliet-laser.com\/de\/wp-json\/wp\/v2\/comments?post=6477"}],"version-history":[{"count":8,"href":"https:\/\/www.juliet-laser.com\/de\/wp-json\/wp\/v2\/pages\/6477\/revisions"}],"predecessor-version":[{"id":7689,"href":"https:\/\/www.juliet-laser.com\/de\/wp-json\/wp\/v2\/pages\/6477\/revisions\/7689"}],"wp:featuredmedia":[{"embeddable":true,"href":"https:\/\/www.juliet-laser.com\/de\/wp-json\/wp\/v2\/media\/2896"}],"wp:attachment":[{"href":"https:\/\/www.juliet-laser.com\/de\/wp-json\/wp\/v2\/media?parent=6477"}],"curies":[{"name":"wp","href":"https:\/\/api.w.org\/{rel}","templated":true}]}}