{"id":5114,"date":"2020-12-04T11:10:49","date_gmt":"2020-12-04T11:10:49","guid":{"rendered":"https:\/\/www.juliet-laser.com\/?page_id=5114"},"modified":"2022-07-07T12:44:30","modified_gmt":"2022-07-07T12:44:30","slug":"urogenitales-syndrom-der-menopause","status":"publish","type":"page","link":"https:\/\/www.juliet-laser.com\/de\/urogenitales-syndrom-der-menopause\/","title":{"rendered":"Urogenitales Syndrom der Menopause"},"content":{"rendered":"<div class=\"wpb-content-wrapper\"><p>[vc_row hide_bg_image_on_tablet=&#8220;&#8220; hide_bg_image_on_mobile=&#8220;&#8220; css=&#8220;.vc_custom_1657197854401{margin-top: -70px !important;}&#8220;][vc_column width=&#8220;1\/6&#8243; hide_bg_image_on_tablet=&#8220;&#8220; hide_bg_image_on_mobile=&#8220;&#8220; css=&#8220;.vc_custom_1607099703154{margin-top: 30px !important;}&#8220;][\/vc_column][vc_column width=&#8220;2\/3&#8243; hide_bg_image_on_tablet=&#8220;&#8220; hide_bg_image_on_mobile=&#8220;&#8220; css=&#8220;.vc_custom_1607099730379{margin-top: 30px !important;}&#8220;][vc_column_text css=&#8220;.vc_custom_1657197862357{margin-top: -30px !important;margin-bottom: 18px !important;}&#8220;]Unter dem Begriff Genitourin\u00e4res Syndrom der Menopause (GSM) versteht man ein Komplex von Symptomen, die im Wesentlichen durch den Hormonmangel nach der Menopause verursacht werden. Das GSM ist chronisch und fortschreitend und beeintr\u00e4chtigt unbehandelt die Lebensqualit\u00e4t der betroffenen Frauen.<\/p>\n<p>Sch\u00e4tzungsweise jede zweite Frau in den Wechseljahren ist von lebensqualit\u00e4tseinschr\u00e4nkender St\u00f6rungen wie Scheidentrockenheit, Brennen, Missempfindungen, eingeschr\u00e4nkte F\u00e4higkeit zur sexuellen Lust durch verminderte Lubrikation oder sogar Schmerzen beim Geschlechtsverkehr sowie Harndrang, Dysurie und wiederholte Blasenentz\u00fcndungen betroffen.[\/vc_column_text][vc_single_image image=&#8220;4980&#8243; img_size=&#8220;full&#8220; css=&#8220;.vc_custom_1631713834498{margin-top: 20px !important;}&#8220;][vc_column_text css=&#8220;.vc_custom_1647086066654{margin-top: 32px !important;}&#8220;]Wie bei der vulvovaginalen Atrophie beschrieben, ist die Behandlung mit Juliet in der Lage, den urspr\u00fcnglichen Stoffwechsel des Bindegewebes wiederherzustellen und den Zustand der Schleimhaut zu verbessern, indem ein Prozess der Neokollagenese angeregt wird. Dies f\u00fchrt zu einer Abschw\u00e4chung der Symptome, die sofort nach der ersten Behandlung zu beobachten ist. Die innere Schleimhaut gewinnt an Elastizit\u00e4t und Gleitf\u00e4higkeit, wird dicker und weicher &#8211; Juckreiz, Reizungen und Schmerzen beim Geschlechtsverkehr verschwinden. Diese Wirkung h\u00e4lt auch nach Beendigung der Behandlung an, weshalb viele Frauen \u00fcber weitere Verbesserungen im ersten Monat nach der Behandlung berichten.[\/vc_column_text][\/vc_column][vc_column width=&#8220;1\/6&#8243;][\/vc_column][\/vc_row][vc_row][vc_column][vc_separator]<div class=\"sc_layouts sc_layouts_default sc_layouts_5837\">[vc_row full_width=\"stretch_row\" hide_bg_image_on_tablet=\"\" hide_bg_image_on_mobile=\"\" row_delimiter=\"\" hide_on_desktop=\"\" hide_on_notebook=\"\" hide_on_tablet=\"\" hide_on_mobile=\"\" hide_on_frontpage=\"\"][vc_column width=\"1\/6\" icons_position=\"left\" offset=\"vc_hidden-md\"][\/vc_column][vc_column hide_bg_image_on_tablet=\"\" hide_bg_image_on_mobile=\"\" icons_position=\"left\" offset=\"vc_col-lg-8\"][vc_widget_sidebar sidebar_id=\"custom_widgets_1\"][\/vc_column][vc_column width=\"1\/6\" hide_bg_image_on_tablet=\"\" hide_bg_image_on_mobile=\"\" icons_position=\"left\" offset=\"vc_hidden-md\"][\/vc_column][\/vc_row]<\/div>[vc_separator][\/vc_column][\/vc_row]<\/p>\n<\/div>","protected":false},"excerpt":{"rendered":"<p>[vc_row hide_bg_image_on_tablet=&#8220;&#8220; hide_bg_image_on_mobile=&#8220;&#8220; css=&#8220;.vc_custom_1657197854401{margin-top: -70px !important;}&#8220;][vc_column width=&#8220;1\/6&#8243; hide_bg_image_on_tablet=&#8220;&#8220; hide_bg_image_on_mobile=&#8220;&#8220; css=&#8220;.vc_custom_1607099703154{margin-top: 30px !important;}&#8220;][\/vc_column][vc_column width=&#8220;2\/3&#8243; hide_bg_image_on_tablet=&#8220;&#8220; hide_bg_image_on_mobile=&#8220;&#8220; css=&#8220;.vc_custom_1607099730379{margin-top: 30px !important;}&#8220;][vc_column_text css=&#8220;.vc_custom_1657197862357{margin-top: -30px !important;margin-bottom: 18px !important;}&#8220;]Unter dem Begriff Genitourin\u00e4res Syndrom der Menopause (GSM) versteht man ein Komplex von Symptomen, die im Wesentlichen durch den Hormonmangel nach der Menopause verursacht werden. Das GSM ist chronisch und fortschreitend und beeintr\u00e4chtigt unbehandelt die Lebensqualit\u00e4t der betroffenen&hellip;<\/p>\n","protected":false},"author":4,"featured_media":2903,"parent":0,"menu_order":0,"comment_status":"closed","ping_status":"closed","template":"","meta":{"footnotes":""},"class_list":["post-5114","page","type-page","status-publish","has-post-thumbnail","hentry"],"_links":{"self":[{"href":"https:\/\/www.juliet-laser.com\/de\/wp-json\/wp\/v2\/pages\/5114","targetHints":{"allow":["GET"]}}],"collection":[{"href":"https:\/\/www.juliet-laser.com\/de\/wp-json\/wp\/v2\/pages"}],"about":[{"href":"https:\/\/www.juliet-laser.com\/de\/wp-json\/wp\/v2\/types\/page"}],"author":[{"embeddable":true,"href":"https:\/\/www.juliet-laser.com\/de\/wp-json\/wp\/v2\/users\/4"}],"replies":[{"embeddable":true,"href":"https:\/\/www.juliet-laser.com\/de\/wp-json\/wp\/v2\/comments?post=5114"}],"version-history":[{"count":8,"href":"https:\/\/www.juliet-laser.com\/de\/wp-json\/wp\/v2\/pages\/5114\/revisions"}],"predecessor-version":[{"id":7736,"href":"https:\/\/www.juliet-laser.com\/de\/wp-json\/wp\/v2\/pages\/5114\/revisions\/7736"}],"wp:featuredmedia":[{"embeddable":true,"href":"https:\/\/www.juliet-laser.com\/de\/wp-json\/wp\/v2\/media\/2903"}],"wp:attachment":[{"href":"https:\/\/www.juliet-laser.com\/de\/wp-json\/wp\/v2\/media?parent=5114"}],"curies":[{"name":"wp","href":"https:\/\/api.w.org\/{rel}","templated":true}]}}