{"id":3566,"date":"2017-08-17T14:00:00","date_gmt":"2017-08-17T14:00:00","guid":{"rendered":"https:\/\/www.juliet-laser.com\/?page_id=3566"},"modified":"2022-03-18T15:49:35","modified_gmt":"2022-03-18T15:49:35","slug":"was-ist-juliet","status":"publish","type":"page","link":"https:\/\/www.juliet-laser.com\/de\/was-ist-juliet\/","title":{"rendered":"Was ist Juliet"},"content":{"rendered":"<div class=\"wpb-content-wrapper\"><p>[vc_row full_width=&#8220;stretch_row_content&#8220; hide_bg_image_on_tablet=&#8220;&#8220; hide_bg_image_on_mobile=&#8220;&#8220; css=&#8220;.vc_custom_1639908132017{margin-top: -70px !important;}&#8220;][vc_column width=&#8220;2\/12&#8243;][\/vc_column][vc_column width=&#8220;8\/12&#8243;]<div class=\"sc_layouts sc_layouts_default sc_layouts_3572\">[vc_row full_width=\"stretch_row\"][vc_column icons_position=\"left\"]<div id=\"sc_title_1408172719\"\n\t\tclass=\"sc_title color_style_default sc_title_default\"><h6 class=\"sc_item_subtitle sc_title_subtitle sc_align_center sc_item_title_style_default\">Juliet Laser-Behandlung<\/h6><h4 class=\"sc_item_title sc_title_title sc_align_center sc_item_title_style_default sc_item_title_tag\">F\u00dcR IHRE WEIBLICHKEIT<\/h4><\/div><!-- \/.sc_title -->[vc_empty_space height=\"86px\" alter_height=\"none\" hide_on_desktop=\"\" hide_on_notebook=\"\" hide_on_tablet=\"1\" hide_on_mobile=\"1\"][vc_empty_space height=\"60px\" alter_height=\"none\" hide_on_desktop=\"1\" hide_on_notebook=\"1\" hide_on_tablet=\"\" hide_on_mobile=\"1\"][vc_empty_space height=\"30px\" alter_height=\"none\" hide_on_desktop=\"1\" hide_on_notebook=\"1\" hide_on_tablet=\"1\" hide_on_mobile=\"\"][\/vc_column][\/vc_row][vc_row full_width=\"stretch_row\" equal_height=\"yes\" content_placement=\"top\"][vc_column width=\"5\/6\" hide_bg_image_on_tablet=\"\" hide_bg_image_on_mobile=\"\" icons_position=\"left\" css=\".vc_custom_1511534454443{padding-right: 0px !important;padding-left: 0px !important;}\"]<div id=\"sc_content_1489748384\"\n\t\tclass=\"sc_content color_style_default sc_content_default sc_float_center sc_shift_y_tiny_negative\"><div class=\"sc_content_container\">[vc_single_image image=\"4666\" img_size=\"full\" alignment=\"right\"]<\/div><\/div><!-- \/.sc_content -->[\/vc_column][vc_column width=\"1\/6\" hide_bg_image_on_tablet=\"\" hide_bg_image_on_mobile=\"\" icons_position=\"left\" css=\".vc_custom_1511533781050{background-color: #ffffff !important;}\"][\/vc_column][\/vc_row][vc_row full_width=\"stretch_row\" equal_height=\"yes\" content_placement=\"top\"][vc_column width=\"1\/6\" hide_bg_image_on_tablet=\"\" hide_bg_image_on_mobile=\"\" icons_position=\"left\"][\/vc_column][vc_column width=\"5\/6\" fix_column=\"\" shift_y=\"tiny_negative\" hide_bg_image_on_tablet=\"\" hide_bg_image_on_mobile=\"\" icons_position=\"left\" css=\".vc_custom_1515147927089{background-color: #ffffff !important;}\"][vc_empty_space height=\"55px\" alter_height=\"none\" hide_on_desktop=\"\" hide_on_notebook=\"\" hide_on_tablet=\"1\" hide_on_mobile=\"1\"][vc_empty_space height=\"31px\" alter_height=\"none\" hide_on_desktop=\"1\" hide_on_notebook=\"1\" hide_on_tablet=\"\" hide_on_mobile=\"\"][vc_column_text css=\".vc_custom_1646674259805{padding-left: 20px !important;}\"]\r\n<h5>Juliet ist die revolution\u00e4re Laserbehandlung f\u00fcr die Intimgesundheit von Frauen<\/h5>\r\n[\/vc_column_text][vc_row_inner hide_bg_image_on_tablet=\"\" hide_bg_image_on_mobile=\"\" row_delimiter=\"\" css=\".vc_custom_1562687721621{padding-top: 50px !important;padding-right: 15px !important;padding-left: 15px !important;}\"][vc_column_inner width=\"1\/12\" hide_bg_image_on_tablet=\"\" hide_bg_image_on_mobile=\"\" icons_position=\"left\" css=\".vc_custom_1512737066095{padding-right: 15px !important;padding-left: 15px !important;}\"][\/vc_column_inner][vc_column_inner width=\"5\/12\" icons_position=\"left\"][vc_column_text]Die Juliet-Laserbehandlung ist ein hormonfreies, schnelles, sicheres und schmerzloses Verfahren zur Verbesserung Ihrer gyn\u00e4kologischen Gesundheit. Juliet hat bereits das Leben von Tausenden von Frauen auf der ganzen Welt ver\u00e4ndert.\r\n\r\nEs ist eine sanfte Behandlung, ohne Ausfallzeit und ohne erforderliche An\u00e4sthesie. Der Laser nutzt die wohltuende Wirkung des Lichts auf die Haut und kann so die Vaginalschleimhaut zur Produktion von neuem Kollagen anregen.[\/vc_column_text][\/vc_column_inner][vc_column_inner width=\"5\/12\" icons_position=\"left\"][vc_column_text]Unangenehme Symptome wie genitaler Juckreiz, Irritationen, schlechte vaginale Lubrikation, vaginale Trockenheit und sogar Schmerzen beim Geschlechtsverkehr (Dyspareunie) k\u00f6nnen heute dank der hochmodernen Erbium:YAG-Technologie der Juliet-Laserbehandlung von Asclepion dramatisch verbessert und endg\u00fcltig gel\u00f6st werden.[\/vc_column_text][\/vc_column_inner][vc_column_inner width=\"1\/12\" icons_position=\"left\"][\/vc_column_inner][\/vc_row_inner][vc_empty_space height=\"18px\" hide_on_desktop=\"\" hide_on_notebook=\"\" hide_on_tablet=\"\" hide_on_mobile=\"\"][vc_single_image image=\"4680\" img_size=\"full\" alignment=\"center\"][\/vc_column][\/vc_row]<\/div>[vc_empty_space height=&#8220;45px&#8220; alter_height=&#8220;none&#8220; hide_on_desktop=&#8220;1&#8243; hide_on_notebook=&#8220;1&#8243; hide_on_tablet=&#8220;1&#8243; hide_on_mobile=&#8220;&#8220;][\/vc_column][vc_column width=&#8220;2\/12&#8243;][\/vc_column][\/vc_row][vc_row hide_bg_image_on_tablet=&#8220;&#8220; hide_bg_image_on_mobile=&#8220;&#8220; css=&#8220;.vc_custom_1631717323414{margin-top: -32px !important;margin-right: 0px !important;margin-left: 0px !important;}&#8220;][vc_column width=&#8220;1\/4&#8243;][\/vc_column][vc_column width=&#8220;1\/2&#8243;][vc_column_text css_animation=&#8220;fadeIn&#8220; css=&#8220;.vc_custom_1646674460972{margin-top: 44px !important;margin-bottom: -20px !important;}&#8220;]<\/p>\n<h4 style=\"text-align: center;\">\u00dcber 1.000 \u00c4rzte, Gyn\u00e4kologen und Kliniken weltweit.<\/h4>\n<p>[\/vc_column_text][vc_separator][\/vc_column][vc_column width=&#8220;1\/4&#8243;][\/vc_column][\/vc_row][vc_row content_placement=&#8220;middle&#8220; hide_bg_image_on_tablet=&#8220;&#8220; hide_bg_image_on_mobile=&#8220;&#8220; css=&#8220;.vc_custom_1640883531779{margin-right: 64px !important;margin-bottom: -32px !important;margin-left: 64px !important;}&#8220;][vc_column width=&#8220;1\/4&#8243;]<div class=\"sc_item_button sc_button_wrap sc_align_center\"><a href=\"https:\/\/www.juliet-laser.com\/de\/die-laser-technologie\/\" id=\"sc_button_175778163\" class=\"sc_button color_style_default sc_button_default sc_button_size_normal sc_button_icon_left\"><span class=\"sc_button_text sc_align_center\"><span class=\"sc_button_title\">Die Laser-Technologie<\/span><\/span><!-- \/.sc_button_text --><\/a><!-- \/.sc_button --><\/div><!-- \/.sc_item_button -->[\/vc_column][vc_column width=&#8220;1\/4&#8243;]<div class=\"sc_item_button sc_button_wrap sc_align_center\"><a href=\"https:\/\/www.juliet-laser.com\/de\/wie-juliet-funktioniert\/\" id=\"sc_button_51442878\" class=\"sc_button color_style_default sc_button_default sc_button_size_normal sc_button_icon_left\"><span class=\"sc_button_text sc_align_center\"><span class=\"sc_button_title\">Wie Juliet funktioniert<\/span><\/span><!-- \/.sc_button_text --><\/a><!-- \/.sc_button --><\/div><!-- \/.sc_item_button -->[\/vc_column][vc_column width=&#8220;1\/4&#8243;]<div class=\"sc_item_button sc_button_wrap sc_align_center\"><a href=\"https:\/\/www.juliet-laser.com\/de\/aerzte-meinungen\/\" id=\"sc_button_1208961472\" class=\"sc_button color_style_default sc_button_default sc_button_size_normal sc_button_icon_left\"><span class=\"sc_button_text sc_align_center\"><span class=\"sc_button_title\">\u00c4rzte Meinungen<\/span><\/span><!-- \/.sc_button_text --><\/a><!-- \/.sc_button --><\/div><!-- \/.sc_item_button -->[\/vc_column][vc_column width=&#8220;1\/4&#8243;]<div class=\"sc_item_button sc_button_wrap sc_align_center\"><a href=\"https:\/\/www.juliet-laser.com\/de\/klinische-ergebnisse\/\" id=\"sc_button_600860066\" class=\"sc_button color_style_default sc_button_default sc_button_size_normal sc_button_icon_left\"><span class=\"sc_button_text sc_align_center\"><span class=\"sc_button_title\">Klinische Ergebnisse<\/span><\/span><!-- \/.sc_button_text --><\/a><!-- \/.sc_button --><\/div><!-- \/.sc_item_button -->[\/vc_column][\/vc_row][vc_row hide_bg_image_on_tablet=&#8220;&#8220; hide_bg_image_on_mobile=&#8220;&#8220; css=&#8220;.vc_custom_1631718690795{margin-top: 128px !important;}&#8220;][vc_column]<div class=\"sc_layouts sc_layouts_default sc_layouts_3246  vc_custom_1622043017079\">[vc_row][vc_column width=\"1\/12\" icons_position=\"left\" offset=\"vc_hidden-sm vc_hidden-xs\"][\/vc_column][vc_column hide_bg_image_on_tablet=\"\" hide_bg_image_on_mobile=\"\" column_align=\"center\" icons_position=\"left\" offset=\"vc_col-md-10\"]<div  id=\"sc_promo_1295406649\" \n\tclass=\"sc_promo color_style_default scheme_default sc_promo_default  vc_custom_1647087985805 sc_promo_size_normal sc_promo_no_paddings sc_promo_image_position_right\"><div class=\"sc_promo_image\" style=\"background-image:url(https:\/\/www.juliet-laser.com\/wp-content\/uploads\/2017\/11\/Juliet-tratment-questions-common-faqs.jpg);width:50%;right: 0;\"><\/div><div class=\"sc_promo_text\" style=\"width: 50%;float: left;\">\n\t\t\t<div class=\"sc_promo_text_inner sc_content_width_50%\" style=\"\"><h3 class=\"sc_item_title sc_promo_title sc_align_center sc_item_title_style_default sc_item_title_tag\">Hast du Fragen?<\/h3><div class=\"sc_item_descr sc_promo_descr sc_align_center\"><p>Wir haben die Antworten!<\/p>\n<\/div><div class=\"sc_promo_content sc_item_content\">\n<div class=\"wpcf7 no-js\" id=\"wpcf7-f7255-o1\" lang=\"en-US\" dir=\"ltr\" data-wpcf7-id=\"7255\">\n<div class=\"screen-reader-response\"><p role=\"status\" aria-live=\"polite\" aria-atomic=\"true\"><\/p> <ul><\/ul><\/div>\n<form action=\"\/de\/wp-json\/wp\/v2\/pages\/3566#wpcf7-f7255-o1\" method=\"post\" class=\"wpcf7-form init\" aria-label=\"Contact form\" novalidate=\"novalidate\" data-status=\"init\">\n<fieldset class=\"hidden-fields-container\"><input type=\"hidden\" name=\"_wpcf7\" value=\"7255\" \/><input type=\"hidden\" name=\"_wpcf7_version\" value=\"6.1.4\" \/><input type=\"hidden\" name=\"_wpcf7_locale\" value=\"en_US\" \/><input type=\"hidden\" name=\"_wpcf7_unit_tag\" value=\"wpcf7-f7255-o1\" \/><input type=\"hidden\" name=\"_wpcf7_container_post\" value=\"0\" \/><input type=\"hidden\" name=\"_wpcf7_posted_data_hash\" value=\"\" \/><input type=\"hidden\" name=\"_wpcf7_recaptcha_response\" value=\"\" \/>\n<\/fieldset>\n<div class=\"sc_form\">\n\t<div class=\"trx_addons_columns_wrap\">\n\t\t<div class=\"trx_addons_column-1_2\">\n\t\t\t<p><label class=\"sc_form_field\"><br \/>\n<span class=\"wpcf7-form-control-wrap\" data-name=\"first-name\"><input size=\"40\" maxlength=\"400\" class=\"wpcf7-form-control wpcf7-text wpcf7-validates-as-required\" aria-required=\"true\" aria-invalid=\"false\" placeholder=\"Vor - und Nachname\" value=\"\" type=\"text\" name=\"first-name\" \/><\/span><\/label>\n\t\t\t<\/p>\n\t\t<\/div>\n\t\t<div class=\"trx_addons_column-1_2\">\n\t\t\t<p><label class=\"sc_form_field\"><br \/>\n<span class=\"wpcf7-form-control-wrap\" data-name=\"your-email\"><input size=\"40\" maxlength=\"400\" class=\"wpcf7-form-control wpcf7-email wpcf7-validates-as-required wpcf7-text wpcf7-validates-as-email\" aria-required=\"true\" aria-invalid=\"false\" placeholder=\"deine E-Mail\" value=\"\" type=\"email\" name=\"your-email\" \/><\/span><\/label>\n\t\t\t<\/p>\n\t\t<\/div>\n\t<\/div>\n\t<div class=\"trx_addons_columns_wrap\">\n\t\t<div class=\"trx_addons_column-1_1\">\n\t\t\t<p><label class=\"sc_form_field\"><br \/>\n<span class=\"wpcf7-form-control-wrap\" data-name=\"subject\"><input size=\"40\" maxlength=\"400\" class=\"wpcf7-form-control wpcf7-text wpcf7-validates-as-required\" aria-required=\"true\" aria-invalid=\"false\" placeholder=\"Stadt\" value=\"\" type=\"text\" name=\"subject\" \/><\/span><\/label>\n\t\t\t<\/p>\n\t\t<\/div>\n\t<\/div>\n\t<div class=\"trx_addons_columns_wrap\">\n\t\t<div class=\"trx_addons_column-1_1\">\n\t\t\t<p><label class=\"sc_form_field\"><br \/>\n<span class=\"wpcf7-form-control-wrap\" data-name=\"subject\"><input size=\"40\" maxlength=\"400\" class=\"wpcf7-form-control wpcf7-text wpcf7-validates-as-required\" aria-required=\"true\" aria-invalid=\"false\" placeholder=\"Land\" value=\"\" type=\"text\" name=\"subject\" \/><\/span><\/label>\n\t\t\t<\/p>\n\t\t<\/div>\n\t<\/div>\n\t<div class=\"trx_addons_columns_wrap\">\n\t\t<div class=\"trx_addons_column-1_1\">\n\t\t\t<p><label class=\"sc_form_field\"><br \/>\n<span class=\"wpcf7-form-control-wrap\" data-name=\"message\"><textarea cols=\"40\" rows=\"10\" maxlength=\"2000\" class=\"wpcf7-form-control wpcf7-textarea\" aria-invalid=\"false\" placeholder=\"Nachricht\" name=\"message\"><\/textarea><\/span><\/label>\n\t\t\t<\/p>\n\t\t<\/div>\n\t<\/div>\n\t<p><span class=\"wpcf7-form-control-wrap kc_captcha\" data-name=\"kc_captcha\"><span class=\"wpcf7-form-control wpcf7-radio\"><span class=\"captcha-image\" ><span class=\"cf7ic_instructions\">Please prove you are human by selecting the<span> car<\/span>.<\/span><label><input aria-label=\"1\" type=\"radio\" name=\"kc_captcha\" value=\"kc_human\" \/><svg aria-hidden=\"true\" role=\"img\" xmlns=\"http:\/\/www.w3.org\/2000\/svg\" viewBox=\"0 0 512 512\"><path fill=\"currentColor\" d=\"M500 168h-55l-8-21a127 127 0 00-120-83H195a127 127 0 00-120 83l-8 21H12c-8 0-14 8-11 16l8 24a12 12 0 0011 8h29a64 64 0 00-33 56v48c0 16 6 31 16 42v62c0 13 11 24 24 24h48c13 0 24-11 24-24v-40h256v40c0 13 11 24 24 24h48c13 0 24-11 24-24v-62c10-11 16-26 16-42v-48c0-24-13-45-33-56h29a12 12 0 0011-8l8-24c3-8-3-16-11-16zm-365 2c9-25 33-42 60-42h122c27 0 51 17 60 42l15 38H120l15-38zM88 328a32 32 0 010-64c18 0 48 30 48 48s-30 16-48 16zm336 0c-18 0-48 2-48-16s30-48 48-48 32 14 32 32-14 32-32 32z\"\/><\/svg><\/label><label><input aria-label=\"2\" type=\"radio\" name=\"kc_captcha\" value=\"bot\" \/><svg aria-hidden=\"true\" role=\"img\" xmlns=\"http:\/\/www.w3.org\/2000\/svg\" viewBox=\"0 0 640 512\"><path fill=\"currentColor\" d=\"M192 384h192c53 0 96-43 96-96h32a128 128 0 000-256H120c-13 0-24 11-24 24v232c0 53 43 96 96 96zM512 96a64 64 0 010 128h-32V96h32zm48 384H48c-47 0-61-64-36-64h584c25 0 11 64-36 64z\"\/><\/svg><\/label><label><input aria-label=\"3\" type=\"radio\" name=\"kc_captcha\" value=\"bot\" \/><svg aria-hidden=\"true\" role=\"img\" xmlns=\"http:\/\/www.w3.org\/2000\/svg\" viewBox=\"0 0 384 512\"><path fill=\"currentColor\" d=\"M377 375l-83-87h34c21 0 32-25 17-40l-82-88h33c21 0 32-25 18-40L210 8c-10-11-26-11-36 0L70 120c-14 15-3 40 18 40h33l-82 88c-15 15-4 40 17 40h34L7 375c-15 16-4 41 17 41h120c0 33-11 49-34 68-12 9-5 28 10 28h144c15 0 22-19 10-28-20-16-34-32-34-68h120c21 0 32-25 17-41z\"\/><\/svg><\/label>\r\n    <\/span>\r\n    <span style=\"display:none\">\r\n        <input type=\"text\" name=\"kc_honeypot\">\r\n    <\/span><\/span><\/span>\n\t<\/p>\n\t<div>\n\t\t<p><span class=\"wpcf7-form-control-wrap\" data-name=\"acceptance-413\"><span class=\"wpcf7-form-control wpcf7-acceptance\"><span class=\"wpcf7-list-item\"><label><input type=\"checkbox\" name=\"acceptance-413\" value=\"1\" aria-invalid=\"false\" \/><span class=\"wpcf7-list-item-label\"><a href=\"https:\/\/www.juliet-laser.com\/de\/datenschutz\/\" target=\"_blank\"><strong>Datenschutz.<\/strong><\/a> Markieren Sie die Annahme, um Ihre Nachricht zu senden.<\/span><\/label><\/span><\/span><\/span>\n\t\t<\/p>\n\t<\/div>\n\t<div class=\"\">\n\t\t<p><input class=\"wpcf7-form-control wpcf7-submit has-spinner\" type=\"submit\" value=\"Schick uns eine Nachricht\" \/>\n\t\t<\/p>\n\t<\/div>\n<\/div><div class=\"wpcf7-response-output\" aria-hidden=\"true\"><\/div>\n<\/form>\n<\/div>\n<\/div><\/div>\n\t\t<\/div><!-- \/.sc_promo_text --><\/div><!-- \/.sc_promo -->[\/vc_column][vc_column width=\"1\/12\" icons_position=\"left\" offset=\"vc_hidden-sm vc_hidden-xs\"][\/vc_column][\/vc_row]<\/div>[\/vc_column][\/vc_row][vc_row][vc_column][vc_empty_space height=&#8220;128px&#8220; hide_on_desktop=&#8220;&#8220; hide_on_notebook=&#8220;&#8220; hide_on_tablet=&#8220;&#8220; hide_on_mobile=&#8220;&#8220;][\/vc_column][\/vc_row][vc_section full_width=&#8220;stretch_row&#8220;][\/vc_section]<\/p>\n<\/div>","protected":false},"excerpt":{"rendered":"<p>[vc_row full_width=&#8220;stretch_row_content&#8220; hide_bg_image_on_tablet=&#8220;&#8220; hide_bg_image_on_mobile=&#8220;&#8220; css=&#8220;.vc_custom_1639908132017{margin-top: -70px !important;}&#8220;][vc_column width=&#8220;2\/12&#8243;][\/vc_column][vc_column width=&#8220;8\/12&#8243;][vc_empty_space height=&#8220;45px&#8220; alter_height=&#8220;none&#8220; hide_on_desktop=&#8220;1&#8243; hide_on_notebook=&#8220;1&#8243; hide_on_tablet=&#8220;1&#8243; hide_on_mobile=&#8220;&#8220;][\/vc_column][vc_column width=&#8220;2\/12&#8243;][\/vc_column][\/vc_row][vc_row hide_bg_image_on_tablet=&#8220;&#8220; hide_bg_image_on_mobile=&#8220;&#8220; css=&#8220;.vc_custom_1631717323414{margin-top: -32px !important;margin-right: 0px !important;margin-left: 0px !important;}&#8220;][vc_column width=&#8220;1\/4&#8243;][\/vc_column][vc_column width=&#8220;1\/2&#8243;][vc_column_text css_animation=&#8220;fadeIn&#8220; css=&#8220;.vc_custom_1646674460972{margin-top: 44px !important;margin-bottom: -20px !important;}&#8220;] \u00dcber 1.000 \u00c4rzte, Gyn\u00e4kologen und Kliniken weltweit. [\/vc_column_text][vc_separator][\/vc_column][vc_column width=&#8220;1\/4&#8243;][\/vc_column][\/vc_row][vc_row content_placement=&#8220;middle&#8220; hide_bg_image_on_tablet=&#8220;&#8220; hide_bg_image_on_mobile=&#8220;&#8220; css=&#8220;.vc_custom_1640883531779{margin-right: 64px !important;margin-bottom: -32px !important;margin-left: 64px !important;}&#8220;][vc_column width=&#8220;1\/4&#8243;][\/vc_column][vc_column width=&#8220;1\/4&#8243;][\/vc_column][vc_column width=&#8220;1\/4&#8243;][\/vc_column][vc_column width=&#8220;1\/4&#8243;][\/vc_column][\/vc_row][vc_row hide_bg_image_on_tablet=&#8220;&#8220; hide_bg_image_on_mobile=&#8220;&#8220; css=&#8220;.vc_custom_1631718690795{margin-top: 128px&hellip;<\/p>\n","protected":false},"author":1,"featured_media":0,"parent":0,"menu_order":0,"comment_status":"closed","ping_status":"closed","template":"","meta":{"footnotes":""},"class_list":["post-3566","page","type-page","status-publish","hentry"],"_links":{"self":[{"href":"https:\/\/www.juliet-laser.com\/de\/wp-json\/wp\/v2\/pages\/3566","targetHints":{"allow":["GET"]}}],"collection":[{"href":"https:\/\/www.juliet-laser.com\/de\/wp-json\/wp\/v2\/pages"}],"about":[{"href":"https:\/\/www.juliet-laser.com\/de\/wp-json\/wp\/v2\/types\/page"}],"author":[{"embeddable":true,"href":"https:\/\/www.juliet-laser.com\/de\/wp-json\/wp\/v2\/users\/1"}],"replies":[{"embeddable":true,"href":"https:\/\/www.juliet-laser.com\/de\/wp-json\/wp\/v2\/comments?post=3566"}],"version-history":[{"count":31,"href":"https:\/\/www.juliet-laser.com\/de\/wp-json\/wp\/v2\/pages\/3566\/revisions"}],"predecessor-version":[{"id":7219,"href":"https:\/\/www.juliet-laser.com\/de\/wp-json\/wp\/v2\/pages\/3566\/revisions\/7219"}],"wp:attachment":[{"href":"https:\/\/www.juliet-laser.com\/de\/wp-json\/wp\/v2\/media?parent=3566"}],"curies":[{"name":"wp","href":"https:\/\/api.w.org\/{rel}","templated":true}]}}