{"id":3519,"date":"2017-08-17T14:01:20","date_gmt":"2017-08-17T14:01:20","guid":{"rendered":"https:\/\/www.juliet-laser.com\/?page_id=3519"},"modified":"2022-07-05T21:51:50","modified_gmt":"2022-07-05T21:51:50","slug":"behandlungen","status":"publish","type":"page","link":"https:\/\/www.juliet-laser.com\/de\/behandlungen\/","title":{"rendered":"Behandlungen"},"content":{"rendered":"<div class=\"wpb-content-wrapper\"><p>[vc_row full_width=&#8220;stretch_row&#8220; hide_bg_image_on_tablet=&#8220;&#8220; hide_bg_image_on_mobile=&#8220;&#8220; css=&#8220;.vc_custom_1639908414384{margin-top: -70px !important;}&#8220;][vc_column width=&#8220;2\/12&#8243;][\/vc_column][vc_column width=&#8220;8\/12&#8243;][vc_row_inner][vc_column_inner]<div class=\"sc_layouts sc_layouts_default sc_layouts_4906\">[vc_row full_width=\"stretch_row\"][vc_column icons_position=\"left\"]<div id=\"sc_title_1696645897\"\n\t\tclass=\"sc_title color_style_default sc_title_default\"><h6 class=\"sc_item_subtitle sc_title_subtitle sc_align_center sc_item_title_style_default\">Innovative Laserbehandlungen<\/h6><h4 class=\"sc_item_title sc_title_title sc_align_center sc_item_title_style_default sc_item_title_tag\">DIE BESTE ALTERNATIVE ZUR HORMONELLEN THERAPIE<\/h4><\/div><!-- \/.sc_title -->[vc_empty_space height=\"86px\" alter_height=\"none\" hide_on_desktop=\"\" hide_on_notebook=\"\" hide_on_tablet=\"1\" hide_on_mobile=\"1\"][vc_empty_space height=\"60px\" alter_height=\"none\" hide_on_desktop=\"1\" hide_on_notebook=\"1\" hide_on_tablet=\"\" hide_on_mobile=\"1\"][vc_empty_space height=\"30px\" alter_height=\"none\" hide_on_desktop=\"1\" hide_on_notebook=\"1\" hide_on_tablet=\"1\" hide_on_mobile=\"\"][\/vc_column][\/vc_row][vc_row full_width=\"stretch_row\" equal_height=\"yes\" content_placement=\"top\"][vc_column width=\"5\/6\" hide_bg_image_on_tablet=\"\" hide_bg_image_on_mobile=\"\" icons_position=\"left\" css=\".vc_custom_1511534454443{padding-right: 0px !important;padding-left: 0px !important;}\"]<div id=\"sc_content_1897368387\"\n\t\tclass=\"sc_content color_style_default sc_content_default sc_float_center sc_shift_y_tiny_negative\"><div class=\"sc_content_container\">[vc_single_image image=\"4911\" img_size=\"full\" alignment=\"right\"]<\/div><\/div><!-- \/.sc_content -->[\/vc_column][vc_column width=\"1\/6\" hide_bg_image_on_tablet=\"\" hide_bg_image_on_mobile=\"\" icons_position=\"left\" css=\".vc_custom_1511533781050{background-color: #ffffff !important;}\"][\/vc_column][\/vc_row][vc_row full_width=\"stretch_row\" equal_height=\"yes\" content_placement=\"top\"][vc_column width=\"1\/6\" hide_bg_image_on_tablet=\"\" hide_bg_image_on_mobile=\"\" icons_position=\"left\"][\/vc_column][vc_column width=\"5\/6\" fix_column=\"\" shift_y=\"tiny_negative\" hide_bg_image_on_tablet=\"\" hide_bg_image_on_mobile=\"\" icons_position=\"left\" css=\".vc_custom_1515147927089{background-color: #ffffff !important;}\"][vc_empty_space height=\"31px\" alter_height=\"none\" hide_on_desktop=\"1\" hide_on_notebook=\"1\" hide_on_tablet=\"\" hide_on_mobile=\"\"][vc_row_inner hide_bg_image_on_tablet=\"\" hide_bg_image_on_mobile=\"\" row_delimiter=\"\" css=\".vc_custom_1562687721621{padding-top: 50px !important;padding-right: 15px !important;padding-left: 15px !important;}\"][vc_column_inner width=\"1\/12\" hide_bg_image_on_tablet=\"\" hide_bg_image_on_mobile=\"\" icons_position=\"left\" css=\".vc_custom_1512737066095{padding-right: 15px !important;padding-left: 15px !important;}\"][\/vc_column_inner][vc_column_inner width=\"5\/12\" icons_position=\"left\"][vc_column_text]Eine Frau durchl\u00e4uft in ihrem Leben verschiedene Phasen, von der ersten Periode \u00fcber die Geburt bis zur Menopause. Der Eintritt in neue Phasen bedeutet auch, dass sie neue oder andere Erfahrungen in Bezug auf ihre Intimit\u00e4t und Sexualit\u00e4t macht und dies kann auch mit einer Vielzahl von vaginalen Beschwerden verbunden sein. Besonders nach einer vaginalen Entbindung oder in den Wechseljahren erleben Frauen oft eine Ver\u00e4nderung des Intimbereichs und des Scheidenmilieus, die oft mit t\u00e4glichen Beschwerden einhergeht. Dies kann die Lebensqualit\u00e4t einer Frau stark beeintr\u00e4chtigen, sowohl physisch, psychisch als auch sexuell.\r\n\r\nDie <strong>Juliet-Laserbehandlung<\/strong> ist die nat\u00fcrliche L\u00f6sung f\u00fcr Frauen jeden Alters, die sich mit der eigenen vaginalen Gesundheit nicht mehr wohl f\u00fchlen. Entdecken Sie das Wohlgef\u00fchl in Ihrer eigenen Haut wieder![\/vc_column_text][\/vc_column_inner][vc_column_inner width=\"5\/12\" icons_position=\"left\"][vc_column_text]Sich nicht wohl in der eigenen Haut zu f\u00fchlen und unangenehme Symptome wie Juckreiz im Genitalbereich, Reizungen, mangelnde vaginale Lubrikation, vaginale Trockenheit und sogar Schmerzen beim Geschlechtsverkehr (Dyspareunie) zu versp\u00fcren, macht viele Frauen unruhig. Obwohl diese Symptome bei Frauen unterschiedlichen Alters sehr h\u00e4ufig auftreten, sprechen die Betroffenen nicht gerne \u00fcber ihre Beschwerden, manchmal nicht einmal mit ihrem Gyn\u00e4kologen.\r\n\r\nSolche Zust\u00e4nde neigen dazu, sich im Laufe der Zeit zu verschlimmern, das hei\u00dft, ohne Behandlung k\u00f6nnen diese Beschwerden nicht verschwinden oder gelindert werden.[\/vc_column_text][\/vc_column_inner][vc_column_inner width=\"1\/12\" icons_position=\"left\"][\/vc_column_inner][\/vc_row_inner][vc_empty_space height=\"18px\" hide_on_desktop=\"\" hide_on_notebook=\"\" hide_on_tablet=\"\" hide_on_mobile=\"\"][\/vc_column][\/vc_row][vc_row full_width=\"stretch_row\" equal_height=\"yes\" content_placement=\"top\" hide_bg_image_on_tablet=\"\" hide_bg_image_on_mobile=\"\" row_delimiter=\"\" hide_on_desktop=\"\" hide_on_notebook=\"\" hide_on_tablet=\"\" hide_on_mobile=\"\" hide_on_frontpage=\"\" css=\".vc_custom_1623250642074{margin-top: 32px !important;}\"][vc_column width=\"5\/6\" hide_bg_image_on_tablet=\"\" hide_bg_image_on_mobile=\"\" icons_position=\"left\" css=\".vc_custom_1511534454443{padding-right: 0px !important;padding-left: 0px !important;}\"]<div id=\"sc_content_298237411\"\n\t\tclass=\"sc_content color_style_default sc_content_default sc_float_center sc_shift_y_tiny_negative\"><div class=\"sc_content_container\">[vc_single_image image=\"4694\" img_size=\"full\" alignment=\"right\"]<\/div><\/div><!-- \/.sc_content -->[\/vc_column][vc_column width=\"1\/6\" hide_bg_image_on_tablet=\"\" hide_bg_image_on_mobile=\"\" icons_position=\"left\" css=\".vc_custom_1511533781050{background-color: #ffffff !important;}\"][\/vc_column][\/vc_row][vc_row full_width=\"stretch_row\" equal_height=\"yes\" content_placement=\"top\"][vc_column width=\"1\/6\" hide_bg_image_on_tablet=\"\" hide_bg_image_on_mobile=\"\" icons_position=\"left\"][\/vc_column][vc_column width=\"5\/6\" fix_column=\"\" shift_y=\"tiny_negative\" hide_bg_image_on_tablet=\"\" hide_bg_image_on_mobile=\"\" icons_position=\"left\" css=\".vc_custom_1515147927089{background-color: #ffffff !important;}\"][vc_empty_space height=\"31px\" alter_height=\"none\" hide_on_desktop=\"1\" hide_on_notebook=\"1\" hide_on_tablet=\"\" hide_on_mobile=\"\"][vc_row_inner hide_bg_image_on_tablet=\"\" hide_bg_image_on_mobile=\"\" row_delimiter=\"\" css=\".vc_custom_1562687721621{padding-top: 50px !important;padding-right: 15px !important;padding-left: 15px !important;}\"][vc_column_inner width=\"1\/12\" hide_bg_image_on_tablet=\"\" hide_bg_image_on_mobile=\"\" icons_position=\"left\" css=\".vc_custom_1512737066095{padding-right: 15px !important;padding-left: 15px !important;}\"][\/vc_column_inner][vc_column_inner width=\"5\/12\" icons_position=\"left\"][vc_column_text]Bis vor kurzem galten all diese Zust\u00e4nde als Folge des unvermeidlichen Alterungsprozesses der Frau, und eine Behandlung wurde nur in sehr seltenen F\u00e4llen durchgef\u00fchrt.[\/vc_column_text][\/vc_column_inner][vc_column_inner width=\"5\/12\" icons_position=\"left\"][vc_column_text]Heute wissen wir es besser: Mit der Juliet-Laserbehandlung haben Frauen die M\u00f6glichkeit, ihr gyn\u00e4kologisches Wohlbefinden mit einem schmerzfreien, minimal-invasiven Verfahren zu verbessern, das schnell und sicher bei ihren Beschwerden hilft.[\/vc_column_text][\/vc_column_inner][vc_column_inner width=\"1\/12\" icons_position=\"left\"][\/vc_column_inner][\/vc_row_inner][vc_empty_space height=\"18px\" hide_on_desktop=\"\" hide_on_notebook=\"\" hide_on_tablet=\"\" hide_on_mobile=\"\"][vc_empty_space height=\"18px\" hide_on_desktop=\"\" hide_on_notebook=\"\" hide_on_tablet=\"\" hide_on_mobile=\"\"][\/vc_column][\/vc_row]<\/div>[\/vc_column_inner][\/vc_row_inner][\/vc_column][vc_column width=&#8220;2\/12&#8243;][\/vc_column][\/vc_row][vc_row full_width=&#8220;stretch_row&#8220;][vc_column width=&#8220;1\/6&#8243; offset=&#8220;vc_hidden-sm vc_hidden-xs&#8220;][\/vc_column][vc_column hide_bg_image_on_tablet=&#8220;&#8220; hide_bg_image_on_mobile=&#8220;&#8220; offset=&#8220;vc_col-md-8&#8243; el_class=&#8220;paddedBox&#8220; css=&#8220;.vc_custom_1623397275807{margin-top: 32px !important;}&#8220;]<div id=\"sc_title_1324846951\"\n\t\tclass=\"sc_title color_style_default sc_title_default\"><h6 class=\"sc_item_subtitle sc_title_subtitle sc_align_center sc_item_title_style_default\">Genie\u00dfen Sie Ihre Intimit\u00e4t!<\/h6><h3 class=\"sc_item_title sc_title_title sc_align_center sc_item_title_style_default\">BEHANDLUNGEN<\/h3><div class=\"sc_item_descr sc_title_descr sc_align_center\"><p>Juliet stellt eine minimalinvasive, schonende und hormonfreie Behandlungsm\u00f6glichkeit f\u00fcr alle Frauen dar, die keine invasiven und\/oder hormonellen Optionen w\u00fcnschen.<\/p>\n<\/div><\/div><!-- \/.sc_title -->[vc_row_inner][vc_column_inner width=&#8220;1\/3&#8243;][vc_single_image image=&#8220;2896&#8243; img_size=&#8220;full&#8220;]<div id=\"sc_title_139190733\"\n\t\tclass=\"sc_title color_style_default sc_title_default  vc_custom_1656000438358\"><h6 class=\"sc_item_subtitle sc_title_subtitle sc_align_center sc_item_title_style_default\">Vulvovaginale Atrophie<\/h6><div class=\"sc_item_descr sc_title_descr sc_align_center\"><p>Frauen in den Wechseljahren leiden oft unter einer Vielzahl von Symptomen, darunter vaginale Trockenheit, Juckreiz, Schmerzen beim Geschlechtsverkehr, verminderte Libido und..<\/p>\n<\/div><div class=\"sc_item_button sc_button_wrap sc_align_center\"><a href=\"https:\/\/www.juliet-laser.com\/de\/vulvovaginale-atrophie\/\" id=\"sc_button_197506826\" class=\"sc_button color_style_default sc_button_default sc_item_button sc_item_button_default sc_title_button sc_button_size_normal sc_button_icon_left\"><span class=\"sc_button_text\"><span class=\"sc_button_title\">Vulvovaginale Atrophie<\/span><\/span><!-- \/.sc_button_text --><\/a><!-- \/.sc_button --><\/div><!-- \/.sc_item_button --><\/div><!-- \/.sc_title -->[\/vc_column_inner][vc_column_inner width=&#8220;1\/3&#8243;][vc_single_image image=&#8220;2917&#8243; img_size=&#8220;full&#8220;]<div id=\"sc_title_1174560744\"\n\t\tclass=\"sc_title color_style_default sc_title_default  vc_custom_1657051358369\"><h6 class=\"sc_item_subtitle sc_title_subtitle sc_align_center sc_item_title_style_default\">Schmerzen beim Geschlechtsverkehr<\/h6><div class=\"sc_item_descr sc_title_descr sc_align_center\"><p>Schmerz beim Geschlechtsverkehr, auch Dyspareunie genannt, beschreibt ein schmerzhaftes Erleben beim Geschlechtsverkehr aufgrund von k\u00f6rperlichen Ver\u00e4nderungen...<\/p>\n<\/div><div class=\"sc_item_button sc_button_wrap sc_align_center\"><a href=\"https:\/\/www.juliet-laser.com\/de\/schmerzen-beim-geschlechtsverkehr\/\" id=\"sc_button_1340055539\" class=\"sc_button color_style_default sc_button_default sc_item_button sc_item_button_default sc_title_button sc_button_size_normal sc_button_icon_left\"><span class=\"sc_button_text\"><span class=\"sc_button_title\">Schmerzen beim Geschlechtsverkehr<\/span><\/span><!-- \/.sc_button_text --><\/a><!-- \/.sc_button --><\/div><!-- \/.sc_item_button --><\/div><!-- \/.sc_title -->[\/vc_column_inner][vc_column_inner width=&#8220;1\/3&#8243;][vc_single_image image=&#8220;2910&#8243; img_size=&#8220;full&#8220;]<div id=\"sc_title_370243464\"\n\t\tclass=\"sc_title color_style_default sc_title_default  vc_custom_1657051407237\"><h6 class=\"sc_item_subtitle sc_title_subtitle sc_align_center sc_item_title_style_default\">Vaginale Trockenheit, Brennen..<\/h6><div class=\"sc_item_descr sc_title_descr sc_align_center\"><p>Es gibt viele verschiedene Ursachen f\u00fcr vaginale Trockenheit, Brennen und Juckreiz im Intimbereich. Es kann durch hormonelle Ver\u00e4nderungen wie die Wechseljahre oder..<\/p>\n<\/div><div class=\"sc_item_button sc_button_wrap sc_align_center\"><a href=\"https:\/\/www.juliet-laser.com\/de\/vaginale-trockenheit-brennen-und-juckreiz\/\" id=\"sc_button_928581783\" class=\"sc_button color_style_default sc_button_default sc_item_button sc_item_button_default sc_title_button sc_button_size_normal sc_button_icon_left\"><span class=\"sc_button_text\"><span class=\"sc_button_title\">Vaginale Trockenheit<\/span><\/span><!-- \/.sc_button_text --><\/a><!-- \/.sc_button --><\/div><!-- \/.sc_item_button --><\/div><!-- \/.sc_title -->[\/vc_column_inner][\/vc_row_inner][vc_row_inner hide_bg_image_on_tablet=&#8220;&#8220; hide_bg_image_on_mobile=&#8220;&#8220; css=&#8220;.vc_custom_1656000587083{margin-top: 90px !important;}&#8220;][vc_column_inner width=&#8220;1\/3&#8243;][vc_single_image image=&#8220;2932&#8243; img_size=&#8220;full&#8220;]<div id=\"sc_title_2016566207\"\n\t\tclass=\"sc_title color_style_default sc_title_default  vc_custom_1657057870873\"><h6 class=\"sc_item_subtitle sc_title_subtitle sc_align_center sc_item_title_style_default\">Belastungsinkontinenz<\/h6><div class=\"sc_item_descr sc_title_descr sc_align_center\"><p>Der Begriff Stressharninkontinenz bezeichnet den ungewollten Urinabgang bei Husten, Niesen oder k\u00f6rperlicher Anstrengung. Die Ursache ist h\u00e4ufig eine verminderte Stabilit\u00e4t des..<\/p>\n<\/div><div class=\"sc_item_button sc_button_wrap sc_align_center\"><a href=\"https:\/\/www.juliet-laser.com\/de\/belastungsinkontinenz\/\" id=\"sc_button_1143485003\" class=\"sc_button color_style_default sc_button_default sc_item_button sc_item_button_default sc_title_button sc_button_size_normal sc_button_icon_left\"><span class=\"sc_button_text\"><span class=\"sc_button_title\">Belastungs - inkontinenz<\/span><\/span><!-- \/.sc_button_text --><\/a><!-- \/.sc_button --><\/div><!-- \/.sc_item_button --><\/div><!-- \/.sc_title -->[\/vc_column_inner][vc_column_inner width=&#8220;1\/3&#8243;][vc_single_image image=&#8220;2924&#8243; img_size=&#8220;full&#8220;]<div id=\"sc_title_1409744055\"\n\t\tclass=\"sc_title color_style_default sc_title_default  vc_custom_1657051269421\"><h6 class=\"sc_item_subtitle sc_title_subtitle sc_align_center sc_item_title_style_default\">Verlust von Elastizit\u00e4t und Spannkraft<\/h6><div class=\"sc_item_descr sc_title_descr sc_align_center\"><p>Ein recht h\u00e4ufiger Zustand, der in der Regel mit der vaginalen Geburt eines Kindes, aber auch mit dem nat\u00fcrlichen Alterungsprozess einhergeht, ist der Verlust von Elastizit\u00e4t..<\/p>\n<\/div><div class=\"sc_item_button sc_button_wrap sc_align_center\"><a href=\"https:\/\/www.juliet-laser.com\/de\/verlust-von-elastizitaet-und-spannkraft\/\" id=\"sc_button_1097430040\" class=\"sc_button color_style_default sc_button_default sc_item_button sc_item_button_default sc_title_button sc_button_size_normal sc_button_icon_left\"><span class=\"sc_button_text\"><span class=\"sc_button_title\">Verlust von Elastizit\u00e4t<\/span><\/span><!-- \/.sc_button_text --><\/a><!-- \/.sc_button --><\/div><!-- \/.sc_item_button --><\/div><!-- \/.sc_title -->[\/vc_column_inner][vc_column_inner width=&#8220;1\/3&#8243;][vc_single_image image=&#8220;2903&#8243; img_size=&#8220;full&#8220;]<div id=\"sc_title_1610972910\"\n\t\tclass=\"sc_title color_style_default sc_title_default  vc_custom_1657057902983\"><h6 class=\"sc_item_subtitle sc_title_subtitle sc_align_center sc_item_title_style_default\">Urogenitales Syndrom der Menopause<\/h6><div class=\"sc_item_descr sc_title_descr sc_align_center\"><p>Unter dem Begriff Genitourin\u00e4res Syndrom der Menopause (GSM) versteht man ein Komplex von Symptomen, die im Wesentlichen durch den Hormonmangel nach der Menopause..<\/p>\n<\/div><div class=\"sc_item_button sc_button_wrap sc_align_center\"><a href=\"https:\/\/www.juliet-laser.com\/de\/urogenitales-syndrom-der-menpause\/\" id=\"sc_button_1502411697\" class=\"sc_button color_style_default sc_button_default sc_item_button sc_item_button_default sc_title_button sc_button_size_normal sc_button_icon_left\"><span class=\"sc_button_text\"><span class=\"sc_button_title\">Urogenitales Syndrom..<\/span><\/span><!-- \/.sc_button_text --><\/a><!-- \/.sc_button --><\/div><!-- \/.sc_item_button --><\/div><!-- \/.sc_title -->[\/vc_column_inner][\/vc_row_inner][\/vc_column][vc_column width=&#8220;1\/6&#8243; offset=&#8220;vc_hidden-sm vc_hidden-xs&#8220;][\/vc_column][\/vc_row][vc_row][vc_column][vc_separator css=&#8220;.vc_custom_1645004221593{margin-bottom: -30px !important;}&#8220;]<div class=\"sc_layouts sc_layouts_default sc_layouts_5837\">[vc_row full_width=\"stretch_row\" hide_bg_image_on_tablet=\"\" hide_bg_image_on_mobile=\"\" row_delimiter=\"\" hide_on_desktop=\"\" hide_on_notebook=\"\" hide_on_tablet=\"\" hide_on_mobile=\"\" hide_on_frontpage=\"\"][vc_column width=\"1\/6\" icons_position=\"left\" offset=\"vc_hidden-md\"][\/vc_column][vc_column hide_bg_image_on_tablet=\"\" hide_bg_image_on_mobile=\"\" icons_position=\"left\" offset=\"vc_col-lg-8\"][vc_widget_sidebar sidebar_id=\"custom_widgets_1\"][\/vc_column][vc_column width=\"1\/6\" hide_bg_image_on_tablet=\"\" hide_bg_image_on_mobile=\"\" icons_position=\"left\" offset=\"vc_hidden-md\"][\/vc_column][\/vc_row]<\/div>[\/vc_column][\/vc_row][vc_row][vc_column][\/vc_column][\/vc_row]<\/p>\n<\/div>","protected":false},"excerpt":{"rendered":"<p>[vc_row full_width=&#8220;stretch_row&#8220; hide_bg_image_on_tablet=&#8220;&#8220; hide_bg_image_on_mobile=&#8220;&#8220; css=&#8220;.vc_custom_1639908414384{margin-top: -70px !important;}&#8220;][vc_column width=&#8220;2\/12&#8243;][\/vc_column][vc_column width=&#8220;8\/12&#8243;][vc_row_inner][vc_column_inner][\/vc_column_inner][\/vc_row_inner][\/vc_column][vc_column width=&#8220;2\/12&#8243;][\/vc_column][\/vc_row][vc_row full_width=&#8220;stretch_row&#8220;][vc_column width=&#8220;1\/6&#8243; offset=&#8220;vc_hidden-sm vc_hidden-xs&#8220;][\/vc_column][vc_column hide_bg_image_on_tablet=&#8220;&#8220; hide_bg_image_on_mobile=&#8220;&#8220; offset=&#8220;vc_col-md-8&#8243; el_class=&#8220;paddedBox&#8220; css=&#8220;.vc_custom_1623397275807{margin-top: 32px !important;}&#8220;][vc_row_inner][vc_column_inner width=&#8220;1\/3&#8243;][vc_single_image image=&#8220;2896&#8243; img_size=&#8220;full&#8220;][\/vc_column_inner][vc_column_inner width=&#8220;1\/3&#8243;][vc_single_image image=&#8220;2917&#8243; img_size=&#8220;full&#8220;][\/vc_column_inner][vc_column_inner width=&#8220;1\/3&#8243;][vc_single_image image=&#8220;2910&#8243; img_size=&#8220;full&#8220;][\/vc_column_inner][\/vc_row_inner][vc_row_inner hide_bg_image_on_tablet=&#8220;&#8220; hide_bg_image_on_mobile=&#8220;&#8220; css=&#8220;.vc_custom_1656000587083{margin-top: 90px !important;}&#8220;][vc_column_inner width=&#8220;1\/3&#8243;][vc_single_image image=&#8220;2932&#8243; img_size=&#8220;full&#8220;][\/vc_column_inner][vc_column_inner width=&#8220;1\/3&#8243;][vc_single_image image=&#8220;2924&#8243; img_size=&#8220;full&#8220;][\/vc_column_inner][vc_column_inner width=&#8220;1\/3&#8243;][vc_single_image image=&#8220;2903&#8243; img_size=&#8220;full&#8220;][\/vc_column_inner][\/vc_row_inner][\/vc_column][vc_column width=&#8220;1\/6&#8243; offset=&#8220;vc_hidden-sm vc_hidden-xs&#8220;][\/vc_column][\/vc_row][vc_row][vc_column][vc_separator css=&#8220;.vc_custom_1645004221593{margin-bottom: -30px !important;}&#8220;][\/vc_column][\/vc_row][vc_row][vc_column][\/vc_column][\/vc_row]<\/p>\n","protected":false},"author":1,"featured_media":0,"parent":0,"menu_order":0,"comment_status":"closed","ping_status":"closed","template":"","meta":{"footnotes":""},"class_list":["post-3519","page","type-page","status-publish","hentry"],"_links":{"self":[{"href":"https:\/\/www.juliet-laser.com\/de\/wp-json\/wp\/v2\/pages\/3519","targetHints":{"allow":["GET"]}}],"collection":[{"href":"https:\/\/www.juliet-laser.com\/de\/wp-json\/wp\/v2\/pages"}],"about":[{"href":"https:\/\/www.juliet-laser.com\/de\/wp-json\/wp\/v2\/types\/page"}],"author":[{"embeddable":true,"href":"https:\/\/www.juliet-laser.com\/de\/wp-json\/wp\/v2\/users\/1"}],"replies":[{"embeddable":true,"href":"https:\/\/www.juliet-laser.com\/de\/wp-json\/wp\/v2\/comments?post=3519"}],"version-history":[{"count":20,"href":"https:\/\/www.juliet-laser.com\/de\/wp-json\/wp\/v2\/pages\/3519\/revisions"}],"predecessor-version":[{"id":7670,"href":"https:\/\/www.juliet-laser.com\/de\/wp-json\/wp\/v2\/pages\/3519\/revisions\/7670"}],"wp:attachment":[{"href":"https:\/\/www.juliet-laser.com\/de\/wp-json\/wp\/v2\/media?parent=3519"}],"curies":[{"name":"wp","href":"https:\/\/api.w.org\/{rel}","templated":true}]}}