{"id":3507,"date":"2017-08-17T13:59:39","date_gmt":"2017-08-17T13:59:39","guid":{"rendered":"https:\/\/www.juliet-laser.com\/?page_id=3507"},"modified":"2022-03-08T10:28:20","modified_gmt":"2022-03-08T10:28:20","slug":"die-laser-technologie","status":"publish","type":"page","link":"https:\/\/www.juliet-laser.com\/de\/die-laser-technologie\/","title":{"rendered":"Die Laser-Technologie"},"content":{"rendered":"<div class=\"wpb-content-wrapper\"><p>[vc_row hide_bg_image_on_tablet=&#8220;&#8220; hide_bg_image_on_mobile=&#8220;&#8220; css=&#8220;.vc_custom_1639908206189{margin-top: -70px !important;}&#8220;][vc_column width=&#8220;2\/12&#8243;][\/vc_column][vc_column width=&#8220;8\/12&#8243;]<div class=\"sc_layouts sc_layouts_default sc_layouts_4690\">[vc_row full_width=\"stretch_row\"][vc_column icons_position=\"left\"]<div id=\"sc_title_1638136074\"\n\t\tclass=\"sc_title color_style_default sc_title_default\"><h6 class=\"sc_item_subtitle sc_title_subtitle sc_align_center sc_item_title_style_default\">Basierend auf der brandneuen Asclepion<\/h6><h4 class=\"sc_item_title sc_title_title sc_align_center sc_item_title_style_default sc_item_title_tag\">DERMABLATE\u00ae-TECHNOLOGIE<\/h4><\/div><!-- \/.sc_title -->[vc_empty_space height=\"86px\" alter_height=\"none\" hide_on_desktop=\"\" hide_on_notebook=\"\" hide_on_tablet=\"1\" hide_on_mobile=\"1\"][vc_empty_space height=\"60px\" alter_height=\"none\" hide_on_desktop=\"1\" hide_on_notebook=\"1\" hide_on_tablet=\"\" hide_on_mobile=\"1\"][vc_empty_space height=\"30px\" alter_height=\"none\" hide_on_desktop=\"1\" hide_on_notebook=\"1\" hide_on_tablet=\"1\" hide_on_mobile=\"\"][\/vc_column][\/vc_row][vc_row full_width=\"stretch_row\" equal_height=\"yes\" content_placement=\"top\"][vc_column width=\"5\/6\" hide_bg_image_on_tablet=\"\" hide_bg_image_on_mobile=\"\" icons_position=\"left\" css=\".vc_custom_1511534454443{padding-right: 0px !important;padding-left: 0px !important;}\"]<div id=\"sc_content_724011369\"\n\t\tclass=\"sc_content color_style_default sc_content_default sc_float_center sc_shift_y_tiny_negative\"><div class=\"sc_content_container\">[vc_single_image image=\"4694\" img_size=\"full\" alignment=\"right\"]<\/div><\/div><!-- \/.sc_content -->[\/vc_column][vc_column width=\"1\/6\" hide_bg_image_on_tablet=\"\" hide_bg_image_on_mobile=\"\" icons_position=\"left\" css=\".vc_custom_1511533781050{background-color: #ffffff !important;}\"][\/vc_column][\/vc_row][vc_row full_width=\"stretch_row\" equal_height=\"yes\" content_placement=\"top\"][vc_column width=\"1\/6\" hide_bg_image_on_tablet=\"\" hide_bg_image_on_mobile=\"\" icons_position=\"left\"][\/vc_column][vc_column width=\"5\/6\" fix_column=\"\" shift_y=\"tiny_negative\" hide_bg_image_on_tablet=\"\" hide_bg_image_on_mobile=\"\" icons_position=\"left\" css=\".vc_custom_1515147927089{background-color: #ffffff !important;}\"][vc_empty_space height=\"31px\" alter_height=\"none\" hide_on_desktop=\"1\" hide_on_notebook=\"1\" hide_on_tablet=\"\" hide_on_mobile=\"\"][vc_row_inner hide_bg_image_on_tablet=\"\" hide_bg_image_on_mobile=\"\" row_delimiter=\"\" css=\".vc_custom_1562687721621{padding-top: 50px !important;padding-right: 15px !important;padding-left: 15px !important;}\"][vc_column_inner width=\"1\/12\" hide_bg_image_on_tablet=\"\" hide_bg_image_on_mobile=\"\" icons_position=\"left\" css=\".vc_custom_1512737066095{padding-right: 15px !important;padding-left: 15px !important;}\"][\/vc_column_inner][vc_column_inner width=\"5\/12\" icons_position=\"left\"][vc_column_text]<strong>\u00dcber den Dermablate\u00ae Laser<\/strong>\r\n\r\nDie Juliet-Laserbehandlung wird mit einem Erbium:YAG-Laser durchgef\u00fchrt, dem Dermablate\u00ae von Asclepion. Er ist die neueste Produktinnovation in der Erbium-Laser-Reihe, die 2021 auf den Markt kam. Dank seiner einzigartigen technischen Eigenschaften stellt er die beste Option f\u00fcr Vaginalbehandlungen dar, ohne Risiko von Nebenwirkungen und mit minimaler Ausfallzeit.\r\n\r\nDer Erbium-Laser von Asclepion ist der weltweit meistverkaufte Laser im Bereich der \u00e4sthetischen Medizin. Er ist das effektivste und modernste System auf dem Markt. \u00c4hnlich wie bei dem Verfahren zur Gesichtsverj\u00fcngung wird bei der Juliet-Laserbehandlung mit Hilfe von Lichtenergie sanft Energie an das Gewebe abgegeben und dieses zur Produktion von neuem Kollagen angeregt.[\/vc_column_text][\/vc_column_inner][vc_column_inner width=\"5\/12\" icons_position=\"left\"][vc_column_text]<strong>Die Vorteile des Lasersystems Dermablate\u00ae von Asclepion<\/strong>\r\n\r\nDank seiner einzigartigen Technologie, die auf der Er:YAG-Wellenl\u00e4nge basiert, ist die Behandlung hocheffizient und pr\u00e4zise. Die Energie, die in hohem Ma\u00dfe von Wasser im Gewebe absorbiert wird, erm\u00f6glicht eine sehr selektive Behandlung ohne unerw\u00fcnschte Beeintr\u00e4chtigung des umliegenden Gewebes. Daher ist das Verfahren schmerzfrei und der Patient ben\u00f6tigt keine An\u00e4sthesie w\u00e4hrend der Behandlung, die nur wenige Minuten dauert. Die einstellbare Pulsl\u00e4nge sorgt dar\u00fcber hinaus f\u00fcr ein einzigartiges Behandlungsverfahren, das die Vorteile der kalten Ablation mit einer kontrollierten thermischen Einwirkung auf das Gewebe kombiniert, um eine bessere Stimulation der Kollagenproduktion und Neovaskularisation zu erreichen.[\/vc_column_text][\/vc_column_inner][vc_column_inner width=\"1\/12\" icons_position=\"left\"][\/vc_column_inner][\/vc_row_inner][vc_empty_space height=\"18px\" hide_on_desktop=\"\" hide_on_notebook=\"\" hide_on_tablet=\"\" hide_on_mobile=\"\"][\/vc_column][\/vc_row][vc_row full_width=\"stretch_row\" equal_height=\"yes\" content_placement=\"top\" hide_bg_image_on_tablet=\"\" hide_bg_image_on_mobile=\"\" row_delimiter=\"\" hide_on_desktop=\"\" hide_on_notebook=\"\" hide_on_tablet=\"\" hide_on_mobile=\"\" hide_on_frontpage=\"\" css=\".vc_custom_1623250642074{margin-top: 32px !important;}\"][vc_column width=\"5\/6\" hide_bg_image_on_tablet=\"\" hide_bg_image_on_mobile=\"\" icons_position=\"left\" css=\".vc_custom_1511534454443{padding-right: 0px !important;padding-left: 0px !important;}\"]<div id=\"sc_content_1056259962\"\n\t\tclass=\"sc_content color_style_default sc_content_default sc_float_center sc_shift_y_tiny_negative\"><div class=\"sc_content_container\">[vc_single_image image=\"4702\" img_size=\"full\" alignment=\"right\"]<\/div><\/div><!-- \/.sc_content -->[\/vc_column][vc_column width=\"1\/6\" hide_bg_image_on_tablet=\"\" hide_bg_image_on_mobile=\"\" icons_position=\"left\" css=\".vc_custom_1511533781050{background-color: #ffffff !important;}\"][\/vc_column][\/vc_row][vc_row full_width=\"stretch_row\" equal_height=\"yes\" content_placement=\"top\"][vc_column width=\"1\/6\" hide_bg_image_on_tablet=\"\" hide_bg_image_on_mobile=\"\" icons_position=\"left\"][\/vc_column][vc_column width=\"5\/6\" fix_column=\"\" shift_y=\"tiny_negative\" hide_bg_image_on_tablet=\"\" hide_bg_image_on_mobile=\"\" icons_position=\"left\" css=\".vc_custom_1515147927089{background-color: #ffffff !important;}\"][vc_empty_space height=\"31px\" alter_height=\"none\" hide_on_desktop=\"1\" hide_on_notebook=\"1\" hide_on_tablet=\"\" hide_on_mobile=\"\"][vc_row_inner hide_bg_image_on_tablet=\"\" hide_bg_image_on_mobile=\"\" row_delimiter=\"\" css=\".vc_custom_1562687721621{padding-top: 50px !important;padding-right: 15px !important;padding-left: 15px !important;}\"][vc_column_inner width=\"1\/12\" hide_bg_image_on_tablet=\"\" hide_bg_image_on_mobile=\"\" icons_position=\"left\" css=\".vc_custom_1512737066095{padding-right: 15px !important;padding-left: 15px !important;}\"][\/vc_column_inner][vc_column_inner width=\"5\/12\" icons_position=\"left\"][vc_column_text]<strong>Neu entwickeltes Steri-Spot-Handst\u00fcck f\u00fcr den Einmalgebrauch<\/strong>\r\n\r\nDas speziell entwickelte Steri-Spot Handst\u00fcck erm\u00f6glicht ein einfaches Einf\u00fchren und eine sehr intuitive Handhabung w\u00e4hrend der Anwendung. Es wird in einzelnen, EO-behandelten Verpackungen geliefert und ist nur f\u00fcr den einmaligen Gebrauch bestimmt, was Ihnen ein Maximum an Hygiene garantiert. Das Steri-Spot Handst\u00fcck verf\u00fcgt \u00fcber eine patentierte MicroSpot-Optik mit einem quadratischen Spot von 9 x 9 mm, bestehend aus 169 MicroSpots. Diese Optik erlaubt, durch die Aufteilung des Laserstrahls in mehrere hundert Teilstrahlen die selektive Behandlung von \"Fraktionen\" des Gewebes in Form eines Gitters.[\/vc_column_text][\/vc_column_inner][vc_column_inner width=\"5\/12\" icons_position=\"left\"][vc_column_text]Dadurch wird eine Hauterneuerung und Kollagenbildung mit schneller Wundheilung angeregt, die von der unbehandelten Haut unterst\u00fctzt wird und daher ein sehr geringes Nebenwirkungsrisiko birgt.\r\n\r\n<strong>Eine Technologie zur umfassenden Versorgung der Frauengesundheit<\/strong>\r\n\r\nDer Dermablate\u00ae von Asclepion kann mit zus\u00e4tzlichen Handst\u00fccken ausgestattet werden, die das Behandlungsspektrum erweitern.[\/vc_column_text][\/vc_column_inner][vc_column_inner width=\"1\/12\" icons_position=\"left\"][\/vc_column_inner][\/vc_row_inner][vc_text_separator title=\"Das MicroSpot Handst\u00fcck\" color=\"mulled_wine\" style=\"dotted\" el_width=\"70\" css=\".vc_custom_1646734846902{padding-bottom: -50px !important;}\"][vc_column_text css=\".vc_custom_1646735660874{margin-top: -30px !important;margin-right: 30px !important;margin-left: 30px !important;}\"]Das <strong>MicroSpot-Handst\u00fcck<\/strong> ist ein fraktioniertes Handst\u00fcck f\u00fcr die Behandlung der Haut, das f\u00fcr die Behandlung im Vulvabereich eingesetzt werden kann. Mit seiner fraktionierten Spotgr\u00f6\u00dfe von 13 x 13 mm und der variablen Deckungsrate erm\u00f6glicht es Vollbehandlungen von vulvovaginalen Beschwerden wie Lichen sclerosus.[\/vc_column_text][vc_single_image image=\"4716\" img_size=\"full\" alignment=\"center\" css=\".vc_custom_1623254176246{margin-top: 18px !important;}\"][vc_text_separator title=\"Das VarioSpot Handst\u00fcck\" color=\"mulled_wine\" style=\"dotted\" el_width=\"70\" css=\".vc_custom_1646734875651{padding-bottom: -50px !important;}\"][vc_column_text css=\".vc_custom_1646734889986{margin-top: -30px !important;margin-right: 60px !important;margin-left: 60px !important;}\"]Das <strong>VarioSpot-Handst\u00fcck<\/strong> ist ein vielseitiges Werkzeug f\u00fcr gyn\u00e4kologische Laserbehandlungen. Seine variable Spotgr\u00f6\u00dfe (1-6 mm) erm\u00f6glicht verschiedene ablative Behandlungen im Vulvabereich, wie z. B. die Entfernung von Kondylomen und anderen kleinen L\u00e4sionen.[\/vc_column_text][vc_single_image image=\"4723\" img_size=\"full\" alignment=\"center\" css=\".vc_custom_1623254522756{margin-top: 18px !important;}\"][vc_text_separator title=\"Das Fineliner Handst\u00fcck\" color=\"mulled_wine\" style=\"dotted\" el_width=\"70\" css=\".vc_custom_1646734903114{padding-bottom: -50px !important;}\"][vc_column_text css=\".vc_custom_1646734919210{margin-top: -30px !important;margin-right: 60px !important;margin-left: 60px !important;}\"]Das <strong>Fineliner-Handst\u00fcck<\/strong> ist die ideale Wahl f\u00fcr hochpr\u00e4zise Laserarbeiten. Es ist ein ablatives Handst\u00fcck mit einer Spotgr\u00f6\u00dfe von 1,5 mm, was Behandlungen von sehr kleinen L\u00e4sionen im Vulvabereich erm\u00f6glicht.[\/vc_column_text][vc_single_image image=\"4730\" img_size=\"full\" alignment=\"center\" css=\".vc_custom_1623254956900{margin-top: 18px !important;}\"][vc_text_separator title=\"Das CUT Handst\u00fcck\" color=\"mulled_wine\" style=\"dotted\" el_width=\"70\" css=\".vc_custom_1646734936562{padding-bottom: -50px !important;}\"][vc_column_text css=\".vc_custom_1654086232541{margin-top: -30px !important;margin-right: 60px !important;margin-left: 60px !important;}\"]Das <strong>CUT<\/strong>-Handst\u00fcck ist ein pr\u00e4zises Handst\u00fcck f\u00fcr die gezielte Gewebeabtragung und Vaporisation. Die Einwegabdeckung wird einzeln verpackt und ist nur f\u00fcr den einmaligen Gebrauch bestimmt, wodurch jede Behandlung steril und hygienisch bleibt. Das CUT-Handst\u00fcck vereinfacht Behandlungen an schwer zug\u00e4nglichen Stellen. Es erm\u00f6glicht ein sehr pr\u00e4zises Schneiden und dank der einstellbaren Pulsl\u00e4nge erh\u00e4lt der Anwender die M\u00f6glichkeit, sowohl Ablation als auch Vaporisation und thermische Behandlungen durchzuf\u00fchren.[\/vc_column_text][vc_single_image image=\"4737\" img_size=\"full\" alignment=\"center\" css=\".vc_custom_1623255264792{margin-top: 18px !important;}\"][vc_text_separator title=\"\" color=\"mulled_wine\" style=\"dotted\" el_width=\"70\" css=\".vc_custom_1623255931818{padding-bottom: -50px !important;}\"][vc_column_text css=\".vc_custom_1646734969232{margin-right: 60px !important;margin-left: 60px !important;}\"]\r\n<p style=\"text-align: center;\"><em>Das macht Juliet zu einem der top-ausger\u00fcsteten Laserger\u00e4te auf dem Markt f\u00fcr die umfassende Behandlung von weiblichen Intimbeschwerden.<\/em><\/p>\r\n[\/vc_column_text][vc_empty_space height=\"18px\" hide_on_desktop=\"\" hide_on_notebook=\"\" hide_on_tablet=\"\" hide_on_mobile=\"\"][vc_video link=\"https:\/\/www.youtube.com\/watch?v=QW5B68N9dpY&amp;list=PLcnanKBP7sGN8kuZssIb3oc1jInwxXqpu&amp;index=4\" el_width=\"60\" align=\"center\"][vc_empty_space height=\"50px\" alter_height=\"none\" hide_on_desktop=\"\" hide_on_notebook=\"\" hide_on_tablet=\"\" hide_on_mobile=\"\"]<div class=\"sc_item_button sc_button_wrap sc_align_center\"><a href=\"https:\/\/www.juliet-laser.com\/wp-content\/uploads\/2022\/03\/Brochure_Juliet_2018-10_DE.pdf\" id=\"sc_button_978298199\" class=\"sc_button color_style_default sc_button_default sc_button_size_normal sc_button_icon_left\" target=\"_blank\"><span class=\"sc_button_text\"><span class=\"sc_button_title\">Download der Produktbrosch\u00fcre<\/span><\/span><!-- \/.sc_button_text --><\/a><!-- \/.sc_button --><\/div><!-- \/.sc_item_button -->[vc_empty_space alter_height=\"none\" hide_on_desktop=\"\" hide_on_notebook=\"\" hide_on_tablet=\"\" hide_on_mobile=\"\"][\/vc_column][\/vc_row]<\/div>[\/vc_column][vc_column width=&#8220;2\/12&#8243;][\/vc_column][\/vc_row][vc_row full_width=&#8220;stretch_row&#8220;][vc_column][vc_empty_space height=&#8220;96px&#8220; alter_height=&#8220;none&#8220; hide_on_desktop=&#8220;&#8220; hide_on_notebook=&#8220;1&#8243; hide_on_tablet=&#8220;1&#8243; hide_on_mobile=&#8220;1&#8243;][vc_empty_space height=&#8220;75px&#8220; alter_height=&#8220;none&#8220; hide_on_desktop=&#8220;1&#8243; hide_on_notebook=&#8220;&#8220; hide_on_tablet=&#8220;1&#8243; hide_on_mobile=&#8220;1&#8243;][\/vc_column][\/vc_row]<\/p>\n<\/div>","protected":false},"excerpt":{"rendered":"<p>[vc_row hide_bg_image_on_tablet=&#8220;&#8220; hide_bg_image_on_mobile=&#8220;&#8220; css=&#8220;.vc_custom_1639908206189{margin-top: -70px !important;}&#8220;][vc_column width=&#8220;2\/12&#8243;][\/vc_column][vc_column width=&#8220;8\/12&#8243;][\/vc_column][vc_column width=&#8220;2\/12&#8243;][\/vc_column][\/vc_row][vc_row full_width=&#8220;stretch_row&#8220;][vc_column][vc_empty_space height=&#8220;96px&#8220; alter_height=&#8220;none&#8220; hide_on_desktop=&#8220;&#8220; hide_on_notebook=&#8220;1&#8243; hide_on_tablet=&#8220;1&#8243; hide_on_mobile=&#8220;1&#8243;][vc_empty_space height=&#8220;75px&#8220; alter_height=&#8220;none&#8220; hide_on_desktop=&#8220;1&#8243; hide_on_notebook=&#8220;&#8220; hide_on_tablet=&#8220;1&#8243; hide_on_mobile=&#8220;1&#8243;][\/vc_column][\/vc_row]<\/p>\n","protected":false},"author":1,"featured_media":0,"parent":0,"menu_order":0,"comment_status":"closed","ping_status":"closed","template":"","meta":{"footnotes":""},"class_list":["post-3507","page","type-page","status-publish","hentry"],"_links":{"self":[{"href":"https:\/\/www.juliet-laser.com\/de\/wp-json\/wp\/v2\/pages\/3507","targetHints":{"allow":["GET"]}}],"collection":[{"href":"https:\/\/www.juliet-laser.com\/de\/wp-json\/wp\/v2\/pages"}],"about":[{"href":"https:\/\/www.juliet-laser.com\/de\/wp-json\/wp\/v2\/types\/page"}],"author":[{"embeddable":true,"href":"https:\/\/www.juliet-laser.com\/de\/wp-json\/wp\/v2\/users\/1"}],"replies":[{"embeddable":true,"href":"https:\/\/www.juliet-laser.com\/de\/wp-json\/wp\/v2\/comments?post=3507"}],"version-history":[{"count":7,"href":"https:\/\/www.juliet-laser.com\/de\/wp-json\/wp\/v2\/pages\/3507\/revisions"}],"predecessor-version":[{"id":6273,"href":"https:\/\/www.juliet-laser.com\/de\/wp-json\/wp\/v2\/pages\/3507\/revisions\/6273"}],"wp:attachment":[{"href":"https:\/\/www.juliet-laser.com\/de\/wp-json\/wp\/v2\/media?parent=3507"}],"curies":[{"name":"wp","href":"https:\/\/api.w.org\/{rel}","templated":true}]}}