{"id":3453,"date":"2019-07-11T15:49:21","date_gmt":"2019-07-11T15:49:21","guid":{"rendered":"https:\/\/www.juliet-laser.com\/?page_id=3453"},"modified":"2022-07-07T13:22:59","modified_gmt":"2022-07-07T13:22:59","slug":"rechtshinweise","status":"publish","type":"page","link":"https:\/\/www.juliet-laser.com\/de\/rechtshinweise\/","title":{"rendered":"Rechtshinweise"},"content":{"rendered":"<div class=\"wpb-content-wrapper\"><p>[vc_row hide_bg_image_on_tablet=&#8220;&#8220; hide_bg_image_on_mobile=&#8220;&#8220; css=&#8220;.vc_custom_1639908725933{margin-top: -70px !important;}&#8220;][vc_column width=&#8220;1\/6&#8243;][\/vc_column][vc_column width=&#8220;2\/3&#8243;][vc_column_text css=&#8220;.vc_custom_1647339820985{margin-right: 32px !important;}&#8220;]<strong>Nutzungsbedingungen<\/strong><\/p>\n<p>Durch die Nutzung dieser Webseite, einschlie\u00dflich aller der von Asclepion Laser Technologies GmbH zur Verf\u00fcgung gestellten Diensten, erkl\u00e4ren Sie sich mit den folgenden Nutzungsbedingungen einverstanden. Asclepion Laser Technologies GmbH beh\u00e4lt sich das Recht vor, \u00c4nderungen vorzunehmen, Dienste einzustellen und die Nutzungsbedingungen jederzeit ohne vorherige Ank\u00fcndigung zu aktualisieren.<\/p>\n<p><strong>Inhalte<\/strong><\/p>\n<p>Trotz sorgf\u00e4ltiger Bearbeitung und \u00dcberpr\u00fcfung der Inhalte \u00fcbernimmt die Asclepion Laser Technologies GmbH keine Gew\u00e4hr f\u00fcr die Aktualit\u00e4t, Richtigkeit, Vollst\u00e4ndigkeit oder Qualit\u00e4t der bereitgestellten Informationen, da eine zwischenzeitlich eingetretene \u00c4nderung nicht g\u00e4nzlich auszuschlie\u00dfen ist.<\/p>\n<p><strong>Urheber- und Kennzeichenrecht<\/strong><\/p>\n<p>Der Inhalt dieser Internetseiten darf nicht zu kommerziellen Zwecken kopiert, verbreitet, ver\u00e4ndert oder Dritten zug\u00e4nglich gemacht werden. Bilder, Grafiken und Texte unterliegen dem Schutz des Urheberrechts und anderer Schutzgesetze.<\/p>\n<p><strong>Marken- und Warenzeichen<\/strong><\/p>\n<p>Alle innerhalb des Angebots genannten und gegebenenfalls durch Dritte gesch\u00fctzten Marken- und Warenzeichen unterliegen uneingeschr\u00e4nkt den Bestimmungen des jeweils g\u00fcltigen Kennzeichenrechts und den Besitzrechten der jeweiligen eingetragenen Eigent\u00fcmer.<\/p>\n<p><strong>Externe Verweise (Links)<\/strong><\/p>\n<p>Von unseren eigenen Inhalten sind Querverweise (\u201cLinks\u201d) auf die von anderen Anbietern bereitgehaltenen Inhalte zu unterscheiden. F\u00fcr dort enthaltene Informationen (fremde Inhalte), zu denen mittels Hyperlink lediglich der Zugang zur Nutzung vermittelt wird, haftet Asclepion Laser Technologies GmbH nur, wenn es von den Inhalten genaue Kenntnis hat und es ihm technisch m\u00f6glich und zumutbar ist, die Nutzung im Fall rechtswidriger Inhalte zu verhindern. Wenn Sch\u00e4den durch die Verwendung von Informationen entstehen, ist lediglich der Autor der betreffenden Seiten haftbar, nicht derjenige, der auf diese Seiten verwiesen hat.<\/p>\n<p><strong>Datenschutz<\/strong><\/p>\n<p>Personenbezogene Daten werden nur im Rahmen der E-Mail- Formulare erfasst, wobei die Eingabe pers\u00f6nlicher oder gesch\u00e4ftlicher Daten ausdr\u00fccklich freiwillig geschieht. Verarbeitet und gespeichert werden diese Daten entsprechend den deutschen Datenschutzbestimmungen und nur insoweit, wie dies f\u00fcr die Bearbeitung der Anfrage notwendig ist; eine Weitergabe der Daten an Dritte findet in keinem Fall statt. Bitte beachten Sie: Unsere Webseiten k\u00f6nnen Links zu Webseiten anderer Anbieter enthalten, auf die sich diese Datenschutzerkl\u00e4rung nicht erstreckt.<\/p>\n<p><strong>Rechtswirksamkeit<\/strong><\/p>\n<p>Dieser Haftungsausschluss ist als Teil des Internetangebotes zu betrachten, von dem aus auf diese Seite verwiesen wurde. Sofern Teile oder einzelne Formulierungen dieses Textes der geltenden Rechtslage nicht, nicht mehr oder nicht vollst\u00e4ndig entsprechen sollten, bleiben die \u00fcbrigen Teile des Dokumentes in ihrem Inhalt und ihrer G\u00fcltigkeit davon unber\u00fchrt.[\/vc_column_text][\/vc_column][vc_column width=&#8220;1\/6&#8243;][\/vc_column][\/vc_row][vc_row hide_bg_image_on_tablet=&#8220;&#8220; hide_bg_image_on_mobile=&#8220;&#8220; css=&#8220;.vc_custom_1657200057750{margin-top: 32px !important;margin-right: 20px !important;margin-left: 175px !important;}&#8220;][vc_column width=&#8220;1\/6&#8243;][\/vc_column][vc_column width=&#8220;1\/4&#8243;]<div class=\"sc_item_button sc_button_wrap sc_align_center\"><a href=\"https:\/\/www.juliet-laser.com\/wp-content\/uploads\/2022\/03\/AGBs_D_2018-11.pdf\" id=\"sc_button_1929888387\" class=\"sc_button color_style_default sc_button_default  vc_custom_1657200175423 sc_button_size_normal sc_button_icon_left\" target=\"_blank\"><span class=\"sc_button_text\"><span class=\"sc_button_title\">Allgemeine Gesch\u00e4ftsbedingungen<\/span><\/span><!-- \/.sc_button_text --><\/a><!-- \/.sc_button --><\/div><!-- \/.sc_item_button -->[\/vc_column][vc_column width=&#8220;1\/4&#8243;]<div class=\"sc_item_button sc_button_wrap sc_align_center\"><a href=\"https:\/\/www.juliet-laser.com\/wp-content\/uploads\/2022\/03\/Einwilligung-Datenverarbeitung-2018-DE.pdf\" id=\"sc_button_2019319099\" class=\"sc_button color_style_default sc_button_default  vc_custom_1657200109056 sc_button_size_normal sc_button_icon_left\" target=\"_blank\"><span class=\"sc_button_text\"><span class=\"sc_button_title\">Einwilligung zur Datenverarbeitung<\/span><\/span><!-- \/.sc_button_text --><\/a><!-- \/.sc_button --><\/div><!-- \/.sc_item_button -->[\/vc_column][vc_column width=&#8220;1\/4&#8243;][\/vc_column][\/vc_row]<\/p>\n<\/div>","protected":false},"excerpt":{"rendered":"<p>[vc_row hide_bg_image_on_tablet=&#8220;&#8220; hide_bg_image_on_mobile=&#8220;&#8220; css=&#8220;.vc_custom_1639908725933{margin-top: -70px !important;}&#8220;][vc_column width=&#8220;1\/6&#8243;][\/vc_column][vc_column width=&#8220;2\/3&#8243;][vc_column_text css=&#8220;.vc_custom_1647339820985{margin-right: 32px !important;}&#8220;]Nutzungsbedingungen Durch die Nutzung dieser Webseite, einschlie\u00dflich aller der von Asclepion Laser Technologies GmbH zur Verf\u00fcgung gestellten Diensten, erkl\u00e4ren Sie sich mit den folgenden Nutzungsbedingungen einverstanden. Asclepion Laser Technologies GmbH beh\u00e4lt sich das Recht vor, \u00c4nderungen vorzunehmen, Dienste einzustellen und die Nutzungsbedingungen jederzeit ohne vorherige Ank\u00fcndigung zu aktualisieren. Inhalte Trotz&hellip;<\/p>\n","protected":false},"author":4,"featured_media":0,"parent":0,"menu_order":0,"comment_status":"closed","ping_status":"closed","template":"","meta":{"footnotes":""},"class_list":["post-3453","page","type-page","status-publish","hentry"],"_links":{"self":[{"href":"https:\/\/www.juliet-laser.com\/de\/wp-json\/wp\/v2\/pages\/3453","targetHints":{"allow":["GET"]}}],"collection":[{"href":"https:\/\/www.juliet-laser.com\/de\/wp-json\/wp\/v2\/pages"}],"about":[{"href":"https:\/\/www.juliet-laser.com\/de\/wp-json\/wp\/v2\/types\/page"}],"author":[{"embeddable":true,"href":"https:\/\/www.juliet-laser.com\/de\/wp-json\/wp\/v2\/users\/4"}],"replies":[{"embeddable":true,"href":"https:\/\/www.juliet-laser.com\/de\/wp-json\/wp\/v2\/comments?post=3453"}],"version-history":[{"count":14,"href":"https:\/\/www.juliet-laser.com\/de\/wp-json\/wp\/v2\/pages\/3453\/revisions"}],"predecessor-version":[{"id":7747,"href":"https:\/\/www.juliet-laser.com\/de\/wp-json\/wp\/v2\/pages\/3453\/revisions\/7747"}],"wp:attachment":[{"href":"https:\/\/www.juliet-laser.com\/de\/wp-json\/wp\/v2\/media?parent=3453"}],"curies":[{"name":"wp","href":"https:\/\/api.w.org\/{rel}","templated":true}]}}