{"id":3416,"date":"2019-07-11T15:09:19","date_gmt":"2019-07-11T15:09:19","guid":{"rendered":"https:\/\/www.juliet-laser.com\/?page_id=3416"},"modified":"2022-03-09T10:23:45","modified_gmt":"2022-03-09T10:23:45","slug":"wie-juliet-funktioniert","status":"publish","type":"page","link":"https:\/\/www.juliet-laser.com\/de\/wie-juliet-funktioniert\/","title":{"rendered":"Wie Juliet funktioniert"},"content":{"rendered":"<div class=\"wpb-content-wrapper\"><p>[vc_row hide_bg_image_on_tablet=&#8220;&#8220; hide_bg_image_on_mobile=&#8220;&#8220; css=&#8220;.vc_custom_1639908249430{margin-top: -70px !important;}&#8220;][vc_column]<div class=\"sc_layouts sc_layouts_default sc_layouts_4753\">[vc_row full_width=\"stretch_row\"][vc_column icons_position=\"left\"]<div id=\"sc_title_1029913763\"\n\t\tclass=\"sc_title color_style_default sc_title_default\"><h6 class=\"sc_item_subtitle sc_title_subtitle sc_align_center sc_item_title_style_default\">Eine minimal-invasive Laserbehandlung<\/h6><h4 class=\"sc_item_title sc_title_title sc_align_center sc_item_title_style_default sc_item_title_tag\">ZUR KOLLAGEN-NEUPRODUKTION<\/h4><\/div><!-- \/.sc_title -->[vc_empty_space height=\"86px\" alter_height=\"none\" hide_on_desktop=\"\" hide_on_notebook=\"\" hide_on_tablet=\"1\" hide_on_mobile=\"1\"][vc_empty_space height=\"60px\" alter_height=\"none\" hide_on_desktop=\"1\" hide_on_notebook=\"1\" hide_on_tablet=\"\" hide_on_mobile=\"1\"][vc_empty_space height=\"30px\" alter_height=\"none\" hide_on_desktop=\"1\" hide_on_notebook=\"1\" hide_on_tablet=\"1\" hide_on_mobile=\"\"][\/vc_column][\/vc_row][vc_row full_width=\"stretch_row\" equal_height=\"yes\" content_placement=\"top\"][vc_column width=\"5\/6\" hide_bg_image_on_tablet=\"\" hide_bg_image_on_mobile=\"\" icons_position=\"left\" css=\".vc_custom_1511534454443{padding-right: 0px !important;padding-left: 0px !important;}\"]<div id=\"sc_content_1024417938\"\n\t\tclass=\"sc_content color_style_default sc_content_default sc_float_center sc_shift_y_tiny_negative\"><div class=\"sc_content_container\">[vc_single_image image=\"4773\" img_size=\"full\" alignment=\"right\"]<\/div><\/div><!-- \/.sc_content -->[\/vc_column][vc_column width=\"1\/6\" hide_bg_image_on_tablet=\"\" hide_bg_image_on_mobile=\"\" icons_position=\"left\" css=\".vc_custom_1511533781050{background-color: #ffffff !important;}\"][\/vc_column][\/vc_row][vc_row full_width=\"stretch_row\" equal_height=\"yes\" content_placement=\"top\"][vc_column width=\"1\/6\" hide_bg_image_on_tablet=\"\" hide_bg_image_on_mobile=\"\" icons_position=\"left\"][\/vc_column][vc_column width=\"5\/6\" fix_column=\"\" shift_y=\"tiny_negative\" hide_bg_image_on_tablet=\"\" hide_bg_image_on_mobile=\"\" icons_position=\"left\" css=\".vc_custom_1515147927089{background-color: #ffffff !important;}\"][vc_empty_space height=\"31px\" alter_height=\"none\" hide_on_desktop=\"1\" hide_on_notebook=\"1\" hide_on_tablet=\"\" hide_on_mobile=\"\"][vc_row_inner hide_bg_image_on_tablet=\"\" hide_bg_image_on_mobile=\"\" row_delimiter=\"\" css=\".vc_custom_1562687721621{padding-top: 50px !important;padding-right: 15px !important;padding-left: 15px !important;}\"][vc_column_inner width=\"1\/12\" hide_bg_image_on_tablet=\"\" hide_bg_image_on_mobile=\"\" icons_position=\"left\" css=\".vc_custom_1512737066095{padding-right: 15px !important;padding-left: 15px !important;}\"][\/vc_column_inner][vc_column_inner width=\"5\/12\" icons_position=\"left\"][vc_column_text]Die Juliet-Laserbehandlung verbessert die gyn\u00e4kologische Gesundheit von Frauen dank einer minimal-invasiven Behandlung, deren Ziel die Stimulation der Produktion von neuem Kollagen und Elastin sowie eine verbesserte Vaskularisierung der Vaginalschleimhaut ist. Das Verfahren ist schnell, sicher und schmerzlos, dauert weniger als 15 Minuten und kann ohne An\u00e4sthesie durchgef\u00fchrt werden.\r\n\r\n<strong>Wie geschieht das?<\/strong>\r\n\u00c4hnlich wie bei der Gesichtsverj\u00fcngung wird bei der Juliet-Laserbehandlung schonend Lichtenergie an das Gewebe abgegeben und dieses zur Produktion von neuem Kollagen angeregt. Dies f\u00fchrt zu einer Verbesserung des Zustands der Vaginalschleimhaut und der Spannkraft des Beckenbodenbindegewebes, das dadurch gest\u00e4rkt wird. Die Innenwand wird wieder elastisch und feucht und weist eine verbesserte Dicke und Weichheit auf.[\/vc_column_text][\/vc_column_inner][vc_column_inner width=\"5\/12\" icons_position=\"left\"][vc_column_text]Dies hilft, das innere Gewebe und die Scheidenw\u00e4nde besser zu st\u00fctzen. Die Wand der Vagina ist aus vier verschiedenen Schichten aufgebaut:\r\n\r\n\u2022 <strong>Epithel<\/strong> - Innere Schicht aus Epithelgewebe, das aus Plattenepithelzellen besteht\r\n\r\n\u2022 <strong>Lamina propria - Bindegewebe, das die Schleimhaut st\u00fctzt und sie mit der Muskularis verbindet<\/strong>\r\n\r\n\u2022 <strong>Muscularis oder Muskularis<\/strong>\u00a0\u2013 Muskelgewebe\r\n\r\n\u2022 <strong>Adventitia<\/strong> \u2013 Bindegewebe, das mit elastischen Fasern durchzogen ist, verbindet die Vagina mit den umliegenden Organen\r\n\r\nDas Ziel der Laserbehandlung ist es, die Lamina propria zu erreichen, die elastisch und reich an Kollagen ist.[\/vc_column_text][\/vc_column_inner][vc_column_inner width=\"1\/12\" icons_position=\"left\"][\/vc_column_inner][\/vc_row_inner][vc_empty_space height=\"18px\" hide_on_desktop=\"\" hide_on_notebook=\"\" hide_on_tablet=\"\" hide_on_mobile=\"\"][\/vc_column][\/vc_row][vc_row full_width=\"stretch_row\" equal_height=\"yes\" content_placement=\"top\" hide_bg_image_on_tablet=\"\" hide_bg_image_on_mobile=\"\" row_delimiter=\"\" hide_on_desktop=\"\" hide_on_notebook=\"\" hide_on_tablet=\"\" hide_on_mobile=\"\" hide_on_frontpage=\"\" css=\".vc_custom_1623250642074{margin-top: 32px !important;}\"][vc_column width=\"5\/6\" hide_bg_image_on_tablet=\"\" hide_bg_image_on_mobile=\"\" icons_position=\"left\" css=\".vc_custom_1511534454443{padding-right: 0px !important;padding-left: 0px !important;}\"]<div id=\"sc_content_1529067266\"\n\t\tclass=\"sc_content color_style_default sc_content_default sc_float_center sc_shift_y_tiny_negative\"><div class=\"sc_content_container\">[vc_single_image image=\"5937\" img_size=\"full\" alignment=\"right\"]<\/div><\/div><!-- \/.sc_content -->[\/vc_column][vc_column width=\"1\/6\" hide_bg_image_on_tablet=\"\" hide_bg_image_on_mobile=\"\" icons_position=\"left\" css=\".vc_custom_1511533781050{background-color: #ffffff !important;}\"][\/vc_column][\/vc_row][vc_row full_width=\"stretch_row\" equal_height=\"yes\" content_placement=\"top\"][vc_column width=\"1\/6\" hide_bg_image_on_tablet=\"\" hide_bg_image_on_mobile=\"\" icons_position=\"left\"][\/vc_column][vc_column width=\"5\/6\" fix_column=\"\" shift_y=\"tiny_negative\" hide_bg_image_on_tablet=\"\" hide_bg_image_on_mobile=\"\" icons_position=\"left\" css=\".vc_custom_1515147927089{background-color: #ffffff !important;}\"][vc_empty_space height=\"31px\" alter_height=\"none\" hide_on_desktop=\"1\" hide_on_notebook=\"1\" hide_on_tablet=\"\" hide_on_mobile=\"\"][vc_row_inner hide_bg_image_on_tablet=\"\" hide_bg_image_on_mobile=\"\" row_delimiter=\"\" css=\".vc_custom_1562687721621{padding-top: 50px !important;padding-right: 15px !important;padding-left: 15px !important;}\"][vc_column_inner width=\"1\/12\" hide_bg_image_on_tablet=\"\" hide_bg_image_on_mobile=\"\" icons_position=\"left\" css=\".vc_custom_1512737066095{padding-right: 15px !important;padding-left: 15px !important;}\"][\/vc_column_inner][vc_column_inner width=\"5\/12\" icons_position=\"left\"][vc_column_text]Das Verfahren ist sehr einfach, aber dennoch sehr pr\u00e4zise. Der Arzt f\u00fchrt das Handst\u00fcck ein und behandelt den Bereich, indem er den Laserstrahl aktiviert und das Handst\u00fcck dreht, bis eine 360\u00b0-Drehung abgeschlossen ist. Dann wird das Handst\u00fcck 1 cm zur\u00fcckgezogen und die n\u00e4chste Zone wird behandelt. Die gesamte Prozedur dauert weniger als 15 Minuten, ist nicht schmerzhaft und erfordert keinen Schnitt oder eine Operation.[\/vc_column_text][\/vc_column_inner][vc_column_inner width=\"5\/12\" icons_position=\"left\"][vc_column_text]Das Ziel der Laserbehandlung ist es, die elastische und kollagenreiche Lamina propria zu erreichen, die \"selektiv\", d.h. ohne Sch\u00e4digung des umliegenden Gewebes, stimuliert werden kann. Der in mehrere hundert Teilstrahlen aufgeteilte Laserstrahl dringt schonend in das Gewebe ein und l\u00f6st die Hauterneuerung und Kollagenbildung mit schneller Wundheilung aus.[\/vc_column_text][\/vc_column_inner][vc_column_inner width=\"1\/12\" icons_position=\"left\"][\/vc_column_inner][\/vc_row_inner][vc_empty_space height=\"18px\" hide_on_desktop=\"\" hide_on_notebook=\"\" hide_on_tablet=\"\" hide_on_mobile=\"\"][vc_empty_space height=\"18px\" hide_on_desktop=\"\" hide_on_notebook=\"\" hide_on_tablet=\"\" hide_on_mobile=\"\"][vc_video link=\"https:\/\/youtu.be\/S82O8CNy-Ig\" el_width=\"60\" align=\"center\"][vc_empty_space height=\"50px\" alter_height=\"none\" hide_on_desktop=\"\" hide_on_notebook=\"\" hide_on_tablet=\"\" hide_on_mobile=\"\"]<div class=\"sc_item_button sc_button_wrap sc_align_center\"><a href=\"https:\/\/www.juliet-laser.com\/wp-content\/uploads\/2022\/03\/Pat.flyer-Juliet-2018-DE.pdf\" id=\"sc_button_1964516695\" class=\"sc_button color_style_default sc_button_default sc_button_size_normal sc_button_icon_left\" target=\"_blank\"><span class=\"sc_button_text\"><span class=\"sc_button_title\">Download des Patienteninformationsblattes<\/span><\/span><!-- \/.sc_button_text --><\/a><!-- \/.sc_button --><\/div><!-- \/.sc_item_button -->[vc_empty_space alter_height=\"none\" hide_on_desktop=\"\" hide_on_notebook=\"\" hide_on_tablet=\"\" hide_on_mobile=\"\"][\/vc_column][\/vc_row]<\/div>[\/vc_column][\/vc_row]<\/p>\n<\/div>","protected":false},"excerpt":{"rendered":"<p>[vc_row hide_bg_image_on_tablet=&#8220;&#8220; hide_bg_image_on_mobile=&#8220;&#8220; css=&#8220;.vc_custom_1639908249430{margin-top: -70px !important;}&#8220;][vc_column][\/vc_column][\/vc_row]<\/p>\n","protected":false},"author":4,"featured_media":0,"parent":0,"menu_order":0,"comment_status":"closed","ping_status":"closed","template":"","meta":{"footnotes":""},"class_list":["post-3416","page","type-page","status-publish","hentry"],"_links":{"self":[{"href":"https:\/\/www.juliet-laser.com\/de\/wp-json\/wp\/v2\/pages\/3416","targetHints":{"allow":["GET"]}}],"collection":[{"href":"https:\/\/www.juliet-laser.com\/de\/wp-json\/wp\/v2\/pages"}],"about":[{"href":"https:\/\/www.juliet-laser.com\/de\/wp-json\/wp\/v2\/types\/page"}],"author":[{"embeddable":true,"href":"https:\/\/www.juliet-laser.com\/de\/wp-json\/wp\/v2\/users\/4"}],"replies":[{"embeddable":true,"href":"https:\/\/www.juliet-laser.com\/de\/wp-json\/wp\/v2\/comments?post=3416"}],"version-history":[{"count":7,"href":"https:\/\/www.juliet-laser.com\/de\/wp-json\/wp\/v2\/pages\/3416\/revisions"}],"predecessor-version":[{"id":6336,"href":"https:\/\/www.juliet-laser.com\/de\/wp-json\/wp\/v2\/pages\/3416\/revisions\/6336"}],"wp:attachment":[{"href":"https:\/\/www.juliet-laser.com\/de\/wp-json\/wp\/v2\/media?parent=3416"}],"curies":[{"name":"wp","href":"https:\/\/api.w.org\/{rel}","templated":true}]}}