{"id":3397,"date":"2018-03-02T11:06:07","date_gmt":"2018-03-02T11:06:07","guid":{"rendered":"https:\/\/www.juliet-laser.com\/?page_id=3397"},"modified":"2022-11-21T16:34:14","modified_gmt":"2022-11-21T16:34:14","slug":"faq-zu-juliet","status":"publish","type":"page","link":"https:\/\/www.juliet-laser.com\/de\/faq-zu-juliet\/","title":{"rendered":"F.A.Q. zu Juliet"},"content":{"rendered":"<div class=\"wpb-content-wrapper\"><p>[vc_row hide_bg_image_on_tablet=&#8220;&#8220; hide_bg_image_on_mobile=&#8220;&#8220; css=&#8220;.vc_custom_1639908546690{margin-top: -70px !important;}&#8220;][vc_column]<div id=\"sc_title_354250683\"\n\t\tclass=\"sc_title color_style_default sc_title_default\"><h6 class=\"sc_item_subtitle sc_title_subtitle sc_align_center sc_item_title_style_default\">Die h\u00e4ufigsten Fragen zu Juliet Laser<\/h6><h4 class=\"sc_item_title sc_title_title sc_align_center sc_item_title_style_default sc_item_title_tag\">FREQUENTLY ASKED QUESTIONS<\/h4><\/div><!-- \/.sc_title -->[vc_empty_space height=&#8220;&#8220; alter_height=&#8220;medium&#8220; hide_on_desktop=&#8220;&#8220; hide_on_notebook=&#8220;&#8220; hide_on_tablet=&#8220;&#8220; hide_on_mobile=&#8220;&#8220;]<div  id=\"sc_price_2084255139\" \n\tclass=\"sc_price color_style_default sc_price_default\"><div class=\"sc_price_columns_wrap sc_item_columns trx_addons_columns_wrap columns_padding_bottom\"><div class=\"trx_addons_column-1_3\"><div class=\"sc_price_item sc_price_item_default with_image with_bg_color\" style=\"background-color:#ffffff;\">\n\t\t\t\t\t\t\t<div class=\"sc_price_item_mask\"><\/div>\n\t\t\t\t<div class=\"sc_price_item_inner\">\n\t\t\t\t<div class=\"sc_price_item_info\"><h4 class=\"sc_price_item_title_\"><span>Was ist die Juliet-Behandlung?<\/span><\/h4><div class=\"sc_price_item_details\"><ul class=\"trx_addons_list trx_addons_list_dot\" style=\"text-align:left\">\n<li>Juliet stellt eine schnelle, schmerzfreie und minimal-invasive Behandlung f\u00fcr intime Beschwerden von Frauen dar und kann verwendet werden, um viele der unangenehmen Symptome, wie z. B. Juckreiz im Genitalbereich, Reizungen, schlechte vaginale Lubrikation, vaginale Trockenheit und sogar Schmerzen beim Geschlechtsverkehr behandeln zu k\u00f6nnen. Juliet ist eine revolution\u00e4re Behandlung, die bereits das Leben von Tausenden von Frauen auf der ganzen Welt ver\u00e4ndert hat.<\/li><\/div><\/div><!-- \/.sc_price_item_info --><\/div><!-- \/.sc_price_item_inner --><\/div><\/div><div class=\"trx_addons_column-1_3\"><div class=\"sc_price_item sc_price_item_default with_image with_bg_color\" style=\"background-color:#eecdc8;\">\n\t\t\t\t\t\t\t<div class=\"sc_price_item_mask\"><\/div>\n\t\t\t\t<div class=\"sc_price_item_inner\">\n\t\t\t\t<div class=\"sc_price_item_info\"><h4 class=\"sc_price_item_title_\"><span>Was bedeutet &quot;Vaginalverj\u00fcngung&quot;?<\/span><\/h4><div class=\"sc_price_item_details\"><ul class=\"trx_addons_list trx_addons_list_dot\" style=\"text-align:left\">\n<li>Die vaginale Verj\u00fcngung soll nicht nur eine \u00e4sthetische Behandlung sein. Eine Juliet-Laserbehandlung f\u00fchrt nicht nur zu einer Straffung der inneren Vaginalw\u00e4nde (oft als \"Verj\u00fcngung\" bezeichnet), sondern zielt auch auf funktionelle Ver\u00e4nderungen, wie z. B. die Wiedererlangung der Funktionalit\u00e4t bei der Behandlung von Stressharninkontinenz und auch die Wiederherstellung des Gewebestoffwechsels bei vaginaler Atrophie ab.<\/li><\/div><\/div><!-- \/.sc_price_item_info --><\/div><!-- \/.sc_price_item_inner --><\/div><\/div><div class=\"trx_addons_column-1_3\"><div class=\"sc_price_item sc_price_item_default with_image with_bg_color\" style=\"background-color:#ffffff;\">\n\t\t\t\t\t\t\t<div class=\"sc_price_item_mask\"><\/div>\n\t\t\t\t<div class=\"sc_price_item_inner\">\n\t\t\t\t<div class=\"sc_price_item_info\"><h4 class=\"sc_price_item_title_\"><span>Wie funktioniert die Juliet-Behandlung?<\/span><\/h4><div class=\"sc_price_item_details\"><ul class=\"trx_addons_list trx_addons_list_dot\" style=\"text-align:left\">\n<li>Die Juliet-Laserbehandlung verbessert die gyn\u00e4kologische Gesundheit von Frauen dank einer minimalinvasiven Behandlung, deren Ziel die Stimulation der Produktion von neuem Kollagen und Elastin sowie eine verbesserte Vaskularisierung der Vaginalschleimhaut ist. \u00c4hnlich wie bei der Gesichtsverj\u00fcngung wird bei der Juliet-Laserbehandlung schonend Lichtenergie in das Gewebe abgegeben und es so zur Produktion von neuem Kollagen angeregt. Die spezielle Erbium:YAG-Wellenl\u00e4nge, die f\u00fcr die Behandlung verwendet wird, erm\u00f6glicht es, die submuk\u00f6sen Schichten (Lamina propria) zu erreichen, die reich an Kollagen sind und so \"selektiv\", d. h. ohne Sch\u00e4digung des umliegenden Gewebes, stimuliert werden k\u00f6nnen..<\/li>\n<\/div><\/div><!-- \/.sc_price_item_info --><\/div><!-- \/.sc_price_item_inner --><\/div><\/div><div class=\"trx_addons_column-1_3\"><div class=\"sc_price_item sc_price_item_default with_image with_bg_color\" style=\"background-color:#eecdc8;\">\n\t\t\t\t\t\t\t<div class=\"sc_price_item_mask\"><\/div>\n\t\t\t\t<div class=\"sc_price_item_inner\">\n\t\t\t\t<div class=\"sc_price_item_info\"><h4 class=\"sc_price_item_title_\"><span>Wie wird die Juliet-Behandlung durchgef\u00fchrt?<\/span><\/h4><div class=\"sc_price_item_details\"><ul class=\"trx_addons_list trx_addons_list_dot\" style=\"text-align:left\">\n<li>Das Verfahren \u00e4hnelt Ihrne j\u00e4hrlichen Kontrolluntersuchung. Ihr Arzt f\u00fchrt die Laserspitze ein und die Laserenergie wird in Form von Impulsen abgegeben. Der gesamte Vorgang dauert nur wenige Minuten und wird schnell, schmerzlos und diskret von Ihrem Arzt in einer Praxis durchgef\u00fchrt. Es ist keine An\u00e4sthesie erforderlich (da weder Schnitte noch N\u00e4hte durchgef\u00fchrt werden), jedoch kann bei Bedarf ein \u00f6rtliches Bet\u00e4ubungsmittel angewendet werden.<\/li><\/div><\/div><!-- \/.sc_price_item_info --><\/div><!-- \/.sc_price_item_inner --><\/div><\/div><div class=\"trx_addons_column-1_3\"><div class=\"sc_price_item sc_price_item_default with_image with_bg_color\" style=\"background-color:#ffffff;\">\n\t\t\t\t\t\t\t<div class=\"sc_price_item_mask\"><\/div>\n\t\t\t\t<div class=\"sc_price_item_inner\">\n\t\t\t\t<div class=\"sc_price_item_info\"><h4 class=\"sc_price_item_title_\"><span>Wann kann ich die Ergebnisse erwarten?<\/span><\/h4><div class=\"sc_price_item_details\"><ul class=\"trx_addons_list trx_addons_list_dot\" style=\"text-align:left\">\n<li>Die Juliet-Laserbehandlung f\u00fchrt zu einer Wiederherstellung des Bindegewebsstoffwechsels und zu einer Verbesserung des Zustandes der Schleimhaut. Dies \u00e4u\u00dfert sich in einer Abschw\u00e4chung der Symptome, die unmittelbar nach der ersten Behandlung zu beobachten ist. Diese Wirkung h\u00e4lt auch nach Beendigung der Behandlung an, weshalb viele Frauen im ersten Monat nach der Behandlung \u00fcber weitere Verbesserungen berichten.<\/li>\n<\/div><\/div><!-- \/.sc_price_item_info --><\/div><!-- \/.sc_price_item_inner --><\/div><\/div><div class=\"trx_addons_column-1_3\"><div class=\"sc_price_item sc_price_item_default with_image with_bg_color\" style=\"background-color:#eecdc8;\">\n\t\t\t\t\t\t\t<div class=\"sc_price_item_mask\"><\/div>\n\t\t\t\t<div class=\"sc_price_item_inner\">\n\t\t\t\t<div class=\"sc_price_item_info\"><h4 class=\"sc_price_item_title_\"><span>Ist die Behandlung schmerzhaft?<\/span><\/h4><div class=\"sc_price_item_details\"><ul class=\"trx_addons_list trx_addons_list_dot\" style=\"text-align:left\">\n<li>Nein, die Behandlung ist nicht schmerzhaft und erfordert keine An\u00e4sthesie. Bei Bedarf kann eine milde \u00f6rtliche Bet\u00e4ubung angewendet werden.<\/li><\/div><\/div><!-- \/.sc_price_item_info --><\/div><!-- \/.sc_price_item_inner --><\/div><\/div><div class=\"trx_addons_column-1_3\"><div class=\"sc_price_item sc_price_item_default with_image with_bg_color\" style=\"background-color:#ffffff;\">\n\t\t\t\t\t\t\t<div class=\"sc_price_item_mask\"><\/div>\n\t\t\t\t<div class=\"sc_price_item_inner\">\n\t\t\t\t<div class=\"sc_price_item_info\"><h4 class=\"sc_price_item_title_\"><span>Wie viele Sitzungen sind notwendig?<\/span><\/h4><div class=\"sc_price_item_details\"><ul class=\"trx_addons_list trx_addons_list_dot\" style=\"text-align:left\">\n<li>In den meisten F\u00e4llen k\u00f6nnen zufriedenstellende Ergebnisse nach der ersten Sitzung erzielt werden. Eine zweite Behandlung nach einigen Wochen ist empfehlenswert, um das Ergebnis \u00fcber die Zeit zu erhalten. Je nach individueller Anamnese kann eine Nachbehandlung einmal pro Jahr empfohlen werden.<\/li><\/div><\/div><!-- \/.sc_price_item_info --><\/div><!-- \/.sc_price_item_inner --><\/div><\/div><div class=\"trx_addons_column-1_3\"><div class=\"sc_price_item sc_price_item_default with_image with_bg_color\" style=\"background-color:#eecdc8;\">\n\t\t\t\t\t\t\t<div class=\"sc_price_item_mask\"><\/div>\n\t\t\t\t<div class=\"sc_price_item_inner\">\n\t\t\t\t<div class=\"sc_price_item_info\"><h4 class=\"sc_price_item_title_\"><span>Ist die Juliet-Laserbehandlung die richtige f\u00fcr mich?<\/span><\/h4><div class=\"sc_price_item_details\"><ul class=\"trx_addons_list trx_addons_list_dot\" style=\"text-align:left\">\n<li>Juliet ist die richtige Behandlung f\u00fcr jede Frau, die unter unangenehmen Symptomen leidet und einen schnellen, nicht-chirurgischen und diskreten Eingriff sucht. Sie wird besonders f\u00fcr Frauen empfohlen, die sich in den Wechseljahren befinden, die gerade entbunden haben, die sich einer Krebs-Chemotherapie und\/oder -Operation unterzogen haben, die Erkrankungen des Beckenbodens bek\u00e4mpfen oder einfach vorbeugen wollen. Auch kann die Behandlung die Qualit\u00e4t ihres Sexuallebens verbessern. Um zu beurteilen, ob in Ihrem speziellen Fall irgendwelche Kontraindikationen vorliegen, bitten Sie unsere Spezialisten um eine kostenlose Beratung.<\/li><\/div><\/div><!-- \/.sc_price_item_info --><\/div><!-- \/.sc_price_item_inner --><\/div><\/div><div class=\"trx_addons_column-1_3\"><div class=\"sc_price_item sc_price_item_default with_image with_bg_color\" style=\"background-color:#ffffff;\">\n\t\t\t\t\t\t\t<div class=\"sc_price_item_mask\"><\/div>\n\t\t\t\t<div class=\"sc_price_item_inner\">\n\t\t\t\t<div class=\"sc_price_item_info\"><h4 class=\"sc_price_item_title_\"><span>Kann ich mich bei Brustkrebs der Behandlung unterziehen?<\/span><\/h4><div class=\"sc_price_item_details\"><ul class=\"trx_addons_list trx_addons_list_dot\" style=\"text-align:left\">\n<li>Die Juliet-Behandlung hat gezeigt, dass sie in der Lage ist, mehrere Zust\u00e4nde nach einer Brustkrebstherapie dramatisch zu verbessern. Um herauszufinden, ob es in Ihrem Fall Kontraindikationen gibt, bitten Sie unsere Spezialisten um eine kostenlose Beratung, die Ihnen alle Informationen dazu liefert.<\/li>\n\n<\/div><\/div><!-- \/.sc_price_item_info --><\/div><!-- \/.sc_price_item_inner --><\/div><\/div><div class=\"trx_addons_column-1_3\"><div class=\"sc_price_item sc_price_item_default with_image with_bg_color\" style=\"background-color:#eecdc8;\">\n\t\t\t\t\t\t\t<div class=\"sc_price_item_mask\"><\/div>\n\t\t\t\t<div class=\"sc_price_item_inner\">\n\t\t\t\t<div class=\"sc_price_item_info\"><h4 class=\"sc_price_item_title_\"><span>Welche Anweisungen sind bei der Nachbehandlung zu befolgen?<\/span><\/h4><div class=\"sc_price_item_details\"><ul class=\"trx_addons_list trx_addons_list_dot\" style=\"text-align:left\">\n<li>Es wird empfohlen, in den ersten drei Tagen nach der Behandlung auf Geschlechtsverkehr, schwere k\u00f6rperliche Arbeit und sportliche Aktivit\u00e4ten wie Schwimmen oder Sauna zu verzichten. <\/li>\n<\/div><\/div><!-- \/.sc_price_item_info --><\/div><!-- \/.sc_price_item_inner --><\/div><\/div><div class=\"trx_addons_column-1_3\"><div class=\"sc_price_item sc_price_item_default with_image with_bg_color\" style=\"background-color:#ffffff;\">\n\t\t\t\t\t\t\t<div class=\"sc_price_item_mask\"><\/div>\n\t\t\t\t<div class=\"sc_price_item_inner\">\n\t\t\t\t<div class=\"sc_price_item_info\"><h4 class=\"sc_price_item_title_\"><span>Wie kann ich die n\u00e4chstgelegene Klinik finden, die die Juliet-Behandlung durchf\u00fchrt?<\/span><\/h4><div class=\"sc_price_item_details\"><ul class=\"trx_addons_list trx_addons_list_dot\" style=\"text-align:left\">\n<li>Besuchen Sie unseren <a style=\"font-weight:bold\" href=\"https:\/\/www.juliet-laser.com\/de\/kiliniken\/\">Clinic Locator<\/a> um die n\u00e4chstgelegene Klinik zu finden. Sie haben Ihre Klinik nicht gefunden? Kontaktieren Sie uns!\n<\/li>\n\n<\/div><\/div><!-- \/.sc_price_item_info --><\/div><!-- \/.sc_price_item_inner --><\/div><\/div><div class=\"trx_addons_column-1_3\"><div class=\"sc_price_item sc_price_item_default with_image with_bg_color\" style=\"background-color:#eecdc8;\">\n\t\t\t\t\t\t\t<div class=\"sc_price_item_mask\"><\/div>\n\t\t\t\t<div class=\"sc_price_item_inner\">\n\t\t\t\t<div class=\"sc_price_item_info\"><h4 class=\"sc_price_item_title_\"><span>Wie viel kostet die Behandlung?<\/span><\/h4><div class=\"sc_price_item_details\"><ul class=\"trx_addons_list trx_addons_list_dot\" style=\"text-align:left\">\n<li>Die Preise variieren in Abh\u00e4ngigkeit von der Indikation, der Anzahl der erforderlichen Behandlungen je nach individuellem Zustand und der Klinik. Bitte fragen Sie unsere Spezialisten nach einer individuellen Beratung.<\/li><\/div><\/div><!-- \/.sc_price_item_info --><\/div><!-- \/.sc_price_item_inner --><\/div><\/div><\/div><\/div><!-- \/.sc_price -->[\/vc_column][\/vc_row][vc_row][vc_column hide_bg_image_on_tablet=&#8220;&#8220; hide_bg_image_on_mobile=&#8220;&#8220; css=&#8220;.vc_custom_1609761567577{margin-top: 100px !important;}&#8220;]<div class=\"sc_layouts sc_layouts_default sc_layouts_3246  vc_custom_1609761546258\">[vc_row][vc_column width=\"1\/12\" icons_position=\"left\" offset=\"vc_hidden-sm vc_hidden-xs\"][\/vc_column][vc_column hide_bg_image_on_tablet=\"\" hide_bg_image_on_mobile=\"\" column_align=\"center\" icons_position=\"left\" offset=\"vc_col-md-10\"]<div  id=\"sc_promo_2020563016\" \n\tclass=\"sc_promo color_style_default scheme_default sc_promo_default  vc_custom_1647087985805 sc_promo_size_normal sc_promo_no_paddings sc_promo_image_position_right\"><div class=\"sc_promo_image\" style=\"background-image:url(https:\/\/www.juliet-laser.com\/wp-content\/uploads\/2017\/11\/Juliet-tratment-questions-common-faqs.jpg);width:50%;right: 0;\"><\/div><div class=\"sc_promo_text\" style=\"width: 50%;float: left;\">\n\t\t\t<div class=\"sc_promo_text_inner sc_content_width_50%\" style=\"\"><h3 class=\"sc_item_title sc_promo_title sc_align_center sc_item_title_style_default sc_item_title_tag\">Hast du Fragen?<\/h3><div class=\"sc_item_descr sc_promo_descr sc_align_center\"><p>Wir haben die Antworten!<\/p>\n<\/div><div class=\"sc_promo_content sc_item_content\">\n<div class=\"wpcf7 no-js\" id=\"wpcf7-f7255-o1\" lang=\"en-US\" dir=\"ltr\" data-wpcf7-id=\"7255\">\n<div class=\"screen-reader-response\"><p role=\"status\" aria-live=\"polite\" aria-atomic=\"true\"><\/p> <ul><\/ul><\/div>\n<form action=\"\/de\/wp-json\/wp\/v2\/pages\/3397#wpcf7-f7255-o1\" method=\"post\" class=\"wpcf7-form init\" aria-label=\"Contact form\" novalidate=\"novalidate\" data-status=\"init\">\n<fieldset class=\"hidden-fields-container\"><input type=\"hidden\" name=\"_wpcf7\" value=\"7255\" \/><input type=\"hidden\" name=\"_wpcf7_version\" value=\"6.1.4\" \/><input type=\"hidden\" name=\"_wpcf7_locale\" value=\"en_US\" \/><input type=\"hidden\" name=\"_wpcf7_unit_tag\" value=\"wpcf7-f7255-o1\" \/><input type=\"hidden\" name=\"_wpcf7_container_post\" value=\"0\" \/><input type=\"hidden\" name=\"_wpcf7_posted_data_hash\" value=\"\" \/><input type=\"hidden\" name=\"_wpcf7_recaptcha_response\" value=\"\" \/>\n<\/fieldset>\n<div class=\"sc_form\">\n\t<div class=\"trx_addons_columns_wrap\">\n\t\t<div class=\"trx_addons_column-1_2\">\n\t\t\t<p><label class=\"sc_form_field\"><br \/>\n<span class=\"wpcf7-form-control-wrap\" data-name=\"first-name\"><input size=\"40\" maxlength=\"400\" class=\"wpcf7-form-control wpcf7-text wpcf7-validates-as-required\" aria-required=\"true\" aria-invalid=\"false\" placeholder=\"Vor - und Nachname\" value=\"\" type=\"text\" name=\"first-name\" \/><\/span><\/label>\n\t\t\t<\/p>\n\t\t<\/div>\n\t\t<div class=\"trx_addons_column-1_2\">\n\t\t\t<p><label class=\"sc_form_field\"><br \/>\n<span class=\"wpcf7-form-control-wrap\" data-name=\"your-email\"><input size=\"40\" maxlength=\"400\" class=\"wpcf7-form-control wpcf7-email wpcf7-validates-as-required wpcf7-text wpcf7-validates-as-email\" aria-required=\"true\" aria-invalid=\"false\" placeholder=\"deine E-Mail\" value=\"\" type=\"email\" name=\"your-email\" \/><\/span><\/label>\n\t\t\t<\/p>\n\t\t<\/div>\n\t<\/div>\n\t<div class=\"trx_addons_columns_wrap\">\n\t\t<div class=\"trx_addons_column-1_1\">\n\t\t\t<p><label class=\"sc_form_field\"><br \/>\n<span class=\"wpcf7-form-control-wrap\" data-name=\"subject\"><input size=\"40\" maxlength=\"400\" class=\"wpcf7-form-control wpcf7-text wpcf7-validates-as-required\" aria-required=\"true\" aria-invalid=\"false\" placeholder=\"Stadt\" value=\"\" type=\"text\" name=\"subject\" \/><\/span><\/label>\n\t\t\t<\/p>\n\t\t<\/div>\n\t<\/div>\n\t<div class=\"trx_addons_columns_wrap\">\n\t\t<div class=\"trx_addons_column-1_1\">\n\t\t\t<p><label class=\"sc_form_field\"><br \/>\n<span class=\"wpcf7-form-control-wrap\" data-name=\"subject\"><input size=\"40\" maxlength=\"400\" class=\"wpcf7-form-control wpcf7-text wpcf7-validates-as-required\" aria-required=\"true\" aria-invalid=\"false\" placeholder=\"Land\" value=\"\" type=\"text\" name=\"subject\" \/><\/span><\/label>\n\t\t\t<\/p>\n\t\t<\/div>\n\t<\/div>\n\t<div class=\"trx_addons_columns_wrap\">\n\t\t<div class=\"trx_addons_column-1_1\">\n\t\t\t<p><label class=\"sc_form_field\"><br \/>\n<span class=\"wpcf7-form-control-wrap\" data-name=\"message\"><textarea cols=\"40\" rows=\"10\" maxlength=\"2000\" class=\"wpcf7-form-control wpcf7-textarea\" aria-invalid=\"false\" placeholder=\"Nachricht\" name=\"message\"><\/textarea><\/span><\/label>\n\t\t\t<\/p>\n\t\t<\/div>\n\t<\/div>\n\t<p><span class=\"wpcf7-form-control-wrap kc_captcha\" data-name=\"kc_captcha\"><span class=\"wpcf7-form-control wpcf7-radio\"><span class=\"captcha-image\" ><span class=\"cf7ic_instructions\">Please prove you are human by selecting the<span> flag<\/span>.<\/span><label><input aria-label=\"1\" type=\"radio\" name=\"kc_captcha\" value=\"bot\" \/><svg aria-hidden=\"true\" role=\"img\" xmlns=\"http:\/\/www.w3.org\/2000\/svg\" viewBox=\"0 0 640 512\"><path fill=\"currentColor\" d=\"M192 384h192c53 0 96-43 96-96h32a128 128 0 000-256H120c-13 0-24 11-24 24v232c0 53 43 96 96 96zM512 96a64 64 0 010 128h-32V96h32zm48 384H48c-47 0-61-64-36-64h584c25 0 11 64-36 64z\"\/><\/svg><\/label><label><input aria-label=\"2\" type=\"radio\" name=\"kc_captcha\" value=\"kc_human\" \/><svg aria-hidden=\"true\" role=\"img\" xmlns=\"http:\/\/www.w3.org\/2000\/svg\" viewBox=\"0 0 512 512\"><path fill=\"currentColor\" d=\"M350 99c-54 0-98-35-166-35-25 0-47 4-68 12a56 56 0 004-24C118 24 95 1 66 0a56 56 0 00-34 102v386c0 13 11 24 24 24h16c13 0 24-11 24-24v-94c28-12 64-23 114-23 54 0 98 35 166 35 48 0 86-16 122-41 9-6 14-15 14-26V96c0-23-24-39-45-29-35 16-77 32-117 32z\"\/><\/svg><\/label><label><input aria-label=\"3\" type=\"radio\" name=\"kc_captcha\" value=\"bot\" \/><svg aria-hidden=\"true\" role=\"img\" xmlns=\"http:\/\/www.w3.org\/2000\/svg\" viewBox=\"0 0 640 512\"><path fill=\"currentColor\" d=\"M624 352h-16V244c0-13-5-25-14-34L494 110c-9-9-21-14-34-14h-44V48c0-26-21-48-48-48H48C22 0 0 22 0 48v320c0 27 22 48 48 48h16a96 96 0 00192 0h128a96 96 0 00192 0h48c9 0 16-7 16-16v-32c0-9-7-16-16-16zM160 464a48 48 0 110-96 48 48 0 010 96zm320 0a48 48 0 110-96 48 48 0 010 96zm80-208H416V144h44l100 100v12z\"\/><\/svg><\/label>\r\n    <\/span>\r\n    <span style=\"display:none\">\r\n        <input type=\"text\" name=\"kc_honeypot\">\r\n    <\/span><\/span><\/span>\n\t<\/p>\n\t<div>\n\t\t<p><span class=\"wpcf7-form-control-wrap\" data-name=\"acceptance-413\"><span class=\"wpcf7-form-control wpcf7-acceptance\"><span class=\"wpcf7-list-item\"><label><input type=\"checkbox\" name=\"acceptance-413\" value=\"1\" aria-invalid=\"false\" \/><span class=\"wpcf7-list-item-label\"><a href=\"https:\/\/www.juliet-laser.com\/de\/datenschutz\/\" target=\"_blank\"><strong>Datenschutz.<\/strong><\/a> Markieren Sie die Annahme, um Ihre Nachricht zu senden.<\/span><\/label><\/span><\/span><\/span>\n\t\t<\/p>\n\t<\/div>\n\t<div class=\"\">\n\t\t<p><input class=\"wpcf7-form-control wpcf7-submit has-spinner\" type=\"submit\" value=\"Schick uns eine Nachricht\" \/>\n\t\t<\/p>\n\t<\/div>\n<\/div><div class=\"wpcf7-response-output\" aria-hidden=\"true\"><\/div>\n<\/form>\n<\/div>\n<\/div><\/div>\n\t\t<\/div><!-- \/.sc_promo_text --><\/div><!-- \/.sc_promo -->[\/vc_column][vc_column width=\"1\/12\" icons_position=\"left\" offset=\"vc_hidden-sm vc_hidden-xs\"][\/vc_column][\/vc_row]<\/div>[\/vc_column][\/vc_row]<\/p>\n<\/div>","protected":false},"excerpt":{"rendered":"<p>[vc_row hide_bg_image_on_tablet=&#8220;&#8220; hide_bg_image_on_mobile=&#8220;&#8220; css=&#8220;.vc_custom_1639908546690{margin-top: -70px !important;}&#8220;][vc_column][vc_empty_space height=&#8220;&#8220; alter_height=&#8220;medium&#8220; hide_on_desktop=&#8220;&#8220; hide_on_notebook=&#8220;&#8220; hide_on_tablet=&#8220;&#8220; hide_on_mobile=&#8220;&#8220;][\/vc_column][\/vc_row][vc_row][vc_column hide_bg_image_on_tablet=&#8220;&#8220; hide_bg_image_on_mobile=&#8220;&#8220; css=&#8220;.vc_custom_1609761567577{margin-top: 100px !important;}&#8220;][\/vc_column][\/vc_row]<\/p>\n","protected":false},"author":1,"featured_media":0,"parent":0,"menu_order":0,"comment_status":"closed","ping_status":"closed","template":"","meta":{"footnotes":""},"class_list":["post-3397","page","type-page","status-publish","hentry"],"_links":{"self":[{"href":"https:\/\/www.juliet-laser.com\/de\/wp-json\/wp\/v2\/pages\/3397","targetHints":{"allow":["GET"]}}],"collection":[{"href":"https:\/\/www.juliet-laser.com\/de\/wp-json\/wp\/v2\/pages"}],"about":[{"href":"https:\/\/www.juliet-laser.com\/de\/wp-json\/wp\/v2\/types\/page"}],"author":[{"embeddable":true,"href":"https:\/\/www.juliet-laser.com\/de\/wp-json\/wp\/v2\/users\/1"}],"replies":[{"embeddable":true,"href":"https:\/\/www.juliet-laser.com\/de\/wp-json\/wp\/v2\/comments?post=3397"}],"version-history":[{"count":15,"href":"https:\/\/www.juliet-laser.com\/de\/wp-json\/wp\/v2\/pages\/3397\/revisions"}],"predecessor-version":[{"id":8192,"href":"https:\/\/www.juliet-laser.com\/de\/wp-json\/wp\/v2\/pages\/3397\/revisions\/8192"}],"wp:attachment":[{"href":"https:\/\/www.juliet-laser.com\/de\/wp-json\/wp\/v2\/media?parent=3397"}],"curies":[{"name":"wp","href":"https:\/\/api.w.org\/{rel}","templated":true}]}}